{"id":9737,"date":"2022-06-24T20:17:49","date_gmt":"2022-06-24T20:17:49","guid":{"rendered":"https:\/\/cscan.webix.ca\/?page_id=9737"},"modified":"2024-12-16T18:22:45","modified_gmt":"2024-12-16T23:22:45","slug":"francois-pomerleau","status":"publish","type":"page","link":"https:\/\/cscan-infocan.ca\/fr\/francois-pomerleau\/","title":{"rendered":"Fran\u00e7ois Pomerleau"},"content":{"rendered":"<div data-elementor-type=\"wp-page\" data-elementor-id=\"9737\" class=\"elementor elementor-9737\">\n\t\t\t\t<div class=\"elementor-element elementor-element-1fce603 e-flex e-con-boxed e-con e-parent\" data-id=\"1fce603\" data-element_type=\"container\" data-e-type=\"container\">\n\t\t\t\t\t<div class=\"e-con-inner\">\n\t\t<div class=\"elementor-element elementor-element-623157fb e-con-full e-flex e-con e-child\" data-id=\"623157fb\" data-element_type=\"container\" data-e-type=\"container\" data-settings=\"{&quot;background_background&quot;:&quot;classic&quot;}\">\n\t\t<div class=\"elementor-element elementor-element-1df0e4f0 e-con-full e-flex e-con e-child\" data-id=\"1df0e4f0\" data-element_type=\"container\" data-e-type=\"container\" data-settings=\"{&quot;background_background&quot;:&quot;classic&quot;}\">\n\t\t<div class=\"elementor-element elementor-element-6a73848e e-con-full e-flex e-con e-child\" data-id=\"6a73848e\" data-element_type=\"container\" data-e-type=\"container\" data-settings=\"{&quot;background_background&quot;:&quot;classic&quot;}\">\n\t\t\t\t<div class=\"elementor-element elementor-element-226ea173 elementor-widget elementor-widget-heading\" data-id=\"226ea173\" data-element_type=\"widget\" data-e-type=\"widget\" data-widget_type=\"heading.default\">\n\t\t\t\t\t<h2 class=\"elementor-heading-title elementor-size-default\">\u00c9tudiant en master<\/h2>\t\t\t\t<\/div>\n\t\t\t\t<div class=\"elementor-element elementor-element-1048d393 elementor-widget elementor-widget-heading\" data-id=\"1048d393\" data-element_type=\"widget\" data-e-type=\"widget\" data-widget_type=\"heading.default\">\n\t\t\t\t\t<h2 class=\"elementor-heading-title elementor-size-default\">Fran\u00e7ois Pomerleau<\/h2>\t\t\t\t<\/div>\n\t\t\t\t<\/div>\n\t\t\t\t<\/div>\n\t\t<div class=\"elementor-element elementor-element-7846a6e e-con-full e-flex e-con e-child\" data-id=\"7846a6e\" data-element_type=\"container\" data-e-type=\"container\">\n\t\t\t\t<div class=\"elementor-element elementor-element-6cc2bd54 elementor-icon-list--layout-traditional elementor-list-item-link-full_width elementor-widget elementor-widget-icon-list\" data-id=\"6cc2bd54\" data-element_type=\"widget\" data-e-type=\"widget\" data-widget_type=\"icon-list.default\">\n\t\t\t\t\t\t\t<ul class=\"elementor-icon-list-items\">\n\t\t\t\t\t\t\t<li class=\"elementor-icon-list-item\">\n\t\t\t\t\t\t\t\t\t\t\t<span class=\"elementor-icon-list-icon\">\n\t\t\t\t\t\t\t<svg aria-hidden=\"true\" class=\"e-font-icon-svg e-fas-university\" viewbox=\"0 0 512 512\" xmlns=\"http:\/\/www.w3.org\/2000\/svg\"><path d=\"M496 128v16a8 8 0 0 1-8 8h-24v12c0 6.627-5.373 12-12 12H60c-6.627 0-12-5.373-12-12v-12H24a8 8 0 0 1-8-8v-16a8 8 0 0 1 4.941-7.392l232-88a7.996 7.996 0 0 1 6.118 0l232 88A8 8 0 0 1 496 128zm-24 304H40c-13.255 0-24 10.745-24 24v16a8 8 0 0 0 8 8h464a8 8 0 0 0 8-8v-16c0-13.255-10.745-24-24-24zM96 192v192H60c-6.627 0-12 5.373-12 12v20h416v-20c0-6.627-5.373-12-12-12h-36V192h-64v192h-64V192h-64v192h-64V192H96z\"><\/path><\/svg>\t\t\t\t\t\t<\/span>\n\t\t\t\t\t\t\t\t\t\t<span class=\"elementor-icon-list-text\">Universit\u00e9 Laval<\/span>\n\t\t\t\t\t\t\t\t\t<\/li>\n\t\t\t\t\t\t<\/ul>\n\t\t\t\t\t\t<\/div>\n\t\t\t\t<div class=\"elementor-element elementor-element-50335cf6 elementor-widget-divider--view-line elementor-widget elementor-widget-divider\" data-id=\"50335cf6\" data-element_type=\"widget\" data-e-type=\"widget\" data-widget_type=\"divider.default\">\n\t\t\t\t\t\t\t<div class=\"elementor-divider\">\n\t\t\t<span class=\"elementor-divider-separator\">\n\t\t\t\t\t\t<\/span>\n\t\t<\/div>\n\t\t\t\t\t\t<\/div>\n\t\t\t\t<div class=\"elementor-element elementor-element-60beeb44 elementor-widget elementor-widget-text-editor\" data-id=\"60beeb44\" data-element_type=\"widget\" data-e-type=\"widget\" data-widget_type=\"text-editor.default\">\n\t\t\t\t\t\t\t\t\t<p>Fran\u00e7ois Pomerleau est professeur \u00e0 l'Universit\u00e9 Laval depuis 2017, membre senior de l'Institute of Electrical and Electronics Engineers (IEEE) et membre de l'Ordre des ing\u00e9nieurs du Qu\u00e9bec (OIQ).<\/p><p>Il a fait ses d\u00e9buts dans la recherche en interagissant avec l'Agence spatiale canadienne et l'Agence spatiale europ\u00e9enne pendant ses \u00e9tudes en g\u00e9nie informatique \u00e0 l'Universit\u00e9 de Sherbrooke. Il a obtenu sa ma\u00eetrise de cette universit\u00e9 en 2009 apr\u00e8s un s\u00e9jour d'un an en tant qu'ing\u00e9nieur de recherche \u00e0 l'EPFL (Suisse), o\u00f9 il a travaill\u00e9 sur un premier prototype de voiture autonome. Il a obtenu son doctorat \u00e0 l'ETH Zurich (Suisse) en 2013, au cours duquel il a particip\u00e9 \u00e0 plusieurs d\u00e9ploiements robotiques dans des environnements non contr\u00f4l\u00e9s, notamment avec des brigades de pompiers europ\u00e9ennes et dans des lacs alpins. Apr\u00e8s des activit\u00e9s de transfert de technologie chez Alstom Inspection Robotics et un s\u00e9jour \u00e0 l'Universit\u00e9 Laval, il a re\u00e7u une bourse postdoctorale du Conseil de recherches en sciences naturelles et en g\u00e9nie du Canada (CRSNG) pour poursuivre ses recherches en robotique mobile \u00e0 l'Universit\u00e9 de Toronto. Ses recherches portent sur la robotique, plus particuli\u00e8rement sur les domaines de la vision par ordinateur, de l'optimisation et de la g\u00e9om\u00e9trie 3D.<\/p><p>Ses principales contributions \u00e0 la recherche comprennent des articles tr\u00e8s cit\u00e9s sur l'enregistrement 3D et une biblioth\u00e8que de traitement des nuages de points clon\u00e9e plus de 300 fois par mois. En termes de transferts technologiques, ses recherches ont \u00e9t\u00e9 d\u00e9ploy\u00e9es par de nombreux organismes \u00e0 travers le monde tels que NASA Ames, ANYbotics AG, General Dynamics et Defence Research and Development Canada, pour n'en citer que quelques-uns. Il a remport\u00e9 de nombreux prix au niveau international, dont trois prix du meilleur article, et a \u00e9t\u00e9 r\u00e9compens\u00e9 lors du prestigieux concours Subterranean Challenge de la DARPA (Defense Advanced Research Projects Agency).<\/p><p>Son objectif \u00e0 long terme est de repousser les limites de l'utilisation efficace et s\u00fbre des v\u00e9hicules autonomes.<\/p>\t\t\t\t\t\t\t\t<\/div>\n\t\t\t\t<\/div>\n\t\t\t\t<\/div>\n\t\t\t\t\t<\/div>\n\t\t\t\t<\/div>\n\t\t\t\t<\/div>","protected":false},"excerpt":{"rendered":"<p>Master Student Fran\u00e7ois Pomerleau Universit\u00e9 Laval Dr. Fran\u00e7ois Pomerleau has been a professor at Universit\u00e9 Laval since 2017, senior Member of the Institute of Electrical and Electronics Engineers (IEEE), and member of the Order of Engineering of Quebec (OIQ). He made his debut in research by interacting with the Canadian Space Agency and the European [&hellip;]<\/p>\n","protected":false},"author":76,"featured_media":0,"parent":0,"menu_order":0,"comment_status":"closed","ping_status":"closed","template":"","meta":{"site-sidebar-layout":"no-sidebar","site-content-layout":"page-builder","ast-site-content-layout":"default","site-content-style":"default","site-sidebar-style":"default","ast-global-header-display":"","ast-banner-title-visibility":"","ast-main-header-display":"","ast-hfb-above-header-display":"","ast-hfb-below-header-display":"","ast-hfb-mobile-header-display":"","site-post-title":"disabled","ast-breadcrumbs-content":"","ast-featured-img":"disabled","footer-sml-layout":"","ast-disable-related-posts":"","theme-transparent-header-meta":"","adv-header-id-meta":"","stick-header-meta":"","header-above-stick-meta":"","header-main-stick-meta":"","header-below-stick-meta":"","astra-migrate-meta-layouts":"default","ast-page-background-enabled":"default","ast-page-background-meta":{"desktop":{"background-color":"","background-image":"","background-repeat":"repeat","background-position":"center center","background-size":"auto","background-attachment":"scroll","background-type":"","background-media":"","overlay-type":"","overlay-color":"","overlay-opacity":"","overlay-gradient":""},"tablet":{"background-color":"","background-image":"","background-repeat":"repeat","background-position":"center center","background-size":"auto","background-attachment":"scroll","background-type":"","background-media":"","overlay-type":"","overlay-color":"","overlay-opacity":"","overlay-gradient":""},"mobile":{"background-color":"","background-image":"","background-repeat":"repeat","background-position":"center center","background-size":"auto","background-attachment":"scroll","background-type":"","background-media":"","overlay-type":"","overlay-color":"","overlay-opacity":"","overlay-gradient":""}},"ast-content-background-meta":{"desktop":{"background-color":"var(--ast-global-color-5)","background-image":"","background-repeat":"repeat","background-position":"center center","background-size":"auto","background-attachment":"scroll","background-type":"","background-media":"","overlay-type":"","overlay-color":"","overlay-opacity":"","overlay-gradient":""},"tablet":{"background-color":"var(--ast-global-color-5)","background-image":"","background-repeat":"repeat","background-position":"center center","background-size":"auto","background-attachment":"scroll","background-type":"","background-media":"","overlay-type":"","overlay-color":"","overlay-opacity":"","overlay-gradient":""},"mobile":{"background-color":"var(--ast-global-color-5)","background-image":"","background-repeat":"repeat","background-position":"center center","background-size":"auto","background-attachment":"scroll","background-type":"","background-media":"","overlay-type":"","overlay-color":"","overlay-opacity":"","overlay-gradient":""}},"footnotes":""},"class_list":["post-9737","page","type-page","status-publish","hentry"],"_links":{"self":[{"href":"https:\/\/cscan-infocan.ca\/fr\/wp-json\/wp\/v2\/pages\/9737","targetHints":{"allow":["GET"]}}],"collection":[{"href":"https:\/\/cscan-infocan.ca\/fr\/wp-json\/wp\/v2\/pages"}],"about":[{"href":"https:\/\/cscan-infocan.ca\/fr\/wp-json\/wp\/v2\/types\/page"}],"author":[{"embeddable":true,"href":"https:\/\/cscan-infocan.ca\/fr\/wp-json\/wp\/v2\/users\/76"}],"replies":[{"embeddable":true,"href":"https:\/\/cscan-infocan.ca\/fr\/wp-json\/wp\/v2\/comments?post=9737"}],"version-history":[{"count":3,"href":"https:\/\/cscan-infocan.ca\/fr\/wp-json\/wp\/v2\/pages\/9737\/revisions"}],"predecessor-version":[{"id":24399,"href":"https:\/\/cscan-infocan.ca\/fr\/wp-json\/wp\/v2\/pages\/9737\/revisions\/24399"}],"wp:attachment":[{"href":"https:\/\/cscan-infocan.ca\/fr\/wp-json\/wp\/v2\/media?parent=9737"}],"curies":[{"name":"wp","href":"https:\/\/api.w.org\/{rel}","templated":true}]}}