{"id":9729,"date":"2022-06-24T20:15:45","date_gmt":"2022-06-24T20:15:45","guid":{"rendered":"https:\/\/cscan.webix.ca\/?page_id=9729"},"modified":"2024-12-18T09:40:20","modified_gmt":"2024-12-18T14:40:20","slug":"weiyi-ian-shang","status":"publish","type":"page","link":"https:\/\/cscan-infocan.ca\/fr\/weiyi-ian-shang\/","title":{"rendered":"Weiyi (Ian) Shang"},"content":{"rendered":"<div data-elementor-type=\"wp-page\" data-elementor-id=\"9729\" class=\"elementor elementor-9729\">\n\t\t\t\t<div class=\"elementor-element elementor-element-3d7cc7ab e-flex e-con-boxed e-con e-parent\" data-id=\"3d7cc7ab\" data-element_type=\"container\" data-e-type=\"container\">\n\t\t\t\t\t<div class=\"e-con-inner\">\n\t\t<div class=\"elementor-element elementor-element-591670eb e-con-full e-flex e-con e-child\" data-id=\"591670eb\" data-element_type=\"container\" data-e-type=\"container\" data-settings=\"{&quot;background_background&quot;:&quot;classic&quot;}\">\n\t\t<div class=\"elementor-element elementor-element-2c5ba86 e-con-full e-flex e-con e-child\" data-id=\"2c5ba86\" data-element_type=\"container\" data-e-type=\"container\" data-settings=\"{&quot;background_background&quot;:&quot;classic&quot;}\">\n\t\t<div class=\"elementor-element elementor-element-61e76629 e-con-full e-flex e-con e-child\" data-id=\"61e76629\" data-element_type=\"container\" data-e-type=\"container\" data-settings=\"{&quot;background_background&quot;:&quot;classic&quot;}\">\n\t\t\t\t<div class=\"elementor-element elementor-element-3c206f31 elementor-widget elementor-widget-heading\" data-id=\"3c206f31\" data-element_type=\"widget\" data-e-type=\"widget\" data-widget_type=\"heading.default\">\n\t\t\t\t\t<h2 class=\"elementor-heading-title elementor-size-default\">D\u00e9partement d'informatique et de g\u00e9nie logiciel\n<\/h2>\t\t\t\t<\/div>\n\t\t\t\t<div class=\"elementor-element elementor-element-359912b7 elementor-widget elementor-widget-heading\" data-id=\"359912b7\" data-element_type=\"widget\" data-e-type=\"widget\" data-widget_type=\"heading.default\">\n\t\t\t\t\t<h2 class=\"elementor-heading-title elementor-size-default\">Weiyi (Ian) Shang\n<\/h2>\t\t\t\t<\/div>\n\t\t\t\t<\/div>\n\t\t\t\t<\/div>\n\t\t<div class=\"elementor-element elementor-element-5157aaa7 e-con-full e-flex e-con e-child\" data-id=\"5157aaa7\" data-element_type=\"container\" data-e-type=\"container\">\n\t\t\t\t<div class=\"elementor-element elementor-element-b5a4ad4 elementor-icon-list--layout-traditional elementor-list-item-link-full_width elementor-widget elementor-widget-icon-list\" data-id=\"b5a4ad4\" data-element_type=\"widget\" data-e-type=\"widget\" data-widget_type=\"icon-list.default\">\n\t\t\t\t\t\t\t<ul class=\"elementor-icon-list-items\">\n\t\t\t\t\t\t\t<li class=\"elementor-icon-list-item\">\n\t\t\t\t\t\t\t\t\t\t\t<span class=\"elementor-icon-list-icon\">\n\t\t\t\t\t\t\t<svg aria-hidden=\"true\" class=\"e-font-icon-svg e-fas-university\" viewbox=\"0 0 512 512\" xmlns=\"http:\/\/www.w3.org\/2000\/svg\"><path d=\"M496 128v16a8 8 0 0 1-8 8h-24v12c0 6.627-5.373 12-12 12H60c-6.627 0-12-5.373-12-12v-12H24a8 8 0 0 1-8-8v-16a8 8 0 0 1 4.941-7.392l232-88a7.996 7.996 0 0 1 6.118 0l232 88A8 8 0 0 1 496 128zm-24 304H40c-13.255 0-24 10.745-24 24v16a8 8 0 0 0 8 8h464a8 8 0 0 0 8-8v-16c0-13.255-10.745-24-24-24zM96 192v192H60c-6.627 0-12 5.373-12 12v20h416v-20c0-6.627-5.373-12-12-12h-36V192h-64v192h-64V192h-64v192h-64V192H96z\"><\/path><\/svg>\t\t\t\t\t\t<\/span>\n\t\t\t\t\t\t\t\t\t\t<span class=\"elementor-icon-list-text\">Universit\u00e9 de Concordia<\/span>\n\t\t\t\t\t\t\t\t\t<\/li>\n\t\t\t\t\t\t<\/ul>\n\t\t\t\t\t\t<\/div>\n\t\t\t\t<div class=\"elementor-element elementor-element-43570df3 elementor-widget-divider--view-line elementor-widget elementor-widget-divider\" data-id=\"43570df3\" data-element_type=\"widget\" data-e-type=\"widget\" data-widget_type=\"divider.default\">\n\t\t\t\t\t\t\t<div class=\"elementor-divider\">\n\t\t\t<span class=\"elementor-divider-separator\">\n\t\t\t\t\t\t<\/span>\n\t\t<\/div>\n\t\t\t\t\t\t<\/div>\n\t\t\t\t<div class=\"elementor-element elementor-element-5339551 elementor-widget elementor-widget-text-editor\" data-id=\"5339551\" data-element_type=\"widget\" data-e-type=\"widget\" data-widget_type=\"text-editor.default\">\n\t\t\t\t\t\t\t\t\t<p>Weiyi Shang est un expert de renomm\u00e9e mondiale dans le domaine de l'assurance qualit\u00e9 des syst\u00e8mes \u00e0 tr\u00e8s grande \u00e9chelle (ULSS), qui sont de grands syst\u00e8mes bas\u00e9s sur le nuage \u00e0 l'\u00e9chelle d'Amazon ou de Google et utilis\u00e9s par des millions de personnes. Il se concentre en particulier sur les tests de performance \u00e9volutifs des ULSS et sur les pratiques d'ing\u00e9nierie efficaces des journaux d'ex\u00e9cution.<strong>\u00a0<\/strong>(pour comprendre le comportement de l'ULSS en cours d'ex\u00e9cution).<\/p><p>Outre le volume et la qualit\u00e9 des publications de Weiyi sur ces sujets (80 publications \u00e9valu\u00e9es par des pairs, dont 44 de premier plan), ce qui est remarquable, c'est qu'il se concentre sur les aspects d'ing\u00e9nierie logicielle des tests de performance et sur l'ing\u00e9nierie logique des ULSS. Son objectif est de mettre les avantages des tests de performance \u00e0 la port\u00e9e de toutes les organisations, \u00e0 un co\u00fbt r\u00e9duit. De m\u00eame, il identifie et \u00e9value l'impact des pratiques d'ing\u00e9nierie des journaux, permettant aux d\u00e9veloppeurs de placer les bonnes d\u00e9clarations g\u00e9n\u00e9ratrices de journaux au bon endroit dans le code.<\/p><p>En raison de la pertinence de ces travaux pour les praticiens, les r\u00e9sultats de la recherche de Weiyi ont \u00e9t\u00e9 valid\u00e9s et d\u00e9ploy\u00e9s dans de grandes entreprises, notamment Blackberry, Ericsson, Alibaba et ERA Environmental. Dans le m\u00eame temps, deux de ses articles ont obtenu le prix ACM SIGSOFT Distinguished Paper lors de la conf\u00e9rence internationale phare sur le g\u00e9nie logiciel (ICSE), ce qui illustre la qualit\u00e9 acad\u00e9mique de ses recherches.<\/p>\t\t\t\t\t\t\t\t<\/div>\n\t\t\t\t<\/div>\n\t\t\t\t<\/div>\n\t\t\t\t\t<\/div>\n\t\t\t\t<\/div>\n\t\t\t\t<\/div>","protected":false},"excerpt":{"rendered":"<p>Department of Computer Science and Software Engineering Weiyi (Ian) Shang Concordia University Dr. Weiyi Shang is a world-class expert in quality assurance of ultra-large-scale systems (ULSS), which are large cloud-based systems of Amazon- or Google-scale used by millions of people. In particular, he focuses\u00a0on\u00a0scalable\u00a0performance\u00a0testing\u00a0of\u00a0ULSS,\u00a0and\u00a0on\u00a0effective engineering\u00a0practices of\u00a0run-time\u00a0logs\u00a0(to\u00a0understand\u00a0the\u00a0ULSS\u2019 run-time behavior). Apart\u00a0from\u00a0Weiyi\u2019s\u00a0sheer\u00a0volume\u00a0and\u00a0quality\u00a0of publications\u00a0on\u00a0these\u00a0topics\u00a0(80 peer-reviewed publications, including 44 top-tier [&hellip;]<\/p>\n","protected":false},"author":76,"featured_media":0,"parent":0,"menu_order":0,"comment_status":"closed","ping_status":"closed","template":"","meta":{"site-sidebar-layout":"no-sidebar","site-content-layout":"page-builder","ast-site-content-layout":"default","site-content-style":"default","site-sidebar-style":"default","ast-global-header-display":"","ast-banner-title-visibility":"","ast-main-header-display":"","ast-hfb-above-header-display":"","ast-hfb-below-header-display":"","ast-hfb-mobile-header-display":"","site-post-title":"disabled","ast-breadcrumbs-content":"","ast-featured-img":"disabled","footer-sml-layout":"","ast-disable-related-posts":"","theme-transparent-header-meta":"","adv-header-id-meta":"","stick-header-meta":"","header-above-stick-meta":"","header-main-stick-meta":"","header-below-stick-meta":"","astra-migrate-meta-layouts":"default","ast-page-background-enabled":"default","ast-page-background-meta":{"desktop":{"background-color":"","background-image":"","background-repeat":"repeat","background-position":"center center","background-size":"auto","background-attachment":"scroll","background-type":"","background-media":"","overlay-type":"","overlay-color":"","overlay-opacity":"","overlay-gradient":""},"tablet":{"background-color":"","background-image":"","background-repeat":"repeat","background-position":"center center","background-size":"auto","background-attachment":"scroll","background-type":"","background-media":"","overlay-type":"","overlay-color":"","overlay-opacity":"","overlay-gradient":""},"mobile":{"background-color":"","background-image":"","background-repeat":"repeat","background-position":"center center","background-size":"auto","background-attachment":"scroll","background-type":"","background-media":"","overlay-type":"","overlay-color":"","overlay-opacity":"","overlay-gradient":""}},"ast-content-background-meta":{"desktop":{"background-color":"var(--ast-global-color-5)","background-image":"","background-repeat":"repeat","background-position":"center center","background-size":"auto","background-attachment":"scroll","background-type":"","background-media":"","overlay-type":"","overlay-color":"","overlay-opacity":"","overlay-gradient":""},"tablet":{"background-color":"var(--ast-global-color-5)","background-image":"","background-repeat":"repeat","background-position":"center center","background-size":"auto","background-attachment":"scroll","background-type":"","background-media":"","overlay-type":"","overlay-color":"","overlay-opacity":"","overlay-gradient":""},"mobile":{"background-color":"var(--ast-global-color-5)","background-image":"","background-repeat":"repeat","background-position":"center center","background-size":"auto","background-attachment":"scroll","background-type":"","background-media":"","overlay-type":"","overlay-color":"","overlay-opacity":"","overlay-gradient":""}},"footnotes":""},"class_list":["post-9729","page","type-page","status-publish","hentry"],"_links":{"self":[{"href":"https:\/\/cscan-infocan.ca\/fr\/wp-json\/wp\/v2\/pages\/9729","targetHints":{"allow":["GET"]}}],"collection":[{"href":"https:\/\/cscan-infocan.ca\/fr\/wp-json\/wp\/v2\/pages"}],"about":[{"href":"https:\/\/cscan-infocan.ca\/fr\/wp-json\/wp\/v2\/types\/page"}],"author":[{"embeddable":true,"href":"https:\/\/cscan-infocan.ca\/fr\/wp-json\/wp\/v2\/users\/76"}],"replies":[{"embeddable":true,"href":"https:\/\/cscan-infocan.ca\/fr\/wp-json\/wp\/v2\/comments?post=9729"}],"version-history":[{"count":12,"href":"https:\/\/cscan-infocan.ca\/fr\/wp-json\/wp\/v2\/pages\/9729\/revisions"}],"predecessor-version":[{"id":24737,"href":"https:\/\/cscan-infocan.ca\/fr\/wp-json\/wp\/v2\/pages\/9729\/revisions\/24737"}],"wp:attachment":[{"href":"https:\/\/cscan-infocan.ca\/fr\/wp-json\/wp\/v2\/media?parent=9729"}],"curies":[{"name":"wp","href":"https:\/\/api.w.org\/{rel}","templated":true}]}}