{"id":9721,"date":"2022-06-24T20:13:44","date_gmt":"2022-06-24T20:13:44","guid":{"rendered":"https:\/\/cscan.webix.ca\/?page_id=9721"},"modified":"2024-12-18T09:24:21","modified_gmt":"2024-12-18T14:24:21","slug":"stella-atkins","status":"publish","type":"page","link":"https:\/\/cscan-infocan.ca\/fr\/stella-atkins\/","title":{"rendered":"Stella Atkins"},"content":{"rendered":"<div data-elementor-type=\"wp-page\" data-elementor-id=\"9721\" class=\"elementor elementor-9721\">\n\t\t\t\t<div class=\"elementor-element elementor-element-46706e0b e-flex e-con-boxed e-con e-parent\" data-id=\"46706e0b\" data-element_type=\"container\" data-e-type=\"container\">\n\t\t\t\t\t<div class=\"e-con-inner\">\n\t\t<div class=\"elementor-element elementor-element-2981d963 e-con-full e-flex e-con e-child\" data-id=\"2981d963\" data-element_type=\"container\" data-e-type=\"container\" data-settings=\"{&quot;background_background&quot;:&quot;classic&quot;}\">\n\t\t<div class=\"elementor-element elementor-element-758bfa37 e-con-full e-flex e-con e-child\" data-id=\"758bfa37\" data-element_type=\"container\" data-e-type=\"container\" data-settings=\"{&quot;background_background&quot;:&quot;classic&quot;}\">\n\t\t<div class=\"elementor-element elementor-element-f89fdbb e-con-full e-flex e-con e-child\" data-id=\"f89fdbb\" data-element_type=\"container\" data-e-type=\"container\" data-settings=\"{&quot;background_background&quot;:&quot;classic&quot;}\">\n\t\t\t\t<div class=\"elementor-element elementor-element-7527bad2 elementor-widget elementor-widget-heading\" data-id=\"7527bad2\" data-element_type=\"widget\" data-e-type=\"widget\" data-widget_type=\"heading.default\">\n\t\t\t\t\t<h2 class=\"elementor-heading-title elementor-size-default\">Professeur \u00e9m\u00e9rite, \u00c9cole d'informatique\n<\/h2>\t\t\t\t<\/div>\n\t\t\t\t<div class=\"elementor-element elementor-element-111745de elementor-widget elementor-widget-heading\" data-id=\"111745de\" data-element_type=\"widget\" data-e-type=\"widget\" data-widget_type=\"heading.default\">\n\t\t\t\t\t<h2 class=\"elementor-heading-title elementor-size-default\">Stella Atkins<\/h2>\t\t\t\t<\/div>\n\t\t\t\t<\/div>\n\t\t\t\t<\/div>\n\t\t<div class=\"elementor-element elementor-element-47e074 e-con-full e-flex e-con e-child\" data-id=\"47e074\" data-element_type=\"container\" data-e-type=\"container\">\n\t\t\t\t<div class=\"elementor-element elementor-element-46061dd8 elementor-icon-list--layout-traditional elementor-list-item-link-full_width elementor-widget elementor-widget-icon-list\" data-id=\"46061dd8\" data-element_type=\"widget\" data-e-type=\"widget\" data-widget_type=\"icon-list.default\">\n\t\t\t\t\t\t\t<ul class=\"elementor-icon-list-items\">\n\t\t\t\t\t\t\t<li class=\"elementor-icon-list-item\">\n\t\t\t\t\t\t\t\t\t\t\t<span class=\"elementor-icon-list-icon\">\n\t\t\t\t\t\t\t<svg aria-hidden=\"true\" class=\"e-font-icon-svg e-fas-university\" viewbox=\"0 0 512 512\" xmlns=\"http:\/\/www.w3.org\/2000\/svg\"><path d=\"M496 128v16a8 8 0 0 1-8 8h-24v12c0 6.627-5.373 12-12 12H60c-6.627 0-12-5.373-12-12v-12H24a8 8 0 0 1-8-8v-16a8 8 0 0 1 4.941-7.392l232-88a7.996 7.996 0 0 1 6.118 0l232 88A8 8 0 0 1 496 128zm-24 304H40c-13.255 0-24 10.745-24 24v16a8 8 0 0 0 8 8h464a8 8 0 0 0 8-8v-16c0-13.255-10.745-24-24-24zM96 192v192H60c-6.627 0-12 5.373-12 12v20h416v-20c0-6.627-5.373-12-12-12h-36V192h-64v192h-64V192h-64v192h-64V192H96z\"><\/path><\/svg>\t\t\t\t\t\t<\/span>\n\t\t\t\t\t\t\t\t\t\t<span class=\"elementor-icon-list-text\">Universit\u00e9 Simon Fraser<\/span>\n\t\t\t\t\t\t\t\t\t<\/li>\n\t\t\t\t\t\t<\/ul>\n\t\t\t\t\t\t<\/div>\n\t\t\t\t<div class=\"elementor-element elementor-element-380c56a2 elementor-widget-divider--view-line elementor-widget elementor-widget-divider\" data-id=\"380c56a2\" data-element_type=\"widget\" data-e-type=\"widget\" data-widget_type=\"divider.default\">\n\t\t\t\t\t\t\t<div class=\"elementor-divider\">\n\t\t\t<span class=\"elementor-divider-separator\">\n\t\t\t\t\t\t<\/span>\n\t\t<\/div>\n\t\t\t\t\t\t<\/div>\n\t\t\t\t<div class=\"elementor-element elementor-element-1459178f elementor-widget elementor-widget-text-editor\" data-id=\"1459178f\" data-element_type=\"widget\" data-e-type=\"widget\" data-widget_type=\"text-editor.default\">\n\t\t\t\t\t\t\t\t\t<p>Stella Atkins a rejoint SFU en tant que professeur assistant en 1985, et y a travaill\u00e9 jusqu'\u00e0 sa retraite en 2010. Au cours de sa carri\u00e8re, elle a principalement contribu\u00e9 \u00e0 la mise en place d'\u00e9quipes interdisciplinaires compos\u00e9es de professionnels de la sant\u00e9, de scientifiques et d'ing\u00e9nieurs, afin d'am\u00e9liorer les soins de sant\u00e9, par le biais de la recherche, de l'enseignement et de l'implication dans l'industrie. Les retomb\u00e9es sont consid\u00e9rables ; ses nombreux anciens \u00e9tudiants et coll\u00e8gues ouvrent aujourd'hui la voie \u00e0 une meilleure compr\u00e9hension des images m\u00e9dicales, \u00e0 une meilleure formation en chirurgie, ainsi qu'\u00e0 un diagnostic et \u00e0 un suivi plus pr\u00e9coces de plusieurs maladies.<\/p><p>Ses premiers travaux sur l'interaction entre les radiologues et les films d'images m\u00e9dicales en 2D ont contribu\u00e9 \u00e0 la conception de syst\u00e8mes modernes permettant aux radiologues d'interagir avec les images num\u00e9ris\u00e9es en 3D de l'IRM et de la tomodensitom\u00e9trie affich\u00e9es sur de nombreux moniteurs, et de les analyser. L'analyse par son \u00e9quipe des images de la t\u00eate obtenues par IRM a conduit \u00e0 des m\u00e9thodes pratiques pour quantifier la quantit\u00e9 de plaques c\u00e9r\u00e9brales, permettant un diagnostic pr\u00e9coce de la scl\u00e9rose en plaques (SEP) et de l'atrophie c\u00e9r\u00e9brale, ce qui se traduit par de meilleurs r\u00e9sultats pour les patients.<\/p><p>En examinant les interactions des radiologues avec les images num\u00e9riques d'IRM et de CT, le Dr Atkins s'est int\u00e9ress\u00e9 \u00e0 une nouvelle technologie : le suivi du regard \u00e0 l'aide de lunettes portables ou de cam\u00e9ras situ\u00e9es sous un moniteur d'affichage. Cette recherche a permis de mieux comprendre comment les radiologues recherchent des l\u00e9sions en parcourant de nombreuses \"tranches\" num\u00e9riques 2D de structures corporelles 3D. Les m\u00e9thodes visant \u00e0 am\u00e9liorer la pr\u00e9cision et l'efficacit\u00e9 sont bas\u00e9es sur les recherches de son \u00e9quipe.<\/p><p>D'autres applications du suivi oculaire dans le domaine m\u00e9dical ont commenc\u00e9 \u00e0 porter leurs fruits \u00e0 partir de 2002 gr\u00e2ce \u00e0 des collaborations avec des chirurgiens et des chirurgiens stagiaires. L'\u00e9quipe du Dr Atkins a \u00e9t\u00e9 la premi\u00e8re \u00e0 utiliser le suivi du regard lors d'op\u00e9rations laparoscopiques r\u00e9elles r\u00e9alis\u00e9es \u00e0 l'UBC, ce qui a permis de faire de nombreuses d\u00e9couvertes passionnantes sur la mani\u00e8re dont les chirurgiens visualisent la sc\u00e8ne 3D \u00e0 l'int\u00e9rieur du corps sur un \u00e9cran 2D, sur la mani\u00e8re dont ils apprennent \u00e0 coordonner leurs yeux et leurs mains, et sur la mani\u00e8re dont les simulations de chirurgie virtuelle peuvent \u00eatre con\u00e7ues pour obtenir les meilleurs r\u00e9sultats en mati\u00e8re d'apprentissage. Ces recherches sont poursuivies par le Dr Bin Zheng, directeur et titulaire de la chaire de simulation chirurgicale \u00e0 l'universit\u00e9 de l'Alberta, et ont d\u00e9bouch\u00e9 sur de nombreuses id\u00e9es novatrices pour am\u00e9liorer la formation \u00e0 la chirurgie.<\/p><p>\u00c0 la fin des ann\u00e9es 1990, le Dr Atkins s'est impliqu\u00e9 dans l'analyse d'images couleur dermatologiques dans le cadre de collaborations de recherche avec le Vancouver Skin Care Centre. En 2008, le Dr Atkins est devenue membre auxiliaire du d\u00e9partement de dermatologie de l'UBC, qui a accueilli la grande conf\u00e9rence internationale quadriennale sur la dermatologie, qui s'est tenue \u00e0 Vancouver en 2015. Son ancienne \u00e9tudiante dipl\u00f4m\u00e9e, le Dr Maryam Sadeghi, a fond\u00e9 une entreprise \u00e0 Vancouver, MetaOptima Inc. pour fournir des analyses intelligentes de la peau. MetaOptima est devenue un leader mondial dans le domaine des algorithmes d'apprentissage automatique pour d\u00e9tecter les m\u00e9lanomes et d'autres maladies de la peau, sur la base de l'exposition \u00e0 la conf\u00e9rence. Le Dr Atkins est conseiller scientifique en chef de l'entreprise, qui utilise l'apprentissage automatique et la t\u00e9l\u00e9dermatologie pour diagnostiquer les maladies de la peau. L'entreprise a enregistr\u00e9 plus de deux millions de patients et des milliers de cliniques dermatologiques dans le monde entier.<\/p><p>Elle a publi\u00e9 plus de 65 articles dans des revues, pr\u00e8s de 200 articles dans des conf\u00e9rences avec comit\u00e9 de lecture et deux brevets (sur l'imagerie de la peau).<\/p><p>\u00c0 chaque \u00e9tape de sa carri\u00e8re informatique, elle a \u00e9t\u00e9 une pionni\u00e8re, appliquant ses comp\u00e9tences informatiques \u00e0 de nouveaux domaines d'application en m\u00e9decine. Elle a \u00e9t\u00e9 le mentor de plus de 60 \u00e9tudiants de premier et deuxi\u00e8me cycles, dont de nombreuses femmes, et a remport\u00e9 le premier prix de la SFU pour la supervision des \u00e9tudiants de deuxi\u00e8me et troisi\u00e8me cycles.<\/p>\t\t\t\t\t\t\t\t<\/div>\n\t\t\t\t<\/div>\n\t\t\t\t<\/div>\n\t\t\t\t\t<\/div>\n\t\t\t\t<\/div>\n\t\t\t\t<\/div>","protected":false},"excerpt":{"rendered":"<p>Professor Emerita, School of Computing Science Stella Atkins Simon Fraser University Dr. Stella Atkins joined SFU as an Assistant Professor in 1985, and worked there until she retired in 2010. Her major career contributions have been in establishing interdisciplinary teams involving medical professionals, scientists and engineers, to improve health care, through research, teaching, and involvement [&hellip;]<\/p>\n","protected":false},"author":76,"featured_media":0,"parent":0,"menu_order":0,"comment_status":"closed","ping_status":"closed","template":"","meta":{"site-sidebar-layout":"no-sidebar","site-content-layout":"page-builder","ast-site-content-layout":"default","site-content-style":"default","site-sidebar-style":"default","ast-global-header-display":"","ast-banner-title-visibility":"","ast-main-header-display":"","ast-hfb-above-header-display":"","ast-hfb-below-header-display":"","ast-hfb-mobile-header-display":"","site-post-title":"disabled","ast-breadcrumbs-content":"","ast-featured-img":"disabled","footer-sml-layout":"","ast-disable-related-posts":"","theme-transparent-header-meta":"","adv-header-id-meta":"","stick-header-meta":"","header-above-stick-meta":"","header-main-stick-meta":"","header-below-stick-meta":"","astra-migrate-meta-layouts":"default","ast-page-background-enabled":"default","ast-page-background-meta":{"desktop":{"background-color":"","background-image":"","background-repeat":"repeat","background-position":"center center","background-size":"auto","background-attachment":"scroll","background-type":"","background-media":"","overlay-type":"","overlay-color":"","overlay-opacity":"","overlay-gradient":""},"tablet":{"background-color":"","background-image":"","background-repeat":"repeat","background-position":"center center","background-size":"auto","background-attachment":"scroll","background-type":"","background-media":"","overlay-type":"","overlay-color":"","overlay-opacity":"","overlay-gradient":""},"mobile":{"background-color":"","background-image":"","background-repeat":"repeat","background-position":"center center","background-size":"auto","background-attachment":"scroll","background-type":"","background-media":"","overlay-type":"","overlay-color":"","overlay-opacity":"","overlay-gradient":""}},"ast-content-background-meta":{"desktop":{"background-color":"var(--ast-global-color-5)","background-image":"","background-repeat":"repeat","background-position":"center center","background-size":"auto","background-attachment":"scroll","background-type":"","background-media":"","overlay-type":"","overlay-color":"","overlay-opacity":"","overlay-gradient":""},"tablet":{"background-color":"var(--ast-global-color-5)","background-image":"","background-repeat":"repeat","background-position":"center center","background-size":"auto","background-attachment":"scroll","background-type":"","background-media":"","overlay-type":"","overlay-color":"","overlay-opacity":"","overlay-gradient":""},"mobile":{"background-color":"var(--ast-global-color-5)","background-image":"","background-repeat":"repeat","background-position":"center center","background-size":"auto","background-attachment":"scroll","background-type":"","background-media":"","overlay-type":"","overlay-color":"","overlay-opacity":"","overlay-gradient":""}},"footnotes":""},"class_list":["post-9721","page","type-page","status-publish","hentry"],"_links":{"self":[{"href":"https:\/\/cscan-infocan.ca\/fr\/wp-json\/wp\/v2\/pages\/9721","targetHints":{"allow":["GET"]}}],"collection":[{"href":"https:\/\/cscan-infocan.ca\/fr\/wp-json\/wp\/v2\/pages"}],"about":[{"href":"https:\/\/cscan-infocan.ca\/fr\/wp-json\/wp\/v2\/types\/page"}],"author":[{"embeddable":true,"href":"https:\/\/cscan-infocan.ca\/fr\/wp-json\/wp\/v2\/users\/76"}],"replies":[{"embeddable":true,"href":"https:\/\/cscan-infocan.ca\/fr\/wp-json\/wp\/v2\/comments?post=9721"}],"version-history":[{"count":3,"href":"https:\/\/cscan-infocan.ca\/fr\/wp-json\/wp\/v2\/pages\/9721\/revisions"}],"predecessor-version":[{"id":24708,"href":"https:\/\/cscan-infocan.ca\/fr\/wp-json\/wp\/v2\/pages\/9721\/revisions\/24708"}],"wp:attachment":[{"href":"https:\/\/cscan-infocan.ca\/fr\/wp-json\/wp\/v2\/media?parent=9721"}],"curies":[{"name":"wp","href":"https:\/\/api.w.org\/{rel}","templated":true}]}}