{"id":9707,"date":"2022-06-24T20:11:10","date_gmt":"2022-06-24T20:11:10","guid":{"rendered":"https:\/\/cscan.webix.ca\/?page_id=9707"},"modified":"2024-12-16T18:20:52","modified_gmt":"2024-12-16T23:20:52","slug":"francois-laviolette","status":"publish","type":"page","link":"https:\/\/cscan-infocan.ca\/fr\/francois-laviolette\/","title":{"rendered":"Fran\u00e7ois Laviolette"},"content":{"rendered":"<div data-elementor-type=\"wp-page\" data-elementor-id=\"9707\" class=\"elementor elementor-9707\">\n\t\t\t\t<div class=\"elementor-element elementor-element-7cdd3b6b e-flex e-con-boxed e-con e-parent\" data-id=\"7cdd3b6b\" data-element_type=\"container\" data-e-type=\"container\">\n\t\t\t\t\t<div class=\"e-con-inner\">\n\t\t<div class=\"elementor-element elementor-element-3494028 e-con-full e-flex e-con e-child\" data-id=\"3494028\" data-element_type=\"container\" data-e-type=\"container\" data-settings=\"{&quot;background_background&quot;:&quot;classic&quot;}\">\n\t\t<div class=\"elementor-element elementor-element-374946f e-con-full e-flex e-con e-child\" data-id=\"374946f\" data-element_type=\"container\" data-e-type=\"container\" data-settings=\"{&quot;background_background&quot;:&quot;classic&quot;}\">\n\t\t<div class=\"elementor-element elementor-element-6eff38c7 e-con-full e-flex e-con e-child\" data-id=\"6eff38c7\" data-element_type=\"container\" data-e-type=\"container\" data-settings=\"{&quot;background_background&quot;:&quot;classic&quot;}\">\n\t\t\t\t<div class=\"elementor-element elementor-element-7cf04bc9 elementor-widget elementor-widget-heading\" data-id=\"7cf04bc9\" data-element_type=\"widget\" data-e-type=\"widget\" data-widget_type=\"heading.default\">\n\t\t\t\t\t<h2 class=\"elementor-heading-title elementor-size-default\">D\u00e9partement d'informatique et de g\u00e9nie logiciel\n<\/h2>\t\t\t\t<\/div>\n\t\t\t\t<div class=\"elementor-element elementor-element-2f381354 elementor-widget elementor-widget-heading\" data-id=\"2f381354\" data-element_type=\"widget\" data-e-type=\"widget\" data-widget_type=\"heading.default\">\n\t\t\t\t\t<h2 class=\"elementor-heading-title elementor-size-default\">Fran\u00e7ois Laviolette\n<\/h2>\t\t\t\t<\/div>\n\t\t\t\t<\/div>\n\t\t\t\t<\/div>\n\t\t<div class=\"elementor-element elementor-element-48d70e1f e-con-full e-flex e-con e-child\" data-id=\"48d70e1f\" data-element_type=\"container\" data-e-type=\"container\">\n\t\t\t\t<div class=\"elementor-element elementor-element-188d0d56 elementor-icon-list--layout-traditional elementor-list-item-link-full_width elementor-widget elementor-widget-icon-list\" data-id=\"188d0d56\" data-element_type=\"widget\" data-e-type=\"widget\" data-widget_type=\"icon-list.default\">\n\t\t\t\t\t\t\t<ul class=\"elementor-icon-list-items\">\n\t\t\t\t\t\t\t<li class=\"elementor-icon-list-item\">\n\t\t\t\t\t\t\t\t\t\t\t<span class=\"elementor-icon-list-icon\">\n\t\t\t\t\t\t\t<svg aria-hidden=\"true\" class=\"e-font-icon-svg e-fas-university\" viewbox=\"0 0 512 512\" xmlns=\"http:\/\/www.w3.org\/2000\/svg\"><path d=\"M496 128v16a8 8 0 0 1-8 8h-24v12c0 6.627-5.373 12-12 12H60c-6.627 0-12-5.373-12-12v-12H24a8 8 0 0 1-8-8v-16a8 8 0 0 1 4.941-7.392l232-88a7.996 7.996 0 0 1 6.118 0l232 88A8 8 0 0 1 496 128zm-24 304H40c-13.255 0-24 10.745-24 24v16a8 8 0 0 0 8 8h464a8 8 0 0 0 8-8v-16c0-13.255-10.745-24-24-24zM96 192v192H60c-6.627 0-12 5.373-12 12v20h416v-20c0-6.627-5.373-12-12-12h-36V192h-64v192h-64V192h-64v192h-64V192H96z\"><\/path><\/svg>\t\t\t\t\t\t<\/span>\n\t\t\t\t\t\t\t\t\t\t<span class=\"elementor-icon-list-text\">Universit\u00e9 Laval (posthumously) <\/span>\n\t\t\t\t\t\t\t\t\t<\/li>\n\t\t\t\t\t\t<\/ul>\n\t\t\t\t\t\t<\/div>\n\t\t\t\t<div class=\"elementor-element elementor-element-3283902b elementor-widget-divider--view-line elementor-widget elementor-widget-divider\" data-id=\"3283902b\" data-element_type=\"widget\" data-e-type=\"widget\" data-widget_type=\"divider.default\">\n\t\t\t\t\t\t\t<div class=\"elementor-divider\">\n\t\t\t<span class=\"elementor-divider-separator\">\n\t\t\t\t\t\t<\/span>\n\t\t<\/div>\n\t\t\t\t\t\t<\/div>\n\t\t\t\t<div class=\"elementor-element elementor-element-6986885 elementor-widget elementor-widget-text-editor\" data-id=\"6986885\" data-element_type=\"widget\" data-e-type=\"widget\" data-widget_type=\"text-editor.default\">\n\t\t\t\t\t\t\t\t\t<p>Fran\u00e7ois Laviolette (6 octobre 1962 - 26 d\u00e9cembre 2021), titulaire de la chaire Canada-CIFAR en intelligence artificielle (IA) et d'une chaire de recherche industrielle CRSNG\/Soci\u00e9t\u00e9 financi\u00e8re INTACT, est un \u00e9minent chercheur qui a apport\u00e9 des contributions majeures aux fondements th\u00e9oriques de l'IA et \u00e0 son application dans divers contextes. Il s'est d'abord distingu\u00e9 en r\u00e9solvant un probl\u00e8me de th\u00e9orie des graphes vieux de 60 ans, pos\u00e9 par le math\u00e9maticien Paul Erd\u00f6s, sur la d\u00e9composition des graphes infinis. Sa th\u00e8se de doctorat figurait parmi les sept finalistes du Council of Graduate Schools\/University Microfilms International Distinguished Dissertation Award of Washington en 1998. Lorsqu'il s'est joint au D\u00e9partement d'informatique de l'Universit\u00e9 Laval en 2002, il a commenc\u00e9 \u00e0 s'int\u00e9resser \u00e0 l'apprentissage machine. \u00c0 peine 10 ans plus tard, il a d\u00e9j\u00e0 fait sa marque par ses contributions aux bornes PAC-Bayesian qui d\u00e9terminent la fiabilit\u00e9 d'un algorithme d'apprentissage et \u00e0 l'analyse du s\u00e9quen\u00e7age\/assemblage du g\u00e9nome en fragments. En utilisant une structure de graphe pour repr\u00e9senter les fragments, l'algorithme d\u00e9velopp\u00e9 pouvait subir un traitement massivement parall\u00e8le - une premi\u00e8re \u00e0 l'\u00e9poque - ce qui r\u00e9duisait la dur\u00e9e de vie de l'algorithme.\u00a0<em>de novo<\/em>\u00a0Le temps d'assemblage du g\u00e9nome humain est pass\u00e9 de trois semaines \u00e0 environ 10 heures !<\/p><p>Au cours de sa carri\u00e8re, il a \u00e9crit plus de 100 articles qui ont \u00e9t\u00e9 cit\u00e9s plus de 9 600 fois. Parmi ses contributions les plus remarquables aux fondements de l'IA, on peut citer DANN, un algorithme d'apprentissage par adaptation au domaine qui consiste \u00e0 transf\u00e9rer l'apprentissage r\u00e9alis\u00e9 dans un contexte \u00e0 un domaine diff\u00e9rent. Il a \u00e9galement apport\u00e9 d'importantes contributions \u00e0 la recherche dans le domaine de la sant\u00e9 (notamment trois articles dans la revue Nature\u00a0<em>Rapports scientifiques<\/em>), les assurances et l'a\u00e9ronautique (en tant que responsable scientifique du Qu\u00e9bec pour le projet DEEL).<\/p><p>Bien que tous ces \u00e9l\u00e9ments soient d'une importance majeure, ses contributions vont au-del\u00e0 du progr\u00e8s scientifique. M. Laviolette \u00e9tait un ma\u00eetre d'\u0153uvre de grands projets. Il savait motiver, convaincre et collaborer avec les gens. Il a cr\u00e9\u00e9 le Centre de recherche sur le big data de l'Universit\u00e9 Laval (CRDM_UL), qui regroupe plus de 60 chercheurs de diff\u00e9rents domaines. M. Laviolette avait \u00e0 c\u0153ur les aspects \u00e9thiques de l'IA et son acceptabilit\u00e9 sociale. Il a particip\u00e9 \u00e0 l'\u00e9laboration de la D\u00e9claration de Montr\u00e9al pour un d\u00e9veloppement responsable de l'intelligence artificielle dont les signataires s'engagent \u00e0 une utilisation responsable et \u00e9thique de l'IA et des technologies num\u00e9riques. Il est l'un des fondateurs de l'Observatoire international sur les impacts soci\u00e9taux de l'IA et des technologies num\u00e9riques (OBVIA), ainsi que de l'Institut Intelligence et Donn\u00e9es (IID) de l'Universit\u00e9 Laval. Apr\u00e8s avoir re\u00e7u un diagnostic de cancer, il a agi comme patient-partenaire et expert en IA dans plusieurs groupes, tels que le projet DHDP d'Imagia, Catalis, et le Comit\u00e9 IA-Sant\u00e9 dirig\u00e9 par le Scientifique en chef du Qu\u00e9bec, car il croyait que la mise \u00e0 disposition des donn\u00e9es de sant\u00e9 \u00e0 des fins de recherche serait un facteur cl\u00e9 dans le d\u00e9veloppement d'une soci\u00e9t\u00e9 en sant\u00e9.<\/p><p>M. Laviolette a encourag\u00e9 la cr\u00e9ation et la croissance d'un \u00e9cosyst\u00e8me de l'IA au Qu\u00e9bec. Sa chaire industrielle, ses grands projets et les \u00e9v\u00e9nements organis\u00e9s par le CRDM_UL permettent aux chercheurs, aux industries et aux entreprises de collaborer sur des enjeux \u00e9mergents et traditionnels gr\u00e2ce \u00e0 l'IA. Le projet DEEL (Dependable Explanation Learning), qui vise \u00e0 rendre l'IA certifiable ainsi que plus robuste et fiable, est un autre exemple de la collaboration des chercheurs canadiens et fran\u00e7ais avec des entreprises telles que Thales, Bell, Bombardier et CAE.<\/p><p>Tr\u00e8s r\u00e9cemment, un groupe de coll\u00e8gues et d'amis a cr\u00e9\u00e9 le Fonds de bourses Fran\u00e7ois Laviolette pour soutenir le travail d'\u00e9tudiants dipl\u00f4m\u00e9s, en particulier sur l'interpr\u00e9tabilit\u00e9 et l'utilisation \u00e9thique et responsable des donn\u00e9es. L'interpr\u00e9tabilit\u00e9 est essentielle dans certains secteurs, tels que la sant\u00e9 et l'assurance, o\u00f9 l'on ne peut attendre d'une machine qu'elle prenne des d\u00e9cisions sur des actions critiques sans qu'elle soit capable de fournir une justification compr\u00e9hensible par les humains. Il a vu le Fonds comme un catalyseur qui pourrait aider \u00e0 cr\u00e9er un choix collectif responsable et transparent, reliant les citoyens, les d\u00e9cideurs et les organisations travaillant avec des donn\u00e9es et permettant aux donn\u00e9es d'\u00eatre consid\u00e9r\u00e9es comme une ressource naturelle qui sert le bien de tous, initiant ainsi, peut-\u00eatre, une nouvelle R\u00e9volution tranquille.<\/p><p>Fran\u00e7ois Laviolette a positionn\u00e9 le Canada comme un leader dans les transformations cruciales que l'IA apporte \u00e0 nos vies. Gr\u00e2ce \u00e0 sa gentillesse et \u00e0 sa capacit\u00e9 \u00e0 rassembler les gens, il a cr\u00e9\u00e9 un environnement convivial pour tous ses coll\u00e8gues.<\/p>\t\t\t\t\t\t\t\t<\/div>\n\t\t\t\t<\/div>\n\t\t\t\t<\/div>\n\t\t\t\t\t<\/div>\n\t\t\t\t<\/div>\n\t\t\t\t<\/div>","protected":false},"excerpt":{"rendered":"<p>Computer Science and Software Engineering Department Fran\u00e7ois Laviolette Universit\u00e9 Laval (posthumously) Fran\u00e7ois Laviolette (October 6, 1962 \u2013 December 26, 2021), Canada-CIFAR Chair in Artificial Intelligence (AI) and an NSERC\/Intact Financial Corporation Industrial Research Chair, was an eminent researcher who made major contributions to the theoretical foundations of AI and its application in various contexts.\u00a0He first [&hellip;]<\/p>\n","protected":false},"author":76,"featured_media":0,"parent":0,"menu_order":0,"comment_status":"closed","ping_status":"closed","template":"","meta":{"site-sidebar-layout":"no-sidebar","site-content-layout":"page-builder","ast-site-content-layout":"default","site-content-style":"default","site-sidebar-style":"default","ast-global-header-display":"","ast-banner-title-visibility":"","ast-main-header-display":"","ast-hfb-above-header-display":"","ast-hfb-below-header-display":"","ast-hfb-mobile-header-display":"","site-post-title":"disabled","ast-breadcrumbs-content":"","ast-featured-img":"disabled","footer-sml-layout":"","ast-disable-related-posts":"","theme-transparent-header-meta":"","adv-header-id-meta":"","stick-header-meta":"","header-above-stick-meta":"","header-main-stick-meta":"","header-below-stick-meta":"","astra-migrate-meta-layouts":"default","ast-page-background-enabled":"default","ast-page-background-meta":{"desktop":{"background-color":"","background-image":"","background-repeat":"repeat","background-position":"center center","background-size":"auto","background-attachment":"scroll","background-type":"","background-media":"","overlay-type":"","overlay-color":"","overlay-opacity":"","overlay-gradient":""},"tablet":{"background-color":"","background-image":"","background-repeat":"repeat","background-position":"center center","background-size":"auto","background-attachment":"scroll","background-type":"","background-media":"","overlay-type":"","overlay-color":"","overlay-opacity":"","overlay-gradient":""},"mobile":{"background-color":"","background-image":"","background-repeat":"repeat","background-position":"center center","background-size":"auto","background-attachment":"scroll","background-type":"","background-media":"","overlay-type":"","overlay-color":"","overlay-opacity":"","overlay-gradient":""}},"ast-content-background-meta":{"desktop":{"background-color":"var(--ast-global-color-5)","background-image":"","background-repeat":"repeat","background-position":"center center","background-size":"auto","background-attachment":"scroll","background-type":"","background-media":"","overlay-type":"","overlay-color":"","overlay-opacity":"","overlay-gradient":""},"tablet":{"background-color":"var(--ast-global-color-5)","background-image":"","background-repeat":"repeat","background-position":"center center","background-size":"auto","background-attachment":"scroll","background-type":"","background-media":"","overlay-type":"","overlay-color":"","overlay-opacity":"","overlay-gradient":""},"mobile":{"background-color":"var(--ast-global-color-5)","background-image":"","background-repeat":"repeat","background-position":"center center","background-size":"auto","background-attachment":"scroll","background-type":"","background-media":"","overlay-type":"","overlay-color":"","overlay-opacity":"","overlay-gradient":""}},"footnotes":""},"class_list":["post-9707","page","type-page","status-publish","hentry"],"_links":{"self":[{"href":"https:\/\/cscan-infocan.ca\/fr\/wp-json\/wp\/v2\/pages\/9707","targetHints":{"allow":["GET"]}}],"collection":[{"href":"https:\/\/cscan-infocan.ca\/fr\/wp-json\/wp\/v2\/pages"}],"about":[{"href":"https:\/\/cscan-infocan.ca\/fr\/wp-json\/wp\/v2\/types\/page"}],"author":[{"embeddable":true,"href":"https:\/\/cscan-infocan.ca\/fr\/wp-json\/wp\/v2\/users\/76"}],"replies":[{"embeddable":true,"href":"https:\/\/cscan-infocan.ca\/fr\/wp-json\/wp\/v2\/comments?post=9707"}],"version-history":[{"count":6,"href":"https:\/\/cscan-infocan.ca\/fr\/wp-json\/wp\/v2\/pages\/9707\/revisions"}],"predecessor-version":[{"id":24395,"href":"https:\/\/cscan-infocan.ca\/fr\/wp-json\/wp\/v2\/pages\/9707\/revisions\/24395"}],"wp:attachment":[{"href":"https:\/\/cscan-infocan.ca\/fr\/wp-json\/wp\/v2\/media?parent=9707"}],"curies":[{"name":"wp","href":"https:\/\/api.w.org\/{rel}","templated":true}]}}