{"id":9594,"date":"2022-06-23T05:08:33","date_gmt":"2022-06-23T05:08:33","guid":{"rendered":"https:\/\/cscan.webix.ca\/?page_id=9594"},"modified":"2024-01-31T20:41:44","modified_gmt":"2024-02-01T01:41:44","slug":"awards","status":"publish","type":"page","link":"https:\/\/cscan-infocan.ca\/fr\/awards\/","title":{"rendered":"Prix"},"content":{"rendered":"<div data-elementor-type=\"wp-page\" data-elementor-id=\"9594\" class=\"elementor elementor-9594\">\n\t\t\t\t\t\t<section class=\"elementor-section elementor-top-section elementor-element elementor-element-33cede6 elementor-section-full_width elementor-section-height-default elementor-section-height-default\" data-id=\"33cede6\" data-element_type=\"section\" data-e-type=\"section\">\n\t\t\t\t\t\t<div class=\"elementor-container elementor-column-gap-no\">\n\t\t\t\t\t<div class=\"elementor-column elementor-col-100 elementor-top-column elementor-element elementor-element-21c49e7\" data-id=\"21c49e7\" data-element_type=\"column\" data-e-type=\"column\">\n\t\t\t<div class=\"elementor-widget-wrap elementor-element-populated\">\n\t\t\t\t\t\t<div class=\"elementor-element elementor-element-3392ff4 elementor-widget elementor-widget-image\" data-id=\"3392ff4\" data-element_type=\"widget\" data-e-type=\"widget\" data-widget_type=\"image.default\">\n\t\t\t\t\t\t\t\t\t\t\t\t\t\t\t<img fetchpriority=\"high\" decoding=\"async\" width=\"1200\" height=\"300\" src=\"https:\/\/cscan-infocan.ca\/wp-content\/uploads\/2024\/01\/Awards-Ceremony-French-version-2.png\" class=\"attachment-full size-full wp-image-20815\" alt=\"\" srcset=\"https:\/\/cscan-infocan.ca\/wp-content\/uploads\/2024\/01\/Awards-Ceremony-French-version-2.png 1200w, https:\/\/cscan-infocan.ca\/wp-content\/uploads\/2024\/01\/Awards-Ceremony-French-version-2-768x192.png 768w, https:\/\/cscan-infocan.ca\/wp-content\/uploads\/2024\/01\/Awards-Ceremony-French-version-2-18x5.png 18w, https:\/\/cscan-infocan.ca\/wp-content\/uploads\/2024\/01\/Awards-Ceremony-French-version-2-400x100.png 400w\" sizes=\"(max-width: 1200px) 100vw, 1200px\" \/>\t\t\t\t\t\t\t\t\t\t\t\t\t\t\t<\/div>\n\t\t\t\t\t<\/div>\n\t\t<\/div>\n\t\t\t\t\t<\/div>\n\t\t<\/section>\n\t\t<div class=\"elementor-element elementor-element-840f1ab e-flex e-con-boxed e-con e-parent\" data-id=\"840f1ab\" data-element_type=\"container\" data-e-type=\"container\">\n\t\t\t\t\t<div class=\"e-con-inner\">\n\t\t\t\t<div class=\"elementor-element elementor-element-7862c14 elementor-widget elementor-widget-elementskit-heading\" data-id=\"7862c14\" data-element_type=\"widget\" data-e-type=\"widget\" data-widget_type=\"elementskit-heading.default\">\n\t\t\t\t\t<div class=\"ekit-wid-con\" ><div class=\"ekit-heading elementskit-section-title-wraper text_center   ekit_heading_tablet-   ekit_heading_mobile-\"><h2 class=\"ekit-heading--title elementskit-section-title\">`A propos des prix<\/h2><div class=\"ekit_heading_separetor_wraper ekit_heading_elementskit-border-divider ekit-dotted\"><div class=\"elementskit-border-divider ekit-dotted\"><\/div><\/div><\/div><\/div>\t\t\t\t<\/div>\n\t\t\t\t<div class=\"elementor-element elementor-element-624edf4 elementor-widget elementor-widget-text-editor\" data-id=\"624edf4\" data-element_type=\"widget\" data-e-type=\"widget\" data-widget_type=\"text-editor.default\">\n\t\t\t\t\t\t\t\t\t<p>Les prix CS-CAN|INFO-CAN reconnaissent et c\u00e9l\u00e8brent les r\u00e9alisations exceptionnelles et les contributions durables des informaticiens canadiens.<\/p><p>Les prix reconnaissent l'engagement communautaire et professionnel exemplaire, les contributions \u00e0 l'enseignement de l'informatique et les r\u00e9alisations importantes des informaticiens et des \u00e9tudiants et dipl\u00f4m\u00e9s r\u00e9cents en informatique.<\/p><p>Le processus d'examen et de d\u00e9termination des laur\u00e9ats est rigoureux. CS-CAN|INFO-CAN transmet chaque ann\u00e9e l'appel \u00e0 candidatures pour les prix \u00e0 la communaut\u00e9 des informaticiens. Les candidatures sont pr\u00e9sent\u00e9es au comit\u00e9 des prix, un groupe d'informaticiens qui, apr\u00e8s avoir examin\u00e9 attentivement chaque candidature, s\u00e9lectionne les laur\u00e9ats.<\/p>\t\t\t\t\t\t\t\t<\/div>\n\t\t\t\t\t<\/div>\n\t\t\t\t<\/div>\n\t\t\t\t<\/div>","protected":false},"excerpt":{"rendered":"<p>About Awards The CS-CAN|INFO-CAN Awards recognize and celebrate outstanding achievements and lasting contributions of Canadian computer scientists. The awards acknowledge exemplary community and professional involvement, contributions to computer science education, and the significant accomplishments of computer scientists and computer science students and recent graduates. The process to review and determine the award recipients is rigorous. [&hellip;]<\/p>\n","protected":false},"author":76,"featured_media":0,"parent":0,"menu_order":0,"comment_status":"closed","ping_status":"closed","template":"","meta":{"site-sidebar-layout":"no-sidebar","site-content-layout":"page-builder","ast-site-content-layout":"default","site-content-style":"default","site-sidebar-style":"default","ast-global-header-display":"","ast-banner-title-visibility":"","ast-main-header-display":"","ast-hfb-above-header-display":"","ast-hfb-below-header-display":"","ast-hfb-mobile-header-display":"","site-post-title":"disabled","ast-breadcrumbs-content":"","ast-featured-img":"disabled","footer-sml-layout":"","ast-disable-related-posts":"","theme-transparent-header-meta":"","adv-header-id-meta":"","stick-header-meta":"","header-above-stick-meta":"","header-main-stick-meta":"","header-below-stick-meta":"","astra-migrate-meta-layouts":"default","ast-page-background-enabled":"default","ast-page-background-meta":{"desktop":{"background-color":"","background-image":"","background-repeat":"repeat","background-position":"center center","background-size":"auto","background-attachment":"scroll","background-type":"","background-media":"","overlay-type":"","overlay-color":"","overlay-opacity":"","overlay-gradient":""},"tablet":{"background-color":"","background-image":"","background-repeat":"repeat","background-position":"center center","background-size":"auto","background-attachment":"scroll","background-type":"","background-media":"","overlay-type":"","overlay-color":"","overlay-opacity":"","overlay-gradient":""},"mobile":{"background-color":"","background-image":"","background-repeat":"repeat","background-position":"center center","background-size":"auto","background-attachment":"scroll","background-type":"","background-media":"","overlay-type":"","overlay-color":"","overlay-opacity":"","overlay-gradient":""}},"ast-content-background-meta":{"desktop":{"background-color":"var(--ast-global-color-5)","background-image":"","background-repeat":"repeat","background-position":"center center","background-size":"auto","background-attachment":"scroll","background-type":"","background-media":"","overlay-type":"","overlay-color":"","overlay-opacity":"","overlay-gradient":""},"tablet":{"background-color":"var(--ast-global-color-5)","background-image":"","background-repeat":"repeat","background-position":"center center","background-size":"auto","background-attachment":"scroll","background-type":"","background-media":"","overlay-type":"","overlay-color":"","overlay-opacity":"","overlay-gradient":""},"mobile":{"background-color":"var(--ast-global-color-5)","background-image":"","background-repeat":"repeat","background-position":"center center","background-size":"auto","background-attachment":"scroll","background-type":"","background-media":"","overlay-type":"","overlay-color":"","overlay-opacity":"","overlay-gradient":""}},"footnotes":""},"class_list":["post-9594","page","type-page","status-publish","hentry"],"_links":{"self":[{"href":"https:\/\/cscan-infocan.ca\/fr\/wp-json\/wp\/v2\/pages\/9594","targetHints":{"allow":["GET"]}}],"collection":[{"href":"https:\/\/cscan-infocan.ca\/fr\/wp-json\/wp\/v2\/pages"}],"about":[{"href":"https:\/\/cscan-infocan.ca\/fr\/wp-json\/wp\/v2\/types\/page"}],"author":[{"embeddable":true,"href":"https:\/\/cscan-infocan.ca\/fr\/wp-json\/wp\/v2\/users\/76"}],"replies":[{"embeddable":true,"href":"https:\/\/cscan-infocan.ca\/fr\/wp-json\/wp\/v2\/comments?post=9594"}],"version-history":[{"count":0,"href":"https:\/\/cscan-infocan.ca\/fr\/wp-json\/wp\/v2\/pages\/9594\/revisions"}],"wp:attachment":[{"href":"https:\/\/cscan-infocan.ca\/fr\/wp-json\/wp\/v2\/media?parent=9594"}],"curies":[{"name":"wp","href":"https:\/\/api.w.org\/{rel}","templated":true}]}}