{"id":778,"date":"2022-06-02T02:19:19","date_gmt":"2022-06-02T02:19:19","guid":{"rendered":"https:\/\/cscan.webix.ca\/?page_id=778"},"modified":"2025-02-20T23:56:25","modified_gmt":"2025-02-21T04:56:25","slug":"student-and-postdoc","status":"publish","type":"page","link":"https:\/\/cscan-infocan.ca\/fr\/student-and-postdoc\/","title":{"rendered":"\u00c9tudiant et postdoc"},"content":{"rendered":"<div data-elementor-type=\"wp-page\" data-elementor-id=\"778\" class=\"elementor elementor-778\">\n\t\t\t\t<div class=\"elementor-element elementor-element-d7d36c1 e-flex e-con-boxed e-con e-parent\" data-id=\"d7d36c1\" data-element_type=\"container\" data-e-type=\"container\">\n\t\t\t\t\t<div class=\"e-con-inner\">\n\t\t\t\t<div class=\"elementor-element elementor-element-6c76580 elementor-widget elementor-widget-elementskit-heading\" data-id=\"6c76580\" data-element_type=\"widget\" data-e-type=\"widget\" data-widget_type=\"elementskit-heading.default\">\n\t\t\t\t\t<div class=\"ekit-wid-con\" ><div class=\"ekit-heading elementskit-section-title-wraper text_center   ekit_heading_tablet-   ekit_heading_mobile-\"><h2 class=\"ekit-heading--title elementskit-section-title\">Comit\u00e9 consultatif des \u00e9tudiants et des post-docs (SPAC)<\/h2><div class=\"ekit_heading_separetor_wraper ekit_heading_elementskit-border-divider ekit-dotted\"><div class=\"elementskit-border-divider ekit-dotted\"><\/div><\/div><\/div><\/div>\t\t\t\t<\/div>\n\t\t\t\t\t<\/div>\n\t\t\t\t<\/div>\n\t\t<div class=\"elementor-element elementor-element-3c612f2 e-flex e-con-boxed e-con e-parent\" data-id=\"3c612f2\" data-element_type=\"container\" data-e-type=\"container\">\n\t\t\t\t\t<div class=\"e-con-inner\">\n\t\t\t\t<div class=\"elementor-element elementor-element-26b2590 elementor-widget elementor-widget-text-editor\" data-id=\"26b2590\" data-element_type=\"widget\" data-e-type=\"widget\" data-widget_type=\"text-editor.default\">\n\t\t\t\t\t\t\t\t\t<p>Nous sommes un comit\u00e9 compos\u00e9 de 9 \u00e0 12 \u00e9tudiants et post-doctorants \u00e9lus d'universit\u00e9s canadiennes qui travaillent avec CS-Can | Info-Can pour faire progresser la recherche, l'\u00e9ducation et l'innovation en informatique au Canada. Plus pr\u00e9cis\u00e9ment, notre mission est d'encourager et de repr\u00e9senter la communaut\u00e9 des \u00e9tudiants postsecondaires et des stagiaires postdoctoraux canadiens en informatique.<\/p>\t\t\t\t\t\t\t\t<\/div>\n\t\t\t\t\t<\/div>\n\t\t\t\t<\/div>\n\t\t<div class=\"elementor-element elementor-element-f0ebcda e-flex e-con-boxed e-con e-parent\" data-id=\"f0ebcda\" data-element_type=\"container\" data-e-type=\"container\">\n\t\t\t\t\t<div class=\"e-con-inner\">\n\t\t\t\t<div class=\"elementor-element elementor-element-f65f80c elementor-icon-list--layout-traditional elementor-list-item-link-full_width elementor-widget elementor-widget-icon-list\" data-id=\"f65f80c\" data-element_type=\"widget\" data-e-type=\"widget\" data-widget_type=\"icon-list.default\">\n\t\t\t\t\t\t\t<ul class=\"elementor-icon-list-items\">\n\t\t\t\t\t\t\t<li class=\"elementor-icon-list-item\">\n\t\t\t\t\t\t\t\t\t\t\t<span class=\"elementor-icon-list-icon\">\n\t\t\t\t\t\t\t<svg aria-hidden=\"true\" class=\"e-font-icon-svg e-fas-dot-circle\" viewbox=\"0 0 512 512\" xmlns=\"http:\/\/www.w3.org\/2000\/svg\"><path d=\"M256 8C119.033 8 8 119.033 8 256s111.033 248 248 248 248-111.033 248-248S392.967 8 256 8zm80 248c0 44.112-35.888 80-80 80s-80-35.888-80-80 35.888-80 80-80 80 35.888 80 80z\"><\/path><\/svg>\t\t\t\t\t\t<\/span>\n\t\t\t\t\t\t\t\t\t\t<span class=\"elementor-icon-list-text\">Linda Wang, \u00e9tudiante de premier cycle (Universit\u00e9 de Waterloo), pr\u00e9sidente (2024-2026)<\/span>\n\t\t\t\t\t\t\t\t\t<\/li>\n\t\t\t\t\t\t\t\t<li class=\"elementor-icon-list-item\">\n\t\t\t\t\t\t\t\t\t\t\t<span class=\"elementor-icon-list-icon\">\n\t\t\t\t\t\t\t<svg aria-hidden=\"true\" class=\"e-font-icon-svg e-fas-dot-circle\" viewbox=\"0 0 512 512\" xmlns=\"http:\/\/www.w3.org\/2000\/svg\"><path d=\"M256 8C119.033 8 8 119.033 8 256s111.033 248 248 248 248-111.033 248-248S392.967 8 256 8zm80 248c0 44.112-35.888 80-80 80s-80-35.888-80-80 35.888-80 80-80 80 35.888 80 80z\"><\/path><\/svg>\t\t\t\t\t\t<\/span>\n\t\t\t\t\t\t\t\t\t\t<span class=\"elementor-icon-list-text\">Sophie Sigfstead, \u00e9tudiante de premier cycle (Universit\u00e9 de l'Alberta), repr\u00e9sentante des \u00e9tudiants de premier cycle (2023-2025).<\/span>\n\t\t\t\t\t\t\t\t\t<\/li>\n\t\t\t\t\t\t\t\t<li class=\"elementor-icon-list-item\">\n\t\t\t\t\t\t\t\t\t\t\t<span class=\"elementor-icon-list-icon\">\n\t\t\t\t\t\t\t<svg aria-hidden=\"true\" class=\"e-font-icon-svg e-fas-dot-circle\" viewbox=\"0 0 512 512\" xmlns=\"http:\/\/www.w3.org\/2000\/svg\"><path d=\"M256 8C119.033 8 8 119.033 8 256s111.033 248 248 248 248-111.033 248-248S392.967 8 256 8zm80 248c0 44.112-35.888 80-80 80s-80-35.888-80-80 35.888-80 80-80 80 35.888 80 80z\"><\/path><\/svg>\t\t\t\t\t\t<\/span>\n\t\t\t\t\t\t\t\t\t\t<span class=\"elementor-icon-list-text\">Lei Liu, doctorante (York University), repr\u00e9sentante des dipl\u00f4m\u00e9s (2023-2025)<\/span>\n\t\t\t\t\t\t\t\t\t<\/li>\n\t\t\t\t\t\t\t\t<li class=\"elementor-icon-list-item\">\n\t\t\t\t\t\t\t\t\t\t\t<span class=\"elementor-icon-list-icon\">\n\t\t\t\t\t\t\t<svg aria-hidden=\"true\" class=\"e-font-icon-svg e-fas-dot-circle\" viewbox=\"0 0 512 512\" xmlns=\"http:\/\/www.w3.org\/2000\/svg\"><path d=\"M256 8C119.033 8 8 119.033 8 256s111.033 248 248 248 248-111.033 248-248S392.967 8 256 8zm80 248c0 44.112-35.888 80-80 80s-80-35.888-80-80 35.888-80 80-80 80 35.888 80 80z\"><\/path><\/svg>\t\t\t\t\t\t<\/span>\n\t\t\t\t\t\t\t\t\t\t<span class=\"elementor-icon-list-text\">Marwa Elsayed, boursi\u00e8re postdoctorale (Dalhousie University), repr\u00e9sentante des boursiers postdoctoraux (2023-2025).<\/span>\n\t\t\t\t\t\t\t\t\t<\/li>\n\t\t\t\t\t\t\t\t<li class=\"elementor-icon-list-item\">\n\t\t\t\t\t\t\t\t\t\t\t<span class=\"elementor-icon-list-icon\">\n\t\t\t\t\t\t\t<svg aria-hidden=\"true\" class=\"e-font-icon-svg e-fas-dot-circle\" viewbox=\"0 0 512 512\" xmlns=\"http:\/\/www.w3.org\/2000\/svg\"><path d=\"M256 8C119.033 8 8 119.033 8 256s111.033 248 248 248 248-111.033 248-248S392.967 8 256 8zm80 248c0 44.112-35.888 80-80 80s-80-35.888-80-80 35.888-80 80-80 80 35.888 80 80z\"><\/path><\/svg>\t\t\t\t\t\t<\/span>\n\t\t\t\t\t\t\t\t\t\t<span class=\"elementor-icon-list-text\">Bimpe Ayoola, doctorante (Dalhousie University), repr\u00e9sentante des femmes (2023-2025)<\/span>\n\t\t\t\t\t\t\t\t\t<\/li>\n\t\t\t\t\t\t\t\t<li class=\"elementor-icon-list-item\">\n\t\t\t\t\t\t\t\t\t\t\t<span class=\"elementor-icon-list-icon\">\n\t\t\t\t\t\t\t<svg aria-hidden=\"true\" class=\"e-font-icon-svg e-fas-dot-circle\" viewbox=\"0 0 512 512\" xmlns=\"http:\/\/www.w3.org\/2000\/svg\"><path d=\"M256 8C119.033 8 8 119.033 8 256s111.033 248 248 248 248-111.033 248-248S392.967 8 256 8zm80 248c0 44.112-35.888 80-80 80s-80-35.888-80-80 35.888-80 80-80 80 35.888 80 80z\"><\/path><\/svg>\t\t\t\t\t\t<\/span>\n\t\t\t\t\t\t\t\t\t\t<span class=\"elementor-icon-list-text\">Oluwafunmilayo Esho, \u00e9tudiante en master (Universit\u00e9 de Waterloo), membre \u00e0 titre personnel (2023-2025).<\/span>\n\t\t\t\t\t\t\t\t\t<\/li>\n\t\t\t\t\t\t\t\t<li class=\"elementor-icon-list-item\">\n\t\t\t\t\t\t\t\t\t\t\t<span class=\"elementor-icon-list-icon\">\n\t\t\t\t\t\t\t<svg aria-hidden=\"true\" class=\"e-font-icon-svg e-fas-dot-circle\" viewbox=\"0 0 512 512\" xmlns=\"http:\/\/www.w3.org\/2000\/svg\"><path d=\"M256 8C119.033 8 8 119.033 8 256s111.033 248 248 248 248-111.033 248-248S392.967 8 256 8zm80 248c0 44.112-35.888 80-80 80s-80-35.888-80-80 35.888-80 80-80 80 35.888 80 80z\"><\/path><\/svg>\t\t\t\t\t\t<\/span>\n\t\t\t\t\t\t\t\t\t\t<span class=\"elementor-icon-list-text\">Laila Albalkhi, \u00e9tudiante de premier cycle (Universit\u00e9 de Windsor), membre \u00e0 titre personnel (2023-2025).<\/span>\n\t\t\t\t\t\t\t\t\t<\/li>\n\t\t\t\t\t\t<\/ul>\n\t\t\t\t\t\t<\/div>\n\t\t\t\t\t<\/div>\n\t\t\t\t<\/div>\n\t\t<div class=\"elementor-element elementor-element-d7cd498 e-flex e-con-boxed e-con e-parent\" data-id=\"d7cd498\" data-element_type=\"container\" data-e-type=\"container\">\n\t\t\t\t\t<div class=\"e-con-inner\">\n\t\t\t\t<div class=\"elementor-element elementor-element-7d159ea e-n-tabs-mobile elementor-widget elementor-widget-n-tabs\" data-id=\"7d159ea\" data-element_type=\"widget\" data-e-type=\"widget\" data-settings=\"{&quot;tabs_justify_horizontal&quot;:&quot;stretch&quot;,&quot;horizontal_scroll&quot;:&quot;disable&quot;}\" data-widget_type=\"nested-tabs.default\">\n\t\t\t\t\t\t\t<div class=\"e-n-tabs\" data-widget-number=\"131160554\" aria-label=\"Onglets. Ouvrez des \u00e9l\u00e9ments avec Enter ou Space, fermez-les avec Escape et naviguez \u00e0 l&#039;aide des touches fl\u00e9ch\u00e9es.\">\n\t\t\t<div class=\"e-n-tabs-heading\" role=\"tablist\">\n\t\t\t\t\t<button id=\"e-n-tab-title-1311605541\" data-tab-title-id=\"e-n-tab-title-1311605541\" class=\"e-n-tab-title\" aria-selected=\"true\" data-tab-index=\"1\" role=\"tab\" tabindex=\"0\" aria-controls=\"e-n-tab-content-1311605541\" style=\"--n-tabs-title-order: 1;\">\n\t\t\t\t\t<span class=\"e-n-tab-icon\">\n\t\t\t<i aria-hidden=\"true\" class=\"icon icon-arrow-point-to-down\"><\/i>\t\t\t<i aria-hidden=\"true\" class=\"icon icon-arrow-point-to-down\"><\/i>\t\t<\/span>\n\t\t\t\t\t<span class=\"e-n-tab-title-text\">\n\t\t\t\t2025 SPAC ELECTION\t\t\t<\/span>\n\t\t<\/button>\n\t\t\t\t<button id=\"e-n-tab-title-1311605542\" data-tab-title-id=\"e-n-tab-title-1311605542\" class=\"e-n-tab-title\" aria-selected=\"false\" data-tab-index=\"2\" role=\"tab\" tabindex=\"-1\" aria-controls=\"e-n-tab-content-1311605542\" style=\"--n-tabs-title-order: 2;\">\n\t\t\t\t\t<span class=\"e-n-tab-icon\">\n\t\t\t<i aria-hidden=\"true\" class=\"icon icon-down-arrow\"><\/i>\t\t\t<i aria-hidden=\"true\" class=\"icon icon-down-arrow\"><\/i>\t\t<\/span>\n\t\t\t\t\t<span class=\"e-n-tab-title-text\">\n\t\t\t\tFAQ - Adh\u00e9sion et autres\t\t\t<\/span>\n\t\t<\/button>\n\t\t\t\t\t<\/div>\n\t\t\t<div class=\"e-n-tabs-content\">\n\t\t\t\t<div id=\"e-n-tab-content-1311605541\" role=\"tabpanel\" aria-labelledby=\"e-n-tab-title-1311605541\" data-tab-index=\"1\" style=\"--n-tabs-title-order: 1;\" class=\"e-active elementor-element elementor-element-30b151d e-con-full e-flex e-con e-child\" data-id=\"30b151d\" data-element_type=\"container\" data-e-type=\"container\">\n\t\t\t\t<div class=\"elementor-element elementor-element-9e2d522 elementor-widget elementor-widget-text-editor\" data-id=\"9e2d522\" data-element_type=\"widget\" data-e-type=\"widget\" data-widget_type=\"text-editor.default\">\n\t\t\t\t\t\t\t\t\t<p><span style=\"color: red;\"><strong>We are now having our 2025 SPAC Elections! We are currently accepting nominations.<\/strong><\/span><\/p><p>The nomination period will run until March 6th, 2025. You may submit nominations here:\u00a0\u00a0<span style=\"color: #1155cc; font-family: Georgia, serif; font-size: 11pt; background-color: inherit; text-align: var(--text-align);\"><a href=\"https:\/\/forms.gle\/SwDQG79KqcPL6gaY8\">https:\/\/forms.gle\/SwDQG79KqcPL6gaY8<\/a>.\u00a0<\/span><\/p><p><!--StartFragment--><!--EndFragment--><\/p><h4 data-fontsize=\"16\" data-lineheight=\"24px\"><strong>Composition des comit\u00e9s<\/strong><\/h4><p>Le SPAC est compos\u00e9 de 8 \u00e0 11 membres, constitu\u00e9s comme suit :<\/p><ul><li>Une chaire d'\u00e9tudiants,<\/li><li>Un secr\u00e9taire,<\/li><li>Un repr\u00e9sentant des \u00e9tudiants de premier cycle,<\/li><li>Un repr\u00e9sentant des dipl\u00f4m\u00e9s,<\/li><li>Un repr\u00e9sentant des post-doctorants,<\/li><li>Une repr\u00e9sentante des femmes,<\/li><li>Un repr\u00e9sentant indig\u00e8ne,<\/li><li>Membres libres, trois au plus<\/li><\/ul><h4 data-fontsize=\"16\" data-lineheight=\"24px\"><strong>Nomin\u00e9s \u00e9ligibles<\/strong><\/h4><p>Tout \u00e9tudiant (de premier ou de deuxi\u00e8me cycle) ou boursier postdoctoral peut \u00eatre nomm\u00e9 au CCSP. Les nominations sont g\u00e9n\u00e9ralement faites pour des mandats de 2 ans. Les \u00e9tudiants et les boursiers postdoctoraux doivent \u00eatre inscrits \u00e0 leur programme au moment de l'\u00e9lection et peuvent si\u00e9ger au comit\u00e9 jusqu'\u00e0 douze mois apr\u00e8s avoir quitt\u00e9 leur dipl\u00f4me ou leur programme. Les membres du CCSP sont nomm\u00e9s pour des mandats \u00e9chelonn\u00e9s, de sorte que tous les postes ne seront pas disponibles au cours d'une ann\u00e9e donn\u00e9e.<\/p><p>Tous les \u00e9tudiants et post-docs nomm\u00e9s au SPAC devront se r\u00e9unir au moins une fois par mois pour mener \u00e0 bien les activit\u00e9s du SPAC, et contribuer aux activit\u00e9s du SPAC, si n\u00e9cessaire.<\/p><h4 data-fontsize=\"16\" data-lineheight=\"24px\"><strong>Proc\u00e9dure d'\u00e9lection et de nomination<\/strong><\/h4><p>Apr\u00e8s la p\u00e9riode de mise en candidature, tous les candidats nomm\u00e9s seront contact\u00e9s pour confirmer s'ils acceptent ou non leur nomination, et pour soumettre des informations suppl\u00e9mentaires (par exemple, nom, photo, biographie, plateforme). L'\u00e9lection de la SPAC suivra. Tous les \u00e9tudiants et les boursiers postdoctoraux qui poursuivent actuellement des \u00e9tudes en informatique dans une universit\u00e9 canadienne pourront voter. Plus d'informations sur comment et quand voter seront disponibles apr\u00e8s la p\u00e9riode de nomination.<\/p><h4 data-fontsize=\"16\" data-lineheight=\"24px\"><strong>Postes actuellement ouverts<\/strong><\/h4><ul><li>Secr\u00e9taire du Conseil<\/li><li>Member at Large<\/li><li style=\"font-size: 16px;\">Un repr\u00e9sentant indig\u00e8ne.<\/li><\/ul><p>Pour plus d'informations sur les membres de la SPAC, les fonctions de chaque membre et les activit\u00e9s de la SPAC, veuillez consulter le site Web de la SPAC.\u00a0<a href=\"https:\/\/docs.google.com\/document\/d\/e\/2PACX-1vSr3h1nSZ_ajaezwRmkBW-w0kWGS4FWluqNZlFMtZgkUG4kjY-TfBii_iT1D_aMxQN3LJpumIHq-8uv\/pub\">termes de r\u00e9f\u00e9rence<\/a>.<\/p>\t\t\t\t\t\t\t\t<\/div>\n\t\t\t\t<\/div>\n\t\t<div id=\"e-n-tab-content-1311605542\" role=\"tabpanel\" aria-labelledby=\"e-n-tab-title-1311605542\" data-tab-index=\"2\" style=\"--n-tabs-title-order: 2;\" class=\"elementor-element elementor-element-708d027 e-con-full e-flex e-con e-child\" data-id=\"708d027\" data-element_type=\"container\" data-e-type=\"container\">\n\t\t\t\t<div class=\"elementor-element elementor-element-b386046 elementor-widget elementor-widget-text-editor\" data-id=\"b386046\" data-element_type=\"widget\" data-e-type=\"widget\" data-widget_type=\"text-editor.default\">\n\t\t\t\t\t\t\t\t\t<span style=\"text-decoration: underline;\"><strong>Pourquoi devrais-je adh\u00e9rer \u00e0 CS-Can ?\u00a0<\/strong><\/span>\n\nL'informatique est une science distincte, caract\u00e9ris\u00e9e par ses propres concepts, m\u00e9thodes et corpus de connaissances. Les informaticiens et les sp\u00e9cialistes de l'information de tout le Canada sont confront\u00e9s aux m\u00eames d\u00e9fis en mati\u00e8re de recherche et d'enseignement. CS-CAN\/INFO-CAN fournit une ar\u00e8ne pour discuter et coordonner les questions strat\u00e9giques sur la recherche et l'\u00e9ducation au niveau canadien.\n\n<span style=\"text-decoration: underline;\"><strong>Quels sont les avantages dont je b\u00e9n\u00e9ficie en tant que membre ?<\/strong><\/span>\n\nLes avantages dont b\u00e9n\u00e9ficient les membres comprennent, entre autres, les suivants\n<ul>\n \t<li>Mise en r\u00e9seau scientifique et professionnel<\/li>\n \t<li>C\u00e9l\u00e9bration des r\u00e9alisations exceptionnelles<\/li>\n \t<li>Acc\u00e8s \u00e0 la base de donn\u00e9es de l'ARC<\/li>\n \t<li>D\u00e9fense des int\u00e9r\u00eats<\/li>\n \t<li>Job board<\/li>\n \t<li>Construction de la communaut\u00e9<\/li>\n<\/ul>\n<span style=\"text-decoration: underline;\"><strong>Comment devenir membre ?<\/strong><\/span>\n\nDemandez \u00e0 votre d\u00e9partement s'il est d\u00e9j\u00e0 membre ! Si c'est le cas, vous pouvez compl\u00e9ter votre profil et vous ajouter \u00e0 la liste de distribution. Veuillez consulter cette sous-section de notre site web CS-Can pour obtenir des informations plus d\u00e9taill\u00e9es sur l'adh\u00e9sion :\u00a0<a href=\"https:\/\/cscan-infocan.ca\/fr\/why-and-how-to-join\/\">https:\/\/cscan-infocan.ca\/why-and-how-to-join\/<\/a>.\t\t\t\t\t\t\t\t<\/div>\n\t\t\t\t<\/div>\n\t\t\t\t\t<\/div>\n\t\t<\/div>\n\t\t\t\t\t\t<\/div>\n\t\t\t\t\t<\/div>\n\t\t\t\t<\/div>\n\t\t<div class=\"elementor-element elementor-element-c6ddcf6 e-flex e-con-boxed e-con e-parent\" data-id=\"c6ddcf6\" data-element_type=\"container\" data-e-type=\"container\">\n\t\t\t\t\t<div class=\"e-con-inner\">\n\t\t<div class=\"elementor-element elementor-element-4608332 e-con-full e-flex e-con e-child\" data-id=\"4608332\" data-element_type=\"container\" data-e-type=\"container\">\n\t\t\t\t<div class=\"elementor-element elementor-element-8d9372a elementor-widget elementor-widget-elementskit-heading\" data-id=\"8d9372a\" data-element_type=\"widget\" data-e-type=\"widget\" data-widget_type=\"elementskit-heading.default\">\n\t\t\t\t\t<div class=\"ekit-wid-con\" ><div class=\"ekit-heading elementskit-section-title-wraper text_left   ekit_heading_tablet-   ekit_heading_mobile-\"><h3 class=\"ekit-heading--title elementskit-section-title\">Contact <span><span>SPAC<\/span><\/span> <\/h3><div class=\"ekit_heading_separetor_wraper ekit_heading_elementskit-border-divider ekit-dotted\"><div class=\"elementskit-border-divider ekit-dotted\"><\/div><\/div>\t\t\t\t<div class='ekit-heading__description'>\n\t\t\t\t\t<p>Contactez-nous \u00e0 l'adresse suivante\u00a0<a href=\"mailto:spac@cscan-infocan.ca\">spac@cscan-infocan.ca<\/a> pour toute question ou demande de renseignements !\u00a0<\/p>\n\t\t\t\t<\/div>\n\t\t\t<\/div><\/div>\t\t\t\t<\/div>\n\t\t\t\t<\/div>\n\t\t<div class=\"elementor-element elementor-element-d4f0a6a e-con-full e-flex e-con e-child\" data-id=\"d4f0a6a\" data-element_type=\"container\" data-e-type=\"container\">\n\t\t\t\t<div class=\"elementor-element elementor-element-f82af4e elementor-widget elementor-widget-elementskit-heading\" data-id=\"f82af4e\" data-element_type=\"widget\" data-e-type=\"widget\" data-widget_type=\"elementskit-heading.default\">\n\t\t\t\t\t<div class=\"ekit-wid-con\" ><div class=\"ekit-heading elementskit-section-title-wraper text_left   ekit_heading_tablet-   ekit_heading_mobile-\"><h3 class=\"ekit-heading--title elementskit-section-title\">Veuillez suivre <span><span>Nous<\/span><\/span> pour rester connect\u00e9<\/h3><div class=\"ekit_heading_separetor_wraper ekit_heading_elementskit-border-divider ekit-dotted\"><div class=\"elementskit-border-divider ekit-dotted\"><\/div><\/div><\/div><\/div>\t\t\t\t<\/div>\n\t\t\t\t<div class=\"elementor-element elementor-element-a051059 elementor-shape-circle e-grid-align-left elementor-grid-0 elementor-widget elementor-widget-social-icons\" data-id=\"a051059\" data-element_type=\"widget\" data-e-type=\"widget\" data-widget_type=\"social-icons.default\">\n\t\t\t\t\t\t\t<div class=\"elementor-social-icons-wrapper elementor-grid\" role=\"list\">\n\t\t\t\t\t\t\t<span class=\"elementor-grid-item\" role=\"listitem\">\n\t\t\t\t\t<a class=\"elementor-icon elementor-social-icon elementor-social-icon-facebook elementor-repeater-item-edbd929\" href=\"https:\/\/www.facebook.com\/spac.cscan.infocan\/\" target=\"_blank\">\n\t\t\t\t\t\t<span class=\"elementor-screen-only\">Facebook<\/span>\n\t\t\t\t\t\t<svg aria-hidden=\"true\" class=\"e-font-icon-svg e-fab-facebook\" viewbox=\"0 0 512 512\" xmlns=\"http:\/\/www.w3.org\/2000\/svg\"><path d=\"M504 256C504 119 393 8 256 8S8 119 8 256c0 123.78 90.69 226.38 209.25 245V327.69h-63V256h63v-54.64c0-62.15 37-96.48 93.67-96.48 27.14 0 55.52 4.84 55.52 4.84v61h-31.28c-30.8 0-40.41 19.12-40.41 38.73V256h68.78l-11 71.69h-57.78V501C413.31 482.38 504 379.78 504 256z\"><\/path><\/svg>\t\t\t\t\t<\/a>\n\t\t\t\t<\/span>\n\t\t\t\t\t\t\t<span class=\"elementor-grid-item\" role=\"listitem\">\n\t\t\t\t\t<a class=\"elementor-icon elementor-social-icon elementor-social-icon- elementor-repeater-item-70612f5\" href=\"https:\/\/twitter.com\/spac_cscan\" target=\"_blank\">\n\t\t\t\t\t\t<span class=\"elementor-screen-only\"><\/span>\n\t\t\t\t\t\t<svg xmlns=\"http:\/\/www.w3.org\/2000\/svg\" viewbox=\"0 0 512 512\"><path d=\"M389.2 48h70.6L305.6 224.2 487 464H345L233.7 318.6 106.5 464H35.8L200.7 275.5 26.8 48H172.4L272.9 180.9 389.2 48zM364.4 421.8h39.1L151.1 88h-42L364.4 421.8z\"><\/path><\/svg>\t\t\t\t\t<\/a>\n\t\t\t\t<\/span>\n\t\t\t\t\t\t\t<span class=\"elementor-grid-item\" role=\"listitem\">\n\t\t\t\t\t<a class=\"elementor-icon elementor-social-icon elementor-social-icon-instagram elementor-repeater-item-28f9517\" href=\"https:\/\/www.instagram.com\/spac.cscan.infocan\/\" target=\"_blank\">\n\t\t\t\t\t\t<span class=\"elementor-screen-only\">Instagram<\/span>\n\t\t\t\t\t\t<svg aria-hidden=\"true\" class=\"e-font-icon-svg e-fab-instagram\" viewbox=\"0 0 448 512\" xmlns=\"http:\/\/www.w3.org\/2000\/svg\"><path d=\"M224.1 141c-63.6 0-114.9 51.3-114.9 114.9s51.3 114.9 114.9 114.9S339 319.5 339 255.9 287.7 141 224.1 141zm0 189.6c-41.1 0-74.7-33.5-74.7-74.7s33.5-74.7 74.7-74.7 74.7 33.5 74.7 74.7-33.6 74.7-74.7 74.7zm146.4-194.3c0 14.9-12 26.8-26.8 26.8-14.9 0-26.8-12-26.8-26.8s12-26.8 26.8-26.8 26.8 12 26.8 26.8zm76.1 27.2c-1.7-35.9-9.9-67.7-36.2-93.9-26.2-26.2-58-34.4-93.9-36.2-37-2.1-147.9-2.1-184.9 0-35.8 1.7-67.6 9.9-93.9 36.1s-34.4 58-36.2 93.9c-2.1 37-2.1 147.9 0 184.9 1.7 35.9 9.9 67.7 36.2 93.9s58 34.4 93.9 36.2c37 2.1 147.9 2.1 184.9 0 35.9-1.7 67.7-9.9 93.9-36.2 26.2-26.2 34.4-58 36.2-93.9 2.1-37 2.1-147.8 0-184.8zM398.8 388c-7.8 19.6-22.9 34.7-42.6 42.6-29.5 11.7-99.5 9-132.1 9s-102.7 2.6-132.1-9c-19.6-7.8-34.7-22.9-42.6-42.6-11.7-29.5-9-99.5-9-132.1s-2.6-102.7 9-132.1c7.8-19.6 22.9-34.7 42.6-42.6 29.5-11.7 99.5-9 132.1-9s102.7-2.6 132.1 9c19.6 7.8 34.7 22.9 42.6 42.6 11.7 29.5 9 99.5 9 132.1s2.7 102.7-9 132.1z\"><\/path><\/svg>\t\t\t\t\t<\/a>\n\t\t\t\t<\/span>\n\t\t\t\t\t<\/div>\n\t\t\t\t\t\t<\/div>\n\t\t\t\t<\/div>\n\t\t\t\t\t<\/div>\n\t\t\t\t<\/div>\n\t\t\t\t<\/div>","protected":false},"excerpt":{"rendered":"<p>Student &amp; Postdoc Advisory Committee (SPAC) We are a committee of 8-12 elected students and postdocs attending Canadian universities who are working with CS-Can | Info-Can to advance Canadian computing research, education and innovation. Specifically, our mission is to foster and represent the community of Canadian Computer Science post-secondary students and postdoctoral fellows. Linda Wang, [&hellip;]<\/p>\n","protected":false},"author":76,"featured_media":0,"parent":0,"menu_order":0,"comment_status":"closed","ping_status":"closed","template":"","meta":{"site-sidebar-layout":"no-sidebar","site-content-layout":"page-builder","ast-site-content-layout":"default","site-content-style":"default","site-sidebar-style":"default","ast-global-header-display":"","ast-banner-title-visibility":"","ast-main-header-display":"","ast-hfb-above-header-display":"","ast-hfb-below-header-display":"","ast-hfb-mobile-header-display":"","site-post-title":"disabled","ast-breadcrumbs-content":"","ast-featured-img":"disabled","footer-sml-layout":"","ast-disable-related-posts":"","theme-transparent-header-meta":"","adv-header-id-meta":"","stick-header-meta":"","header-above-stick-meta":"","header-main-stick-meta":"","header-below-stick-meta":"","astra-migrate-meta-layouts":"default","ast-page-background-enabled":"default","ast-page-background-meta":{"desktop":{"background-color":"","background-image":"","background-repeat":"repeat","background-position":"center center","background-size":"auto","background-attachment":"scroll","background-type":"","background-media":"","overlay-type":"","overlay-color":"","overlay-opacity":"","overlay-gradient":""},"tablet":{"background-color":"","background-image":"","background-repeat":"repeat","background-position":"center center","background-size":"auto","background-attachment":"scroll","background-type":"","background-media":"","overlay-type":"","overlay-color":"","overlay-opacity":"","overlay-gradient":""},"mobile":{"background-color":"","background-image":"","background-repeat":"repeat","background-position":"center center","background-size":"auto","background-attachment":"scroll","background-type":"","background-media":"","overlay-type":"","overlay-color":"","overlay-opacity":"","overlay-gradient":""}},"ast-content-background-meta":{"desktop":{"background-color":"var(--ast-global-color-5)","background-image":"","background-repeat":"repeat","background-position":"center center","background-size":"auto","background-attachment":"scroll","background-type":"","background-media":"","overlay-type":"","overlay-color":"","overlay-opacity":"","overlay-gradient":""},"tablet":{"background-color":"var(--ast-global-color-5)","background-image":"","background-repeat":"repeat","background-position":"center center","background-size":"auto","background-attachment":"scroll","background-type":"","background-media":"","overlay-type":"","overlay-color":"","overlay-opacity":"","overlay-gradient":""},"mobile":{"background-color":"var(--ast-global-color-5)","background-image":"","background-repeat":"repeat","background-position":"center center","background-size":"auto","background-attachment":"scroll","background-type":"","background-media":"","overlay-type":"","overlay-color":"","overlay-opacity":"","overlay-gradient":""}},"footnotes":""},"class_list":["post-778","page","type-page","status-publish","hentry"],"_links":{"self":[{"href":"https:\/\/cscan-infocan.ca\/fr\/wp-json\/wp\/v2\/pages\/778","targetHints":{"allow":["GET"]}}],"collection":[{"href":"https:\/\/cscan-infocan.ca\/fr\/wp-json\/wp\/v2\/pages"}],"about":[{"href":"https:\/\/cscan-infocan.ca\/fr\/wp-json\/wp\/v2\/types\/page"}],"author":[{"embeddable":true,"href":"https:\/\/cscan-infocan.ca\/fr\/wp-json\/wp\/v2\/users\/76"}],"replies":[{"embeddable":true,"href":"https:\/\/cscan-infocan.ca\/fr\/wp-json\/wp\/v2\/comments?post=778"}],"version-history":[{"count":21,"href":"https:\/\/cscan-infocan.ca\/fr\/wp-json\/wp\/v2\/pages\/778\/revisions"}],"predecessor-version":[{"id":25933,"href":"https:\/\/cscan-infocan.ca\/fr\/wp-json\/wp\/v2\/pages\/778\/revisions\/25933"}],"wp:attachment":[{"href":"https:\/\/cscan-infocan.ca\/fr\/wp-json\/wp\/v2\/media?parent=778"}],"curies":[{"name":"wp","href":"https:\/\/api.w.org\/{rel}","templated":true}]}}