{"id":21100,"date":"2024-01-29T22:33:15","date_gmt":"2024-01-30T03:33:15","guid":{"rendered":"https:\/\/cscan-infocan.ca\/?page_id=21100"},"modified":"2024-01-29T22:36:25","modified_gmt":"2024-01-30T03:36:25","slug":"navigating-challenges","status":"publish","type":"page","link":"https:\/\/cscan-infocan.ca\/fr\/navigating-challenges\/","title":{"rendered":"Relever les d\u00e9fis"},"content":{"rendered":"<div data-elementor-type=\"wp-page\" data-elementor-id=\"21100\" class=\"elementor elementor-21100\">\n\t\t\t\t<div class=\"elementor-element elementor-element-3ac941a e-flex e-con-boxed e-con e-parent\" data-id=\"3ac941a\" data-element_type=\"container\" data-e-type=\"container\">\n\t\t\t\t\t<div class=\"e-con-inner\">\n\t\t\t\t<div class=\"elementor-element elementor-element-5f8e61e elementor-widget elementor-widget-elementskit-heading\" data-id=\"5f8e61e\" data-element_type=\"widget\" data-e-type=\"widget\" data-widget_type=\"elementskit-heading.default\">\n\t\t\t\t\t<div class=\"ekit-wid-con\" ><div class=\"ekit-heading elementskit-section-title-wraper text_center   ekit_heading_tablet-   ekit_heading_mobile-\"><h2 class=\"ekit-heading--title elementskit-section-title\">Relever les d\u00e9fis : Aspects de s\u00e9curit\u00e9 nationale et recherche<\/h2><div class=\"ekit_heading_separetor_wraper ekit_heading_elementskit-border-divider ekit-dotted\"><div class=\"elementskit-border-divider ekit-dotted\"><\/div><\/div><\/div><\/div>\t\t\t\t<\/div>\n\t\t\t\t\t<\/div>\n\t\t\t\t<\/div>\n\t\t<div class=\"elementor-element elementor-element-214089a e-flex e-con-boxed e-con e-parent\" data-id=\"214089a\" data-element_type=\"container\" data-e-type=\"container\">\n\t\t\t\t\t<div class=\"e-con-inner\">\n\t\t\t\t<div class=\"elementor-element elementor-element-88d71a8 elementor-widget elementor-widget-text-editor\" data-id=\"88d71a8\" data-element_type=\"widget\" data-e-type=\"widget\" data-widget_type=\"text-editor.default\">\n\t\t\t\t\t\t\t\t\t<p>Le gouvernement du Canada, en particulier Innovation, Science et D\u00e9veloppement \u00e9conomique Canada (ISED) et S\u00e9curit\u00e9 publique Canada, a commenc\u00e9 \u00e0 mettre en \u0153uvre des mesures de s\u00e9curit\u00e9 dans le contexte de la recherche universitaire. La communaut\u00e9 des informaticiens est particuli\u00e8rement concern\u00e9e par les mesures existantes et pr\u00e9vues.<\/p><p>Nous d\u00e9crivons ici bri\u00e8vement l'\u00e9tat d'avancement de deux initiatives, commentons la position de CS-Can|Info-Can sur ces initiatives et les informations que nous avons re\u00e7ues du Conseil de recherches en sciences naturelles et en g\u00e9nie du Canada (CRSNG) et de l'ISED \u00e0 cet \u00e9gard.<\/p><p>Tout d'abord, le \"<a href=\"https:\/\/science.gc.ca\/site\/science\/en\/safeguarding-your-research\/guidelines-and-tools-implement-research-security\/national-security-guidelines-research-partnerships\">Lignes directrices en mati\u00e8re de s\u00e9curit\u00e9 nationale pour les partenariats de recherche<\/a>En vertu de l'\"Alliance\", les chercheurs qui posent leur candidature aux programmes de partenariat du CRSNG doivent proc\u00e9der \u00e0 une \u00e9valuation des risques en mati\u00e8re de s\u00e9curit\u00e9. Ce processus, qui a fait l'objet d'une phase pilote au cours des derni\u00e8res ann\u00e9es, est d\u00e9sormais mis en \u0153uvre dans une version r\u00e9vis\u00e9e.<\/p><p>Deuxi\u00e8mement, l'ISED a cr\u00e9\u00e9 une \"<a href=\"https:\/\/science.gc.ca\/site\/science\/en\/safeguarding-your-research\/guidelines-and-tools-implement-research-security\/policy-sensitive-technology-research-and-affiliations-concern\">Politique en mati\u00e8re de recherche sur les technologies sensibles et d'affiliations pr\u00e9occupantes<\/a>\". Cette mesure affectera non seulement les programmes de partenariat, mais aussi tous les financements f\u00e9d\u00e9raux de la recherche (y compris les programmes du CRSNG). Conform\u00e9ment \u00e0 cette politique, les chercheurs qui sont associ\u00e9s \u00e0 une organisation figurant sur une liste g\u00e9r\u00e9e par le gouvernement de \"chercheurs en partenariat\" seront consid\u00e9r\u00e9s comme des \"chercheurs en partenariat\".<a href=\"https:\/\/science.gc.ca\/site\/science\/en\/safeguarding-your-research\/guidelines-and-tools-implement-research-security\/named-research-organizations\">Organismes de recherche d\u00e9sign\u00e9s<\/a>\"La nouvelle version de l'outil, r\u00e9cemment publi\u00e9e, ne permet pas d'obtenir des subventions des conseils nationaux de recherche (CRSNG, IRSC, CRSH) ou de la FCI.<\/p><p>Ces deux mesures ont \u00e9t\u00e9 motiv\u00e9es par des pr\u00e9occupations croissantes en mati\u00e8re de s\u00e9curit\u00e9 nationale et visent \u00e0 prot\u00e9ger les activit\u00e9s de recherche susceptibles de comporter des risques potentiels. Si la communaut\u00e9 des chercheurs canadiens en informatique reconna\u00eet la n\u00e9cessit\u00e9 de ces mesures, il est urgent d'am\u00e9liorer la compr\u00e9hension, de contribuer \u00e0 l'interpr\u00e9tation et de rationaliser le processus d'\u00e9valuation des risques pour la s\u00e9curit\u00e9 sans entraver les travaux essentiels.<\/p><p>Tamer \u00d6zsu, membre du comit\u00e9 de recherche CS-Can|Info-Can, propose une \u00e9tude compl\u00e8te sur le sujet.<a href=\"https:\/\/drive.google.com\/file\/d\/1ENheNrqpKKliuS8-wFJSVH9aBkmZrlgp\/view?usp=sharing\"> article d'opinion personnelle<\/a> soulignant l'importance de trouver un \u00e9quilibre entre la protection des int\u00e9r\u00eats nationaux et le maintien de l'ouverture. L'objectif est de prot\u00e9ger la propri\u00e9t\u00e9 intellectuelle, de favoriser la collaboration et de pr\u00e9server la r\u00e9putation du Canada en tant que centre de recherche accueillant et innovant.<\/p><p><strong>Impact des \"lignes directrices en mati\u00e8re de s\u00e9curit\u00e9 nationale pour les partenariats de recherche\" sur les chercheurs canadiens en informatique<\/strong><\/p><p>En tant que voix collective des d\u00e9partements et facult\u00e9s d'informatique du pays, CS-Can|Info-Can reconna\u00eet le caract\u00e8re imp\u00e9ratif des lignes directrices en mati\u00e8re de s\u00e9curit\u00e9 nationale, mais demande plus de clart\u00e9 et de collaboration pour garantir une interpr\u00e9tation et une mise en \u0153uvre efficaces.<\/p><p>Dans le cadre de la proc\u00e9dure actuelle, tous les candidats doivent proc\u00e9der \u00e0 une \u00e9valuation des risques et la joindre \u00e0 leur demande. Le CRSNG proc\u00e8de alors \u00e0 une pr\u00e9s\u00e9lection et, pour ceux qui pr\u00e9sentent un risque, la demande est transmise au Service canadien du renseignement de s\u00e9curit\u00e9 (SCRS) qui proc\u00e8de \u00e0 un examen plus approfondi. Nous croyons comprendre que le CRSNG dispose d'une liste de crit\u00e8res et de lignes directrices qui l'aident \u00e0 d\u00e9cider quelles demandes seront transmises au SCRS pour un examen plus approfondi, ces crit\u00e8res ne se limitant pas aux domaines de recherche. Mais CS-Can|Info-Can n'a pas re\u00e7u d'informations suppl\u00e9mentaires sur la mani\u00e8re dont le CRSNG d\u00e9cide quelles demandes sont transmises pour un examen plus approfondi.\u00a0<\/p><p>Selon le CRSNG, au cours de la phase pilote, 48 des 1000 demandes ont \u00e9t\u00e9 \u00e9valu\u00e9es par le SCRS et 32 ont \u00e9t\u00e9 rejet\u00e9es. CS-Can|Info-Can croit savoir qu'un grand nombre de ces demandes concernaient des chercheurs en informatique.<\/p><p>CS-Can|Info-Can a men\u00e9 une enqu\u00eate aupr\u00e8s des chercheurs en 2023 qui a permis d'identifier les probl\u00e8mes suivants et de fournir des informations en retour au CRSNG et \u00e0 l'ISED.<\/p><p><strong>Probl\u00e8mes identifi\u00e9s dans les lignes directrices du projet pilote 2023 :<\/strong><\/p><ul><li>Rejets de propositions et absence de retour d'information : De nombreuses propositions ont \u00e9t\u00e9 rejet\u00e9es sans que les raisons en soient clairement expliqu\u00e9es, 32 des 48 demandes envoy\u00e9es pour un examen suppl\u00e9mentaire ayant \u00e9t\u00e9 rejet\u00e9es.<\/li><li>Retards dans l'\u00e9valuation des risques de s\u00e9curit\u00e9 : Le processus d'\u00e9valuation des risques de s\u00e9curit\u00e9 a entra\u00een\u00e9 des retards importants dans le calendrier d'\u00e9valuation des propositions.<\/li><li>Charge de documentation du formulaire d'\u00e9valuation des risques : Les chercheurs ont \u00e9t\u00e9 confront\u00e9s \u00e0 des questions g\u00e9n\u00e9riques et \u00e0 une lourde charge de documentation, craignant une charge de travail importante, des retards et des efforts suppl\u00e9mentaires pour se mettre en conformit\u00e9.\u00a0<\/li><li>Retour d'information sur les r\u00e9sultats de l'\u00e9valuation : Le manque de clart\u00e9 concernant les th\u00e8mes de recherche et les partenaires a soulev\u00e9 des questions sur l'att\u00e9nuation des risques et l'am\u00e9lioration du processus global.<\/li><li>Recherche et s\u00e9lection des chercheurs : Des pr\u00e9occupations ont \u00e9t\u00e9 exprim\u00e9es concernant la s\u00e9lection des partenaires de recherche et des chercheurs canadiens. Comme il n'existe pas de liste officielle des partenaires probl\u00e9matiques, les chercheurs ne savent pas, en cas de rejet, si c'est la proposition elle-m\u00eame, l'organisation partenaire ou une combinaison des deux qui pose probl\u00e8me.<\/li><li>Contr\u00f4le des collaborations ant\u00e9rieures : Certains professeurs de l'Ontario se sont vu interdire tout financement en raison de collaborations ant\u00e9rieures avec des chercheurs chinois.<\/li><\/ul><p><strong>Pr\u00e9occupations :<\/strong><\/p><p>CS-Can|Info-Can est pr\u00e9occup\u00e9 par les nombreux d\u00e9fis rencontr\u00e9s lors de ce premier cycle d'application des lignes directrices pour les partenariats de recherche. S'il n'y a pas d'am\u00e9lioration significative, les cons\u00e9quences futures seront consid\u00e9rables et auront un impact sur la comp\u00e9titivit\u00e9 de la recherche, les opportunit\u00e9s de financement, les collaborations en mati\u00e8re de recherche et le recrutement de personnel de haute qualit\u00e9 (PHQ), qui est crucial pour l'\u00e9conomie canadienne. Pour discuter de ces pr\u00e9occupations, des r\u00e9unions ont \u00e9t\u00e9 organis\u00e9es avec l'ISED et le CRSNG.<\/p><p><strong>R\u00e9sultat des r\u00e9unions avec l'ISED et le CRSNG \u00e0 l'\u00e9t\u00e9\/automne 2023 :<\/strong><\/p><ul><li>On peut supposer que le projet pilote est termin\u00e9 et qu'un rapport aurait d\u00fb \u00eatre rendu public. Mais CS-Can|Info-Can n'a pas connaissance d'un tel rapport.\u00a0<\/li><li>On s'attend \u00e0 ce que l'\u00e9valuation des risques se poursuive pour les programmes de partenariat.<\/li><li>En ce qui concerne <strong>les entreprises\/partenaires susceptibles d'\u00eatre associ\u00e9s \u00e0 un risque plus important<\/strong>:<ul><li>Comme l'indiquent les lignes directrices (annexe B), elles ne visent aucun pays ou entreprise en particulier. Toutefois : \"Les investissements d'organismes partenaires appartenant \u00e0 l'\u00c9tat ou soumis \u00e0 l'influence de l'\u00c9tat peuvent \u00eatre un indicateur cl\u00e9 des motivations d'int\u00e9r\u00eat non commercial qui pourraient faciliter un transfert de connaissances non d\u00e9sir\u00e9 d'une mani\u00e8re qui pourrait nuire \u00e0 la s\u00e9curit\u00e9 nationale du Canada. Les organismes partenaires qui n'ont pas l'autonomie et l'ind\u00e9pendance des institutions publiques de recherche au Canada pr\u00e9sentent un risque plus \u00e9lev\u00e9 de transfert de connaissances non d\u00e9sir\u00e9. Certains pays ont des lois ou des pratiques qui obligent les entit\u00e9s et les individus \u00e0 se soumettre aux directives de leur gouvernement pour fournir des informations, des connaissances en mati\u00e8re de recherche, des technologies et la propri\u00e9t\u00e9 intellectuelle qui en d\u00e9coule au Canada. Les risques peuvent \u00e9galement provenir du personnel participant au projet, en particulier si ces personnes ont des liens avec des arm\u00e9es ou des gouvernements \u00e9trangers. Il est important d'identifier et d'\u00e9valuer les conflits d'int\u00e9r\u00eats potentiels et l'engagement de toutes les personnes impliqu\u00e9es dans un partenariat de recherche\".\u00a0<\/li><li>Il n'y aura pas de liste de soci\u00e9t\u00e9s\/partenaires associ\u00e9s \u00e0 un risque plus \u00e9lev\u00e9 ou qui entra\u00eeneraient syst\u00e9matiquement le rejet de la proposition.\u00a0<\/li><li>Les chercheurs qui souhaitent savoir si une entreprise avec laquelle ils veulent travailler peut \u00eatre consid\u00e9r\u00e9e comme pr\u00e9sentant un risque tr\u00e8s \u00e9lev\u00e9 sont invit\u00e9s \u00e0 contacter le Centre de s\u00e9curit\u00e9 de la recherche g\u00e9r\u00e9 par l'ISED et la s\u00e9curit\u00e9 publique. Les informations relatives \u00e0 ce centre devraient \u00eatre rendues publiques tr\u00e8s prochainement.<p>\u00a0Il y aura notamment des conseillers r\u00e9gionaux que les chercheurs pourront contacter par l'interm\u00e9diaire : <br \/>\u00a0<a href=\"mailto:researchsecurity-securiteenrecherche@ps-sp.gc.ca\">researchsecurity-securiteenrecherche@ps-sp.gc.ca<\/a>\u00a0<\/p><\/li><\/ul><\/li><\/ul><ul><li><strong><u>Lignes directrices et processus :<\/u><\/strong> Le CRSNG est tr\u00e8s optimiste et pense que le traitement sera plus rapide \u00e0 l'avenir :<ul><li>Toute l'infrastructure n\u00e9cessaire au processus est d\u00e9sormais en place.<\/li><li>L'objectif est de garantir un traitement efficace, en particulier pour les cas \u00e0 faible risque.<\/li><li>Les lignes directrices sont r\u00e9guli\u00e8rement am\u00e9lior\u00e9es.<\/li><\/ul><\/li><\/ul><p>CS-Can|Info-Can a demand\u00e9 que des \"lignes directrices simples\" soient maintenues afin que les chercheurs pr\u00e9sentant un faible risque n'aient pas \u00e0 parcourir des centaines de pages.<\/p><ul><li>\u00a0<strong><u>Formation :<\/u><\/strong><ul><li>Le CRSNG a dispens\u00e9 une formation aux charg\u00e9s de recherche de la plupart des universit\u00e9s, qui devraient maintenant \u00eatre mieux form\u00e9s et fournir un meilleur soutien. Les formulaires d'\u00e9valuation des risques devraient \u00eatre remplis avec l'aide de ces charg\u00e9s de recherche. Par cons\u00e9quent, si un chercheur constate qu'il ne re\u00e7oit pas le soutien de ses responsables, il doit demander \u00e0 ces derniers de v\u00e9rifier aupr\u00e8s du CRSNG ou de se plaindre aupr\u00e8s des universit\u00e9s.<br \/>Le CRSNG n'organisera pas de webinaires ou autres \u00e0 l'intention des chercheurs individuels, car les universit\u00e9s ont leurs propres lignes directrices. Le CRSNG ne peut donc pas \u00eatre exhaustif et pr\u00e9f\u00e8re informer uniquement les responsables de la recherche.<\/li><li>\u00a0Le gouvernement propose \u00e9galement aux chercheurs des ateliers sur la s\u00e9curit\u00e9 de la recherche. Ils sont disponibles \u00e0 l'adresse suivante <a href=\"https:\/\/science.gc.ca\/site\/science\/en\/safeguarding-your-research\/general-information-research-security\/research-security-training-courses\">https:\/\/science.gc.ca\/site\/science\/en\/safeguarding-your-research\/general-information-research-security\/research-security-training-courses<\/a><\/li><li>En r\u00e8gle g\u00e9n\u00e9rale, le gouvernement dispose d'un site web complet sur la protection de la recherche : <a href=\"https:\/\/science.gc.ca\/site\/science\/en\/safeguarding-your-research\">https:\/\/science.gc.ca\/site\/science\/en\/safeguarding-your-research<\/a><\/li><\/ul><\/li><\/ul><p><strong>Politique en mati\u00e8re de recherche sur les technologies sensibles et d'affiliations pr\u00e9occupantes<\/strong><strong>\" <\/strong><strong>Innovation, science et d\u00e9veloppement \u00e9conomique (ISED) <\/strong><strong>\u00a0<\/strong><\/p><p><strong>Introduction :<\/strong><\/p><p>Au cours de l'\u00e9t\u00e9 2023, CS-Can|Info-Can a rencontr\u00e9 des repr\u00e9sentants de l'ISED qui lui ont donn\u00e9 un aper\u00e7u du projet \"<a href=\"https:\/\/science.gc.ca\/site\/science\/en\/safeguarding-your-research\/guidelines-and-tools-implement-research-security\/policy-sensitive-technology-research-and-affiliations-concern\">Politique en mati\u00e8re de recherche sur les technologies sensibles et d'affiliations pr\u00e9occupantes<\/a>\". Cette politique devait \u00eatre mise en place \u00e0 l'automne 2023 mais ce n'est qu'\u00e0 la mi-janvier 2024 que le gouvernement a annonc\u00e9 qu'elle s'appliquerait. Voici les id\u00e9es de base qui ont \u00e9t\u00e9 transmises lors de la r\u00e9union de l'\u00e9t\u00e9 2023.<\/p><p>Conform\u00e9ment \u00e0 cette politique, une demande de subvention du CRSNG ne peut \u00eatre pr\u00e9sent\u00e9e que dans les cas suivants.<\/p><ul><li>Si la demande ne couvre AUCUN des th\u00e8mes de recherche essentiels (il y aura 11 grands th\u00e8mes au total), il n'y a pas d'autre restriction. Il semble que la quasi-totalit\u00e9 de la recherche en informatique s'inscrira dans l'un des th\u00e8mes de recherche essentiels.<\/li><li>Si la demande porte sur l'un des th\u00e8mes de recherche essentiels, ni le chercheur principal ni aucun des cochercheurs (ou probablement aussi des collaborateurs dans le cas, par exemple, de CREATE) ne peuvent \u00eatre actuellement \"affili\u00e9s\" (directement, par financement ou en nature) \u00e0 une entit\u00e9 figurant sur une liste \"drapeau rouge\" d'\"organismes de recherche d\u00e9sign\u00e9s\" et ne peuvent \u00eatre affili\u00e9s pendant toute la dur\u00e9e de la subvention.\u00a0<\/li><li>La liste des drapeaux rouges contient des universit\u00e9s et d'autres entit\u00e9s gouvernementales (mais pas encore d'entreprises) consid\u00e9r\u00e9es comme pr\u00e9sentant un risque \u00e9lev\u00e9. La liste r\u00e9cemment publi\u00e9e contient environ 100 organisations, principalement des universit\u00e9s de Chine, d'Iran et de Russie. Un grand nombre d'institutions de recherche bien connues figurent sur cette liste.\u00a0<\/li><li>L'affiliation dans le pass\u00e9 ne sera pas prise en compte.\u00a0<\/li><li>Au moment de la demande, chaque PI\/co-PI doit signer en ligne une d\u00e9claration indiquant qu'il n'est pas affili\u00e9 et qu'il ne le sera pas pendant toute la dur\u00e9e de la subvention. Si l'un d'entre eux est affili\u00e9, la demande ne peut pas \u00eatre soumise.<ul><li>L'interpr\u00e9tation de CS-Can|Info-Can est que pour les subventions d'\u00e9quipe, le PI doit parler \u00e0 tous les co-PI et les informer de cette exigence afin qu'il n'y ait pas de surprise au moment de la soumission de la subvention.\u00a0<\/li><li>S'il s'av\u00e8re qu'une candidature ne respecte pas cette exigence, l'occasion doit \u00eatre donn\u00e9e de r\u00e9ajuster l'\u00e9quipe afin d'exclure la personne dont l'affiliation est interdite.\u00a0<\/li><\/ul><\/li><li>ISED \/ La s\u00e9curit\u00e9 publique pourrait proc\u00e9der \u00e0 des tests al\u00e9atoires pour v\u00e9rifier la v\u00e9racit\u00e9 de ces d\u00e9clarations. Toute personne qui dissimule d\u00e9lib\u00e9r\u00e9ment des informations et fait de fausses d\u00e9clarations fera l'objet d'un examen dans le cadre de la conduite responsable de la recherche (par l'universit\u00e9 ?).<\/li><li>Des mesures sp\u00e9ciales sont prises pour les \u00e9tudiants et les post-doctorants. En particulier, s'ils ont \u00e9t\u00e9 \u00e9tudiants dans le pass\u00e9 dans l'une de ces institutions, cela ne devrait pas poser de probl\u00e8me. Les \u00e9tudiants dipl\u00f4m\u00e9s qui restent inscrits dans leur \u00e9tablissement d'origine figurant sur la liste des \u00e9tablissements interdits ne seront pas accept\u00e9s dans le cadre d'une demande de subvention.<\/li><li>Il n'y a pas de probl\u00e8me si tout le PHQ n'est pas connu au moment de la candidature.<\/li><\/ul><p>L'ISED a d\u00e9j\u00e0 cr\u00e9\u00e9 un projet de document avec <a href=\"https:\/\/drive.google.com\/file\/d\/1cZqmp4YzSwj667O5RKeRIxVKc2hoIrSe\/view\">FAQ<\/a>.<\/p><p>En outre, l'ISED \u00e9change avec les provinces et les organismes de financement tiers afin d'introduire un deuxi\u00e8me niveau d'\u00e9valuation des risques. Cette \u00e9valuation peut prendre diff\u00e9rentes formes et varier selon les provinces et les organismes de financement. En particulier, les entit\u00e9s qui re\u00e7oivent une grande quantit\u00e9 d'argent du gouvernement et qui g\u00e8rent leur propre processus de demande o\u00f9 elles distribuent cet argent, pourraient avoir \u00e0 fournir un plan d'\u00e9valuation des risques \u00e0 l'ISED. La forme que prendront ces plans n'est pas claire. Mais ils pourraient conduire \u00e0 chacune des deux mesures suivantes<sup>nd<\/sup> Les agences \u00e0 plusieurs niveaux mettent en place leurs propres politiques d'\u00e9valuation des risques. Il sera alors encore plus difficile pour la communaut\u00e9 des chercheurs de comprendre les processus et les probl\u00e8mes, et de faire part de ses pr\u00e9occupations.\u00a0<\/p><p><strong>Conclusion :<\/strong><\/p><p>Les r\u00e9unions de CS-CAN|INFO-CAN avec l'ISED et le CRSNG t\u00e9moignent d'un engagement \u00e0 am\u00e9liorer la s\u00e9curit\u00e9 et l'efficacit\u00e9 de la recherche. Les efforts en cours se concentrent sur la rationalisation des processus, la prise en compte des pr\u00e9occupations et la promotion de la collaboration avec les principales parties prenantes.\u00a0<\/p><p>Cependant, CS-CAN\/INFO-CAN s'inqui\u00e8te du fait que le processus d'\u00e9valuation, en particulier en ce qui concerne l'\u00e9valuation des risques, reste opaque, continue \u00e0 pr\u00e9senter des obstacles consid\u00e9rables et pourrait avoir un impact sur les r\u00e9sultats de la recherche canadienne.\u00a0\u00a0<\/p><p>CS-CAN|INFO-CAN s'inqui\u00e8te \u00e9galement du fait que l'affiliation \u00e0 une organisation figurant sur la liste des affiliations pr\u00e9occupantes puisse ne pas \u00eatre bien d\u00e9finie (par exemple, en ce qui concerne l'affiliation dans le pass\u00e9, l'impact de la collaboration avec des personnes affili\u00e9es \u00e0 des organisations figurant sur la liste, l'affiliation d'\u00e9ventuelles personnes hautement qualifi\u00e9es travaillant sur le projet).\u00a0<\/p><p>En outre, depuis nos r\u00e9unions d'automne, CS-CAN\/INFO-CAN n'a rien entendu de nouveau de la part du CRSNG et de l'ISED, mais les contactera au printemps.<\/p>\t\t\t\t\t\t\t\t<\/div>\n\t\t\t\t\t<\/div>\n\t\t\t\t<\/div>\n\t\t\t\t<\/div>","protected":false},"excerpt":{"rendered":"<p>Navigating Challenges: National Security Aspects and Research The government of Canada, in particular Innovation, Science and Economic Development Canada (ISED) and Public Safety Canada, have started to implement security measures in the context of academic research. The Computer Science community is particularly affected with the already existing and anticipated measures. In here, we briefly outline [&hellip;]<\/p>\n","protected":false},"author":76,"featured_media":0,"parent":0,"menu_order":0,"comment_status":"closed","ping_status":"closed","template":"","meta":{"site-sidebar-layout":"no-sidebar","site-content-layout":"page-builder","ast-site-content-layout":"full-width-container","site-content-style":"default","site-sidebar-style":"default","ast-global-header-display":"","ast-banner-title-visibility":"","ast-main-header-display":"","ast-hfb-above-header-display":"","ast-hfb-below-header-display":"","ast-hfb-mobile-header-display":"","site-post-title":"disabled","ast-breadcrumbs-content":"","ast-featured-img":"disabled","footer-sml-layout":"","ast-disable-related-posts":"","theme-transparent-header-meta":"","adv-header-id-meta":"","stick-header-meta":"","header-above-stick-meta":"","header-main-stick-meta":"","header-below-stick-meta":"","astra-migrate-meta-layouts":"set","ast-page-background-enabled":"default","ast-page-background-meta":{"desktop":{"background-color":"","background-image":"","background-repeat":"repeat","background-position":"center center","background-size":"auto","background-attachment":"scroll","background-type":"","background-media":"","overlay-type":"","overlay-color":"","overlay-opacity":"","overlay-gradient":""},"tablet":{"background-color":"","background-image":"","background-repeat":"repeat","background-position":"center center","background-size":"auto","background-attachment":"scroll","background-type":"","background-media":"","overlay-type":"","overlay-color":"","overlay-opacity":"","overlay-gradient":""},"mobile":{"background-color":"","background-image":"","background-repeat":"repeat","background-position":"center center","background-size":"auto","background-attachment":"scroll","background-type":"","background-media":"","overlay-type":"","overlay-color":"","overlay-opacity":"","overlay-gradient":""}},"ast-content-background-meta":{"desktop":{"background-color":"var(--ast-global-color-5)","background-image":"","background-repeat":"repeat","background-position":"center center","background-size":"auto","background-attachment":"scroll","background-type":"","background-media":"","overlay-type":"","overlay-color":"","overlay-opacity":"","overlay-gradient":""},"tablet":{"background-color":"var(--ast-global-color-5)","background-image":"","background-repeat":"repeat","background-position":"center center","background-size":"auto","background-attachment":"scroll","background-type":"","background-media":"","overlay-type":"","overlay-color":"","overlay-opacity":"","overlay-gradient":""},"mobile":{"background-color":"var(--ast-global-color-5)","background-image":"","background-repeat":"repeat","background-position":"center center","background-size":"auto","background-attachment":"scroll","background-type":"","background-media":"","overlay-type":"","overlay-color":"","overlay-opacity":"","overlay-gradient":""}},"footnotes":""},"class_list":["post-21100","page","type-page","status-publish","hentry"],"_links":{"self":[{"href":"https:\/\/cscan-infocan.ca\/fr\/wp-json\/wp\/v2\/pages\/21100","targetHints":{"allow":["GET"]}}],"collection":[{"href":"https:\/\/cscan-infocan.ca\/fr\/wp-json\/wp\/v2\/pages"}],"about":[{"href":"https:\/\/cscan-infocan.ca\/fr\/wp-json\/wp\/v2\/types\/page"}],"author":[{"embeddable":true,"href":"https:\/\/cscan-infocan.ca\/fr\/wp-json\/wp\/v2\/users\/76"}],"replies":[{"embeddable":true,"href":"https:\/\/cscan-infocan.ca\/fr\/wp-json\/wp\/v2\/comments?post=21100"}],"version-history":[{"count":0,"href":"https:\/\/cscan-infocan.ca\/fr\/wp-json\/wp\/v2\/pages\/21100\/revisions"}],"wp:attachment":[{"href":"https:\/\/cscan-infocan.ca\/fr\/wp-json\/wp\/v2\/media?parent=21100"}],"curies":[{"name":"wp","href":"https:\/\/api.w.org\/{rel}","templated":true}]}}