{"id":1975,"date":"2022-06-23T02:49:08","date_gmt":"2022-06-23T02:49:08","guid":{"rendered":"https:\/\/cscan.webix.ca\/?page_id=1975"},"modified":"2022-06-23T02:50:20","modified_gmt":"2022-06-23T02:50:20","slug":"watch-leveraging-promising-practices-in-equity-diversity-and-inclusion-in-computer-science-research-now","status":"publish","type":"page","link":"https:\/\/cscan-infocan.ca\/fr\/watch-leveraging-promising-practices-in-equity-diversity-and-inclusion-in-computer-science-research-now\/","title":{"rendered":"Regarder \"Tirer parti des pratiques prometteuses en mati\u00e8re d'\u00e9quit\u00e9, de diversit\u00e9 et d'inclusion dans la recherche en informatique\" maintenant"},"content":{"rendered":"<div data-elementor-type=\"wp-page\" data-elementor-id=\"1975\" class=\"elementor elementor-1975\">\n\t\t\t\t\t\t<section class=\"elementor-section elementor-top-section elementor-element elementor-element-e041536 elementor-section-boxed elementor-section-height-default elementor-section-height-default\" data-id=\"e041536\" data-element_type=\"section\" data-e-type=\"section\">\n\t\t\t\t\t\t<div class=\"elementor-container elementor-column-gap-default\">\n\t\t\t\t\t<div class=\"elementor-column elementor-col-100 elementor-top-column elementor-element elementor-element-ba562c4\" data-id=\"ba562c4\" data-element_type=\"column\" data-e-type=\"column\">\n\t\t\t<div class=\"elementor-widget-wrap elementor-element-populated\">\n\t\t\t\t\t\t<div class=\"elementor-element elementor-element-ea14538 elementor-widget elementor-widget-heading\" data-id=\"ea14538\" data-element_type=\"widget\" data-e-type=\"widget\" data-widget_type=\"heading.default\">\n\t\t\t\t\t<h3 class=\"elementor-heading-title elementor-size-default\">Regarder \"Tirer parti des pratiques prometteuses en mati\u00e8re d'\u00e9quit\u00e9, de diversit\u00e9 et d'inclusion dans la recherche en informatique\" maintenant<\/h3>\t\t\t\t<\/div>\n\t\t\t\t\t<\/div>\n\t\t<\/div>\n\t\t\t\t\t<\/div>\n\t\t<\/section>\n\t\t\t\t<section class=\"elementor-section elementor-top-section elementor-element elementor-element-2147334 elementor-section-boxed elementor-section-height-default elementor-section-height-default\" data-id=\"2147334\" data-element_type=\"section\" data-e-type=\"section\">\n\t\t\t\t\t\t<div class=\"elementor-container elementor-column-gap-default\">\n\t\t\t\t\t<div class=\"elementor-column elementor-col-100 elementor-top-column elementor-element elementor-element-5d70dfa\" data-id=\"5d70dfa\" data-element_type=\"column\" data-e-type=\"column\">\n\t\t\t<div class=\"elementor-widget-wrap elementor-element-populated\">\n\t\t\t\t\t\t<div class=\"elementor-element elementor-element-acaf95f elementor-widget elementor-widget-video\" data-id=\"acaf95f\" data-element_type=\"widget\" data-e-type=\"widget\" data-settings=\"{&quot;youtube_url&quot;:&quot;https:\\\/\\\/www.youtube.com\\\/watch?v=XGRmwbHfcts&quot;,&quot;video_type&quot;:&quot;youtube&quot;,&quot;controls&quot;:&quot;yes&quot;}\" data-widget_type=\"video.default\">\n\t\t\t\t\t\t\t<div class=\"elementor-wrapper elementor-open-inline\">\n\t\t\t<div class=\"elementor-video\"><\/div>\t\t<\/div>\n\t\t\t\t\t\t<\/div>\n\t\t\t\t\t<\/div>\n\t\t<\/div>\n\t\t\t\t\t<\/div>\n\t\t<\/section>\n\t\t\t\t<section class=\"elementor-section elementor-top-section elementor-element elementor-element-67867b2 elementor-section-boxed elementor-section-height-default elementor-section-height-default\" data-id=\"67867b2\" data-element_type=\"section\" data-e-type=\"section\">\n\t\t\t\t\t\t<div class=\"elementor-container elementor-column-gap-default\">\n\t\t\t\t\t<div class=\"elementor-column elementor-col-100 elementor-top-column elementor-element elementor-element-768aed1\" data-id=\"768aed1\" data-element_type=\"column\" data-e-type=\"column\">\n\t\t\t<div class=\"elementor-widget-wrap elementor-element-populated\">\n\t\t\t\t\t\t<div class=\"elementor-element elementor-element-96016ff elementor-widget elementor-widget-text-editor\" data-id=\"96016ff\" data-element_type=\"widget\" data-e-type=\"widget\" data-widget_type=\"text-editor.default\">\n\t\t\t\t\t\t\t\t\t<div class=\"fusion-text fusion-text-1\"><p><a href=\"https:\/\/cscan-infocan.ca\/wp-content\/uploads\/2020\/07\/CS-CAN_EDI-Presentation_July_23_2020_Final.pdf\" target=\"_blank\" rel=\"noopener noreferrer\">VISIONNER LES DIAPOSITIVES DU WEBINAIRE.<\/a><\/p><p><a href=\"https:\/\/cscan-infocan.ca\/wp-content\/uploads\/2020\/07\/Persistence-and-Representation-of-Women-in-STEM-Programs.pdf\" target=\"_blank\" rel=\"noopener noreferrer\">LIRE \"Persistance et repr\u00e9sentation des femmes dans les programmes STEM\".<\/a><\/p><p><a href=\"https:\/\/cscan-infocan.ca\/wp-content\/uploads\/2020\/07\/HQP-Web-FINAL.pdf\" target=\"_blank\" rel=\"noopener noreferrer\">LIRE LE RAPPORT SUR LE PERSONNEL HAUTEMENT QUALIFI\u00c9.<\/a><\/p><p><a href=\"https:\/\/cscan-infocan.ca\/wp-content\/uploads\/2020\/07\/EDI-Webinar-Follow-Up-Questions.pdf\" target=\"_blank\" rel=\"noopener noreferrer\">LIRE LES R\u00c9PONSES AUX QUESTIONS POS\u00c9ES LORS DU WEBINAIRE.<\/a><\/p><\/div><div class=\"fusion-text fusion-text-2\"><p><strong>Jenny Flagler-George<\/strong><\/p><p><strong>Gestionnaire principal de l'\u00e9quit\u00e9 en mati\u00e8re de recherche au Bureau de la recherche<\/strong><\/p><p><strong>Universit\u00e9 de Waterloo<\/strong><\/p><p>Il est largement admis que l'int\u00e9gration de l'\u00e9quit\u00e9, de la diversit\u00e9 et de l'inclusion (EDI) dans l'ensemble de l'entreprise de recherche contribue \u00e0 une recherche plus innovante et plus percutante. C'est pourquoi un nombre croissant de programmes de subventions ont ajout\u00e9 des exigences concernant l'int\u00e9gration de consid\u00e9rations d'\u00e9quit\u00e9 dans la conception de la recherche et la pr\u00e9sentation d'actions concr\u00e8tes visant \u00e0 garantir un recrutement, une formation et un d\u00e9veloppement \u00e9quitables, ainsi qu'un environnement de formation inclusif pour le personnel hautement qualifi\u00e9. Dans de nombreux cas, ces exigences sont li\u00e9es \u00e0 des indicateurs de m\u00e9rite qui ont une incidence sur le succ\u00e8s global des demandes. L'objectif de cette pr\u00e9sentation est de donner un aper\u00e7u des concepts d'\u00e9quit\u00e9, de diversit\u00e9 et d'inclusion, et de proposer des recommandations pratiques et des exemples sur la mani\u00e8re dont les chercheurs en informatique peuvent progresser vers l'int\u00e9gration de l'\u00e9quit\u00e9 dans la conception de la recherche en informatique et dans l'\u00e9laboration d'un plan de formation inclusif.<\/p><p><strong>Biographie de l'orateur :<\/strong><\/p><p>Jenny Flagler-George, PhD, est gestionnaire principale de l'\u00e9quit\u00e9 en mati\u00e8re de recherche au Bureau de la recherche de l'Universit\u00e9 de Waterloo. Elle est sp\u00e9cialis\u00e9e dans l'int\u00e9gration de l'\u00e9quit\u00e9, de la diversit\u00e9 et de l'inclusion dans l'ensemble de l'entreprise de recherche, notamment en apportant un soutien direct aux professeurs qui pr\u00e9sentent des demandes de financement aupr\u00e8s des trois organismes. Jenny est titulaire d'un doctorat en sociologie de l'Universit\u00e9 de Waterloo. Avant de rejoindre l'Universit\u00e9 de Waterloo, Jenny a travaill\u00e9 dans l'administration des soins de sant\u00e9 au R\u00e9seau local d'int\u00e9gration des services de sant\u00e9 de Waterloo Wellington en tant que responsable de l'exp\u00e9rience des patients, menant des initiatives cl\u00e9s d'\u00e9quit\u00e9 en mati\u00e8re de sant\u00e9 \u00e0 l'\u00e9chelle du syst\u00e8me.<\/p><\/div>\t\t\t\t\t\t\t\t<\/div>\n\t\t\t\t\t<\/div>\n\t\t<\/div>\n\t\t\t\t\t<\/div>\n\t\t<\/section>\n\t\t\t\t<\/div>","protected":false},"excerpt":{"rendered":"<p>Watch \u201cLeveraging promising practices in Equity, Diversity and Inclusion in Computer Science Research\u201d Now https:\/\/www.youtube.com\/watch?v=XGRmwbHfcts VIEW THE WEBINAR SLIDES. READ \u201cPersistence and Representation of Women in STEM Programs\u201d READ THE REPORT ON HIGHLY QUALIFIED PERSONNEL. READ FOLLOW-UP ANSWERS TO YOUR WEBINAR QUESTIONS. Jenny Flagler-George Senior Manager, Research Equity in the Office of Research University of [&hellip;]<\/p>\n","protected":false},"author":76,"featured_media":0,"parent":0,"menu_order":0,"comment_status":"closed","ping_status":"closed","template":"","meta":{"site-sidebar-layout":"no-sidebar","site-content-layout":"page-builder","ast-site-content-layout":"default","site-content-style":"default","site-sidebar-style":"default","ast-global-header-display":"","ast-banner-title-visibility":"","ast-main-header-display":"","ast-hfb-above-header-display":"","ast-hfb-below-header-display":"","ast-hfb-mobile-header-display":"","site-post-title":"disabled","ast-breadcrumbs-content":"","ast-featured-img":"disabled","footer-sml-layout":"","ast-disable-related-posts":"","theme-transparent-header-meta":"","adv-header-id-meta":"","stick-header-meta":"","header-above-stick-meta":"","header-main-stick-meta":"","header-below-stick-meta":"","astra-migrate-meta-layouts":"default","ast-page-background-enabled":"default","ast-page-background-meta":{"desktop":{"background-color":"","background-image":"","background-repeat":"repeat","background-position":"center center","background-size":"auto","background-attachment":"scroll","background-type":"","background-media":"","overlay-type":"","overlay-color":"","overlay-opacity":"","overlay-gradient":""},"tablet":{"background-color":"","background-image":"","background-repeat":"repeat","background-position":"center center","background-size":"auto","background-attachment":"scroll","background-type":"","background-media":"","overlay-type":"","overlay-color":"","overlay-opacity":"","overlay-gradient":""},"mobile":{"background-color":"","background-image":"","background-repeat":"repeat","background-position":"center center","background-size":"auto","background-attachment":"scroll","background-type":"","background-media":"","overlay-type":"","overlay-color":"","overlay-opacity":"","overlay-gradient":""}},"ast-content-background-meta":{"desktop":{"background-color":"var(--ast-global-color-5)","background-image":"","background-repeat":"repeat","background-position":"center center","background-size":"auto","background-attachment":"scroll","background-type":"","background-media":"","overlay-type":"","overlay-color":"","overlay-opacity":"","overlay-gradient":""},"tablet":{"background-color":"var(--ast-global-color-5)","background-image":"","background-repeat":"repeat","background-position":"center center","background-size":"auto","background-attachment":"scroll","background-type":"","background-media":"","overlay-type":"","overlay-color":"","overlay-opacity":"","overlay-gradient":""},"mobile":{"background-color":"var(--ast-global-color-5)","background-image":"","background-repeat":"repeat","background-position":"center center","background-size":"auto","background-attachment":"scroll","background-type":"","background-media":"","overlay-type":"","overlay-color":"","overlay-opacity":"","overlay-gradient":""}},"footnotes":""},"class_list":["post-1975","page","type-page","status-publish","hentry"],"_links":{"self":[{"href":"https:\/\/cscan-infocan.ca\/fr\/wp-json\/wp\/v2\/pages\/1975","targetHints":{"allow":["GET"]}}],"collection":[{"href":"https:\/\/cscan-infocan.ca\/fr\/wp-json\/wp\/v2\/pages"}],"about":[{"href":"https:\/\/cscan-infocan.ca\/fr\/wp-json\/wp\/v2\/types\/page"}],"author":[{"embeddable":true,"href":"https:\/\/cscan-infocan.ca\/fr\/wp-json\/wp\/v2\/users\/76"}],"replies":[{"embeddable":true,"href":"https:\/\/cscan-infocan.ca\/fr\/wp-json\/wp\/v2\/comments?post=1975"}],"version-history":[{"count":0,"href":"https:\/\/cscan-infocan.ca\/fr\/wp-json\/wp\/v2\/pages\/1975\/revisions"}],"wp:attachment":[{"href":"https:\/\/cscan-infocan.ca\/fr\/wp-json\/wp\/v2\/media?parent=1975"}],"curies":[{"name":"wp","href":"https:\/\/api.w.org\/{rel}","templated":true}]}}