{"id":1964,"date":"2022-06-23T02:41:56","date_gmt":"2022-06-23T02:41:56","guid":{"rendered":"https:\/\/cscan.webix.ca\/?page_id=1964"},"modified":"2022-06-23T02:43:06","modified_gmt":"2022-06-23T02:43:06","slug":"watch-how-to-prepare-a-strong-nserc-dg-proposal-now","status":"publish","type":"page","link":"https:\/\/cscan-infocan.ca\/fr\/watch-how-to-prepare-a-strong-nserc-dg-proposal-now\/","title":{"rendered":"Regardez maintenant \"Comment pr\u00e9parer une solide proposition de subvention du CRSNG\"."},"content":{"rendered":"<div data-elementor-type=\"wp-page\" data-elementor-id=\"1964\" class=\"elementor elementor-1964\">\n\t\t\t\t\t\t<section class=\"elementor-section elementor-top-section elementor-element elementor-element-0d2afe3 elementor-section-boxed elementor-section-height-default elementor-section-height-default\" data-id=\"0d2afe3\" data-element_type=\"section\" data-e-type=\"section\">\n\t\t\t\t\t\t<div class=\"elementor-container elementor-column-gap-default\">\n\t\t\t\t\t<div class=\"elementor-column elementor-col-100 elementor-top-column elementor-element elementor-element-130d8c6\" data-id=\"130d8c6\" data-element_type=\"column\" data-e-type=\"column\">\n\t\t\t<div class=\"elementor-widget-wrap elementor-element-populated\">\n\t\t\t\t\t\t<div class=\"elementor-element elementor-element-559ad6a elementor-widget elementor-widget-heading\" data-id=\"559ad6a\" data-element_type=\"widget\" data-e-type=\"widget\" data-widget_type=\"heading.default\">\n\t\t\t\t\t<h3 class=\"elementor-heading-title elementor-size-default\">Regardez maintenant \"Comment pr\u00e9parer une solide proposition de subvention du CRSNG\".<\/h3>\t\t\t\t<\/div>\n\t\t\t\t\t<\/div>\n\t\t<\/div>\n\t\t\t\t\t<\/div>\n\t\t<\/section>\n\t\t\t\t<section class=\"elementor-section elementor-top-section elementor-element elementor-element-0fa814c elementor-section-boxed elementor-section-height-default elementor-section-height-default\" data-id=\"0fa814c\" data-element_type=\"section\" data-e-type=\"section\">\n\t\t\t\t\t\t<div class=\"elementor-container elementor-column-gap-default\">\n\t\t\t\t\t<div class=\"elementor-column elementor-col-100 elementor-top-column elementor-element elementor-element-32893d4\" data-id=\"32893d4\" data-element_type=\"column\" data-e-type=\"column\">\n\t\t\t<div class=\"elementor-widget-wrap elementor-element-populated\">\n\t\t\t\t\t\t<div class=\"elementor-element elementor-element-6b057ef elementor-widget elementor-widget-video\" data-id=\"6b057ef\" data-element_type=\"widget\" data-e-type=\"widget\" data-settings=\"{&quot;youtube_url&quot;:&quot;https:\\\/\\\/www.youtube.com\\\/watch?v=jJiUfoI2fKQ&quot;,&quot;video_type&quot;:&quot;youtube&quot;,&quot;controls&quot;:&quot;yes&quot;}\" data-widget_type=\"video.default\">\n\t\t\t\t\t\t\t<div class=\"elementor-wrapper elementor-open-inline\">\n\t\t\t<div class=\"elementor-video\"><\/div>\t\t<\/div>\n\t\t\t\t\t\t<\/div>\n\t\t\t\t\t<\/div>\n\t\t<\/div>\n\t\t\t\t\t<\/div>\n\t\t<\/section>\n\t\t\t\t<section class=\"elementor-section elementor-top-section elementor-element elementor-element-4256c61 elementor-section-boxed elementor-section-height-default elementor-section-height-default\" data-id=\"4256c61\" data-element_type=\"section\" data-e-type=\"section\">\n\t\t\t\t\t\t<div class=\"elementor-container elementor-column-gap-default\">\n\t\t\t\t\t<div class=\"elementor-column elementor-col-100 elementor-top-column elementor-element elementor-element-7304373\" data-id=\"7304373\" data-element_type=\"column\" data-e-type=\"column\">\n\t\t\t<div class=\"elementor-widget-wrap elementor-element-populated\">\n\t\t\t\t\t\t<div class=\"elementor-element elementor-element-dc3576f elementor-widget elementor-widget-text-editor\" data-id=\"dc3576f\" data-element_type=\"widget\" data-e-type=\"widget\" data-widget_type=\"text-editor.default\">\n\t\t\t\t\t\t\t\t\t<div class=\"fusion-fullwidth fullwidth-box fusion-builder-row-2 nonhundred-percent-fullwidth non-hundred-percent-height-scrolling\"><div class=\"fusion-builder-row fusion-row\"><div class=\"fusion-layout-column fusion_builder_column fusion-builder-column-1 fusion_builder_column_1_1 1_1 fusion-one-full fusion-column-first fusion-column-last\"><div class=\"fusion-column-wrapper fusion-flex-column-wrapper-legacy\"><div class=\"fusion-title title fusion-title-1 fusion-sep-none fusion-title-text fusion-title-size-two\"><h2 class=\"title-heading-left fusion-responsive-typography-calculated\">RESSOURCES T\u00c9L\u00c9CHARGEABLES<\/h2><\/div><div class=\"fusion-text fusion-text-1\"><p><a href=\"https:\/\/cscan-infocan.ca\/wp-content\/uploads\/2020\/09\/NSERC-Seminar.pdf\">Comment pr\u00e9parer une proposition CRSNG Introduction et ressources<\/a><br \/><a href=\"https:\/\/cscan-infocan.ca\/wp-content\/uploads\/2020\/09\/CS-CAN-NSERC-DG-Webinar-Salem.pdf\">Diapositives de Ken Salem<\/a><br \/><a href=\"https:\/\/cscan-infocan.ca\/wp-content\/uploads\/2020\/09\/CS-CAN-NSERC-DG-Webinar.pdf\">Diapositives du Dr. Regan Mandryk<\/a><br \/><a href=\"https:\/\/cscan-infocan.ca\/wp-content\/uploads\/2020\/09\/nserc-tips-cscan.pdf\">Diapositives de Doina Precup<\/a><br \/><a href=\"https:\/\/cscan-infocan.ca\/wp-content\/uploads\/2020\/09\/NSERC-DG-2021-Resources.pdf\">CRSNG DG 2021 - Ressources<\/a><\/p><\/div><div class=\"fusion-clearfix\">\u00a0<\/div><\/div><\/div><\/div><\/div><div class=\"fusion-fullwidth fullwidth-box fusion-builder-row-3 nonhundred-percent-fullwidth non-hundred-percent-height-scrolling\"><div class=\"fusion-builder-row fusion-row\"><div class=\"fusion-layout-column fusion_builder_column fusion-builder-column-2 fusion_builder_column_1_1 1_1 fusion-one-full fusion-column-first fusion-column-last\"><div class=\"fusion-column-wrapper fusion-flex-column-wrapper-legacy\"><div class=\"fusion-text fusion-text-2\"><p><strong>Comment pr\u00e9parer une solide proposition de subvention du CRSNG<\/strong><\/p><p><strong>Mardi 29 septembre 2020<\/strong><\/p><p><strong>12:00 heure de l'Est<\/strong><\/p><p>Le Programme de subventions \u00e0 la d\u00e9couverte du CRSNG est l'un des programmes les plus appr\u00e9ci\u00e9s par les informaticiens canadiens selon l'enqu\u00eate 2018 de CS-Can|Info-Can. La proposition ne fait que 5 pages, et l'on n'y postule qu'une fois tous les 5 ans, mais c'est probablement la raison pour laquelle elle a \u00e9t\u00e9 appel\u00e9e \"les 5 pages les plus difficiles\" \u00e0 r\u00e9diger.<\/p><p>Dans ce webinaire, un groupe d'\u00e9minents informaticiens qui ont r\u00e9cemment si\u00e9g\u00e9 au Comit\u00e9 de s\u00e9lection des subventions (GSC 1507, Computer Science) donneront leur point de vue sur ce qui fait le succ\u00e8s d'une proposition de subvention \u00e0 la d\u00e9couverte du CRSNG.<\/p><p><strong>Mod\u00e9rateur du panel<\/strong><\/p><p>Kate Larson, Universit\u00e9 de Waterloo<\/p><p><strong>Les pan\u00e9listes<br \/><\/strong>Doina Precup, Universit\u00e9 McGill<br \/>Regan Mandryk, Universit\u00e9 de Saskatchewan<br \/>Ken Salem, Universit\u00e9 de Waterloo<\/p><\/div><\/div><\/div><\/div><\/div>\t\t\t\t\t\t\t\t<\/div>\n\t\t\t\t\t<\/div>\n\t\t<\/div>\n\t\t\t\t\t<\/div>\n\t\t<\/section>\n\t\t\t\t<\/div>","protected":false},"excerpt":{"rendered":"<p>Watch \u201cHow to Prepare a Strong NSERC-DG Proposal\u201d Now https:\/\/www.youtube.com\/watch?v=jJiUfoI2fKQ DOWNLOADABLE RESOURCES How to Prepare NSERC-NG Proposal Introduction and ResourcesKen Salem\u2019s SlidesDr. Regan Mandryk\u2019s SlidesDoina Precup\u2019s SlidesNSERC DG 2021 \u2013 Resources \u00a0 How to Prepare a Strong NSERC-DG Proposal Tuesday Sep 29, 2020 12:00 PM Eastern Time The Discovery Grant Program of NSERC is one [&hellip;]<\/p>\n","protected":false},"author":76,"featured_media":0,"parent":0,"menu_order":0,"comment_status":"closed","ping_status":"closed","template":"","meta":{"site-sidebar-layout":"no-sidebar","site-content-layout":"page-builder","ast-site-content-layout":"default","site-content-style":"default","site-sidebar-style":"default","ast-global-header-display":"","ast-banner-title-visibility":"","ast-main-header-display":"","ast-hfb-above-header-display":"","ast-hfb-below-header-display":"","ast-hfb-mobile-header-display":"","site-post-title":"disabled","ast-breadcrumbs-content":"","ast-featured-img":"disabled","footer-sml-layout":"","ast-disable-related-posts":"","theme-transparent-header-meta":"","adv-header-id-meta":"","stick-header-meta":"","header-above-stick-meta":"","header-main-stick-meta":"","header-below-stick-meta":"","astra-migrate-meta-layouts":"default","ast-page-background-enabled":"default","ast-page-background-meta":{"desktop":{"background-color":"","background-image":"","background-repeat":"repeat","background-position":"center center","background-size":"auto","background-attachment":"scroll","background-type":"","background-media":"","overlay-type":"","overlay-color":"","overlay-opacity":"","overlay-gradient":""},"tablet":{"background-color":"","background-image":"","background-repeat":"repeat","background-position":"center center","background-size":"auto","background-attachment":"scroll","background-type":"","background-media":"","overlay-type":"","overlay-color":"","overlay-opacity":"","overlay-gradient":""},"mobile":{"background-color":"","background-image":"","background-repeat":"repeat","background-position":"center center","background-size":"auto","background-attachment":"scroll","background-type":"","background-media":"","overlay-type":"","overlay-color":"","overlay-opacity":"","overlay-gradient":""}},"ast-content-background-meta":{"desktop":{"background-color":"var(--ast-global-color-5)","background-image":"","background-repeat":"repeat","background-position":"center center","background-size":"auto","background-attachment":"scroll","background-type":"","background-media":"","overlay-type":"","overlay-color":"","overlay-opacity":"","overlay-gradient":""},"tablet":{"background-color":"var(--ast-global-color-5)","background-image":"","background-repeat":"repeat","background-position":"center center","background-size":"auto","background-attachment":"scroll","background-type":"","background-media":"","overlay-type":"","overlay-color":"","overlay-opacity":"","overlay-gradient":""},"mobile":{"background-color":"var(--ast-global-color-5)","background-image":"","background-repeat":"repeat","background-position":"center center","background-size":"auto","background-attachment":"scroll","background-type":"","background-media":"","overlay-type":"","overlay-color":"","overlay-opacity":"","overlay-gradient":""}},"footnotes":""},"class_list":["post-1964","page","type-page","status-publish","hentry"],"_links":{"self":[{"href":"https:\/\/cscan-infocan.ca\/fr\/wp-json\/wp\/v2\/pages\/1964","targetHints":{"allow":["GET"]}}],"collection":[{"href":"https:\/\/cscan-infocan.ca\/fr\/wp-json\/wp\/v2\/pages"}],"about":[{"href":"https:\/\/cscan-infocan.ca\/fr\/wp-json\/wp\/v2\/types\/page"}],"author":[{"embeddable":true,"href":"https:\/\/cscan-infocan.ca\/fr\/wp-json\/wp\/v2\/users\/76"}],"replies":[{"embeddable":true,"href":"https:\/\/cscan-infocan.ca\/fr\/wp-json\/wp\/v2\/comments?post=1964"}],"version-history":[{"count":0,"href":"https:\/\/cscan-infocan.ca\/fr\/wp-json\/wp\/v2\/pages\/1964\/revisions"}],"wp:attachment":[{"href":"https:\/\/cscan-infocan.ca\/fr\/wp-json\/wp\/v2\/media?parent=1964"}],"curies":[{"name":"wp","href":"https:\/\/api.w.org\/{rel}","templated":true}]}}