{"id":1943,"date":"2022-06-23T02:36:13","date_gmt":"2022-06-23T02:36:13","guid":{"rendered":"https:\/\/cscan.webix.ca\/?page_id=1943"},"modified":"2022-06-23T02:37:11","modified_gmt":"2022-06-23T02:37:11","slug":"watch-this-means-that-a-research-parable-with-james-r-cordy","status":"publish","type":"page","link":"https:\/\/cscan-infocan.ca\/fr\/watch-this-means-that-a-research-parable-with-james-r-cordy\/","title":{"rendered":"Regardez \"Ceci veut dire cela : Une parabole de la recherche\" avec James R. Cordy"},"content":{"rendered":"<div data-elementor-type=\"wp-page\" data-elementor-id=\"1943\" class=\"elementor elementor-1943\">\n\t\t\t\t\t\t<section class=\"elementor-section elementor-top-section elementor-element elementor-element-5d6d47b elementor-section-boxed elementor-section-height-default elementor-section-height-default\" data-id=\"5d6d47b\" data-element_type=\"section\" data-e-type=\"section\">\n\t\t\t\t\t\t<div class=\"elementor-container elementor-column-gap-default\">\n\t\t\t\t\t<div class=\"elementor-column elementor-col-100 elementor-top-column elementor-element elementor-element-7edf087\" data-id=\"7edf087\" data-element_type=\"column\" data-e-type=\"column\">\n\t\t\t<div class=\"elementor-widget-wrap elementor-element-populated\">\n\t\t\t\t\t\t<div class=\"elementor-element elementor-element-8912c6c elementor-widget elementor-widget-heading\" data-id=\"8912c6c\" data-element_type=\"widget\" data-e-type=\"widget\" data-widget_type=\"heading.default\">\n\t\t\t\t\t<h3 class=\"elementor-heading-title elementor-size-default\">Regardez \"Ceci veut dire cela : Une parabole de la recherche\" avec James R. Cordy<\/h3>\t\t\t\t<\/div>\n\t\t\t\t\t<\/div>\n\t\t<\/div>\n\t\t\t\t\t<\/div>\n\t\t<\/section>\n\t\t\t\t<section class=\"elementor-section elementor-top-section elementor-element elementor-element-008dd58 elementor-section-boxed elementor-section-height-default elementor-section-height-default\" data-id=\"008dd58\" data-element_type=\"section\" data-e-type=\"section\">\n\t\t\t\t\t\t<div class=\"elementor-container elementor-column-gap-default\">\n\t\t\t\t\t<div class=\"elementor-column elementor-col-100 elementor-top-column elementor-element elementor-element-b986ff3\" data-id=\"b986ff3\" data-element_type=\"column\" data-e-type=\"column\">\n\t\t\t<div class=\"elementor-widget-wrap elementor-element-populated\">\n\t\t\t\t\t\t<div class=\"elementor-element elementor-element-d6cb841 elementor-widget elementor-widget-video\" data-id=\"d6cb841\" data-element_type=\"widget\" data-e-type=\"widget\" data-settings=\"{&quot;youtube_url&quot;:&quot;https:\\\/\\\/www.youtube.com\\\/watch?v=rEwdjrYgztw&quot;,&quot;video_type&quot;:&quot;youtube&quot;,&quot;controls&quot;:&quot;yes&quot;}\" data-widget_type=\"video.default\">\n\t\t\t\t\t\t\t<div class=\"elementor-wrapper elementor-open-inline\">\n\t\t\t<div class=\"elementor-video\"><\/div>\t\t<\/div>\n\t\t\t\t\t\t<\/div>\n\t\t\t\t\t<\/div>\n\t\t<\/div>\n\t\t\t\t\t<\/div>\n\t\t<\/section>\n\t\t\t\t<section class=\"elementor-section elementor-top-section elementor-element elementor-element-0b06066 elementor-section-boxed elementor-section-height-default elementor-section-height-default\" data-id=\"0b06066\" data-element_type=\"section\" data-e-type=\"section\">\n\t\t\t\t\t\t<div class=\"elementor-container elementor-column-gap-default\">\n\t\t\t\t\t<div class=\"elementor-column elementor-col-100 elementor-top-column elementor-element elementor-element-aa76b34\" data-id=\"aa76b34\" data-element_type=\"column\" data-e-type=\"column\">\n\t\t\t<div class=\"elementor-widget-wrap elementor-element-populated\">\n\t\t\t\t\t\t<div class=\"elementor-element elementor-element-e24028c elementor-widget elementor-widget-text-editor\" data-id=\"e24028c\" data-element_type=\"widget\" data-e-type=\"widget\" data-widget_type=\"text-editor.default\">\n\t\t\t\t\t\t\t\t\t<div class=\"fusion-text fusion-text-1\"><p><a href=\"https:\/\/cscan-infocan.ca\/wp-content\/uploads\/2020\/10\/CS-Can-Talk-JIm-Cordy.pdf\">T\u00c9L\u00c9CHARGER LES DIAPOSITIVES<\/a><\/p><\/div><div class=\"fusion-sep-clear\">\u00a0<\/div><div class=\"fusion-separator fusion-full-width-sep\">\u00a0<\/div><div class=\"fusion-sep-clear\">\u00a0<\/div><div class=\"fusion-text fusion-text-2\"><p>Mener des recherches pour gagner sa vie peut \u00eatre source de critiques, de rejet et de frustration. Cependant, comme l'a dit Henry Ford, \"l'\u00e9chec n'est que l'occasion de recommencer plus intelligemment\".<\/p><p>Dans cet expos\u00e9 organis\u00e9 \u00e0 l'occasion de la remise de mon prix pour l'ensemble de ma carri\u00e8re, plut\u00f4t que de passer en revue la recherche elle-m\u00eame, j'ai d\u00e9cid\u00e9 de raconter l'histoire de la gen\u00e8se de cette recherche et la mani\u00e8re dont une s\u00e9rie de critiques et de rejets pr\u00e9coces ont d\u00e9bouch\u00e9 sur les opportunit\u00e9s qui ont fa\u00e7onn\u00e9 ma carri\u00e8re.<\/p><p>Cet expos\u00e9 devrait int\u00e9resser tout particuli\u00e8rement les \u00e9tudiants et les chercheurs en d\u00e9but de carri\u00e8re, mais j'esp\u00e8re qu'il sera divertissant pour tout le monde.<\/p><\/div>\t\t\t\t\t\t\t\t<\/div>\n\t\t\t\t\t<\/div>\n\t\t<\/div>\n\t\t\t\t\t<\/div>\n\t\t<\/section>\n\t\t\t\t<\/div>","protected":false},"excerpt":{"rendered":"<p>Watch \u201cThis Means That: A Research Parable\u201d with James R. Cordy https:\/\/www.youtube.com\/watch?v=rEwdjrYgztw DOWNLOAD THE SLIDES \u00a0\u00a0\u00a0 Conducting research for a living can be rife with criticism, rejection and frustration. However, as Henry Ford said, \u201cfailure is only the opportunity to more intelligently begin again\u201d. In this talk on the occasion of my lifetime achievement award, [&hellip;]<\/p>\n","protected":false},"author":76,"featured_media":0,"parent":0,"menu_order":0,"comment_status":"closed","ping_status":"closed","template":"","meta":{"site-sidebar-layout":"no-sidebar","site-content-layout":"page-builder","ast-site-content-layout":"default","site-content-style":"default","site-sidebar-style":"default","ast-global-header-display":"","ast-banner-title-visibility":"","ast-main-header-display":"","ast-hfb-above-header-display":"","ast-hfb-below-header-display":"","ast-hfb-mobile-header-display":"","site-post-title":"disabled","ast-breadcrumbs-content":"","ast-featured-img":"disabled","footer-sml-layout":"","ast-disable-related-posts":"","theme-transparent-header-meta":"","adv-header-id-meta":"","stick-header-meta":"","header-above-stick-meta":"","header-main-stick-meta":"","header-below-stick-meta":"","astra-migrate-meta-layouts":"default","ast-page-background-enabled":"default","ast-page-background-meta":{"desktop":{"background-color":"","background-image":"","background-repeat":"repeat","background-position":"center center","background-size":"auto","background-attachment":"scroll","background-type":"","background-media":"","overlay-type":"","overlay-color":"","overlay-opacity":"","overlay-gradient":""},"tablet":{"background-color":"","background-image":"","background-repeat":"repeat","background-position":"center center","background-size":"auto","background-attachment":"scroll","background-type":"","background-media":"","overlay-type":"","overlay-color":"","overlay-opacity":"","overlay-gradient":""},"mobile":{"background-color":"","background-image":"","background-repeat":"repeat","background-position":"center center","background-size":"auto","background-attachment":"scroll","background-type":"","background-media":"","overlay-type":"","overlay-color":"","overlay-opacity":"","overlay-gradient":""}},"ast-content-background-meta":{"desktop":{"background-color":"var(--ast-global-color-5)","background-image":"","background-repeat":"repeat","background-position":"center center","background-size":"auto","background-attachment":"scroll","background-type":"","background-media":"","overlay-type":"","overlay-color":"","overlay-opacity":"","overlay-gradient":""},"tablet":{"background-color":"var(--ast-global-color-5)","background-image":"","background-repeat":"repeat","background-position":"center center","background-size":"auto","background-attachment":"scroll","background-type":"","background-media":"","overlay-type":"","overlay-color":"","overlay-opacity":"","overlay-gradient":""},"mobile":{"background-color":"var(--ast-global-color-5)","background-image":"","background-repeat":"repeat","background-position":"center center","background-size":"auto","background-attachment":"scroll","background-type":"","background-media":"","overlay-type":"","overlay-color":"","overlay-opacity":"","overlay-gradient":""}},"footnotes":""},"class_list":["post-1943","page","type-page","status-publish","hentry"],"_links":{"self":[{"href":"https:\/\/cscan-infocan.ca\/fr\/wp-json\/wp\/v2\/pages\/1943","targetHints":{"allow":["GET"]}}],"collection":[{"href":"https:\/\/cscan-infocan.ca\/fr\/wp-json\/wp\/v2\/pages"}],"about":[{"href":"https:\/\/cscan-infocan.ca\/fr\/wp-json\/wp\/v2\/types\/page"}],"author":[{"embeddable":true,"href":"https:\/\/cscan-infocan.ca\/fr\/wp-json\/wp\/v2\/users\/76"}],"replies":[{"embeddable":true,"href":"https:\/\/cscan-infocan.ca\/fr\/wp-json\/wp\/v2\/comments?post=1943"}],"version-history":[{"count":0,"href":"https:\/\/cscan-infocan.ca\/fr\/wp-json\/wp\/v2\/pages\/1943\/revisions"}],"wp:attachment":[{"href":"https:\/\/cscan-infocan.ca\/fr\/wp-json\/wp\/v2\/media?parent=1943"}],"curies":[{"name":"wp","href":"https:\/\/api.w.org\/{rel}","templated":true}]}}