{"id":1913,"date":"2022-06-23T01:58:04","date_gmt":"2022-06-23T01:58:04","guid":{"rendered":"https:\/\/cscan.webix.ca\/?page_id=1913"},"modified":"2022-06-23T01:59:28","modified_gmt":"2022-06-23T01:59:28","slug":"serendipity-and-people-key-to-my-hci-research-directions","status":"publish","type":"page","link":"https:\/\/cscan-infocan.ca\/fr\/serendipity-and-people-key-to-my-hci-research-directions\/","title":{"rendered":"La s\u00e9rendipit\u00e9 et les gens : La cl\u00e9 de mes orientations de recherche en IHM"},"content":{"rendered":"<div data-elementor-type=\"wp-page\" data-elementor-id=\"1913\" class=\"elementor elementor-1913\">\n\t\t\t\t\t\t<section class=\"elementor-section elementor-top-section elementor-element elementor-element-df95201 elementor-section-boxed elementor-section-height-default elementor-section-height-default\" data-id=\"df95201\" data-element_type=\"section\" data-e-type=\"section\">\n\t\t\t\t\t\t<div class=\"elementor-container elementor-column-gap-default\">\n\t\t\t\t\t<div class=\"elementor-column elementor-col-100 elementor-top-column elementor-element elementor-element-83369bb\" data-id=\"83369bb\" data-element_type=\"column\" data-e-type=\"column\">\n\t\t\t<div class=\"elementor-widget-wrap elementor-element-populated\">\n\t\t\t\t\t\t<div class=\"elementor-element elementor-element-821c3a1 elementor-widget elementor-widget-heading\" data-id=\"821c3a1\" data-element_type=\"widget\" data-e-type=\"widget\" data-widget_type=\"heading.default\">\n\t\t\t\t\t<h3 class=\"elementor-heading-title elementor-size-default\">La s\u00e9rendipit\u00e9 et les gens : La cl\u00e9 de mes orientations de recherche en IHM<\/h3>\t\t\t\t<\/div>\n\t\t\t\t\t<\/div>\n\t\t<\/div>\n\t\t\t\t\t<\/div>\n\t\t<\/section>\n\t\t\t\t<section class=\"elementor-section elementor-top-section elementor-element elementor-element-18f8942 elementor-section-boxed elementor-section-height-default elementor-section-height-default\" data-id=\"18f8942\" data-element_type=\"section\" data-e-type=\"section\">\n\t\t\t\t\t\t<div class=\"elementor-container elementor-column-gap-default\">\n\t\t\t\t\t<div class=\"elementor-column elementor-col-100 elementor-top-column elementor-element elementor-element-e5a0d60\" data-id=\"e5a0d60\" data-element_type=\"column\" data-e-type=\"column\">\n\t\t\t<div class=\"elementor-widget-wrap elementor-element-populated\">\n\t\t\t\t\t\t<div class=\"elementor-element elementor-element-2c70e4a elementor-widget elementor-widget-text-editor\" data-id=\"2c70e4a\" data-element_type=\"widget\" data-e-type=\"widget\" data-widget_type=\"text-editor.default\">\n\t\t\t\t\t\t\t\t\t<p><strong>Audrey Girouard<br \/><\/strong><em>Laur\u00e9at du prix CS-Can|Info-Can 2019 pour un chercheur en informatique en d\u00e9but de carri\u00e8re, professeur agr\u00e9g\u00e9 \u00e0 l'\u00e9cole des technologies de l'information de l'universit\u00e9 de Carleton, responsable du laboratoire des interactions cr\u00e9atives et de l'\u00e9quipe de recherche de l'universit\u00e9 de Carleton, il est \u00e9galement membre de l'\u00e9quipe de recherche de l'universit\u00e9 de Carleton.\u00a0<a href=\"http:\/\/carleton.ca\/clue\">Apprentissage collaboratif des exp\u00e9riences d'utilisabilit\u00e9<\/a>\u00a0programme de formation.<\/em><\/p>\t\t\t\t\t\t\t\t<\/div>\n\t\t\t\t\t<\/div>\n\t\t<\/div>\n\t\t\t\t\t<\/div>\n\t\t<\/section>\n\t\t\t\t<section class=\"elementor-section elementor-top-section elementor-element elementor-element-233b409 elementor-section-boxed elementor-section-height-default elementor-section-height-default\" data-id=\"233b409\" data-element_type=\"section\" data-e-type=\"section\">\n\t\t\t\t\t\t<div class=\"elementor-container elementor-column-gap-default\">\n\t\t\t\t\t<div class=\"elementor-column elementor-col-100 elementor-top-column elementor-element elementor-element-7a15115\" data-id=\"7a15115\" data-element_type=\"column\" data-e-type=\"column\">\n\t\t\t<div class=\"elementor-widget-wrap elementor-element-populated\">\n\t\t\t\t\t\t<div class=\"elementor-element elementor-element-049f436 elementor-widget elementor-widget-video\" data-id=\"049f436\" data-element_type=\"widget\" data-e-type=\"widget\" data-settings=\"{&quot;youtube_url&quot;:&quot;https:\\\/\\\/www.youtube.com\\\/watch?v=rmOtRz65mWw&quot;,&quot;video_type&quot;:&quot;youtube&quot;,&quot;controls&quot;:&quot;yes&quot;}\" data-widget_type=\"video.default\">\n\t\t\t\t\t\t\t<div class=\"elementor-wrapper elementor-open-inline\">\n\t\t\t<div class=\"elementor-video\"><\/div>\t\t<\/div>\n\t\t\t\t\t\t<\/div>\n\t\t\t\t\t<\/div>\n\t\t<\/div>\n\t\t\t\t\t<\/div>\n\t\t<\/section>\n\t\t\t\t<section class=\"elementor-section elementor-top-section elementor-element elementor-element-d49c096 elementor-section-boxed elementor-section-height-default elementor-section-height-default\" data-id=\"d49c096\" data-element_type=\"section\" data-e-type=\"section\">\n\t\t\t\t\t\t<div class=\"elementor-container elementor-column-gap-default\">\n\t\t\t\t\t<div class=\"elementor-column elementor-col-100 elementor-top-column elementor-element elementor-element-e2b1148\" data-id=\"e2b1148\" data-element_type=\"column\" data-e-type=\"column\">\n\t\t\t<div class=\"elementor-widget-wrap elementor-element-populated\">\n\t\t\t\t\t\t<div class=\"elementor-element elementor-element-5a2acad elementor-widget elementor-widget-text-editor\" data-id=\"5a2acad\" data-element_type=\"widget\" data-e-type=\"widget\" data-widget_type=\"text-editor.default\">\n\t\t\t\t\t\t\t\t\t<p>Tous les chercheurs qui r\u00e9ussissent ont-ils un plan de recherche bien d\u00e9fini sur 5 ou 10 ans qu'ils ex\u00e9cuteront parfaitement ? Bien que mon syndrome de l'imposteur me dise que c'est le cas, je n'ai jamais eu de plan aussi d\u00e9taill\u00e9. Dans cet expos\u00e9, j'expliquerai comment mes projets et orientations de recherche naissent de rencontres significatives, parfois al\u00e9atoires, avec diverses personnes, qu'il s'agisse de superviseurs, d'\u00e9tudiants ou de coll\u00e8gues. Je choisis les id\u00e9es qui piquent mon int\u00e9r\u00eat et qui me permettront de travailler avec des personnes que j'appr\u00e9cie dans un domaine que j'aime. Je pr\u00e9senterai mon parcours et les personnes importantes qui ont influenc\u00e9 mes recherches sur les interactions homme-machine, depuis les interactions cerveau-ordinateur \u00e0 l'universit\u00e9 Tufts jusqu'aux t\u00e9l\u00e9phones flexibles \u00e0 l'universit\u00e9 Queen's, en passant par les interactions avec des dispositifs d\u00e9formables, changeant de forme et portables, et la recherche sur l'accessibilit\u00e9 \u00e0 l'universit\u00e9 Carleton.<\/p><p>Audrey Girouard est professeure agr\u00e9g\u00e9e \u00e0 l'\u00c9cole des technologies de l'information de l'Universit\u00e9 Carleton d'Ottawa, o\u00f9 elle est \u00e9galement directrice adjointe des \u00e9tudes sup\u00e9rieures. Elle dirige le Creative Interactions Lab et le programme de formation Collaborative Learning of Usability Experiences. Sp\u00e9cialis\u00e9e dans les interactions de nouvelle g\u00e9n\u00e9ration, ses recherches actuelles portent sur les dispositifs d\u00e9formables et les objets portables. Ses travaux ont des applications dans les domaines de la sant\u00e9, de l'accessibilit\u00e9, des jeux, de l'apport cr\u00e9atif et des appareils mobiles. Elle si\u00e8ge au comit\u00e9 directeur de l'ACM TEI Tangible Embedded and Embodied Interfaces, dont elle a \u00e9t\u00e9 la copr\u00e9sidente du comit\u00e9 de programme en 2012 et en 2018. Elle a re\u00e7u le prix Ontario Early Researcher Award, le Carleton University Research Achievement Award et le Partner in Research Technology Achievement Award. Mme Girouard a obtenu un doctorat en informatique de l'Universit\u00e9 Tufts en 2010 et a effectu\u00e9 un stage postdoctoral au Human Medial Lab de l'Universit\u00e9 Queen's l'ann\u00e9e suivante. Elle a obtenu son dipl\u00f4me de premier cycle en g\u00e9nie logiciel \u00e0 l'\u00c9cole polytechnique de Montr\u00e9al.<\/p><p><a href=\"https:\/\/cscan-infocan.ca\/wp-content\/uploads\/2021\/01\/CS-Can-2021-Serendipity-and-People-slides.pdf\">T\u00e9l\u00e9charger les diapositives.<\/a><\/p>\t\t\t\t\t\t\t\t<\/div>\n\t\t\t\t\t<\/div>\n\t\t<\/div>\n\t\t\t\t\t<\/div>\n\t\t<\/section>\n\t\t\t\t<\/div>","protected":false},"excerpt":{"rendered":"<p>Serendipity and People: Key to My HCI Research Directions Audrey GirouardWinner of the 2019 CS-Can|Info-Can Outstanding Early-Career Computer Science Researcher Award, Associate Professor in the School of Information Technology, Carleton University and head of the Creative Interactions Lab and the\u00a0Collaborative Learning of Usability Experiences\u00a0training program. https:\/\/www.youtube.com\/watch?v=rmOtRz65mWw Does every successful researcher have a well-defined 5 or [&hellip;]<\/p>\n","protected":false},"author":76,"featured_media":0,"parent":0,"menu_order":0,"comment_status":"closed","ping_status":"closed","template":"","meta":{"site-sidebar-layout":"no-sidebar","site-content-layout":"page-builder","ast-site-content-layout":"default","site-content-style":"default","site-sidebar-style":"default","ast-global-header-display":"","ast-banner-title-visibility":"","ast-main-header-display":"","ast-hfb-above-header-display":"","ast-hfb-below-header-display":"","ast-hfb-mobile-header-display":"","site-post-title":"disabled","ast-breadcrumbs-content":"","ast-featured-img":"disabled","footer-sml-layout":"","ast-disable-related-posts":"","theme-transparent-header-meta":"","adv-header-id-meta":"","stick-header-meta":"","header-above-stick-meta":"","header-main-stick-meta":"","header-below-stick-meta":"","astra-migrate-meta-layouts":"default","ast-page-background-enabled":"default","ast-page-background-meta":{"desktop":{"background-color":"","background-image":"","background-repeat":"repeat","background-position":"center center","background-size":"auto","background-attachment":"scroll","background-type":"","background-media":"","overlay-type":"","overlay-color":"","overlay-opacity":"","overlay-gradient":""},"tablet":{"background-color":"","background-image":"","background-repeat":"repeat","background-position":"center center","background-size":"auto","background-attachment":"scroll","background-type":"","background-media":"","overlay-type":"","overlay-color":"","overlay-opacity":"","overlay-gradient":""},"mobile":{"background-color":"","background-image":"","background-repeat":"repeat","background-position":"center center","background-size":"auto","background-attachment":"scroll","background-type":"","background-media":"","overlay-type":"","overlay-color":"","overlay-opacity":"","overlay-gradient":""}},"ast-content-background-meta":{"desktop":{"background-color":"var(--ast-global-color-5)","background-image":"","background-repeat":"repeat","background-position":"center center","background-size":"auto","background-attachment":"scroll","background-type":"","background-media":"","overlay-type":"","overlay-color":"","overlay-opacity":"","overlay-gradient":""},"tablet":{"background-color":"var(--ast-global-color-5)","background-image":"","background-repeat":"repeat","background-position":"center center","background-size":"auto","background-attachment":"scroll","background-type":"","background-media":"","overlay-type":"","overlay-color":"","overlay-opacity":"","overlay-gradient":""},"mobile":{"background-color":"var(--ast-global-color-5)","background-image":"","background-repeat":"repeat","background-position":"center center","background-size":"auto","background-attachment":"scroll","background-type":"","background-media":"","overlay-type":"","overlay-color":"","overlay-opacity":"","overlay-gradient":""}},"footnotes":""},"class_list":["post-1913","page","type-page","status-publish","hentry"],"_links":{"self":[{"href":"https:\/\/cscan-infocan.ca\/fr\/wp-json\/wp\/v2\/pages\/1913","targetHints":{"allow":["GET"]}}],"collection":[{"href":"https:\/\/cscan-infocan.ca\/fr\/wp-json\/wp\/v2\/pages"}],"about":[{"href":"https:\/\/cscan-infocan.ca\/fr\/wp-json\/wp\/v2\/types\/page"}],"author":[{"embeddable":true,"href":"https:\/\/cscan-infocan.ca\/fr\/wp-json\/wp\/v2\/users\/76"}],"replies":[{"embeddable":true,"href":"https:\/\/cscan-infocan.ca\/fr\/wp-json\/wp\/v2\/comments?post=1913"}],"version-history":[{"count":0,"href":"https:\/\/cscan-infocan.ca\/fr\/wp-json\/wp\/v2\/pages\/1913\/revisions"}],"wp:attachment":[{"href":"https:\/\/cscan-infocan.ca\/fr\/wp-json\/wp\/v2\/media?parent=1913"}],"curies":[{"name":"wp","href":"https:\/\/api.w.org\/{rel}","templated":true}]}}