{"id":1905,"date":"2022-06-23T01:56:18","date_gmt":"2022-06-23T01:56:18","guid":{"rendered":"https:\/\/cscan.webix.ca\/?page_id=1905"},"modified":"2022-06-23T01:57:17","modified_gmt":"2022-06-23T01:57:17","slug":"best-practices-for-departmental-and-faculty-interaction-with-government","status":"publish","type":"page","link":"https:\/\/cscan-infocan.ca\/fr\/best-practices-for-departmental-and-faculty-interaction-with-government\/","title":{"rendered":"Meilleures pratiques pour l'interaction des d\u00e9partements et des facult\u00e9s avec le gouvernement"},"content":{"rendered":"<div data-elementor-type=\"wp-page\" data-elementor-id=\"1905\" class=\"elementor elementor-1905\">\n\t\t\t\t\t\t<section class=\"elementor-section elementor-top-section elementor-element elementor-element-90f79d6 elementor-section-boxed elementor-section-height-default elementor-section-height-default\" data-id=\"90f79d6\" data-element_type=\"section\" data-e-type=\"section\">\n\t\t\t\t\t\t<div class=\"elementor-container elementor-column-gap-default\">\n\t\t\t\t\t<div class=\"elementor-column elementor-col-100 elementor-top-column elementor-element elementor-element-2cb2694\" data-id=\"2cb2694\" data-element_type=\"column\" data-e-type=\"column\">\n\t\t\t<div class=\"elementor-widget-wrap elementor-element-populated\">\n\t\t\t\t\t\t<div class=\"elementor-element elementor-element-0caf583 elementor-widget elementor-widget-heading\" data-id=\"0caf583\" data-element_type=\"widget\" data-e-type=\"widget\" data-widget_type=\"heading.default\">\n\t\t\t\t\t<h3 class=\"elementor-heading-title elementor-size-default\">Meilleures pratiques pour l'interaction des d\u00e9partements et des facult\u00e9s avec le gouvernement<\/h3>\t\t\t\t<\/div>\n\t\t\t\t\t<\/div>\n\t\t<\/div>\n\t\t\t\t\t<\/div>\n\t\t<\/section>\n\t\t\t\t<section class=\"elementor-section elementor-top-section elementor-element elementor-element-051d035 elementor-section-boxed elementor-section-height-default elementor-section-height-default\" data-id=\"051d035\" data-element_type=\"section\" data-e-type=\"section\">\n\t\t\t\t\t\t<div class=\"elementor-container elementor-column-gap-default\">\n\t\t\t\t\t<div class=\"elementor-column elementor-col-100 elementor-top-column elementor-element elementor-element-c0b5219\" data-id=\"c0b5219\" data-element_type=\"column\" data-e-type=\"column\">\n\t\t\t<div class=\"elementor-widget-wrap elementor-element-populated\">\n\t\t\t\t\t\t<div class=\"elementor-element elementor-element-adca20b elementor-widget elementor-widget-video\" data-id=\"adca20b\" data-element_type=\"widget\" data-e-type=\"widget\" data-settings=\"{&quot;youtube_url&quot;:&quot;https:\\\/\\\/www.youtube.com\\\/watch?v=NDCGb4nsSVQ&quot;,&quot;video_type&quot;:&quot;youtube&quot;,&quot;controls&quot;:&quot;yes&quot;}\" data-widget_type=\"video.default\">\n\t\t\t\t\t\t\t<div class=\"elementor-wrapper elementor-open-inline\">\n\t\t\t<div class=\"elementor-video\"><\/div>\t\t<\/div>\n\t\t\t\t\t\t<\/div>\n\t\t\t\t\t<\/div>\n\t\t<\/div>\n\t\t\t\t\t<\/div>\n\t\t<\/section>\n\t\t\t\t<section class=\"elementor-section elementor-top-section elementor-element elementor-element-920aabf elementor-section-boxed elementor-section-height-default elementor-section-height-default\" data-id=\"920aabf\" data-element_type=\"section\" data-e-type=\"section\">\n\t\t\t\t\t\t<div class=\"elementor-container elementor-column-gap-default\">\n\t\t\t\t\t<div class=\"elementor-column elementor-col-100 elementor-top-column elementor-element elementor-element-d772446\" data-id=\"d772446\" data-element_type=\"column\" data-e-type=\"column\">\n\t\t\t<div class=\"elementor-widget-wrap elementor-element-populated\">\n\t\t\t\t\t\t<div class=\"elementor-element elementor-element-3b18128 elementor-widget elementor-widget-text-editor\" data-id=\"3b18128\" data-element_type=\"widget\" data-e-type=\"widget\" data-widget_type=\"text-editor.default\">\n\t\t\t\t\t\t\t\t\t<div class=\"fusion-layout-column fusion_builder_column fusion-builder-column-0 fusion_builder_column_1_1 1_1 fusion-one-full fusion-column-first fusion-column-last\"><div class=\"fusion-column-wrapper fusion-flex-column-wrapper-legacy\"><div class=\"fusion-title title fusion-title-1 fusion-sep-none fusion-title-text fusion-title-size-three\"><p><strong>Julie Garner<br \/><\/strong><em>Directeur, Earnscliffe Strategy Group<\/em><\/p><p><strong>Rob Leone<\/strong><br \/><em>Directeur, Earnscliffe Strategy Group<\/em><\/p><\/div><div class=\"fusion-text fusion-text-1\"><p><a href=\"https:\/\/cscan-infocan.ca\/wp-content\/uploads\/2021\/03\/CS-Can-V4-FIN.pdf\">T\u00e9l\u00e9charger les diapositives.<\/a><\/p><\/div><div class=\"fusion-clearfix\">\u00a0<\/div><\/div><\/div><div class=\"fusion-layout-column fusion_builder_column fusion-builder-column-1 fusion_builder_column_1_1 1_1 fusion-one-full fusion-column-first fusion-column-last\"><div class=\"fusion-column-wrapper fusion-flex-column-wrapper-legacy\"><div class=\"fusion-text fusion-text-2\"><p>Julie Garner apporte \u00e0 Earnscliffe sa vaste exp\u00e9rience des relations gouvernementales, de la communication et de la politique publique. Elle travaille dans ce domaine depuis pr\u00e8s de quinze ans, \u00e0 la fois en tant que membre du personnel politique du gouvernement et, plus r\u00e9cemment, en tant que consultante. Julie a \u00e9t\u00e9 membre du personnel de direction de cinq ministres du Cabinet de l'Ontario dans quatre portefeuilles diff\u00e9rents - \u00c9nergie et infrastructure, Travail, Agriculture et alimentation et Affaires intergouvernementales.<\/p><p>Rob Leone apporte un m\u00e9lange unique d'exp\u00e9rience pratique, politique et acad\u00e9mique \u00e0 cette pr\u00e9sentation sur les meilleures pratiques pour les d\u00e9partements et les chercheurs qui travaillent avec les repr\u00e9sentants du gouvernement. Rob a \u00e9t\u00e9 d\u00e9put\u00e9 provincial lors de la 40e l\u00e9gislature de l'Ontario. Tout au long de son mandat de l\u00e9gislateur, il a d\u00e9fendu avec passion les questions d'\u00e9ducation et de formation, de finances publiques et de politique \u00e9nerg\u00e9tique. Il a \u00e9t\u00e9 porte-parole de l'opposition officielle pour la formation, les coll\u00e8ges et universit\u00e9s et le minist\u00e8re de l'\u00e9ducation.<\/p><p>Le webinaire fournira des conseils pratiques sur<br \/>- Avec qui interagir au sein du gouvernement<br \/>- Comment la collaboration avec les responsables gouvernementaux peut-elle faire avancer les priorit\u00e9s politiques et attirer des fonds pour la recherche ?<br \/>- Comment d\u00e9finir une strat\u00e9gie de relations avec le gouvernement qui s'aligne sur les priorit\u00e9s de votre institution ?<\/p><\/div><\/div><\/div>\t\t\t\t\t\t\t\t<\/div>\n\t\t\t\t\t<\/div>\n\t\t<\/div>\n\t\t\t\t\t<\/div>\n\t\t<\/section>\n\t\t\t\t<\/div>","protected":false},"excerpt":{"rendered":"<p>Best Practices for Departmental and Faculty Interaction with Government https:\/\/www.youtube.com\/watch?v=NDCGb4nsSVQ Julie GarnerPrincipal, Earnscliffe Strategy Group Rob LeonePrincipal, Earnscliffe Strategy Group Download the slides. \u00a0 Julie Garner brings extensive experience in government relations, communications and public policy to Earnscliffe. She has worked in the field for close to fifteen years, both as a member of government [&hellip;]<\/p>\n","protected":false},"author":76,"featured_media":0,"parent":0,"menu_order":0,"comment_status":"closed","ping_status":"closed","template":"","meta":{"site-sidebar-layout":"no-sidebar","site-content-layout":"page-builder","ast-site-content-layout":"default","site-content-style":"default","site-sidebar-style":"default","ast-global-header-display":"","ast-banner-title-visibility":"","ast-main-header-display":"","ast-hfb-above-header-display":"","ast-hfb-below-header-display":"","ast-hfb-mobile-header-display":"","site-post-title":"disabled","ast-breadcrumbs-content":"","ast-featured-img":"disabled","footer-sml-layout":"","ast-disable-related-posts":"","theme-transparent-header-meta":"","adv-header-id-meta":"","stick-header-meta":"","header-above-stick-meta":"","header-main-stick-meta":"","header-below-stick-meta":"","astra-migrate-meta-layouts":"default","ast-page-background-enabled":"default","ast-page-background-meta":{"desktop":{"background-color":"","background-image":"","background-repeat":"repeat","background-position":"center center","background-size":"auto","background-attachment":"scroll","background-type":"","background-media":"","overlay-type":"","overlay-color":"","overlay-opacity":"","overlay-gradient":""},"tablet":{"background-color":"","background-image":"","background-repeat":"repeat","background-position":"center center","background-size":"auto","background-attachment":"scroll","background-type":"","background-media":"","overlay-type":"","overlay-color":"","overlay-opacity":"","overlay-gradient":""},"mobile":{"background-color":"","background-image":"","background-repeat":"repeat","background-position":"center center","background-size":"auto","background-attachment":"scroll","background-type":"","background-media":"","overlay-type":"","overlay-color":"","overlay-opacity":"","overlay-gradient":""}},"ast-content-background-meta":{"desktop":{"background-color":"var(--ast-global-color-5)","background-image":"","background-repeat":"repeat","background-position":"center center","background-size":"auto","background-attachment":"scroll","background-type":"","background-media":"","overlay-type":"","overlay-color":"","overlay-opacity":"","overlay-gradient":""},"tablet":{"background-color":"var(--ast-global-color-5)","background-image":"","background-repeat":"repeat","background-position":"center center","background-size":"auto","background-attachment":"scroll","background-type":"","background-media":"","overlay-type":"","overlay-color":"","overlay-opacity":"","overlay-gradient":""},"mobile":{"background-color":"var(--ast-global-color-5)","background-image":"","background-repeat":"repeat","background-position":"center center","background-size":"auto","background-attachment":"scroll","background-type":"","background-media":"","overlay-type":"","overlay-color":"","overlay-opacity":"","overlay-gradient":""}},"footnotes":""},"class_list":["post-1905","page","type-page","status-publish","hentry"],"_links":{"self":[{"href":"https:\/\/cscan-infocan.ca\/fr\/wp-json\/wp\/v2\/pages\/1905","targetHints":{"allow":["GET"]}}],"collection":[{"href":"https:\/\/cscan-infocan.ca\/fr\/wp-json\/wp\/v2\/pages"}],"about":[{"href":"https:\/\/cscan-infocan.ca\/fr\/wp-json\/wp\/v2\/types\/page"}],"author":[{"embeddable":true,"href":"https:\/\/cscan-infocan.ca\/fr\/wp-json\/wp\/v2\/users\/76"}],"replies":[{"embeddable":true,"href":"https:\/\/cscan-infocan.ca\/fr\/wp-json\/wp\/v2\/comments?post=1905"}],"version-history":[{"count":0,"href":"https:\/\/cscan-infocan.ca\/fr\/wp-json\/wp\/v2\/pages\/1905\/revisions"}],"wp:attachment":[{"href":"https:\/\/cscan-infocan.ca\/fr\/wp-json\/wp\/v2\/media?parent=1905"}],"curies":[{"name":"wp","href":"https:\/\/api.w.org\/{rel}","templated":true}]}}