{"id":1864,"date":"2022-06-23T01:46:59","date_gmt":"2022-06-23T01:46:59","guid":{"rendered":"https:\/\/cscan.webix.ca\/?page_id=1864"},"modified":"2022-06-23T01:47:58","modified_gmt":"2022-06-23T01:47:58","slug":"models-of-university-industry-collaboration-what-works-and-what-doesnt","status":"publish","type":"page","link":"https:\/\/cscan-infocan.ca\/fr\/models-of-university-industry-collaboration-what-works-and-what-doesnt\/","title":{"rendered":"Mod\u00e8les de collaboration entre l'universit\u00e9 et l'industrie - ce qui fonctionne et ce qui ne fonctionne pas"},"content":{"rendered":"<div data-elementor-type=\"wp-page\" data-elementor-id=\"1864\" class=\"elementor elementor-1864\">\n\t\t\t\t\t\t<section class=\"elementor-section elementor-top-section elementor-element elementor-element-1e13ae3 elementor-section-boxed elementor-section-height-default elementor-section-height-default\" data-id=\"1e13ae3\" data-element_type=\"section\" data-e-type=\"section\">\n\t\t\t\t\t\t<div class=\"elementor-container elementor-column-gap-default\">\n\t\t\t\t\t<div class=\"elementor-column elementor-col-100 elementor-top-column elementor-element elementor-element-2a9b081\" data-id=\"2a9b081\" data-element_type=\"column\" data-e-type=\"column\">\n\t\t\t<div class=\"elementor-widget-wrap elementor-element-populated\">\n\t\t\t\t\t\t<div class=\"elementor-element elementor-element-8e254bb elementor-widget elementor-widget-heading\" data-id=\"8e254bb\" data-element_type=\"widget\" data-e-type=\"widget\" data-widget_type=\"heading.default\">\n\t\t\t\t\t<h3 class=\"elementor-heading-title elementor-size-default\">Mod\u00e8les de collaboration entre l'universit\u00e9 et l'industrie - ce qui fonctionne et ce qui ne fonctionne pas<\/h3>\t\t\t\t<\/div>\n\t\t\t\t\t<\/div>\n\t\t<\/div>\n\t\t\t\t\t<\/div>\n\t\t<\/section>\n\t\t\t\t<section class=\"elementor-section elementor-top-section elementor-element elementor-element-e2b6986 elementor-section-boxed elementor-section-height-default elementor-section-height-default\" data-id=\"e2b6986\" data-element_type=\"section\" data-e-type=\"section\">\n\t\t\t\t\t\t<div class=\"elementor-container elementor-column-gap-default\">\n\t\t\t\t\t<div class=\"elementor-column elementor-col-100 elementor-top-column elementor-element elementor-element-75bd49b\" data-id=\"75bd49b\" data-element_type=\"column\" data-e-type=\"column\">\n\t\t\t<div class=\"elementor-widget-wrap elementor-element-populated\">\n\t\t\t\t\t\t<div class=\"elementor-element elementor-element-d1a8198 elementor-widget elementor-widget-video\" data-id=\"d1a8198\" data-element_type=\"widget\" data-e-type=\"widget\" data-settings=\"{&quot;youtube_url&quot;:&quot;https:\\\/\\\/www.youtube.com\\\/watch?v=bjNbuuYJ7fc&quot;,&quot;video_type&quot;:&quot;youtube&quot;,&quot;controls&quot;:&quot;yes&quot;}\" data-widget_type=\"video.default\">\n\t\t\t\t\t\t\t<div class=\"elementor-wrapper elementor-open-inline\">\n\t\t\t<div class=\"elementor-video\"><\/div>\t\t<\/div>\n\t\t\t\t\t\t<\/div>\n\t\t\t\t\t<\/div>\n\t\t<\/div>\n\t\t\t\t\t<\/div>\n\t\t<\/section>\n\t\t\t\t<section class=\"elementor-section elementor-top-section elementor-element elementor-element-e32d7f2 elementor-section-boxed elementor-section-height-default elementor-section-height-default\" data-id=\"e32d7f2\" data-element_type=\"section\" data-e-type=\"section\">\n\t\t\t\t\t\t<div class=\"elementor-container elementor-column-gap-default\">\n\t\t\t\t\t<div class=\"elementor-column elementor-col-100 elementor-top-column elementor-element elementor-element-3099e90\" data-id=\"3099e90\" data-element_type=\"column\" data-e-type=\"column\">\n\t\t\t<div class=\"elementor-widget-wrap elementor-element-populated\">\n\t\t\t\t\t\t<div class=\"elementor-element elementor-element-d59ba13 elementor-widget elementor-widget-text-editor\" data-id=\"d59ba13\" data-element_type=\"widget\" data-e-type=\"widget\" data-widget_type=\"text-editor.default\">\n\t\t\t\t\t\t\t\t\t<div class=\"fusion-layout-column fusion_builder_column fusion-builder-column-0 fusion_builder_column_1_1 1_1 fusion-one-full fusion-column-first fusion-column-last\"><div class=\"fusion-column-wrapper fusion-flex-column-wrapper-legacy\"><div class=\"fusion-title title fusion-title-1 fusion-sep-none fusion-title-text fusion-title-size-three\"><p><strong>Steven Woods<br \/><\/strong><em>Associ\u00e9 et directeur technique, Inovia Capital Partners<\/em><\/p><\/div><div class=\"fusion-clearfix\">\u00a0<\/div><\/div><\/div><div class=\"fusion-layout-column fusion_builder_column fusion-builder-column-1 fusion_builder_column_1_1 1_1 fusion-one-full fusion-column-first fusion-column-last\"><div class=\"fusion-column-wrapper fusion-flex-column-wrapper-legacy\"><div class=\"fusion-text fusion-text-1\"><p>Steven a travaill\u00e9 pendant plus de 30 ans dans le domaine du d\u00e9veloppement de logiciels, de la recherche universitaire et industrielle et de la direction technique. En tant que cofondateur de trois soci\u00e9t\u00e9s de logiciels et de services bas\u00e9es aux \u00c9tats-Unis (<a class=\"\" href=\"http:\/\/quack.com\/\">Quack.com<\/a>, Kinitos, NeoEdge Networks), il a constitu\u00e9 des \u00e9quipes solides et performantes d'experts techniques et de sp\u00e9cialistes des produits, bas\u00e9es \u00e0 la fois dans la Silicon Valley et dans le corridor technologique Waterloo-Toronto.  L'une de ces entreprises -\u00a0<a class=\"\" href=\"http:\/\/quack.com\/\">Quack.com<\/a>\u00a0- a \u00e9t\u00e9 \u00e0 l'origine du premier assistant vocal interactif au monde et a \u00e9t\u00e9 rachet\u00e9e par Netscape\/America Online en 2000.\u00a0<br class=\"\" \/>\u00a0<br class=\"\" \/>Steven a travaill\u00e9 chez Google de 2008 \u00e0 2021 - il a cr\u00e9\u00e9 et dirig\u00e9 une capacit\u00e9 d'ing\u00e9nierie et de produits de classe mondiale au Canada - en faisant passer de 20 \u00e0 plus de 1 300 le nombre d'\u00e9quipes multidisciplinaires d'ing\u00e9nierie et de d\u00e9veloppement, ainsi que leur leadership.\u00a0<br class=\"\" \/>\u00a0<br class=\"\" \/>Steven est titulaire d'une licence en informatique de l'Universit\u00e9 de Saskatchewan et d'une ma\u00eetrise et d'un doctorat en informatique (math\u00e9matiques) de l'Universit\u00e9 de Waterloo. Parmi ses nombreuses r\u00e9compenses, Steven a re\u00e7u la prestigieuse m\u00e9daille JW Graham en informatique et innovation de l'Universit\u00e9 de Waterloo en 2010 et a \u00e9t\u00e9 r\u00e9compens\u00e9 par un Distinguished Lifetime Achievement Award de l'Universit\u00e9 de Saskatchewan en 2021.\u00a0\u00a0<br class=\"\" \/>\u00a0<br class=\"\" \/>La vaste exp\u00e9rience de Steven Woods dans les milieux universitaires et industriels lui conf\u00e8re un point de vue unique sur la collaboration entre les universit\u00e9s et l'industrie.  Cette conversation examinera ce qui contribue \u00e0 des collaborations r\u00e9ussies et ce qui ne fonctionne pas, ainsi que les avantages de ces collaborations pour les chercheurs, les \u00e9tudiants et les partenaires industriels.<\/p><\/div><\/div><\/div>\t\t\t\t\t\t\t\t<\/div>\n\t\t\t\t\t<\/div>\n\t\t<\/div>\n\t\t\t\t\t<\/div>\n\t\t<\/section>\n\t\t\t\t<\/div>","protected":false},"excerpt":{"rendered":"<p>Models of University\/Industry Collaboration\u2014What Works and What Doesn\u2019t https:\/\/www.youtube.com\/watch?v=bjNbuuYJ7fc Steven WoodsPartner and CTO, Inovia Capital Partners \u00a0 Steven has worked in software development, academic and industrial research and technical leadership for more than 30 years. As co-founder of three software and services companies based in the USA (Quack.com, Kinitos, NeoEdge Networks), he built strong, high-performing [&hellip;]<\/p>\n","protected":false},"author":76,"featured_media":0,"parent":0,"menu_order":0,"comment_status":"closed","ping_status":"closed","template":"","meta":{"site-sidebar-layout":"no-sidebar","site-content-layout":"page-builder","ast-site-content-layout":"default","site-content-style":"default","site-sidebar-style":"default","ast-global-header-display":"","ast-banner-title-visibility":"","ast-main-header-display":"","ast-hfb-above-header-display":"","ast-hfb-below-header-display":"","ast-hfb-mobile-header-display":"","site-post-title":"disabled","ast-breadcrumbs-content":"","ast-featured-img":"disabled","footer-sml-layout":"","ast-disable-related-posts":"","theme-transparent-header-meta":"","adv-header-id-meta":"","stick-header-meta":"","header-above-stick-meta":"","header-main-stick-meta":"","header-below-stick-meta":"","astra-migrate-meta-layouts":"default","ast-page-background-enabled":"default","ast-page-background-meta":{"desktop":{"background-color":"","background-image":"","background-repeat":"repeat","background-position":"center center","background-size":"auto","background-attachment":"scroll","background-type":"","background-media":"","overlay-type":"","overlay-color":"","overlay-opacity":"","overlay-gradient":""},"tablet":{"background-color":"","background-image":"","background-repeat":"repeat","background-position":"center center","background-size":"auto","background-attachment":"scroll","background-type":"","background-media":"","overlay-type":"","overlay-color":"","overlay-opacity":"","overlay-gradient":""},"mobile":{"background-color":"","background-image":"","background-repeat":"repeat","background-position":"center center","background-size":"auto","background-attachment":"scroll","background-type":"","background-media":"","overlay-type":"","overlay-color":"","overlay-opacity":"","overlay-gradient":""}},"ast-content-background-meta":{"desktop":{"background-color":"var(--ast-global-color-5)","background-image":"","background-repeat":"repeat","background-position":"center center","background-size":"auto","background-attachment":"scroll","background-type":"","background-media":"","overlay-type":"","overlay-color":"","overlay-opacity":"","overlay-gradient":""},"tablet":{"background-color":"var(--ast-global-color-5)","background-image":"","background-repeat":"repeat","background-position":"center center","background-size":"auto","background-attachment":"scroll","background-type":"","background-media":"","overlay-type":"","overlay-color":"","overlay-opacity":"","overlay-gradient":""},"mobile":{"background-color":"var(--ast-global-color-5)","background-image":"","background-repeat":"repeat","background-position":"center center","background-size":"auto","background-attachment":"scroll","background-type":"","background-media":"","overlay-type":"","overlay-color":"","overlay-opacity":"","overlay-gradient":""}},"footnotes":""},"class_list":["post-1864","page","type-page","status-publish","hentry"],"_links":{"self":[{"href":"https:\/\/cscan-infocan.ca\/fr\/wp-json\/wp\/v2\/pages\/1864","targetHints":{"allow":["GET"]}}],"collection":[{"href":"https:\/\/cscan-infocan.ca\/fr\/wp-json\/wp\/v2\/pages"}],"about":[{"href":"https:\/\/cscan-infocan.ca\/fr\/wp-json\/wp\/v2\/types\/page"}],"author":[{"embeddable":true,"href":"https:\/\/cscan-infocan.ca\/fr\/wp-json\/wp\/v2\/users\/76"}],"replies":[{"embeddable":true,"href":"https:\/\/cscan-infocan.ca\/fr\/wp-json\/wp\/v2\/comments?post=1864"}],"version-history":[{"count":0,"href":"https:\/\/cscan-infocan.ca\/fr\/wp-json\/wp\/v2\/pages\/1864\/revisions"}],"wp:attachment":[{"href":"https:\/\/cscan-infocan.ca\/fr\/wp-json\/wp\/v2\/media?parent=1864"}],"curies":[{"name":"wp","href":"https:\/\/api.w.org\/{rel}","templated":true}]}}