{"id":1856,"date":"2022-06-23T01:44:49","date_gmt":"2022-06-23T01:44:49","guid":{"rendered":"https:\/\/cscan.webix.ca\/?page_id=1856"},"modified":"2022-06-23T01:45:55","modified_gmt":"2022-06-23T01:45:55","slug":"artificial-intelligence-the-artificial-part-is-clear-but-is-the-intelligence","status":"publish","type":"page","link":"https:\/\/cscan-infocan.ca\/fr\/artificial-intelligence-the-artificial-part-is-clear-but-is-the-intelligence\/","title":{"rendered":"L'intelligence artificielle : La partie artificielle est claire, mais l'intelligence l'est-elle ?"},"content":{"rendered":"<div data-elementor-type=\"wp-page\" data-elementor-id=\"1856\" class=\"elementor elementor-1856\">\n\t\t\t\t\t\t<section class=\"elementor-section elementor-top-section elementor-element elementor-element-c76f90e elementor-section-boxed elementor-section-height-default elementor-section-height-default\" data-id=\"c76f90e\" data-element_type=\"section\" data-e-type=\"section\">\n\t\t\t\t\t\t<div class=\"elementor-container elementor-column-gap-default\">\n\t\t\t\t\t<div class=\"elementor-column elementor-col-100 elementor-top-column elementor-element elementor-element-06b0f37\" data-id=\"06b0f37\" data-element_type=\"column\" data-e-type=\"column\">\n\t\t\t<div class=\"elementor-widget-wrap elementor-element-populated\">\n\t\t\t\t\t\t<div class=\"elementor-element elementor-element-37daffe elementor-widget elementor-widget-heading\" data-id=\"37daffe\" data-element_type=\"widget\" data-e-type=\"widget\" data-widget_type=\"heading.default\">\n\t\t\t\t\t<h3 class=\"elementor-heading-title elementor-size-default\">L'intelligence artificielle : La partie artificielle est claire, mais l'intelligence l'est-elle ?<\/h3>\t\t\t\t<\/div>\n\t\t\t\t\t<\/div>\n\t\t<\/div>\n\t\t\t\t\t<\/div>\n\t\t<\/section>\n\t\t\t\t<section class=\"elementor-section elementor-top-section elementor-element elementor-element-0e06959 elementor-section-boxed elementor-section-height-default elementor-section-height-default\" data-id=\"0e06959\" data-element_type=\"section\" data-e-type=\"section\">\n\t\t\t\t\t\t<div class=\"elementor-container elementor-column-gap-default\">\n\t\t\t\t\t<div class=\"elementor-column elementor-col-100 elementor-top-column elementor-element elementor-element-b8daaf8\" data-id=\"b8daaf8\" data-element_type=\"column\" data-e-type=\"column\">\n\t\t\t<div class=\"elementor-widget-wrap elementor-element-populated\">\n\t\t\t\t\t\t<div class=\"elementor-element elementor-element-446b8fc elementor-widget elementor-widget-video\" data-id=\"446b8fc\" data-element_type=\"widget\" data-e-type=\"widget\" data-settings=\"{&quot;youtube_url&quot;:&quot;https:\\\/\\\/www.youtube.com\\\/watch?v=CdWk6P8YiI4&quot;,&quot;video_type&quot;:&quot;youtube&quot;,&quot;controls&quot;:&quot;yes&quot;}\" data-widget_type=\"video.default\">\n\t\t\t\t\t\t\t<div class=\"elementor-wrapper elementor-open-inline\">\n\t\t\t<div class=\"elementor-video\"><\/div>\t\t<\/div>\n\t\t\t\t\t\t<\/div>\n\t\t\t\t\t<\/div>\n\t\t<\/div>\n\t\t\t\t\t<\/div>\n\t\t<\/section>\n\t\t\t\t<section class=\"elementor-section elementor-top-section elementor-element elementor-element-77c626a elementor-section-boxed elementor-section-height-default elementor-section-height-default\" data-id=\"77c626a\" data-element_type=\"section\" data-e-type=\"section\">\n\t\t\t\t\t\t<div class=\"elementor-container elementor-column-gap-default\">\n\t\t\t\t\t<div class=\"elementor-column elementor-col-100 elementor-top-column elementor-element elementor-element-7c929a3\" data-id=\"7c929a3\" data-element_type=\"column\" data-e-type=\"column\">\n\t\t\t<div class=\"elementor-widget-wrap elementor-element-populated\">\n\t\t\t\t\t\t<div class=\"elementor-element elementor-element-965a15f elementor-widget elementor-widget-text-editor\" data-id=\"965a15f\" data-element_type=\"widget\" data-e-type=\"widget\" data-widget_type=\"text-editor.default\">\n\t\t\t\t\t\t\t\t\t<div class=\"fusion-layout-column fusion_builder_column fusion-builder-column-0 fusion_builder_column_1_1 1_1 fusion-one-full fusion-column-first fusion-column-last\"><div class=\"fusion-column-wrapper fusion-flex-column-wrapper-legacy\"><div class=\"fusion-title title fusion-title-1 fusion-sep-none fusion-title-text fusion-title-size-three\"><p><strong>John K. Tsotsos<\/strong><br \/><em>\u00c9cole d'ing\u00e9nieurs Lassonde, Universit\u00e9 de York<\/em><\/p><\/div><div class=\"fusion-clearfix\">\u00a0<\/div><\/div><\/div><div class=\"fusion-layout-column fusion_builder_column fusion-builder-column-1 fusion_builder_column_1_1 1_1 fusion-one-full fusion-column-first fusion-column-last\"><div class=\"fusion-column-wrapper fusion-flex-column-wrapper-legacy\"><div class=\"fusion-text fusion-text-1\"><p>John K. Tsotsos est actuellement professeur distingu\u00e9 en sciences de la vision \u00e0 l'Universit\u00e9 York, o\u00f9 il est \u00e9galement titulaire de la Chaire de recherche du Canada de niveau I du CRSNG en vision computationnelle. En 2014, il est devenu le directeur fondateur du Centre d'innovation en informatique de Lassonde. Il est professeur adjoint au d\u00e9partement d'informatique et au d\u00e9partement d'ophtalmologie et des sciences de la vision de l'Universit\u00e9 de Toronto. Il a \u00e9t\u00e9 directeur du tr\u00e8s respect\u00e9 Centre for Vision Research de l'Universit\u00e9 York de 2000 \u00e0 2006. Ses recherches portent sur la vision par ordinateur, les neurosciences computationnelles, la vision humaine, l'intelligence artificielle et la robotique.<\/p><p>Il a re\u00e7u le prix CS-Can|Info-Can 2020 pour l'ensemble de ses r\u00e9alisations, le prix 2006 de la Soci\u00e9t\u00e9 canadienne de traitement d'images et de reconnaissance des formes pour l'excellence de sa recherche et de ses services, ainsi que le premier prix d'excellence en recherche du pr\u00e9sident de l'Universit\u00e9 York en 2009. Il a \u00e9t\u00e9 \u00e9lu membre de la Soci\u00e9t\u00e9 royale du Canada, Acad\u00e9mie des sciences, Division des math\u00e9matiques et des sciences physiques en 2010. En 2011, il a \u00e9t\u00e9 nomm\u00e9 Geoffrey J. Burton Memorial Lecturer par l'Applied Vision Association du Royaume-Uni pour sa contribution significative \u00e0 la science de la vision. En 2015, il est devenu le premier informaticien \u00e0 recevoir la m\u00e9daille Sir John William Dawson de la Soci\u00e9t\u00e9 royale du Canada pour son excellence soutenue dans la recherche interdisciplinaire. Il a \u00e9t\u00e9 nomm\u00e9 membre de l'IEEE en 2018.<\/p><p>Avant de rejoindre l'universit\u00e9 de York en 2000, il \u00e9tait professeur d'informatique \u00e0 l'universit\u00e9 de Toronto, o\u00f9 il a commenc\u00e9 sa carri\u00e8re universitaire en 1980. En 1980, il a fond\u00e9 le Computer Vision Group du d\u00e9partement, qu'il a dirig\u00e9 pendant 20 ans. Pendant cette p\u00e9riode, il a \u00e9galement \u00e9t\u00e9 nomm\u00e9 \u00e0 la division de cardiologie de la facult\u00e9 de m\u00e9decine et a \u00e9t\u00e9 membre de l'Institut canadien des recherches avanc\u00e9es de 1985 \u00e0 1995.<\/p><p>\u00a0<\/p><\/div><\/div><\/div>\t\t\t\t\t\t\t\t<\/div>\n\t\t\t\t\t<\/div>\n\t\t<\/div>\n\t\t\t\t\t<\/div>\n\t\t<\/section>\n\t\t\t\t<\/div>","protected":false},"excerpt":{"rendered":"<p>Artificial Intelligence: The Artificial Part Is Clear, but Is the Intelligence? https:\/\/www.youtube.com\/watch?v=CdWk6P8YiI4 John K. TsotsosLassonde School of Engineering, York University \u00a0 John K. Tsotsos is currently the Distinguished Research Professor of Vision Science at York University, where he also holds the NSERC Tier I Canada Research Chair in Computational Vision. In 2014 he became the [&hellip;]<\/p>\n","protected":false},"author":76,"featured_media":0,"parent":0,"menu_order":0,"comment_status":"closed","ping_status":"closed","template":"","meta":{"site-sidebar-layout":"no-sidebar","site-content-layout":"page-builder","ast-site-content-layout":"default","site-content-style":"default","site-sidebar-style":"default","ast-global-header-display":"","ast-banner-title-visibility":"","ast-main-header-display":"","ast-hfb-above-header-display":"","ast-hfb-below-header-display":"","ast-hfb-mobile-header-display":"","site-post-title":"disabled","ast-breadcrumbs-content":"","ast-featured-img":"disabled","footer-sml-layout":"","ast-disable-related-posts":"","theme-transparent-header-meta":"","adv-header-id-meta":"","stick-header-meta":"","header-above-stick-meta":"","header-main-stick-meta":"","header-below-stick-meta":"","astra-migrate-meta-layouts":"default","ast-page-background-enabled":"default","ast-page-background-meta":{"desktop":{"background-color":"","background-image":"","background-repeat":"repeat","background-position":"center center","background-size":"auto","background-attachment":"scroll","background-type":"","background-media":"","overlay-type":"","overlay-color":"","overlay-opacity":"","overlay-gradient":""},"tablet":{"background-color":"","background-image":"","background-repeat":"repeat","background-position":"center center","background-size":"auto","background-attachment":"scroll","background-type":"","background-media":"","overlay-type":"","overlay-color":"","overlay-opacity":"","overlay-gradient":""},"mobile":{"background-color":"","background-image":"","background-repeat":"repeat","background-position":"center center","background-size":"auto","background-attachment":"scroll","background-type":"","background-media":"","overlay-type":"","overlay-color":"","overlay-opacity":"","overlay-gradient":""}},"ast-content-background-meta":{"desktop":{"background-color":"var(--ast-global-color-5)","background-image":"","background-repeat":"repeat","background-position":"center center","background-size":"auto","background-attachment":"scroll","background-type":"","background-media":"","overlay-type":"","overlay-color":"","overlay-opacity":"","overlay-gradient":""},"tablet":{"background-color":"var(--ast-global-color-5)","background-image":"","background-repeat":"repeat","background-position":"center center","background-size":"auto","background-attachment":"scroll","background-type":"","background-media":"","overlay-type":"","overlay-color":"","overlay-opacity":"","overlay-gradient":""},"mobile":{"background-color":"var(--ast-global-color-5)","background-image":"","background-repeat":"repeat","background-position":"center center","background-size":"auto","background-attachment":"scroll","background-type":"","background-media":"","overlay-type":"","overlay-color":"","overlay-opacity":"","overlay-gradient":""}},"footnotes":""},"class_list":["post-1856","page","type-page","status-publish","hentry"],"_links":{"self":[{"href":"https:\/\/cscan-infocan.ca\/fr\/wp-json\/wp\/v2\/pages\/1856","targetHints":{"allow":["GET"]}}],"collection":[{"href":"https:\/\/cscan-infocan.ca\/fr\/wp-json\/wp\/v2\/pages"}],"about":[{"href":"https:\/\/cscan-infocan.ca\/fr\/wp-json\/wp\/v2\/types\/page"}],"author":[{"embeddable":true,"href":"https:\/\/cscan-infocan.ca\/fr\/wp-json\/wp\/v2\/users\/76"}],"replies":[{"embeddable":true,"href":"https:\/\/cscan-infocan.ca\/fr\/wp-json\/wp\/v2\/comments?post=1856"}],"version-history":[{"count":0,"href":"https:\/\/cscan-infocan.ca\/fr\/wp-json\/wp\/v2\/pages\/1856\/revisions"}],"wp:attachment":[{"href":"https:\/\/cscan-infocan.ca\/fr\/wp-json\/wp\/v2\/media?parent=1856"}],"curies":[{"name":"wp","href":"https:\/\/api.w.org\/{rel}","templated":true}]}}