{"id":18025,"date":"2023-05-08T14:26:41","date_gmt":"2023-05-08T18:26:41","guid":{"rendered":"https:\/\/cscan-infocan.ca\/?page_id=18025"},"modified":"2025-02-06T19:46:13","modified_gmt":"2025-02-07T00:46:13","slug":"jorg-rudiger-sack","status":"publish","type":"page","link":"https:\/\/cscan-infocan.ca\/fr\/jorg-rudiger-sack\/","title":{"rendered":"J\u00f6rg-R\u00fcdiger Sack"},"content":{"rendered":"<div data-elementor-type=\"wp-page\" data-elementor-id=\"18025\" class=\"elementor elementor-18025\">\n\t\t\t\t<div class=\"elementor-element elementor-element-40d4c06a e-flex e-con-boxed e-con e-parent\" data-id=\"40d4c06a\" data-element_type=\"container\" data-e-type=\"container\">\n\t\t\t\t\t<div class=\"e-con-inner\">\n\t\t<div class=\"elementor-element elementor-element-5a619969 e-con-full e-flex e-con e-child\" data-id=\"5a619969\" data-element_type=\"container\" data-e-type=\"container\" data-settings=\"{&quot;background_background&quot;:&quot;classic&quot;}\">\n\t\t<div class=\"elementor-element elementor-element-5814c3e6 e-con-full e-flex e-con e-child\" data-id=\"5814c3e6\" data-element_type=\"container\" data-e-type=\"container\" data-settings=\"{&quot;background_background&quot;:&quot;classic&quot;}\">\n\t\t<div class=\"elementor-element elementor-element-421d762f e-con-full e-flex e-con e-child\" data-id=\"421d762f\" data-element_type=\"container\" data-e-type=\"container\" data-settings=\"{&quot;background_background&quot;:&quot;classic&quot;}\">\n\t\t\t\t<div class=\"elementor-element elementor-element-55a30e3c elementor-widget elementor-widget-heading\" data-id=\"55a30e3c\" data-element_type=\"widget\" data-e-type=\"widget\" data-widget_type=\"heading.default\">\n\t\t\t\t\t<h2 class=\"elementor-heading-title elementor-size-default\">J\u00f6rg-R\u00fcdiger Sack\n<\/h2>\t\t\t\t<\/div>\n\t\t\t\t<\/div>\n\t\t\t\t<\/div>\n\t\t<div class=\"elementor-element elementor-element-5e6d68d2 e-con-full e-flex e-con e-child\" data-id=\"5e6d68d2\" data-element_type=\"container\" data-e-type=\"container\">\n\t\t\t\t<div class=\"elementor-element elementor-element-5f7b3953 elementor-icon-list--layout-traditional elementor-list-item-link-full_width elementor-widget elementor-widget-icon-list\" data-id=\"5f7b3953\" data-element_type=\"widget\" data-e-type=\"widget\" data-widget_type=\"icon-list.default\">\n\t\t\t\t\t\t\t<ul class=\"elementor-icon-list-items\">\n\t\t\t\t\t\t\t<li class=\"elementor-icon-list-item\">\n\t\t\t\t\t\t\t\t\t\t\t<span class=\"elementor-icon-list-icon\">\n\t\t\t\t\t\t\t<svg aria-hidden=\"true\" class=\"e-font-icon-svg e-fas-university\" viewbox=\"0 0 512 512\" xmlns=\"http:\/\/www.w3.org\/2000\/svg\"><path d=\"M496 128v16a8 8 0 0 1-8 8h-24v12c0 6.627-5.373 12-12 12H60c-6.627 0-12-5.373-12-12v-12H24a8 8 0 0 1-8-8v-16a8 8 0 0 1 4.941-7.392l232-88a7.996 7.996 0 0 1 6.118 0l232 88A8 8 0 0 1 496 128zm-24 304H40c-13.255 0-24 10.745-24 24v16a8 8 0 0 0 8 8h464a8 8 0 0 0 8-8v-16c0-13.255-10.745-24-24-24zM96 192v192H60c-6.627 0-12 5.373-12 12v20h416v-20c0-6.627-5.373-12-12-12h-36V192h-64v192h-64V192h-64v192h-64V192H96z\"><\/path><\/svg>\t\t\t\t\t\t<\/span>\n\t\t\t\t\t\t\t\t\t\t<span class=\"elementor-icon-list-text\">Universit\u00e9 de Carleton<\/span>\n\t\t\t\t\t\t\t\t\t<\/li>\n\t\t\t\t\t\t<\/ul>\n\t\t\t\t\t\t<\/div>\n\t\t\t\t<div class=\"elementor-element elementor-element-36ac74b4 elementor-widget-divider--view-line elementor-widget elementor-widget-divider\" data-id=\"36ac74b4\" data-element_type=\"widget\" data-e-type=\"widget\" data-widget_type=\"divider.default\">\n\t\t\t\t\t\t\t<div class=\"elementor-divider\">\n\t\t\t<span class=\"elementor-divider-separator\">\n\t\t\t\t\t\t<\/span>\n\t\t<\/div>\n\t\t\t\t\t\t<\/div>\n\t\t\t\t<div class=\"elementor-element elementor-element-1b7db5ce elementor-widget elementor-widget-text-editor\" data-id=\"1b7db5ce\" data-element_type=\"widget\" data-e-type=\"widget\" data-widget_type=\"text-editor.default\">\n\t\t\t\t\t\t\t\t\t<div class=\"elementor-element elementor-element-1bbdb15 elementor-widget elementor-widget-text-editor\" data-id=\"1bbdb15\" data-element_type=\"widget\" data-widget_type=\"text-editor.default\"><div class=\"elementor-widget-container\"><p>J\u00f6rg-R\u00fcdiger Sack a obtenu sa ma\u00eetrise en informatique \u00e0 l'universit\u00e9 de Bonn, en Allemagne, et son doctorat \u00e0 l'universit\u00e9 McGill, \u00e0 Montr\u00e9al. Il est actuellement r\u00e9dacteur en chef des revues Computational Geometry-Theory and Applications et Journal of Spatial Information Science, ainsi que r\u00e9dacteur en chef de The Journal of Visualization and Computer Animation. M. Sack a \u00e9t\u00e9 le pr\u00e9sident fondateur du Comit\u00e9 national de liaison en informatique du CRSNG et a jou\u00e9 un r\u00f4le d\u00e9terminant dans la cr\u00e9ation de l'organisation nationale CS-Can. Il a \u00e9t\u00e9 conseiller scientifique aupr\u00e8s de l'ambassade d'Allemagne \u00e0 Ottawa et, jusqu'en 2016, il a fait partie de l'organe de d\u00e9cision de l'Initiative d'excellence allemande. Il a \u00e9t\u00e9 nomm\u00e9 pr\u00e9sident du conseil consultatif scientifique de l'Institut Zuse et est membre du comit\u00e9 consultatif et de s\u00e9lection du contenu de Scopus charg\u00e9 de l'informatique. Il a \u00e9galement \u00e9t\u00e9 membre du comit\u00e9 de l'initiative des conseils de recherche du G8 sur le financement multilat\u00e9ral de la recherche, de l'atelier de la FCI sur la cyberinfrastructure et de l'atelier de consultation Tricouncil+ sur les donn\u00e9es massives et la recherche num\u00e9rique. M. Sack est professeur \u00e0 l'\u00e9cole d'informatique de l'universit\u00e9 Carleton depuis 1983.<\/p><\/div><\/div>\t\t\t\t\t\t\t\t<\/div>\n\t\t\t\t<\/div>\n\t\t\t\t<\/div>\n\t\t\t\t\t<\/div>\n\t\t\t\t<\/div>\n\t\t\t\t<\/div>","protected":false},"excerpt":{"rendered":"<p>J\u00f6rg-R\u00fcdiger Sack Carleton University Dr. J\u00f6rg-R\u00fcdiger Sack received his Master of Computer Science degree from the University of Bonn, Germany and his Ph.D. from McGill University in Montreal. He is now the editor-in-chief of the journals Computational Geometry-Theory and Applications, and Journal of Spatial Information Science, as well as editor of The Journal of Visualization [&hellip;]<\/p>\n","protected":false},"author":76,"featured_media":0,"parent":0,"menu_order":0,"comment_status":"closed","ping_status":"closed","template":"","meta":{"site-sidebar-layout":"no-sidebar","site-content-layout":"page-builder","ast-site-content-layout":"default","site-content-style":"default","site-sidebar-style":"default","ast-global-header-display":"","ast-banner-title-visibility":"","ast-main-header-display":"","ast-hfb-above-header-display":"","ast-hfb-below-header-display":"","ast-hfb-mobile-header-display":"","site-post-title":"disabled","ast-breadcrumbs-content":"","ast-featured-img":"disabled","footer-sml-layout":"","ast-disable-related-posts":"","theme-transparent-header-meta":"","adv-header-id-meta":"","stick-header-meta":"","header-above-stick-meta":"","header-main-stick-meta":"","header-below-stick-meta":"","astra-migrate-meta-layouts":"default","ast-page-background-enabled":"default","ast-page-background-meta":{"desktop":{"background-color":"","background-image":"","background-repeat":"repeat","background-position":"center center","background-size":"auto","background-attachment":"scroll","background-type":"","background-media":"","overlay-type":"","overlay-color":"","overlay-opacity":"","overlay-gradient":""},"tablet":{"background-color":"","background-image":"","background-repeat":"repeat","background-position":"center center","background-size":"auto","background-attachment":"scroll","background-type":"","background-media":"","overlay-type":"","overlay-color":"","overlay-opacity":"","overlay-gradient":""},"mobile":{"background-color":"","background-image":"","background-repeat":"repeat","background-position":"center center","background-size":"auto","background-attachment":"scroll","background-type":"","background-media":"","overlay-type":"","overlay-color":"","overlay-opacity":"","overlay-gradient":""}},"ast-content-background-meta":{"desktop":{"background-color":"var(--ast-global-color-5)","background-image":"","background-repeat":"repeat","background-position":"center center","background-size":"auto","background-attachment":"scroll","background-type":"","background-media":"","overlay-type":"","overlay-color":"","overlay-opacity":"","overlay-gradient":""},"tablet":{"background-color":"var(--ast-global-color-5)","background-image":"","background-repeat":"repeat","background-position":"center center","background-size":"auto","background-attachment":"scroll","background-type":"","background-media":"","overlay-type":"","overlay-color":"","overlay-opacity":"","overlay-gradient":""},"mobile":{"background-color":"var(--ast-global-color-5)","background-image":"","background-repeat":"repeat","background-position":"center center","background-size":"auto","background-attachment":"scroll","background-type":"","background-media":"","overlay-type":"","overlay-color":"","overlay-opacity":"","overlay-gradient":""}},"footnotes":""},"class_list":["post-18025","page","type-page","status-publish","hentry"],"_links":{"self":[{"href":"https:\/\/cscan-infocan.ca\/fr\/wp-json\/wp\/v2\/pages\/18025","targetHints":{"allow":["GET"]}}],"collection":[{"href":"https:\/\/cscan-infocan.ca\/fr\/wp-json\/wp\/v2\/pages"}],"about":[{"href":"https:\/\/cscan-infocan.ca\/fr\/wp-json\/wp\/v2\/types\/page"}],"author":[{"embeddable":true,"href":"https:\/\/cscan-infocan.ca\/fr\/wp-json\/wp\/v2\/users\/76"}],"replies":[{"embeddable":true,"href":"https:\/\/cscan-infocan.ca\/fr\/wp-json\/wp\/v2\/comments?post=18025"}],"version-history":[{"count":12,"href":"https:\/\/cscan-infocan.ca\/fr\/wp-json\/wp\/v2\/pages\/18025\/revisions"}],"predecessor-version":[{"id":25894,"href":"https:\/\/cscan-infocan.ca\/fr\/wp-json\/wp\/v2\/pages\/18025\/revisions\/25894"}],"wp:attachment":[{"href":"https:\/\/cscan-infocan.ca\/fr\/wp-json\/wp\/v2\/media?parent=18025"}],"curies":[{"name":"wp","href":"https:\/\/api.w.org\/{rel}","templated":true}]}}