{"id":18005,"date":"2023-05-08T14:06:01","date_gmt":"2023-05-08T18:06:01","guid":{"rendered":"https:\/\/cscan-infocan.ca\/?page_id=18005"},"modified":"2024-12-22T09:36:53","modified_gmt":"2024-12-22T14:36:53","slug":"julia-rubin","status":"publish","type":"page","link":"https:\/\/cscan-infocan.ca\/fr\/julia-rubin\/","title":{"rendered":"Julia Rubin"},"content":{"rendered":"<div data-elementor-type=\"wp-page\" data-elementor-id=\"18005\" class=\"elementor elementor-18005\">\n\t\t\t\t<div class=\"elementor-element elementor-element-5fa76e2e e-flex e-con-boxed e-con e-parent\" data-id=\"5fa76e2e\" data-element_type=\"container\" data-e-type=\"container\">\n\t\t\t\t\t<div class=\"e-con-inner\">\n\t\t<div class=\"elementor-element elementor-element-bcef25 e-con-full e-flex e-con e-child\" data-id=\"bcef25\" data-element_type=\"container\" data-e-type=\"container\" data-settings=\"{&quot;background_background&quot;:&quot;classic&quot;}\">\n\t\t<div class=\"elementor-element elementor-element-2f834285 e-con-full e-flex e-con e-child\" data-id=\"2f834285\" data-element_type=\"container\" data-e-type=\"container\" data-settings=\"{&quot;background_background&quot;:&quot;classic&quot;}\">\n\t\t<div class=\"elementor-element elementor-element-58b58c3e e-con-full e-flex e-con e-child\" data-id=\"58b58c3e\" data-element_type=\"container\" data-e-type=\"container\" data-settings=\"{&quot;background_background&quot;:&quot;classic&quot;}\">\n\t\t\t\t<div class=\"elementor-element elementor-element-678b8dbc elementor-widget elementor-widget-heading\" data-id=\"678b8dbc\" data-element_type=\"widget\" data-e-type=\"widget\" data-widget_type=\"heading.default\">\n\t\t\t\t\t<h2 class=\"elementor-heading-title elementor-size-default\">Julia Rubin<\/h2>\t\t\t\t<\/div>\n\t\t\t\t<\/div>\n\t\t\t\t<\/div>\n\t\t<div class=\"elementor-element elementor-element-5270e79 e-con-full e-flex e-con e-child\" data-id=\"5270e79\" data-element_type=\"container\" data-e-type=\"container\">\n\t\t\t\t<div class=\"elementor-element elementor-element-e2b0b50 elementor-icon-list--layout-traditional elementor-list-item-link-full_width elementor-widget elementor-widget-icon-list\" data-id=\"e2b0b50\" data-element_type=\"widget\" data-e-type=\"widget\" data-widget_type=\"icon-list.default\">\n\t\t\t\t\t\t\t<ul class=\"elementor-icon-list-items\">\n\t\t\t\t\t\t\t<li class=\"elementor-icon-list-item\">\n\t\t\t\t\t\t\t\t\t\t\t<span class=\"elementor-icon-list-icon\">\n\t\t\t\t\t\t\t<svg aria-hidden=\"true\" class=\"e-font-icon-svg e-fas-university\" viewbox=\"0 0 512 512\" xmlns=\"http:\/\/www.w3.org\/2000\/svg\"><path d=\"M496 128v16a8 8 0 0 1-8 8h-24v12c0 6.627-5.373 12-12 12H60c-6.627 0-12-5.373-12-12v-12H24a8 8 0 0 1-8-8v-16a8 8 0 0 1 4.941-7.392l232-88a7.996 7.996 0 0 1 6.118 0l232 88A8 8 0 0 1 496 128zm-24 304H40c-13.255 0-24 10.745-24 24v16a8 8 0 0 0 8 8h464a8 8 0 0 0 8-8v-16c0-13.255-10.745-24-24-24zM96 192v192H60c-6.627 0-12 5.373-12 12v20h416v-20c0-6.627-5.373-12-12-12h-36V192h-64v192h-64V192h-64v192h-64V192H96z\"><\/path><\/svg>\t\t\t\t\t\t<\/span>\n\t\t\t\t\t\t\t\t\t\t<span class=\"elementor-icon-list-text\">Universit\u00e9 de la Colombie-Britannique<\/span>\n\t\t\t\t\t\t\t\t\t<\/li>\n\t\t\t\t\t\t<\/ul>\n\t\t\t\t\t\t<\/div>\n\t\t\t\t<div class=\"elementor-element elementor-element-7dbb7d0 elementor-widget-divider--view-line elementor-widget elementor-widget-divider\" data-id=\"7dbb7d0\" data-element_type=\"widget\" data-e-type=\"widget\" data-widget_type=\"divider.default\">\n\t\t\t\t\t\t\t<div class=\"elementor-divider\">\n\t\t\t<span class=\"elementor-divider-separator\">\n\t\t\t\t\t\t<\/span>\n\t\t<\/div>\n\t\t\t\t\t\t<\/div>\n\t\t\t\t<div class=\"elementor-element elementor-element-4945a353 elementor-widget elementor-widget-text-editor\" data-id=\"4945a353\" data-element_type=\"widget\" data-e-type=\"widget\" data-widget_type=\"text-editor.default\">\n\t\t\t\t\t\t\t\t\t<p class=\"Normal1\"><span lang=\"EN\">Julia Rubin est professeur associ\u00e9 et titulaire d'une chaire de recherche du Canada de niveau II sur les logiciels fiables \u00e0 l'Universit\u00e9 de la Colombie-Britannique. Ses recherches portent sur l'\u00e9laboration de nouvelles th\u00e9ories et approches qui permettent de construire des logiciels fiables de mani\u00e8re efficace. Plus pr\u00e9cis\u00e9ment, avec son groupe de recherche, elle d\u00e9veloppe des solutions pour rendre les logiciels et les syst\u00e8mes bas\u00e9s sur l'apprentissage automatique plus dignes de confiance : fiables, s\u00fbrs, explicables et \u00e9quitables. Ses travaux dans ces domaines ont \u00e9t\u00e9 r\u00e9compens\u00e9s par plusieurs prix Distinguished\/Best Paper Awards lors de conf\u00e9rences de premier plan et ont \u00e9t\u00e9 adopt\u00e9s par de grandes entreprises industrielles.<\/span><\/p><p class=\"Normal1\"><span lang=\"EN\">Mme Rubin est un membre actif de la communaut\u00e9 scientifique. Elle fait partie des comit\u00e9s de programme de plusieurs conf\u00e9rences phares dans le domaine du g\u00e9nie logiciel, telles que l'International Conference on Software Engineering (ICSE), Foundations of Software Engineering (FSE) et Automated Software Engineering (ASE) ; elle a copr\u00e9sid\u00e9 les comit\u00e9s de programme de conf\u00e9rences majeures, y compris ASE 2022. Mme Rubin m\u00e8ne des activit\u00e9s de sensibilisation pour partager sa passion pour la science et la technologie avec des membres de groupes sous-repr\u00e9sent\u00e9s et encadre des \u00e9tudiants qui poursuivent des carri\u00e8res fructueuses dans l'industrie et le monde universitaire.\n\nTraduit avec www.DeepL.com\/Translator (version gratuite)<\/span><\/p>\t\t\t\t\t\t\t\t<\/div>\n\t\t\t\t<\/div>\n\t\t\t\t<\/div>\n\t\t\t\t\t<\/div>\n\t\t\t\t<\/div>\n\t\t\t\t<\/div>","protected":false},"excerpt":{"rendered":"<p>Julia Rubin University of British Columbia Dr. Julia Rubin is an Associate Professor and a Canada Research Chair, Tier II, in Trustworthy Software at the University of British Columbia. Her research focuses on devising new theories and approaches that enable construction of reliable software in an efficient manner. Specifically, together with her research group, she [&hellip;]<\/p>\n","protected":false},"author":76,"featured_media":0,"parent":0,"menu_order":0,"comment_status":"closed","ping_status":"closed","template":"","meta":{"site-sidebar-layout":"no-sidebar","site-content-layout":"page-builder","ast-site-content-layout":"default","site-content-style":"default","site-sidebar-style":"default","ast-global-header-display":"","ast-banner-title-visibility":"","ast-main-header-display":"","ast-hfb-above-header-display":"","ast-hfb-below-header-display":"","ast-hfb-mobile-header-display":"","site-post-title":"disabled","ast-breadcrumbs-content":"","ast-featured-img":"disabled","footer-sml-layout":"","ast-disable-related-posts":"","theme-transparent-header-meta":"","adv-header-id-meta":"","stick-header-meta":"","header-above-stick-meta":"","header-main-stick-meta":"","header-below-stick-meta":"","astra-migrate-meta-layouts":"default","ast-page-background-enabled":"default","ast-page-background-meta":{"desktop":{"background-color":"","background-image":"","background-repeat":"repeat","background-position":"center center","background-size":"auto","background-attachment":"scroll","background-type":"","background-media":"","overlay-type":"","overlay-color":"","overlay-opacity":"","overlay-gradient":""},"tablet":{"background-color":"","background-image":"","background-repeat":"repeat","background-position":"center center","background-size":"auto","background-attachment":"scroll","background-type":"","background-media":"","overlay-type":"","overlay-color":"","overlay-opacity":"","overlay-gradient":""},"mobile":{"background-color":"","background-image":"","background-repeat":"repeat","background-position":"center center","background-size":"auto","background-attachment":"scroll","background-type":"","background-media":"","overlay-type":"","overlay-color":"","overlay-opacity":"","overlay-gradient":""}},"ast-content-background-meta":{"desktop":{"background-color":"var(--ast-global-color-5)","background-image":"","background-repeat":"repeat","background-position":"center center","background-size":"auto","background-attachment":"scroll","background-type":"","background-media":"","overlay-type":"","overlay-color":"","overlay-opacity":"","overlay-gradient":""},"tablet":{"background-color":"var(--ast-global-color-5)","background-image":"","background-repeat":"repeat","background-position":"center center","background-size":"auto","background-attachment":"scroll","background-type":"","background-media":"","overlay-type":"","overlay-color":"","overlay-opacity":"","overlay-gradient":""},"mobile":{"background-color":"var(--ast-global-color-5)","background-image":"","background-repeat":"repeat","background-position":"center center","background-size":"auto","background-attachment":"scroll","background-type":"","background-media":"","overlay-type":"","overlay-color":"","overlay-opacity":"","overlay-gradient":""}},"footnotes":""},"class_list":["post-18005","page","type-page","status-publish","hentry"],"_links":{"self":[{"href":"https:\/\/cscan-infocan.ca\/fr\/wp-json\/wp\/v2\/pages\/18005","targetHints":{"allow":["GET"]}}],"collection":[{"href":"https:\/\/cscan-infocan.ca\/fr\/wp-json\/wp\/v2\/pages"}],"about":[{"href":"https:\/\/cscan-infocan.ca\/fr\/wp-json\/wp\/v2\/types\/page"}],"author":[{"embeddable":true,"href":"https:\/\/cscan-infocan.ca\/fr\/wp-json\/wp\/v2\/users\/76"}],"replies":[{"embeddable":true,"href":"https:\/\/cscan-infocan.ca\/fr\/wp-json\/wp\/v2\/comments?post=18005"}],"version-history":[{"count":6,"href":"https:\/\/cscan-infocan.ca\/fr\/wp-json\/wp\/v2\/pages\/18005\/revisions"}],"predecessor-version":[{"id":24958,"href":"https:\/\/cscan-infocan.ca\/fr\/wp-json\/wp\/v2\/pages\/18005\/revisions\/24958"}],"wp:attachment":[{"href":"https:\/\/cscan-infocan.ca\/fr\/wp-json\/wp\/v2\/media?parent=18005"}],"curies":[{"name":"wp","href":"https:\/\/api.w.org\/{rel}","templated":true}]}}