{"id":17999,"date":"2023-05-08T14:04:05","date_gmt":"2023-05-08T18:04:05","guid":{"rendered":"https:\/\/cscan-infocan.ca\/?page_id=17999"},"modified":"2024-12-22T09:37:36","modified_gmt":"2024-12-22T14:37:36","slug":"alec-jacobson","status":"publish","type":"page","link":"https:\/\/cscan-infocan.ca\/fr\/alec-jacobson\/","title":{"rendered":"Alec Jacobson"},"content":{"rendered":"<div data-elementor-type=\"wp-page\" data-elementor-id=\"17999\" class=\"elementor elementor-17999\">\n\t\t\t\t<div class=\"elementor-element elementor-element-76843bdb e-flex e-con-boxed e-con e-parent\" data-id=\"76843bdb\" data-element_type=\"container\" data-e-type=\"container\">\n\t\t\t\t\t<div class=\"e-con-inner\">\n\t\t<div class=\"elementor-element elementor-element-3997d109 e-con-full e-flex e-con e-child\" data-id=\"3997d109\" data-element_type=\"container\" data-e-type=\"container\" data-settings=\"{&quot;background_background&quot;:&quot;classic&quot;}\">\n\t\t<div class=\"elementor-element elementor-element-5f67754b e-con-full e-flex e-con e-child\" data-id=\"5f67754b\" data-element_type=\"container\" data-e-type=\"container\" data-settings=\"{&quot;background_background&quot;:&quot;classic&quot;}\">\n\t\t<div class=\"elementor-element elementor-element-698fed17 e-con-full e-flex e-con e-child\" data-id=\"698fed17\" data-element_type=\"container\" data-e-type=\"container\" data-settings=\"{&quot;background_background&quot;:&quot;classic&quot;}\">\n\t\t\t\t<div class=\"elementor-element elementor-element-51511ba5 elementor-widget elementor-widget-heading\" data-id=\"51511ba5\" data-element_type=\"widget\" data-e-type=\"widget\" data-widget_type=\"heading.default\">\n\t\t\t\t\t<h2 class=\"elementor-heading-title elementor-size-default\">Alec Jacobson<\/h2>\t\t\t\t<\/div>\n\t\t\t\t<\/div>\n\t\t\t\t<\/div>\n\t\t<div class=\"elementor-element elementor-element-43d1325 e-con-full e-flex e-con e-child\" data-id=\"43d1325\" data-element_type=\"container\" data-e-type=\"container\">\n\t\t\t\t<div class=\"elementor-element elementor-element-fed76c6 elementor-icon-list--layout-traditional elementor-list-item-link-full_width elementor-widget elementor-widget-icon-list\" data-id=\"fed76c6\" data-element_type=\"widget\" data-e-type=\"widget\" data-widget_type=\"icon-list.default\">\n\t\t\t\t\t\t\t<ul class=\"elementor-icon-list-items\">\n\t\t\t\t\t\t\t<li class=\"elementor-icon-list-item\">\n\t\t\t\t\t\t\t\t\t\t\t<span class=\"elementor-icon-list-icon\">\n\t\t\t\t\t\t\t<svg aria-hidden=\"true\" class=\"e-font-icon-svg e-fas-university\" viewbox=\"0 0 512 512\" xmlns=\"http:\/\/www.w3.org\/2000\/svg\"><path d=\"M496 128v16a8 8 0 0 1-8 8h-24v12c0 6.627-5.373 12-12 12H60c-6.627 0-12-5.373-12-12v-12H24a8 8 0 0 1-8-8v-16a8 8 0 0 1 4.941-7.392l232-88a7.996 7.996 0 0 1 6.118 0l232 88A8 8 0 0 1 496 128zm-24 304H40c-13.255 0-24 10.745-24 24v16a8 8 0 0 0 8 8h464a8 8 0 0 0 8-8v-16c0-13.255-10.745-24-24-24zM96 192v192H60c-6.627 0-12 5.373-12 12v20h416v-20c0-6.627-5.373-12-12-12h-36V192h-64v192h-64V192h-64v192h-64V192H96z\"><\/path><\/svg>\t\t\t\t\t\t<\/span>\n\t\t\t\t\t\t\t\t\t\t<span class=\"elementor-icon-list-text\">Universit\u00e9 de Toronto<\/span>\n\t\t\t\t\t\t\t\t\t<\/li>\n\t\t\t\t\t\t<\/ul>\n\t\t\t\t\t\t<\/div>\n\t\t\t\t<div class=\"elementor-element elementor-element-20e7745 elementor-widget-divider--view-line elementor-widget elementor-widget-divider\" data-id=\"20e7745\" data-element_type=\"widget\" data-e-type=\"widget\" data-widget_type=\"divider.default\">\n\t\t\t\t\t\t\t<div class=\"elementor-divider\">\n\t\t\t<span class=\"elementor-divider-separator\">\n\t\t\t\t\t\t<\/span>\n\t\t<\/div>\n\t\t\t\t\t\t<\/div>\n\t\t\t\t<div class=\"elementor-element elementor-element-462588bb elementor-widget elementor-widget-text-editor\" data-id=\"462588bb\" data-element_type=\"widget\" data-e-type=\"widget\" data-widget_type=\"text-editor.default\">\n\t\t\t\t\t\t\t\t\t<p>Alec Jacobson est professeur agr\u00e9g\u00e9 aux d\u00e9partements d'informatique et de math\u00e9matiques de l'Universit\u00e9 de Toronto, o\u00f9 il est \u00e9galement titulaire d'une chaire de recherche du Canada sur le traitement de la g\u00e9om\u00e9trie. Les recherches de pointe d'Alec sur les d\u00e9formations de formes, la t\u00e9tra\u00e9dralisation robuste des maillages et les fonctions d'apprentissage profond ont eu un impact profond sur des domaines aussi divers que l'architecture, l'ing\u00e9nierie structurelle et le th\u00e9\u00e2tre. Il a publi\u00e9 plus de 40 articles dans les meilleurs domaines de l'infographie (ACM TOG\/SIGGRAPH), de la vision par ordinateur (CVPR), de l'interaction homme-machine (ACM SIGCHI) et de l'apprentissage automatique (NeurIPS), dont plusieurs articles marquants de SIGGRAPH. En plus de ses r\u00e9alisations exceptionnelles en mati\u00e8re de recherche, Alec a un parcours remarquable en tant que leader scientifique ; entre autres, il a \u00e9t\u00e9 copr\u00e9sident du programme technique pour le Symposium 2020 sur le traitement de la g\u00e9om\u00e9trie et est actuellement r\u00e9dacteur en chef adjoint de ACM Transactions on Graphics, la principale revue d'infographie. Il a \u00e9galement dirig\u00e9 le d\u00e9veloppement de libigl, une biblioth\u00e8que de traitement de la g\u00e9om\u00e9trie largement utilis\u00e9e dans les universit\u00e9s et l'industrie, et a fond\u00e9 le Toronto Geometry Colloquium, une s\u00e9rie d'\u00e9missions en ligne sur le traitement de la g\u00e9om\u00e9trie qui a connu un succ\u00e8s viral. Les r\u00e9alisations extraordinaires d'Alec lui ont valu de nombreuses r\u00e9compenses prestigieuses, notamment une bourse de recherche Sloan, le prix ACM SIGGRAPH Significant New Researcher Award, le prix Eurographics Significant Young Researcher Award et le prix Eurographics\/ACM Symposium on Geometry Processing Dataset Award.<\/p>\t\t\t\t\t\t\t\t<\/div>\n\t\t\t\t<\/div>\n\t\t\t\t<\/div>\n\t\t\t\t\t<\/div>\n\t\t\t\t<\/div>\n\t\t\t\t<\/div>","protected":false},"excerpt":{"rendered":"<p>Alec Jacobson University of Toronto Dr. Alec Jacobson is an Associate Professor in the Departments of Computer Science and Mathematics at the University of Toronto, where he also holds an appointment as Canada Research Chair in Geometry Processing. Alec\u2019s world-leading research on shape deformations, robust mesh tetrahedralization, and deep learning functions has had a profound [&hellip;]<\/p>\n","protected":false},"author":76,"featured_media":0,"parent":0,"menu_order":0,"comment_status":"closed","ping_status":"closed","template":"","meta":{"site-sidebar-layout":"no-sidebar","site-content-layout":"page-builder","ast-site-content-layout":"default","site-content-style":"default","site-sidebar-style":"default","ast-global-header-display":"","ast-banner-title-visibility":"","ast-main-header-display":"","ast-hfb-above-header-display":"","ast-hfb-below-header-display":"","ast-hfb-mobile-header-display":"","site-post-title":"disabled","ast-breadcrumbs-content":"","ast-featured-img":"disabled","footer-sml-layout":"","ast-disable-related-posts":"","theme-transparent-header-meta":"","adv-header-id-meta":"","stick-header-meta":"","header-above-stick-meta":"","header-main-stick-meta":"","header-below-stick-meta":"","astra-migrate-meta-layouts":"default","ast-page-background-enabled":"default","ast-page-background-meta":{"desktop":{"background-color":"","background-image":"","background-repeat":"repeat","background-position":"center center","background-size":"auto","background-attachment":"scroll","background-type":"","background-media":"","overlay-type":"","overlay-color":"","overlay-opacity":"","overlay-gradient":""},"tablet":{"background-color":"","background-image":"","background-repeat":"repeat","background-position":"center center","background-size":"auto","background-attachment":"scroll","background-type":"","background-media":"","overlay-type":"","overlay-color":"","overlay-opacity":"","overlay-gradient":""},"mobile":{"background-color":"","background-image":"","background-repeat":"repeat","background-position":"center center","background-size":"auto","background-attachment":"scroll","background-type":"","background-media":"","overlay-type":"","overlay-color":"","overlay-opacity":"","overlay-gradient":""}},"ast-content-background-meta":{"desktop":{"background-color":"var(--ast-global-color-5)","background-image":"","background-repeat":"repeat","background-position":"center center","background-size":"auto","background-attachment":"scroll","background-type":"","background-media":"","overlay-type":"","overlay-color":"","overlay-opacity":"","overlay-gradient":""},"tablet":{"background-color":"var(--ast-global-color-5)","background-image":"","background-repeat":"repeat","background-position":"center center","background-size":"auto","background-attachment":"scroll","background-type":"","background-media":"","overlay-type":"","overlay-color":"","overlay-opacity":"","overlay-gradient":""},"mobile":{"background-color":"var(--ast-global-color-5)","background-image":"","background-repeat":"repeat","background-position":"center center","background-size":"auto","background-attachment":"scroll","background-type":"","background-media":"","overlay-type":"","overlay-color":"","overlay-opacity":"","overlay-gradient":""}},"footnotes":""},"class_list":["post-17999","page","type-page","status-publish","hentry"],"_links":{"self":[{"href":"https:\/\/cscan-infocan.ca\/fr\/wp-json\/wp\/v2\/pages\/17999","targetHints":{"allow":["GET"]}}],"collection":[{"href":"https:\/\/cscan-infocan.ca\/fr\/wp-json\/wp\/v2\/pages"}],"about":[{"href":"https:\/\/cscan-infocan.ca\/fr\/wp-json\/wp\/v2\/types\/page"}],"author":[{"embeddable":true,"href":"https:\/\/cscan-infocan.ca\/fr\/wp-json\/wp\/v2\/users\/76"}],"replies":[{"embeddable":true,"href":"https:\/\/cscan-infocan.ca\/fr\/wp-json\/wp\/v2\/comments?post=17999"}],"version-history":[{"count":9,"href":"https:\/\/cscan-infocan.ca\/fr\/wp-json\/wp\/v2\/pages\/17999\/revisions"}],"predecessor-version":[{"id":24961,"href":"https:\/\/cscan-infocan.ca\/fr\/wp-json\/wp\/v2\/pages\/17999\/revisions\/24961"}],"wp:attachment":[{"href":"https:\/\/cscan-infocan.ca\/fr\/wp-json\/wp\/v2\/media?parent=17999"}],"curies":[{"name":"wp","href":"https:\/\/api.w.org\/{rel}","templated":true}]}}