{"id":17978,"date":"2023-05-08T13:58:40","date_gmt":"2023-05-08T17:58:40","guid":{"rendered":"https:\/\/cscan-infocan.ca\/?page_id=17978"},"modified":"2024-12-21T12:31:05","modified_gmt":"2024-12-21T17:31:05","slug":"alan-mackworth","status":"publish","type":"page","link":"https:\/\/cscan-infocan.ca\/fr\/alan-mackworth\/","title":{"rendered":"Alan Mackworth"},"content":{"rendered":"<div data-elementor-type=\"wp-page\" data-elementor-id=\"17978\" class=\"elementor elementor-17978\">\n\t\t\t\t<div class=\"elementor-element elementor-element-2ca500b e-flex e-con-boxed e-con e-parent\" data-id=\"2ca500b\" data-element_type=\"container\" data-e-type=\"container\">\n\t\t\t\t\t<div class=\"e-con-inner\">\n\t\t<div class=\"elementor-element elementor-element-1ed1788f e-con-full e-flex e-con e-child\" data-id=\"1ed1788f\" data-element_type=\"container\" data-e-type=\"container\" data-settings=\"{&quot;background_background&quot;:&quot;classic&quot;}\">\n\t\t<div class=\"elementor-element elementor-element-6824883e e-con-full e-flex e-con e-child\" data-id=\"6824883e\" data-element_type=\"container\" data-e-type=\"container\">\n\t\t<div class=\"elementor-element elementor-element-1a8d39ff e-con-full e-flex e-con e-child\" data-id=\"1a8d39ff\" data-element_type=\"container\" data-e-type=\"container\" data-settings=\"{&quot;background_background&quot;:&quot;classic&quot;}\">\n\t\t<div class=\"elementor-element elementor-element-7fa10db1 e-con-full e-flex e-con e-child\" data-id=\"7fa10db1\" data-element_type=\"container\" data-e-type=\"container\" data-settings=\"{&quot;background_background&quot;:&quot;classic&quot;}\">\n\t\t\t\t<div class=\"elementor-element elementor-element-27990af7 elementor-widget elementor-widget-heading\" data-id=\"27990af7\" data-element_type=\"widget\" data-e-type=\"widget\" data-widget_type=\"heading.default\">\n\t\t\t\t\t<h2 class=\"elementor-heading-title elementor-size-default\">Alan Mackworth<\/h2>\t\t\t\t<\/div>\n\t\t\t\t<\/div>\n\t\t\t\t<\/div>\n\t\t<div class=\"elementor-element elementor-element-1b957099 e-con-full e-flex e-con e-child\" data-id=\"1b957099\" data-element_type=\"container\" data-e-type=\"container\">\n\t\t\t\t<div class=\"elementor-element elementor-element-c490d0b elementor-icon-list--layout-traditional elementor-list-item-link-full_width elementor-widget elementor-widget-icon-list\" data-id=\"c490d0b\" data-element_type=\"widget\" data-e-type=\"widget\" data-widget_type=\"icon-list.default\">\n\t\t\t\t\t\t\t<ul class=\"elementor-icon-list-items\">\n\t\t\t\t\t\t\t<li class=\"elementor-icon-list-item\">\n\t\t\t\t\t\t\t\t\t\t\t<span class=\"elementor-icon-list-icon\">\n\t\t\t\t\t\t\t<svg aria-hidden=\"true\" class=\"e-font-icon-svg e-fas-university\" viewbox=\"0 0 512 512\" xmlns=\"http:\/\/www.w3.org\/2000\/svg\"><path d=\"M496 128v16a8 8 0 0 1-8 8h-24v12c0 6.627-5.373 12-12 12H60c-6.627 0-12-5.373-12-12v-12H24a8 8 0 0 1-8-8v-16a8 8 0 0 1 4.941-7.392l232-88a7.996 7.996 0 0 1 6.118 0l232 88A8 8 0 0 1 496 128zm-24 304H40c-13.255 0-24 10.745-24 24v16a8 8 0 0 0 8 8h464a8 8 0 0 0 8-8v-16c0-13.255-10.745-24-24-24zM96 192v192H60c-6.627 0-12 5.373-12 12v20h416v-20c0-6.627-5.373-12-12-12h-36V192h-64v192h-64V192h-64v192h-64V192H96z\"><\/path><\/svg>\t\t\t\t\t\t<\/span>\n\t\t\t\t\t\t\t\t\t\t<span class=\"elementor-icon-list-text\">Universit\u00e9 de la Colombie-Britannique<\/span>\n\t\t\t\t\t\t\t\t\t<\/li>\n\t\t\t\t\t\t<\/ul>\n\t\t\t\t\t\t<\/div>\n\t\t\t\t<div class=\"elementor-element elementor-element-571002d elementor-widget-divider--view-line elementor-widget elementor-widget-divider\" data-id=\"571002d\" data-element_type=\"widget\" data-e-type=\"widget\" data-widget_type=\"divider.default\">\n\t\t\t\t\t\t\t<div class=\"elementor-divider\">\n\t\t\t<span class=\"elementor-divider-separator\">\n\t\t\t\t\t\t<\/span>\n\t\t<\/div>\n\t\t\t\t\t\t<\/div>\n\t\t\t\t<div class=\"elementor-element elementor-element-30daf837 elementor-widget elementor-widget-text-editor\" data-id=\"30daf837\" data-element_type=\"widget\" data-e-type=\"widget\" data-widget_type=\"text-editor.default\">\n\t\t\t\t\t\t\t\t\t<p>Alan Mackworth, professeur \u00e9m\u00e9rite \u00e0 l'universit\u00e9 de Colombie-Britannique, est un chercheur de renomm\u00e9e internationale dans le domaine de l'intelligence artificielle (IA), dont les contributions marquantes ont jet\u00e9 les bases de ce domaine et ont eu un impact \u00e9norme sur la vision par ordinateur, la robotique et d'autres domaines. Il a \u00e9t\u00e9 un leader influent \u00e0 la t\u00eate de soci\u00e9t\u00e9s nationales et internationales d'intelligence artificielle, tr\u00e8s efficace pour plaider en faveur du soutien \u00e0 la recherche sur l'intelligence artificielle et pour d\u00e9fendre des politiques qui guident l'utilisation de l'intelligence artificielle au profit de la soci\u00e9t\u00e9. Alan a \u00e9galement \u00e9t\u00e9 un leader dans le domaine de l'\u00e9ducation, initiant le d\u00e9veloppement des programmes d'IA et de syst\u00e8mes cognitifs \u00e0 l'UBC, et co-auteur de deux livres sur l'IA et d'un autre sur l'\u00e9thique de la conception. Il a \u00e9t\u00e9 un superviseur, un collaborateur, un mentor et un enseignant hors pair, dont les \u00e9l\u00e8ves sont eux-m\u00eames des chercheurs productifs dans le monde entier.<\/p>\n<p>Les recherches pionni\u00e8res d'Alan sur les repr\u00e9sentations de connaissances bas\u00e9es sur les contraintes ont contribu\u00e9 \u00e0 \u00e9tablir le domaine de la programmation par contraintes. Ses premiers travaux ont montr\u00e9 comment les contraintes physiques pouvaient \u00eatre exploit\u00e9es pour concevoir et analyser des syst\u00e8mes intelligents de vision par ordinateur. Il a ensuite montr\u00e9 comment la programmation bas\u00e9e sur les contraintes pouvait faire progresser les m\u00e9thodes d'ordonnancement, les syst\u00e8mes hybrides et la th\u00e9orie du contr\u00f4le, avec de nombreuses applications en robotique. Ses id\u00e9es sont int\u00e9gr\u00e9es dans de nombreux langages de programmation par contraintes et sont utilis\u00e9es pour la planification des vols des compagnies a\u00e9riennes, des livraisons de camions, etc. Alan est \u00e9galement connu comme le p\u00e8re fondateur de la c\u00e9l\u00e8bre comp\u00e9tition mondiale de football robotique RoboCup, qui a stimul\u00e9 un vaste \u00e9ventail de recherches dans le domaine de la robotique guid\u00e9e par la perception et a attir\u00e9 de nouveaux talents dans ce domaine. En 1993, deux des articles phares d'Alan sur la satisfaction des contraintes ont \u00e9t\u00e9 distingu\u00e9s par la principale revue, Artificial Intelligence, comme faisant partie des 50 articles les plus cit\u00e9s de ses 38 ans d'histoire. Ses travaux, qui ont fait l'objet de nombreuses citations, ont \u00e9galement \u00e9t\u00e9 r\u00e9compens\u00e9s par de nombreuses autres distinctions prestigieuses, notamment une chaire de recherche du Canada, une chaire de recherche IBM et le prix CAIAC pour l'ensemble de sa carri\u00e8re.<\/p>\n<p><!-- \/wp:paragraph --><!-- wp:paragraph --><\/p>\t\t\t\t\t\t\t\t<\/div>\n\t\t\t\t<div class=\"elementor-element elementor-element-2afd612f elementor-widget elementor-widget-text-editor\" data-id=\"2afd612f\" data-element_type=\"widget\" data-e-type=\"widget\" data-widget_type=\"text-editor.default\">\n\t\t\t\t\t\t\t\t\t<p>Les recherches d'Alan ont conduit \u00e0 la cr\u00e9ation d'une entreprise d\u00e9riv\u00e9e de l'UBC, Point Grey Research, qui a con\u00e7u, fabriqu\u00e9 et vendu des syst\u00e8mes d'imagerie num\u00e9rique et de vision st\u00e9r\u00e9o pour robots. Il a \u00e9galement travaill\u00e9 avec des chercheurs de tout le Canada qui se concentrent sur l'application de l'IA et de la robotique aux besoins des personnes handicap\u00e9es et des personnes \u00e2g\u00e9es. Son \u00e9quipe a mis au point un fauteuil roulant intelligent qui est conscient de son environnement et peut aider son utilisateur \u00e0 s'y orienter \u00e0 l'aide de cartes, de la vision st\u00e9r\u00e9oscopique et d'autres capteurs, ce qui a conduit \u00e0 la cr\u00e9ation de Braze Mobility, une startup prosp\u00e8re qui fabrique des capteurs pour fauteuils roulants qui facilitent la navigation.<\/p>\n<p>Alan a \u00e9t\u00e9 un leader efficace dans le d\u00e9veloppement de l'IA \u00e0 l'UBC, au Canada et au niveau international. Il a \u00e9t\u00e9 le premier pr\u00e9sident canadien de l'Association for the Advancement of Artificial Intelligence (AAAI), la principale soci\u00e9t\u00e9 scientifique internationale dans le domaine de l'IA. Il a \u00e9t\u00e9 vice-pr\u00e9sident et pr\u00e9sident du comit\u00e9 permanent de la One Hundred Year Study of Artificial Intelligence (AI100), bas\u00e9e \u00e0 Stanford. AI100 m\u00e8ne des \u00e9tudes longitudinales sur l'IA, tous les cinq ans au cours des 100 prochaines ann\u00e9es, qui examinent l'impact des applications de l'intelligence artificielle sur la fa\u00e7on dont les gens travaillent, vivent et se divertissent. Il a supervis\u00e9 ou co-supervis\u00e9 44 \u00e9tudiants de troisi\u00e8me cycle, dont beaucoup ont acc\u00e9d\u00e9 \u00e0 des postes de premier plan dans le monde universitaire et dans l'industrie, et il a \u00e9galement profond\u00e9ment influenc\u00e9 la carri\u00e8re d'autres coll\u00e8gues.<\/p>\n<p>\u00c0 l'UBC, M. Mackworth a d\u00e9velopp\u00e9 ou co-d\u00e9velopp\u00e9 de nombreux cours et programmes de CS en intelligence artificielle et dans des domaines connexes, notamment le populaire programme de syst\u00e8mes cognitifs de l'UBC, commun aux facult\u00e9s des arts et des sciences. Il est coauteur de deux manuels, Computational Intelligence : A Logical Approach (1998) et Artificial Intelligence : Foundations of Computational Agents (2010 ; deuxi\u00e8me \u00e9dition, 2017 ; une troisi\u00e8me \u00e9dition est en pr\u00e9paration, publi\u00e9e par Cambridge University Press). Ce dernier texte, qui est publiquement disponible en ligne, a eu ~219 000 utilisateurs uniques de plus de 200 pays en 2021.<\/p>\t\t\t\t\t\t\t\t<\/div>\n\t\t\t\t<\/div>\n\t\t\t\t<\/div>\n\t\t\t\t<\/div>\n\t\t\t\t\t<\/div>\n\t\t\t\t<\/div>\n\t\t\t\t<\/div>","protected":false},"excerpt":{"rendered":"<p>Alan Mackworth University of British Columbia Alan Mackworth, Professor Emeritus at the University of British Columbia, is an internationally renowned researcher in Artificial Intelligence (AI), whose landmark contributions have shaped the foundations on the field and have had enormous impact in Computer Vision, Robotics, and beyond. He has been an influential leader at the helm [&hellip;]<\/p>\n","protected":false},"author":76,"featured_media":0,"parent":0,"menu_order":0,"comment_status":"closed","ping_status":"closed","template":"","meta":{"site-sidebar-layout":"no-sidebar","site-content-layout":"page-builder","ast-site-content-layout":"default","site-content-style":"default","site-sidebar-style":"default","ast-global-header-display":"","ast-banner-title-visibility":"","ast-main-header-display":"","ast-hfb-above-header-display":"","ast-hfb-below-header-display":"","ast-hfb-mobile-header-display":"","site-post-title":"disabled","ast-breadcrumbs-content":"","ast-featured-img":"disabled","footer-sml-layout":"","ast-disable-related-posts":"","theme-transparent-header-meta":"","adv-header-id-meta":"","stick-header-meta":"","header-above-stick-meta":"","header-main-stick-meta":"","header-below-stick-meta":"","astra-migrate-meta-layouts":"default","ast-page-background-enabled":"default","ast-page-background-meta":{"desktop":{"background-color":"","background-image":"","background-repeat":"repeat","background-position":"center center","background-size":"auto","background-attachment":"scroll","background-type":"","background-media":"","overlay-type":"","overlay-color":"","overlay-opacity":"","overlay-gradient":""},"tablet":{"background-color":"","background-image":"","background-repeat":"repeat","background-position":"center center","background-size":"auto","background-attachment":"scroll","background-type":"","background-media":"","overlay-type":"","overlay-color":"","overlay-opacity":"","overlay-gradient":""},"mobile":{"background-color":"","background-image":"","background-repeat":"repeat","background-position":"center center","background-size":"auto","background-attachment":"scroll","background-type":"","background-media":"","overlay-type":"","overlay-color":"","overlay-opacity":"","overlay-gradient":""}},"ast-content-background-meta":{"desktop":{"background-color":"var(--ast-global-color-5)","background-image":"","background-repeat":"repeat","background-position":"center center","background-size":"auto","background-attachment":"scroll","background-type":"","background-media":"","overlay-type":"","overlay-color":"","overlay-opacity":"","overlay-gradient":""},"tablet":{"background-color":"var(--ast-global-color-5)","background-image":"","background-repeat":"repeat","background-position":"center center","background-size":"auto","background-attachment":"scroll","background-type":"","background-media":"","overlay-type":"","overlay-color":"","overlay-opacity":"","overlay-gradient":""},"mobile":{"background-color":"var(--ast-global-color-5)","background-image":"","background-repeat":"repeat","background-position":"center center","background-size":"auto","background-attachment":"scroll","background-type":"","background-media":"","overlay-type":"","overlay-color":"","overlay-opacity":"","overlay-gradient":""}},"footnotes":""},"class_list":["post-17978","page","type-page","status-publish","hentry"],"_links":{"self":[{"href":"https:\/\/cscan-infocan.ca\/fr\/wp-json\/wp\/v2\/pages\/17978","targetHints":{"allow":["GET"]}}],"collection":[{"href":"https:\/\/cscan-infocan.ca\/fr\/wp-json\/wp\/v2\/pages"}],"about":[{"href":"https:\/\/cscan-infocan.ca\/fr\/wp-json\/wp\/v2\/types\/page"}],"author":[{"embeddable":true,"href":"https:\/\/cscan-infocan.ca\/fr\/wp-json\/wp\/v2\/users\/76"}],"replies":[{"embeddable":true,"href":"https:\/\/cscan-infocan.ca\/fr\/wp-json\/wp\/v2\/comments?post=17978"}],"version-history":[{"count":9,"href":"https:\/\/cscan-infocan.ca\/fr\/wp-json\/wp\/v2\/pages\/17978\/revisions"}],"predecessor-version":[{"id":24905,"href":"https:\/\/cscan-infocan.ca\/fr\/wp-json\/wp\/v2\/pages\/17978\/revisions\/24905"}],"wp:attachment":[{"href":"https:\/\/cscan-infocan.ca\/fr\/wp-json\/wp\/v2\/media?parent=17978"}],"curies":[{"name":"wp","href":"https:\/\/api.w.org\/{rel}","templated":true}]}}