{"id":17961,"date":"2023-05-08T13:38:47","date_gmt":"2023-05-08T17:38:47","guid":{"rendered":"https:\/\/cscan-infocan.ca\/?page_id=17961"},"modified":"2024-12-18T09:08:29","modified_gmt":"2024-12-18T14:08:29","slug":"russell-greiner","status":"publish","type":"page","link":"https:\/\/cscan-infocan.ca\/fr\/russell-greiner\/","title":{"rendered":"Russell Greiner"},"content":{"rendered":"<div data-elementor-type=\"wp-page\" data-elementor-id=\"17961\" class=\"elementor elementor-17961\">\n\t\t\t\t<div class=\"elementor-element elementor-element-235e896 e-flex e-con-boxed e-con e-parent\" data-id=\"235e896\" data-element_type=\"container\" data-e-type=\"container\">\n\t\t\t\t\t<div class=\"e-con-inner\">\n\t\t<div class=\"elementor-element elementor-element-649ca7b6 e-con-full e-flex e-con e-child\" data-id=\"649ca7b6\" data-element_type=\"container\" data-e-type=\"container\" data-settings=\"{&quot;background_background&quot;:&quot;classic&quot;}\">\n\t\t<div class=\"elementor-element elementor-element-5836513 e-con-full e-flex e-con e-child\" data-id=\"5836513\" data-element_type=\"container\" data-e-type=\"container\" data-settings=\"{&quot;background_background&quot;:&quot;classic&quot;}\">\n\t\t<div class=\"elementor-element elementor-element-1cd0d141 e-con-full e-flex e-con e-child\" data-id=\"1cd0d141\" data-element_type=\"container\" data-e-type=\"container\" data-settings=\"{&quot;background_background&quot;:&quot;classic&quot;}\">\n\t\t\t\t<div class=\"elementor-element elementor-element-2d5c5539 elementor-widget elementor-widget-heading\" data-id=\"2d5c5539\" data-element_type=\"widget\" data-e-type=\"widget\" data-widget_type=\"heading.default\">\n\t\t\t\t\t<h2 class=\"elementor-heading-title elementor-size-default\">Russell Greiner\n<\/h2>\t\t\t\t<\/div>\n\t\t\t\t<\/div>\n\t\t\t\t<\/div>\n\t\t<div class=\"elementor-element elementor-element-3f642d25 e-con-full e-flex e-con e-child\" data-id=\"3f642d25\" data-element_type=\"container\" data-e-type=\"container\">\n\t\t\t\t<div class=\"elementor-element elementor-element-2fe64c43 elementor-icon-list--layout-traditional elementor-list-item-link-full_width elementor-widget elementor-widget-icon-list\" data-id=\"2fe64c43\" data-element_type=\"widget\" data-e-type=\"widget\" data-widget_type=\"icon-list.default\">\n\t\t\t\t\t\t\t<ul class=\"elementor-icon-list-items\">\n\t\t\t\t\t\t\t<li class=\"elementor-icon-list-item\">\n\t\t\t\t\t\t\t\t\t\t\t<span class=\"elementor-icon-list-icon\">\n\t\t\t\t\t\t\t<svg aria-hidden=\"true\" class=\"e-font-icon-svg e-fas-university\" viewbox=\"0 0 512 512\" xmlns=\"http:\/\/www.w3.org\/2000\/svg\"><path d=\"M496 128v16a8 8 0 0 1-8 8h-24v12c0 6.627-5.373 12-12 12H60c-6.627 0-12-5.373-12-12v-12H24a8 8 0 0 1-8-8v-16a8 8 0 0 1 4.941-7.392l232-88a7.996 7.996 0 0 1 6.118 0l232 88A8 8 0 0 1 496 128zm-24 304H40c-13.255 0-24 10.745-24 24v16a8 8 0 0 0 8 8h464a8 8 0 0 0 8-8v-16c0-13.255-10.745-24-24-24zM96 192v192H60c-6.627 0-12 5.373-12 12v20h416v-20c0-6.627-5.373-12-12-12h-36V192h-64v192h-64V192h-64v192h-64V192H96z\"><\/path><\/svg>\t\t\t\t\t\t<\/span>\n\t\t\t\t\t\t\t\t\t\t<span class=\"elementor-icon-list-text\">Professeur University of Alberta<\/span>\n\t\t\t\t\t\t\t\t\t<\/li>\n\t\t\t\t\t\t<\/ul>\n\t\t\t\t\t\t<\/div>\n\t\t\t\t<div class=\"elementor-element elementor-element-19ada45f elementor-widget-divider--view-line elementor-widget elementor-widget-divider\" data-id=\"19ada45f\" data-element_type=\"widget\" data-e-type=\"widget\" data-widget_type=\"divider.default\">\n\t\t\t\t\t\t\t<div class=\"elementor-divider\">\n\t\t\t<span class=\"elementor-divider-separator\">\n\t\t\t\t\t\t<\/span>\n\t\t<\/div>\n\t\t\t\t\t\t<\/div>\n\t\t\t\t<div class=\"elementor-element elementor-element-587206ac elementor-widget elementor-widget-text-editor\" data-id=\"587206ac\" data-element_type=\"widget\" data-e-type=\"widget\" data-widget_type=\"text-editor.default\">\n\t\t\t\t\t\t\t\t\t<p>Le professeur Russ Greiner est titulaire d'une chaire CIFAR d'IA au Canada et professeur d'informatique (adjoint en psychiatrie) \u00e0 l'universit\u00e9 de l'Alberta. Au cours d'une carri\u00e8re de plus de 40 ans, tant dans le monde universitaire que dans l'industrie, il a excell\u00e9 dans la recherche - avec de nombreuses contributions importantes dans de nombreux domaines de l'intelligence artificielle - ainsi que dans le mentorat et le service.<\/p><p>Dans les ann\u00e9es 1980, il a contribu\u00e9 \u00e0 de nombreux r\u00e9sultats du mouvement des \"syst\u00e8mes experts\", ainsi qu'\u00e0 certains des premiers articles relatifs \u00e0 la compr\u00e9hension automatique des images. Dans les ann\u00e9es 1990, il a \u00e9t\u00e9 l'un des premiers \u00e0 explorer les questions fondamentales de l'apprentissage automatique, contribuant \u00e0 \u00e9tablir de nombreux fondements de ce domaine important \u00e0 mesure qu'il \u00e9mergeait. \u00c0 partir des ann\u00e9es 2000, une grande partie de son activit\u00e9 a commenc\u00e9 \u00e0 se concentrer sur les applications pratiques de l'apprentissage automatique : en biologie, en chimie et en particulier dans les applications m\u00e9dicales. Il a contribu\u00e9 \u00e0 d\u00e9velopper le\u00a0<a role=\"link\" href=\"https:\/\/hmdb.ca\/\">Base de donn\u00e9es du m\u00e9tabolome humain<\/a>qui d\u00e9crit plus de 250 000 petites mol\u00e9cules pr\u00e9sentes dans notre corps et leur relation avec notre sant\u00e9. Il est aujourd'hui utilis\u00e9 quotidiennement par des milliers de chercheurs et de d\u00e9veloppeurs dans le monde entier. Il a publi\u00e9 des r\u00e9sultats dans de nombreux domaines m\u00e9dicaux, dont 50 articles sur le d\u00e9pistage, le diagnostic et le pronostic de divers types de cancer, 40 sur l'imagerie m\u00e9dicale, 35 sur la psychiatrie, ainsi que plus de 30 autres dans d'autres domaines m\u00e9dicaux, y compris de nombreux r\u00e9sultats opportuns concernant la pr\u00e9vision de la propagation du Covid-19. Outre les applications sp\u00e9cifiques, ses recherches continuent \u00e9galement de porter sur de nombreuses questions fondamentales essentielles \u00e0 la production de mod\u00e8les m\u00e9dicaux efficaces : exploration du raisonnement contrefactuel, pr\u00e9diction de la survie et moyens de combiner des ensembles de donn\u00e9es provenant de diff\u00e9rents h\u00f4pitaux. Ces recherches ont \u00e9t\u00e9 reconnues au niveau international - avec plus de 26 000 citations et un indice H impressionnant de 65. Il compte plus de 500 coauteurs sur ces articles, principalement des cliniciens et des chercheurs en m\u00e9decine. Son r\u00e9seau de collaborateurs ne cesse de s'\u00e9largir, en partie gr\u00e2ce aux nombreuses pr\u00e9sentations qu'il a faites devant des groupes m\u00e9dicaux, le grand public et des \u00e9tudiants, d\u00e9crivant l'application de l'apprentissage automatique \u00e0 des t\u00e2ches m\u00e9dicales. Cela a donn\u00e9 lieu \u00e0 de nombreux appels \u00e0 froid, qui ont d\u00e9bouch\u00e9 sur de nombreuses collaborations fructueuses : Au cours de la derni\u00e8re d\u00e9cennie, le Dr Greiner a particip\u00e9 \u00e0 plus de 40 subventions li\u00e9es \u00e0 la m\u00e9decine, pour un montant total de plus de 25 millions de dollars. Une r\u00e9cente \u00e9valuation de subvention l'a d\u00e9sign\u00e9 comme \"l'un des 10 meilleurs chercheurs au monde dans le domaine de l'apprentissage automatique pour les soins de sant\u00e9\".<\/p><p>Le professeur Greiner est un superviseur tr\u00e8s populaire et tr\u00e8s efficace, qui a encadr\u00e9 plus de 140 \u00e9tudiants de premier, deuxi\u00e8me et troisi\u00e8me cycles et post-doctorants au cours de sa carri\u00e8re, dont 11 dont les th\u00e8ses ont \u00e9t\u00e9 nomin\u00e9es pour des prix, au niveau local et national. La quasi-totalit\u00e9 de ses \u00e9tudiants ont r\u00e9ussi leur carri\u00e8re, beaucoup dans des entreprises de premier plan et 16 d'entre eux sont aujourd'hui professeurs (dont 6 avec des chaires de recherche). En 2020, il a re\u00e7u le prix\u00a0<strong>Prix du grand superviseur<\/strong>.<\/p><p>M. Greiner a \u00e9t\u00e9 pr\u00e9sident du programme de l'ICML (l'une des principales conf\u00e9rences sur l'intelligence artificielle) en 2004 et pr\u00e9sident de la conf\u00e9rence g\u00e9n\u00e9rale en 2006. Il a \u00e9t\u00e9 membre du comit\u00e9 de r\u00e9daction de pratiquement toutes les revues de premier plan dans le domaine de l'intelligence artificielle et de l'apprentissage automatique, et a \u00e9galement si\u00e9g\u00e9 au conseil d'administration de plusieurs entreprises et organisations. Il a donn\u00e9 des centaines de pr\u00e9sentations invit\u00e9es et de tutoriels, et a organis\u00e9 de nombreux ateliers. En 2002, il a fond\u00e9 avec trois coll\u00e8gues l'Alberta Machine Intelligence Institute (Amii), qui est devenu l'un des principaux centres mondiaux d'intelligence artificielle.<\/p><p>Au cours de sa carri\u00e8re, il a re\u00e7u de nombreux prix du meilleur article dans diverses conf\u00e9rences et revues, ainsi que plusieurs prix du meilleur r\u00e9viseur. Il a \u00e9galement re\u00e7u de nombreuses r\u00e9compenses prestigieuses aux niveaux local, national et international, notamment un McCalla Professorship (2005), un Killam Professorship (2007), un AAAI Fellow (2007), une chaire d'IA du CIFAR (2021), le CAIAC Lifetime Achievement Award (2021) et le Precision Health (Senior) Innovator Award (2022). En 2022, il a \u00e9t\u00e9 honor\u00e9 par une c\u00e9r\u00e9monie publique de remise de prix.\u00a0<a role=\"link\" href=\"https:\/\/docs.google.com\/document\/d\/1d8H-Ko4CM3tas3rk3bIOUi1KoRTQuDWhNZXhphY5VyI\/edit?usp=sharing\">Plaque de recherche r\u00e9sumant ses recherches au Telus World of Science<\/a>.<\/p>\t\t\t\t\t\t\t\t<\/div>\n\t\t\t\t<\/div>\n\t\t\t\t<\/div>\n\t\t\t\t\t<\/div>\n\t\t\t\t<\/div>\n\t\t\t\t<\/div>","protected":false},"excerpt":{"rendered":"<p>Russell Greiner University of Alberta Professor Russ Greiner is a Canada CIFAR AI Chair, and Professor of Computing Science (Adjunct in Psychiatry) at the University of Alberta. In a career spanning over 40 years, in both academia and industry, he has excelled in research \u2013 with many important contributions across many areas of Artificial Intelligence [&hellip;]<\/p>\n","protected":false},"author":76,"featured_media":0,"parent":0,"menu_order":0,"comment_status":"closed","ping_status":"closed","template":"","meta":{"site-sidebar-layout":"no-sidebar","site-content-layout":"page-builder","ast-site-content-layout":"default","site-content-style":"default","site-sidebar-style":"default","ast-global-header-display":"","ast-banner-title-visibility":"","ast-main-header-display":"","ast-hfb-above-header-display":"","ast-hfb-below-header-display":"","ast-hfb-mobile-header-display":"","site-post-title":"disabled","ast-breadcrumbs-content":"","ast-featured-img":"disabled","footer-sml-layout":"","ast-disable-related-posts":"","theme-transparent-header-meta":"","adv-header-id-meta":"","stick-header-meta":"","header-above-stick-meta":"","header-main-stick-meta":"","header-below-stick-meta":"","astra-migrate-meta-layouts":"default","ast-page-background-enabled":"default","ast-page-background-meta":{"desktop":{"background-color":"","background-image":"","background-repeat":"repeat","background-position":"center center","background-size":"auto","background-attachment":"scroll","background-type":"","background-media":"","overlay-type":"","overlay-color":"","overlay-opacity":"","overlay-gradient":""},"tablet":{"background-color":"","background-image":"","background-repeat":"repeat","background-position":"center center","background-size":"auto","background-attachment":"scroll","background-type":"","background-media":"","overlay-type":"","overlay-color":"","overlay-opacity":"","overlay-gradient":""},"mobile":{"background-color":"","background-image":"","background-repeat":"repeat","background-position":"center center","background-size":"auto","background-attachment":"scroll","background-type":"","background-media":"","overlay-type":"","overlay-color":"","overlay-opacity":"","overlay-gradient":""}},"ast-content-background-meta":{"desktop":{"background-color":"var(--ast-global-color-5)","background-image":"","background-repeat":"repeat","background-position":"center center","background-size":"auto","background-attachment":"scroll","background-type":"","background-media":"","overlay-type":"","overlay-color":"","overlay-opacity":"","overlay-gradient":""},"tablet":{"background-color":"var(--ast-global-color-5)","background-image":"","background-repeat":"repeat","background-position":"center center","background-size":"auto","background-attachment":"scroll","background-type":"","background-media":"","overlay-type":"","overlay-color":"","overlay-opacity":"","overlay-gradient":""},"mobile":{"background-color":"var(--ast-global-color-5)","background-image":"","background-repeat":"repeat","background-position":"center center","background-size":"auto","background-attachment":"scroll","background-type":"","background-media":"","overlay-type":"","overlay-color":"","overlay-opacity":"","overlay-gradient":""}},"footnotes":""},"class_list":["post-17961","page","type-page","status-publish","hentry"],"_links":{"self":[{"href":"https:\/\/cscan-infocan.ca\/fr\/wp-json\/wp\/v2\/pages\/17961","targetHints":{"allow":["GET"]}}],"collection":[{"href":"https:\/\/cscan-infocan.ca\/fr\/wp-json\/wp\/v2\/pages"}],"about":[{"href":"https:\/\/cscan-infocan.ca\/fr\/wp-json\/wp\/v2\/types\/page"}],"author":[{"embeddable":true,"href":"https:\/\/cscan-infocan.ca\/fr\/wp-json\/wp\/v2\/users\/76"}],"replies":[{"embeddable":true,"href":"https:\/\/cscan-infocan.ca\/fr\/wp-json\/wp\/v2\/comments?post=17961"}],"version-history":[{"count":3,"href":"https:\/\/cscan-infocan.ca\/fr\/wp-json\/wp\/v2\/pages\/17961\/revisions"}],"predecessor-version":[{"id":24681,"href":"https:\/\/cscan-infocan.ca\/fr\/wp-json\/wp\/v2\/pages\/17961\/revisions\/24681"}],"wp:attachment":[{"href":"https:\/\/cscan-infocan.ca\/fr\/wp-json\/wp\/v2\/media?parent=17961"}],"curies":[{"name":"wp","href":"https:\/\/api.w.org\/{rel}","templated":true}]}}