{"id":17955,"date":"2023-05-08T13:35:33","date_gmt":"2023-05-08T17:35:33","guid":{"rendered":"https:\/\/cscan-infocan.ca\/?page_id=17955"},"modified":"2024-12-21T12:27:51","modified_gmt":"2024-12-21T17:27:51","slug":"robin-cohen","status":"publish","type":"page","link":"https:\/\/cscan-infocan.ca\/fr\/robin-cohen\/","title":{"rendered":"Robin Cohen"},"content":{"rendered":"<div data-elementor-type=\"wp-page\" data-elementor-id=\"17955\" class=\"elementor elementor-17955\">\n\t\t\t\t<div class=\"elementor-element elementor-element-6a780a87 e-flex e-con-boxed e-con e-parent\" data-id=\"6a780a87\" data-element_type=\"container\" data-e-type=\"container\">\n\t\t\t\t\t<div class=\"e-con-inner\">\n\t\t<div class=\"elementor-element elementor-element-20957812 e-con-full e-flex e-con e-child\" data-id=\"20957812\" data-element_type=\"container\" data-e-type=\"container\" data-settings=\"{&quot;background_background&quot;:&quot;classic&quot;}\">\n\t\t<div class=\"elementor-element elementor-element-286f1518 e-con-full e-flex e-con e-child\" data-id=\"286f1518\" data-element_type=\"container\" data-e-type=\"container\" data-settings=\"{&quot;background_background&quot;:&quot;classic&quot;}\">\n\t\t<div class=\"elementor-element elementor-element-56577f54 e-con-full e-flex e-con e-child\" data-id=\"56577f54\" data-element_type=\"container\" data-e-type=\"container\" data-settings=\"{&quot;background_background&quot;:&quot;classic&quot;}\">\n\t\t\t\t<div class=\"elementor-element elementor-element-14e15924 elementor-widget elementor-widget-heading\" data-id=\"14e15924\" data-element_type=\"widget\" data-e-type=\"widget\" data-widget_type=\"heading.default\">\n\t\t\t\t\t<h2 class=\"elementor-heading-title elementor-size-default\">Robin Cohen\n<\/h2>\t\t\t\t<\/div>\n\t\t\t\t<\/div>\n\t\t\t\t<\/div>\n\t\t<div class=\"elementor-element elementor-element-bd60f1 e-con-full e-flex e-con e-child\" data-id=\"bd60f1\" data-element_type=\"container\" data-e-type=\"container\">\n\t\t\t\t<div class=\"elementor-element elementor-element-35adc92 elementor-icon-list--layout-traditional elementor-list-item-link-full_width elementor-widget elementor-widget-icon-list\" data-id=\"35adc92\" data-element_type=\"widget\" data-e-type=\"widget\" data-widget_type=\"icon-list.default\">\n\t\t\t\t\t\t\t<ul class=\"elementor-icon-list-items\">\n\t\t\t\t\t\t\t<li class=\"elementor-icon-list-item\">\n\t\t\t\t\t\t\t\t\t\t\t<span class=\"elementor-icon-list-icon\">\n\t\t\t\t\t\t\t<svg aria-hidden=\"true\" class=\"e-font-icon-svg e-fas-university\" viewbox=\"0 0 512 512\" xmlns=\"http:\/\/www.w3.org\/2000\/svg\"><path d=\"M496 128v16a8 8 0 0 1-8 8h-24v12c0 6.627-5.373 12-12 12H60c-6.627 0-12-5.373-12-12v-12H24a8 8 0 0 1-8-8v-16a8 8 0 0 1 4.941-7.392l232-88a7.996 7.996 0 0 1 6.118 0l232 88A8 8 0 0 1 496 128zm-24 304H40c-13.255 0-24 10.745-24 24v16a8 8 0 0 0 8 8h464a8 8 0 0 0 8-8v-16c0-13.255-10.745-24-24-24zM96 192v192H60c-6.627 0-12 5.373-12 12v20h416v-20c0-6.627-5.373-12-12-12h-36V192h-64v192h-64V192h-64v192h-64V192H96z\"><\/path><\/svg>\t\t\t\t\t\t<\/span>\n\t\t\t\t\t\t\t\t\t\t<span class=\"elementor-icon-list-text\">Universit\u00e9 de Waterloo<\/span>\n\t\t\t\t\t\t\t\t\t<\/li>\n\t\t\t\t\t\t<\/ul>\n\t\t\t\t\t\t<\/div>\n\t\t\t\t<div class=\"elementor-element elementor-element-70e1cfed elementor-widget-divider--view-line elementor-widget elementor-widget-divider\" data-id=\"70e1cfed\" data-element_type=\"widget\" data-e-type=\"widget\" data-widget_type=\"divider.default\">\n\t\t\t\t\t\t\t<div class=\"elementor-divider\">\n\t\t\t<span class=\"elementor-divider-separator\">\n\t\t\t\t\t\t<\/span>\n\t\t<\/div>\n\t\t\t\t\t\t<\/div>\n\t\t\t\t<div class=\"elementor-element elementor-element-2d0bbccd elementor-widget elementor-widget-text-editor\" data-id=\"2d0bbccd\" data-element_type=\"widget\" data-e-type=\"widget\" data-widget_type=\"text-editor.default\">\n\t\t\t\t\t\t\t\t\t<p>Robin Cohen est un mod\u00e8le pour les femmes en informatique au Canada depuis plus de 35 ans. Elle est rest\u00e9e dans le monde universitaire, a atteint les plus hauts niveaux de l'administration de son universit\u00e9 et a d\u00e9montr\u00e9 qu'elle \u00e9tait capable d'obtenir les plus hautes distinctions, avec des prix tels que le prix Canadian AI's Lifetime Achievement, le Distinguished Teacher Award et le Graduate Supervision Award de l'universit\u00e9 de Waterloo. Elle se distingue de tous les autres par la reconnaissance in\u00e9gal\u00e9e que ses \u00e9tudiants en master et en doctorat ont obtenue sous sa supervision.<\/p><p>Notamment, au moins quatre de ses \u00e9tudiants ont re\u00e7u la m\u00e9daille d'or des anciens \u00e9l\u00e8ves, la plus haute distinction qu'un \u00e9tudiant dipl\u00f4m\u00e9 puisse recevoir \u00e0 l'universit\u00e9 de Waterloo, et trois autres ont re\u00e7u le prix Outstanding Achievement in Graduate Studies (la plus haute distinction d\u00e9cern\u00e9e aux \u00e9tudiants dipl\u00f4m\u00e9s par la facult\u00e9 de math\u00e9matiques de l'universit\u00e9 de Waterloo). L'un de ses \u00e9tudiants en doctorat a remport\u00e9 le prix de la th\u00e8se de doctorat de l'Association canadienne de l'intelligence artificielle. Sa formation et son mentorat ont \u00e9galement aid\u00e9 ses \u00e9tudiants \u00e0 r\u00e9ussir professionnellement. Ses anciens \u00e9tudiants dipl\u00f4m\u00e9s sont aujourd'hui des professeurs r\u00e9put\u00e9s dans tout le Canada, notamment \u00e0 Waterloo, Ottawa, Mount Allison, au Nouveau-Brunswick et \u00e0 Simon Fraser, ainsi que dans des institutions internationales de premier plan, notamment Penn State (\u00c9tats-Unis), Nanyang Technological University (Singapour) et IIT Delhi (Inde). Nombre de ses \u00e9tudiants ont ensuite travaill\u00e9 dans de grandes entreprises technologiques, telles qu'IBM, Google et Meta.<\/p><p>Les recherches du professeur Cohen ont la qualit\u00e9 vraiment impressionnante d'\u00eatre fondatrices dans plusieurs domaines importants de l'intelligence artificielle. Ses travaux en linguistique informatique sur la compr\u00e9hension des arguments, qui remontent \u00e0 la fin des ann\u00e9es 1970, sont toujours cit\u00e9s. Elle a \u00e9t\u00e9 l'un des membres fondateurs de la communaut\u00e9 de la mod\u00e9lisation et de la personnalisation de l'utilisateur au milieu des ann\u00e9es 1980, qui a fa\u00e7onn\u00e9 certains des domaines d'application les plus importants de l'informatique appliqu\u00e9e, fondamentaux pour les moteurs de recherche et les syst\u00e8mes de recommandation utilis\u00e9s dans le commerce \u00e9lectronique, l'apprentissage en ligne et les m\u00e9dias sociaux. Elle fait partie des pionniers du domaine de la confiance et de la r\u00e9putation dans le secteur en plein essor des syst\u00e8mes multi-agents. Ses contributions dans ce domaine permettent non seulement d'avancer avec de nouveaux mod\u00e8les et solutions, mais aussi de d\u00e9montrer le potentiel des r\u00e9sultats pour des domaines d'application tels que les places de march\u00e9 \u00e9lectroniques, les r\u00e9seaux sociaux et les v\u00e9hicules autopilot\u00e9s. Elle a \u00e9t\u00e9 l'une des premi\u00e8res informaticiennes \u00e0 s'int\u00e9resser aux implications sociales de la technologie informatique, en \u00e9tant la principale instructrice d'un cours de premier cycle de deuxi\u00e8me ann\u00e9e sur ce sujet et en d\u00e9veloppant son propre cours de deuxi\u00e8me cycle dans ce domaine. Son d\u00e9vouement \u00e0 cette cause l'a \u00e9galement conduite \u00e0 \u00eatre l'une des premi\u00e8res \u00e0 publier des articles de recherche sur l'\u00e9thique et la moralit\u00e9 des agents d'intelligence artificielle, ce qui a abouti \u00e0 un effort de d\u00e9veloppement et de d\u00e9ploiement responsables de l'intelligence artificielle. En plus de publier dans certaines des meilleures conf\u00e9rences et revues internationales sur l'intelligence artificielle, elle a \u00e9t\u00e9 une championne d\u00e9vou\u00e9e de l'intelligence artificielle canadienne, s'engageant aupr\u00e8s de la soci\u00e9t\u00e9 pour cette discipline depuis sa cr\u00e9ation et encourageant ses \u00e9tudiants \u00e0 assister \u00e0 leurs r\u00e9unions.<\/p><p>Les r\u00e9alisations du professeur Cohen comprennent \u00e9galement des efforts significatifs au service de sa communaut\u00e9 de recherche. Elle a notamment \u00e9t\u00e9 copr\u00e9sidente du programme de l'une des premi\u00e8res conf\u00e9rences sur la mod\u00e9lisation des utilisateurs et a jou\u00e9 un r\u00f4le actif dans la cr\u00e9ation de la premi\u00e8re revue consacr\u00e9e \u00e0 ce domaine. Elle a toujours fait partie des comit\u00e9s de programme des principales conf\u00e9rences de haut niveau sur l'intelligence artificielle (y compris leurs nouveaux volets sur l'impact social). Plus r\u00e9cemment, elle a \u00e9galement consacr\u00e9 une attention consid\u00e9rable \u00e0 la communaut\u00e9 des syst\u00e8mes multi-agents, en s'effor\u00e7ant de maintenir le lieu phare de l'atelier sur la mod\u00e9lisation de la confiance. Le professeur Cohen a \u00e9galement jou\u00e9 un r\u00f4le moteur dans le soutien des symposiums doctoraux lors de diverses conf\u00e9rences.<\/p><p>Dans toutes ses activit\u00e9s, le professeur Cohen a \u00e9t\u00e9 remarqu\u00e9e pour sa capacit\u00e9 \u00e0 forger des orientations de recherche enti\u00e8rement nouvelles, mais ce qui ressort comme sa v\u00e9ritable qualit\u00e9 distinctive est l'empathie, qui transpara\u00eet dans son enseignement, ses services et ses recherches, et qui est une source d'inspiration pour les g\u00e9n\u00e9rations d'informaticiens \u00e0 venir.<\/p>\t\t\t\t\t\t\t\t<\/div>\n\t\t\t\t<\/div>\n\t\t\t\t<\/div>\n\t\t\t\t\t<\/div>\n\t\t\t\t<\/div>\n\t\t\t\t<\/div>","protected":false},"excerpt":{"rendered":"<p>Robin Cohen University of Waterloo Robin Cohen has been a role model for women in CS in Canada for over 35 years, staying in academia, reaching the highest levels of administration at her university and demonstrating the potential for top honours, with such awards as Canadian AI\u2019s Lifetime Achievement, and both uWaterloo\u2019s Distinguished Teacher Award [&hellip;]<\/p>\n","protected":false},"author":76,"featured_media":0,"parent":0,"menu_order":0,"comment_status":"closed","ping_status":"closed","template":"","meta":{"site-sidebar-layout":"no-sidebar","site-content-layout":"page-builder","ast-site-content-layout":"default","site-content-style":"default","site-sidebar-style":"default","ast-global-header-display":"","ast-banner-title-visibility":"","ast-main-header-display":"","ast-hfb-above-header-display":"","ast-hfb-below-header-display":"","ast-hfb-mobile-header-display":"","site-post-title":"disabled","ast-breadcrumbs-content":"","ast-featured-img":"disabled","footer-sml-layout":"","ast-disable-related-posts":"","theme-transparent-header-meta":"","adv-header-id-meta":"","stick-header-meta":"","header-above-stick-meta":"","header-main-stick-meta":"","header-below-stick-meta":"","astra-migrate-meta-layouts":"default","ast-page-background-enabled":"default","ast-page-background-meta":{"desktop":{"background-color":"","background-image":"","background-repeat":"repeat","background-position":"center center","background-size":"auto","background-attachment":"scroll","background-type":"","background-media":"","overlay-type":"","overlay-color":"","overlay-opacity":"","overlay-gradient":""},"tablet":{"background-color":"","background-image":"","background-repeat":"repeat","background-position":"center center","background-size":"auto","background-attachment":"scroll","background-type":"","background-media":"","overlay-type":"","overlay-color":"","overlay-opacity":"","overlay-gradient":""},"mobile":{"background-color":"","background-image":"","background-repeat":"repeat","background-position":"center center","background-size":"auto","background-attachment":"scroll","background-type":"","background-media":"","overlay-type":"","overlay-color":"","overlay-opacity":"","overlay-gradient":""}},"ast-content-background-meta":{"desktop":{"background-color":"var(--ast-global-color-5)","background-image":"","background-repeat":"repeat","background-position":"center center","background-size":"auto","background-attachment":"scroll","background-type":"","background-media":"","overlay-type":"","overlay-color":"","overlay-opacity":"","overlay-gradient":""},"tablet":{"background-color":"var(--ast-global-color-5)","background-image":"","background-repeat":"repeat","background-position":"center center","background-size":"auto","background-attachment":"scroll","background-type":"","background-media":"","overlay-type":"","overlay-color":"","overlay-opacity":"","overlay-gradient":""},"mobile":{"background-color":"var(--ast-global-color-5)","background-image":"","background-repeat":"repeat","background-position":"center center","background-size":"auto","background-attachment":"scroll","background-type":"","background-media":"","overlay-type":"","overlay-color":"","overlay-opacity":"","overlay-gradient":""}},"footnotes":""},"class_list":["post-17955","page","type-page","status-publish","hentry"],"_links":{"self":[{"href":"https:\/\/cscan-infocan.ca\/fr\/wp-json\/wp\/v2\/pages\/17955","targetHints":{"allow":["GET"]}}],"collection":[{"href":"https:\/\/cscan-infocan.ca\/fr\/wp-json\/wp\/v2\/pages"}],"about":[{"href":"https:\/\/cscan-infocan.ca\/fr\/wp-json\/wp\/v2\/types\/page"}],"author":[{"embeddable":true,"href":"https:\/\/cscan-infocan.ca\/fr\/wp-json\/wp\/v2\/users\/76"}],"replies":[{"embeddable":true,"href":"https:\/\/cscan-infocan.ca\/fr\/wp-json\/wp\/v2\/comments?post=17955"}],"version-history":[{"count":6,"href":"https:\/\/cscan-infocan.ca\/fr\/wp-json\/wp\/v2\/pages\/17955\/revisions"}],"predecessor-version":[{"id":24902,"href":"https:\/\/cscan-infocan.ca\/fr\/wp-json\/wp\/v2\/pages\/17955\/revisions\/24902"}],"wp:attachment":[{"href":"https:\/\/cscan-infocan.ca\/fr\/wp-json\/wp\/v2\/media?parent=17955"}],"curies":[{"name":"wp","href":"https:\/\/api.w.org\/{rel}","templated":true}]}}