{"id":17925,"date":"2023-05-08T12:46:57","date_gmt":"2023-05-08T16:46:57","guid":{"rendered":"https:\/\/cscan-infocan.ca\/?page_id=17925"},"modified":"2024-12-23T11:34:08","modified_gmt":"2024-12-23T16:34:08","slug":"daniel-zingaro","status":"publish","type":"page","link":"https:\/\/cscan-infocan.ca\/fr\/daniel-zingaro\/","title":{"rendered":"Daniel Zingaro"},"content":{"rendered":"<div data-elementor-type=\"wp-page\" data-elementor-id=\"17925\" class=\"elementor elementor-17925\">\n\t\t\t\t<div class=\"elementor-element elementor-element-66a38cae e-flex e-con-boxed e-con e-parent\" data-id=\"66a38cae\" data-element_type=\"container\" data-e-type=\"container\">\n\t\t\t\t\t<div class=\"e-con-inner\">\n\t\t<div class=\"elementor-element elementor-element-168481c7 e-con-full e-flex e-con e-child\" data-id=\"168481c7\" data-element_type=\"container\" data-e-type=\"container\" data-settings=\"{&quot;background_background&quot;:&quot;classic&quot;}\">\n\t\t<div class=\"elementor-element elementor-element-3d370c41 e-con-full e-flex e-con e-child\" data-id=\"3d370c41\" data-element_type=\"container\" data-e-type=\"container\" data-settings=\"{&quot;background_background&quot;:&quot;classic&quot;}\">\n\t\t<div class=\"elementor-element elementor-element-622fe69a e-con-full e-flex e-con e-child\" data-id=\"622fe69a\" data-element_type=\"container\" data-e-type=\"container\" data-settings=\"{&quot;background_background&quot;:&quot;classic&quot;}\">\n\t\t\t\t<div class=\"elementor-element elementor-element-5b876b1c elementor-widget elementor-widget-heading\" data-id=\"5b876b1c\" data-element_type=\"widget\" data-e-type=\"widget\" data-widget_type=\"heading.default\">\n\t\t\t\t\t<h2 class=\"elementor-heading-title elementor-size-default\">Daniel Zingaro<\/h2>\t\t\t\t<\/div>\n\t\t\t\t<\/div>\n\t\t\t\t<\/div>\n\t\t<div class=\"elementor-element elementor-element-778ff7f2 e-con-full e-flex e-con e-child\" data-id=\"778ff7f2\" data-element_type=\"container\" data-e-type=\"container\">\n\t\t\t\t<div class=\"elementor-element elementor-element-ad5fa36 elementor-icon-list--layout-traditional elementor-list-item-link-full_width elementor-widget elementor-widget-icon-list\" data-id=\"ad5fa36\" data-element_type=\"widget\" data-e-type=\"widget\" data-widget_type=\"icon-list.default\">\n\t\t\t\t\t\t\t<ul class=\"elementor-icon-list-items\">\n\t\t\t\t\t\t\t<li class=\"elementor-icon-list-item\">\n\t\t\t\t\t\t\t\t\t\t\t<span class=\"elementor-icon-list-icon\">\n\t\t\t\t\t\t\t<svg aria-hidden=\"true\" class=\"e-font-icon-svg e-fas-university\" viewbox=\"0 0 512 512\" xmlns=\"http:\/\/www.w3.org\/2000\/svg\"><path d=\"M496 128v16a8 8 0 0 1-8 8h-24v12c0 6.627-5.373 12-12 12H60c-6.627 0-12-5.373-12-12v-12H24a8 8 0 0 1-8-8v-16a8 8 0 0 1 4.941-7.392l232-88a7.996 7.996 0 0 1 6.118 0l232 88A8 8 0 0 1 496 128zm-24 304H40c-13.255 0-24 10.745-24 24v16a8 8 0 0 0 8 8h464a8 8 0 0 0 8-8v-16c0-13.255-10.745-24-24-24zM96 192v192H60c-6.627 0-12 5.373-12 12v20h416v-20c0-6.627-5.373-12-12-12h-36V192h-64v192h-64V192h-64v192h-64V192H96z\"><\/path><\/svg>\t\t\t\t\t\t<\/span>\n\t\t\t\t\t\t\t\t\t\t<span class=\"elementor-icon-list-text\">Universit\u00e9 de Toronto.<\/span>\n\t\t\t\t\t\t\t\t\t<\/li>\n\t\t\t\t\t\t<\/ul>\n\t\t\t\t\t\t<\/div>\n\t\t\t\t<div class=\"elementor-element elementor-element-c1a3990 elementor-widget-divider--view-line elementor-widget elementor-widget-divider\" data-id=\"c1a3990\" data-element_type=\"widget\" data-e-type=\"widget\" data-widget_type=\"divider.default\">\n\t\t\t\t\t\t\t<div class=\"elementor-divider\">\n\t\t\t<span class=\"elementor-divider-separator\">\n\t\t\t\t\t\t<\/span>\n\t\t<\/div>\n\t\t\t\t\t\t<\/div>\n\t\t\t\t<div class=\"elementor-element elementor-element-29c3bfc elementor-widget elementor-widget-text-editor\" data-id=\"29c3bfc\" data-element_type=\"widget\" data-e-type=\"widget\" data-widget_type=\"text-editor.default\">\n\t\t\t\t\t\t\t\t\t<div class=\"elementor-element elementor-element-2aaa56f elementor-widget elementor-widget-text-editor\" data-id=\"2aaa56f\" data-element_type=\"widget\" data-widget_type=\"text-editor.default\"><div class=\"elementor-widget-container\"><p>Le professeur Dan Zingaro est professeur associ\u00e9 \u00e0 l'Universit\u00e9 de Toronto Mississauga (UTM). Il est un expert internationalement reconnu dans le domaine de l'enseignement de l'informatique et a \u00e9t\u00e9 r\u00e9compens\u00e9 pour ses recherches sur l'enseignement par les pairs (n\u00b0 4 sur la liste des meilleurs enseignants de l'Union europ\u00e9enne).\u00a0<a role=\"link\" href=\"https:\/\/sigcse.org\/programs\/awards\/SIGCSE-top-10-all-time.html\">ACM SIGCSE - Les dix meilleurs articles de tous les temps<\/a>\u00a0en 2019 et le\u00a0<a role=\"link\" href=\"https:\/\/archive.icer.acm.org\/general-info\/paper-awards\/\">Prix de la pr\u00e9sidence \u00e0 l'ICER<\/a>\u00a0en 2014) et\u00a0<a role=\"link\" href=\"http:\/\/peerinstruction4cs.org\/\">ayant publi\u00e9 un grand nombre de ses supports d'enseignement par les pairs<\/a>\u00a0pour la communaut\u00e9. Dan a \u00e9galement \u00e9crit r\u00e9cemment deux livres : un ouvrage de vulgarisation, un livre de math\u00e9matiques et un livre d'histoire.\u00a0<a role=\"link\" href=\"https:\/\/www.danielzingaro.com\/alg\/\">guide des algorithmes et des structures de donn\u00e9es<\/a>\u00a0et un<a role=\"link\" href=\"https:\/\/www.danielzingaro.com\/ltc\/\">\u00a0Guide d'introduction \u00e0 la programmation Python<\/a>. L'enseignement de Dan a d\u00e9j\u00e0 \u00e9t\u00e9 r\u00e9compens\u00e9 par le prix d'excellence en enseignement de l'UTM pour la facult\u00e9 junior (2019) et le prix d'enseignement en d\u00e9but de carri\u00e8re de l'Universit\u00e9 de Toronto (2019).<\/p><\/div><\/div><div class=\"elementor-element elementor-element-8d55209 elementor-widget elementor-widget-spacer\" data-id=\"8d55209\" data-element_type=\"widget\" data-widget_type=\"spacer.default\"><div class=\"elementor-widget-container\"><div class=\"elementor-spacer\">\u00a0<\/div><\/div><\/div>\t\t\t\t\t\t\t\t<\/div>\n\t\t\t\t<\/div>\n\t\t\t\t<\/div>\n\t\t\t\t\t<\/div>\n\t\t\t\t<\/div>\n\t\t\t\t<\/div>","protected":false},"excerpt":{"rendered":"<p>Daniel Zingaro University of Toronto. Professor Dan Zingaro is an Associate Professor, Teaching Stream, and the University of Toronto Mississauga (UTM). He is an internationally recognized expert in computing education, having won awards for his research on peer instruction (#4 on the\u00a0ACM SIGCSE Top Ten Papers of All Time\u00a0in 2019 and the\u00a0Chair\u2019s Award at ICER\u00a0in [&hellip;]<\/p>\n","protected":false},"author":76,"featured_media":0,"parent":0,"menu_order":0,"comment_status":"closed","ping_status":"closed","template":"","meta":{"site-sidebar-layout":"no-sidebar","site-content-layout":"page-builder","ast-site-content-layout":"default","site-content-style":"default","site-sidebar-style":"default","ast-global-header-display":"","ast-banner-title-visibility":"","ast-main-header-display":"","ast-hfb-above-header-display":"","ast-hfb-below-header-display":"","ast-hfb-mobile-header-display":"","site-post-title":"disabled","ast-breadcrumbs-content":"","ast-featured-img":"disabled","footer-sml-layout":"","ast-disable-related-posts":"","theme-transparent-header-meta":"","adv-header-id-meta":"","stick-header-meta":"","header-above-stick-meta":"","header-main-stick-meta":"","header-below-stick-meta":"","astra-migrate-meta-layouts":"default","ast-page-background-enabled":"default","ast-page-background-meta":{"desktop":{"background-color":"","background-image":"","background-repeat":"repeat","background-position":"center center","background-size":"auto","background-attachment":"scroll","background-type":"","background-media":"","overlay-type":"","overlay-color":"","overlay-opacity":"","overlay-gradient":""},"tablet":{"background-color":"","background-image":"","background-repeat":"repeat","background-position":"center center","background-size":"auto","background-attachment":"scroll","background-type":"","background-media":"","overlay-type":"","overlay-color":"","overlay-opacity":"","overlay-gradient":""},"mobile":{"background-color":"","background-image":"","background-repeat":"repeat","background-position":"center center","background-size":"auto","background-attachment":"scroll","background-type":"","background-media":"","overlay-type":"","overlay-color":"","overlay-opacity":"","overlay-gradient":""}},"ast-content-background-meta":{"desktop":{"background-color":"var(--ast-global-color-5)","background-image":"","background-repeat":"repeat","background-position":"center center","background-size":"auto","background-attachment":"scroll","background-type":"","background-media":"","overlay-type":"","overlay-color":"","overlay-opacity":"","overlay-gradient":""},"tablet":{"background-color":"var(--ast-global-color-5)","background-image":"","background-repeat":"repeat","background-position":"center center","background-size":"auto","background-attachment":"scroll","background-type":"","background-media":"","overlay-type":"","overlay-color":"","overlay-opacity":"","overlay-gradient":""},"mobile":{"background-color":"var(--ast-global-color-5)","background-image":"","background-repeat":"repeat","background-position":"center center","background-size":"auto","background-attachment":"scroll","background-type":"","background-media":"","overlay-type":"","overlay-color":"","overlay-opacity":"","overlay-gradient":""}},"footnotes":""},"class_list":["post-17925","page","type-page","status-publish","hentry"],"_links":{"self":[{"href":"https:\/\/cscan-infocan.ca\/fr\/wp-json\/wp\/v2\/pages\/17925","targetHints":{"allow":["GET"]}}],"collection":[{"href":"https:\/\/cscan-infocan.ca\/fr\/wp-json\/wp\/v2\/pages"}],"about":[{"href":"https:\/\/cscan-infocan.ca\/fr\/wp-json\/wp\/v2\/types\/page"}],"author":[{"embeddable":true,"href":"https:\/\/cscan-infocan.ca\/fr\/wp-json\/wp\/v2\/users\/76"}],"replies":[{"embeddable":true,"href":"https:\/\/cscan-infocan.ca\/fr\/wp-json\/wp\/v2\/comments?post=17925"}],"version-history":[{"count":6,"href":"https:\/\/cscan-infocan.ca\/fr\/wp-json\/wp\/v2\/pages\/17925\/revisions"}],"predecessor-version":[{"id":25025,"href":"https:\/\/cscan-infocan.ca\/fr\/wp-json\/wp\/v2\/pages\/17925\/revisions\/25025"}],"wp:attachment":[{"href":"https:\/\/cscan-infocan.ca\/fr\/wp-json\/wp\/v2\/media?parent=17925"}],"curies":[{"name":"wp","href":"https:\/\/api.w.org\/{rel}","templated":true}]}}