{"id":16715,"date":"2023-02-21T18:35:53","date_gmt":"2023-02-21T18:35:53","guid":{"rendered":"https:\/\/cscan-infocan.ca\/?page_id=16715"},"modified":"2025-06-17T18:44:10","modified_gmt":"2025-06-17T22:44:10","slug":"information-for-sponsors","status":"publish","type":"page","link":"https:\/\/cscan-infocan.ca\/fr\/information-for-sponsors\/","title":{"rendered":"Informations pour les sponsors"},"content":{"rendered":"<div data-elementor-type=\"wp-page\" data-elementor-id=\"16715\" class=\"elementor elementor-16715\">\n\t\t\t\t<div class=\"elementor-element elementor-element-bc8b3fc e-flex e-con-boxed e-con e-parent\" data-id=\"bc8b3fc\" data-element_type=\"container\" data-e-type=\"container\">\n\t\t\t\t\t<div class=\"e-con-inner\">\n\t\t\t\t<div class=\"elementor-element elementor-element-6e49631 elementor-widget elementor-widget-elementskit-heading\" data-id=\"6e49631\" data-element_type=\"widget\" data-e-type=\"widget\" data-widget_type=\"elementskit-heading.default\">\n\t\t\t\t\t<div class=\"ekit-wid-con\" ><div class=\"ekit-heading elementskit-section-title-wraper text_center   ekit_heading_tablet-   ekit_heading_mobile-\"><h2 class=\"ekit-heading--title elementskit-section-title\">Information For Sponsors 2025<\/h2><div class=\"ekit_heading_separetor_wraper ekit_heading_elementskit-border-divider ekit-dotted\"><div class=\"elementskit-border-divider ekit-dotted\"><\/div><\/div><\/div><\/div>\t\t\t\t<\/div>\n\t\t\t\t<div class=\"elementor-element elementor-element-fe498f4 elementor-widget elementor-widget-text-editor\" data-id=\"fe498f4\" data-element_type=\"widget\" data-e-type=\"widget\" data-widget_type=\"text-editor.default\">\n\t\t\t\t\t\t\t\t\t<h4><strong>Inscription<\/strong><\/h4><p>Les billets gratuits sont distribu\u00e9s comme suit. A noter, <strong>TOUS LES REPR\u00c9SENTANTS DES SPONSORS DOIVENT S'INSCRIRE<\/strong> m\u00eame s'ils utilisent des laissez-passer gratuits.<\/p>\t\t\t\t\t\t\t\t<\/div>\n\t\t\t\t\t<\/div>\n\t\t\t\t<\/div>\n\t\t<div class=\"elementor-element elementor-element-2d0612a e-flex e-con-boxed e-con e-parent\" data-id=\"2d0612a\" data-element_type=\"container\" data-e-type=\"container\">\n\t\t\t\t\t<div class=\"e-con-inner\">\n\t\t\t\t<div class=\"elementor-element elementor-element-77802a0 elementor-widget elementor-widget-text-editor\" data-id=\"77802a0\" data-element_type=\"widget\" data-e-type=\"widget\" data-widget_type=\"text-editor.default\">\n\t\t\t\t\t\t\t\t\t<table style=\"font-size: 16px; font-style: normal; border-right-width: 1px; border-bottom-width: 1px; border-color: black;\" width=\"529\"><tbody><tr><td style=\"border-top-width: 1px; border-left-width: 1px; border-color: black; text-align: center; background-color: pink;\" width=\"180\"><h5><strong>Niveau de parrainage<\/strong><\/h5><\/td><td style=\"border-top-width: 1px; border-left-width: 1px; border-color: black; text-align: center; background-color: pink;\" width=\"180\"><h5><strong>Conf\u00e9rence compl\u00e8te (vendredi et samedi)<\/strong><\/h5><\/td><td style=\"border-top-width: 1px; border-left-width: 1px; border-color: black; text-align: center; background-color: pink;\" width=\"169\"><h5><strong>Carte d'exposant (samedi uniquement)<\/strong><\/h5><\/td><\/tr><tr><td style=\"border-top-width: 1px; border-left-width: 1px; border-color: black; text-align: center;\" width=\"180\"><h5><strong>Acad\u00e9mique<\/strong><\/h5><\/td><td style=\"border-top-width: 1px; border-left-width: 1px; border-color: black; text-align: center;\" width=\"180\"><h5><strong>1<\/strong><\/h5><\/td><td style=\"border-top-width: 1px; border-left-width: 1px; border-color: black; text-align: center;\" width=\"169\"><h5><strong>1<\/strong><\/h5><\/td><\/tr><tr><td style=\"border-top-width: 1px; border-left-width: 1px; border-color: black; text-align: center;\" width=\"180\"><h5><strong>Bronze<\/strong><\/h5><\/td><td style=\"border-top-width: 1px; border-left-width: 1px; border-color: black; text-align: center;\" width=\"180\"><h5><strong>0<\/strong><\/h5><\/td><td style=\"border-top-width: 1px; border-left-width: 1px; border-color: black; text-align: center;\" width=\"169\"><h5><strong>2<\/strong><\/h5><\/td><\/tr><tr><td style=\"border-top-width: 1px; border-left-width: 1px; border-color: black; text-align: center;\" width=\"180\"><h5><strong>Argent<\/strong><\/h5><\/td><td style=\"border-top-width: 1px; border-left-width: 1px; border-color: black; text-align: center;\" width=\"180\"><h5><strong>1<\/strong><\/h5><\/td><td style=\"border-top-width: 1px; border-left-width: 1px; border-color: black; text-align: center;\" width=\"169\"><h5><strong>3<\/strong><\/h5><\/td><\/tr><tr><td style=\"border-top-width: 1px; border-left-width: 1px; border-color: black; text-align: center;\" width=\"180\"><h5><strong>Or<\/strong><\/h5><\/td><td style=\"border-top-width: 1px; border-left-width: 1px; border-color: black; text-align: center;\" width=\"180\"><h5><strong>2<\/strong><\/h5><\/td><td style=\"border-top-width: 1px; border-left-width: 1px; border-color: black; text-align: center;\" width=\"169\"><h5><strong>4<\/strong><\/h5><\/td><\/tr><tr><td style=\"border-top-width: 1px; border-left-width: 1px; border-color: black; text-align: center;\" width=\"180\"><h5><strong>Platine<\/strong><\/h5><\/td><td style=\"border-top-width: 1px; border-left-width: 1px; border-color: black; text-align: center;\" width=\"180\"><h5><strong>3<\/strong><\/h5><\/td><td style=\"border-top-width: 1px; border-left-width: 1px; border-color: black; text-align: center;\" width=\"169\"><h5><strong>5<\/strong><\/h5><\/td><\/tr><\/tbody><\/table>\t\t\t\t\t\t\t\t<\/div>\n\t\t\t\t\t<\/div>\n\t\t\t\t<\/div>\n\t\t<div class=\"elementor-element elementor-element-ac8bdc2 e-flex e-con-boxed e-con e-parent\" data-id=\"ac8bdc2\" data-element_type=\"container\" data-e-type=\"container\">\n\t\t\t\t\t<div class=\"e-con-inner\">\n\t\t\t\t<div class=\"elementor-element elementor-element-781e30c elementor-widget elementor-widget-text-editor\" data-id=\"781e30c\" data-element_type=\"widget\" data-e-type=\"widget\" data-widget_type=\"text-editor.default\">\n\t\t\t\t\t\t\t\t\t<p>Tous les repr\u00e9sentants des sponsors (y compris ceux qui b\u00e9n\u00e9ficient d'un billet de sponsor gratuit et tout repr\u00e9sentant suppl\u00e9mentaire) <strong>doit <\/strong>s'inscrire en utilisant notre <a href=\"https:\/\/cscan-infocan.ca\/fr\/celebration-of-women-in-computing\/\">site d'enregistrement<\/a> pour que nous ayons les coordonn\u00e9es de vos repr\u00e9sentants. Inscription de votre sponsor <strong>ne comprend pas la r\u00e9servation de l'h\u00f4tel<\/strong>. Veuillez utiliser <a href=\"https:\/\/cscan-infocan.ca\/fr\/celebration-of-women-in-computing\/\">ce lien<\/a> pour faire une r\u00e9servation.<\/p><h4><strong>Mat\u00e9riel d'exp\u00e9dition<\/strong><\/h4><p>Les articles pour votre stand peuvent \u00eatre exp\u00e9di\u00e9s au York Second Student Center au plus t\u00f4t le vendredi 25 octobre \u00e0 midi.  Veuillez utiliser l'\u00e9tiquette d'exp\u00e9dition ci-dessous.<\/p>\t\t\t\t\t\t\t\t<\/div>\n\t\t\t\t<div class=\"elementor-element elementor-element-5dec9d6 elementor-widget elementor-widget-button\" data-id=\"5dec9d6\" data-element_type=\"widget\" data-e-type=\"widget\" data-widget_type=\"button.default\">\n\t\t\t\t\t\t\t\t\t\t<a class=\"elementor-button elementor-size-sm\" role=\"button\">\n\t\t\t\t\t\t<span class=\"elementor-button-content-wrapper\">\n\t\t\t\t\t\t\t\t\t<span class=\"elementor-button-text\">T\u00e9l\u00e9charger l'\u00e9tiquette d'exp\u00e9dition<\/span>\n\t\t\t\t\t<\/span>\n\t\t\t\t\t<\/a>\n\t\t\t\t\t\t\t\t<\/div>\n\t\t\t\t\t<\/div>\n\t\t\t\t<\/div>\n\t\t<div class=\"elementor-element elementor-element-803fbba e-flex e-con-boxed e-con e-parent\" data-id=\"803fbba\" data-element_type=\"container\" data-e-type=\"container\">\n\t\t\t\t\t<div class=\"e-con-inner\">\n\t\t\t\t<div class=\"elementor-element elementor-element-1de6269 elementor-widget elementor-widget-text-editor\" data-id=\"1de6269\" data-element_type=\"widget\" data-e-type=\"widget\" data-widget_type=\"text-editor.default\">\n\t\t\t\t\t\t\t\t\t<h4><strong>Exp\u00e9dition des articles apr\u00e8s l'\u00e9v\u00e9nement<\/strong><\/h4><p>Vous devez prendre des dispositions pour qu'un service de messagerie vienne chercher vos articles apr\u00e8s la conf\u00e9rence.<\/p><h4><strong>Mise en place du stand<\/strong><\/h4><p>Tous les exposants se verront attribuer une table de 8 pieds. Il doit y avoir suffisamment d'espace pour que vous puissiez ranger vos articles autour et sous la table si n\u00e9cessaire. Vous pouvez commencer \u00e0 installer votre stand \u00e0 partir de 9 heures le samedi 21 octobre. Vous trouverez une carte de tente avec le nom de votre entreprise sur une table dans le hall d'exposition (la salle de bal Plaza au 2\u00e8me \u00e9tage). Des personnes vous aideront \u00e0 trouver votre place. Le d\u00e9jeuner sera servi dans le foyer \u00e0 l'ext\u00e9rieur de la salle d'exposition \u00e0 partir de midi. N'h\u00e9sitez pas \u00e0 vous servir ! Nous avons pr\u00e9vu une plage horaire de midi \u00e0 14 heures pour permettre aux participants de visiter les expositions, mais nous vous encourageons \u00e0 rester ouverts jusqu'\u00e0 16 heures au moins.<\/p><p>Les locaux sont spacieux et si vous souhaitez vous entretenir avec des participants individuels, vous pourrez trouver un endroit calme pour vous asseoir et discuter. Nous pouvons fournir un espace d\u00e9di\u00e9 aux entretiens formels.<\/p>\t\t\t\t\t\t\t\t<\/div>\n\t\t\t\t\t<\/div>\n\t\t\t\t<\/div>\n\t\t\t\t<\/div>","protected":false},"excerpt":{"rendered":"<p>Information For Sponsors 2025 Registration Complimentary tickets are given as follows. Please note, ALL SPONSOR REPS MUST REGISTER even if they are using complimentary passes. Sponsorship Level Full Conference (Friday and Saturday) Exhibitor Pass (Saturday only) Academic 1 1 Bronze 0 2 Silver 1 3 Gold 2 4 Platinum 3 5 All sponsor representatives (including [&hellip;]<\/p>\n","protected":false},"author":76,"featured_media":0,"parent":0,"menu_order":0,"comment_status":"closed","ping_status":"closed","template":"","meta":{"site-sidebar-layout":"no-sidebar","site-content-layout":"page-builder","ast-site-content-layout":"default","site-content-style":"default","site-sidebar-style":"default","ast-global-header-display":"","ast-banner-title-visibility":"","ast-main-header-display":"","ast-hfb-above-header-display":"","ast-hfb-below-header-display":"","ast-hfb-mobile-header-display":"","site-post-title":"disabled","ast-breadcrumbs-content":"","ast-featured-img":"disabled","footer-sml-layout":"","ast-disable-related-posts":"","theme-transparent-header-meta":"","adv-header-id-meta":"","stick-header-meta":"","header-above-stick-meta":"","header-main-stick-meta":"","header-below-stick-meta":"","astra-migrate-meta-layouts":"default","ast-page-background-enabled":"default","ast-page-background-meta":{"desktop":{"background-color":"","background-image":"","background-repeat":"repeat","background-position":"center center","background-size":"auto","background-attachment":"scroll","background-type":"","background-media":"","overlay-type":"","overlay-color":"","overlay-opacity":"","overlay-gradient":""},"tablet":{"background-color":"","background-image":"","background-repeat":"repeat","background-position":"center center","background-size":"auto","background-attachment":"scroll","background-type":"","background-media":"","overlay-type":"","overlay-color":"","overlay-opacity":"","overlay-gradient":""},"mobile":{"background-color":"","background-image":"","background-repeat":"repeat","background-position":"center center","background-size":"auto","background-attachment":"scroll","background-type":"","background-media":"","overlay-type":"","overlay-color":"","overlay-opacity":"","overlay-gradient":""}},"ast-content-background-meta":{"desktop":{"background-color":"var(--ast-global-color-5)","background-image":"","background-repeat":"repeat","background-position":"center center","background-size":"auto","background-attachment":"scroll","background-type":"","background-media":"","overlay-type":"","overlay-color":"","overlay-opacity":"","overlay-gradient":""},"tablet":{"background-color":"var(--ast-global-color-5)","background-image":"","background-repeat":"repeat","background-position":"center center","background-size":"auto","background-attachment":"scroll","background-type":"","background-media":"","overlay-type":"","overlay-color":"","overlay-opacity":"","overlay-gradient":""},"mobile":{"background-color":"var(--ast-global-color-5)","background-image":"","background-repeat":"repeat","background-position":"center center","background-size":"auto","background-attachment":"scroll","background-type":"","background-media":"","overlay-type":"","overlay-color":"","overlay-opacity":"","overlay-gradient":""}},"footnotes":""},"class_list":["post-16715","page","type-page","status-publish","hentry"],"_links":{"self":[{"href":"https:\/\/cscan-infocan.ca\/fr\/wp-json\/wp\/v2\/pages\/16715","targetHints":{"allow":["GET"]}}],"collection":[{"href":"https:\/\/cscan-infocan.ca\/fr\/wp-json\/wp\/v2\/pages"}],"about":[{"href":"https:\/\/cscan-infocan.ca\/fr\/wp-json\/wp\/v2\/types\/page"}],"author":[{"embeddable":true,"href":"https:\/\/cscan-infocan.ca\/fr\/wp-json\/wp\/v2\/users\/76"}],"replies":[{"embeddable":true,"href":"https:\/\/cscan-infocan.ca\/fr\/wp-json\/wp\/v2\/comments?post=16715"}],"version-history":[{"count":3,"href":"https:\/\/cscan-infocan.ca\/fr\/wp-json\/wp\/v2\/pages\/16715\/revisions"}],"predecessor-version":[{"id":26223,"href":"https:\/\/cscan-infocan.ca\/fr\/wp-json\/wp\/v2\/pages\/16715\/revisions\/26223"}],"wp:attachment":[{"href":"https:\/\/cscan-infocan.ca\/fr\/wp-json\/wp\/v2\/media?parent=16715"}],"curies":[{"name":"wp","href":"https:\/\/api.w.org\/{rel}","templated":true}]}}