{"id":15455,"date":"2022-12-17T20:06:18","date_gmt":"2022-12-17T20:06:18","guid":{"rendered":"https:\/\/cscan-infocan.ca\/?page_id=15455"},"modified":"2024-12-18T09:18:45","modified_gmt":"2024-12-18T14:18:45","slug":"sophie-sigfstead","status":"publish","type":"page","link":"https:\/\/cscan-infocan.ca\/fr\/sophie-sigfstead\/","title":{"rendered":"Sophie Sigfstead"},"content":{"rendered":"<div data-elementor-type=\"wp-page\" data-elementor-id=\"15455\" class=\"elementor elementor-15455\">\n\t\t\t\t<div class=\"elementor-element elementor-element-31d2ccfe e-flex e-con-boxed e-con e-parent\" data-id=\"31d2ccfe\" data-element_type=\"container\" data-e-type=\"container\">\n\t\t\t\t\t<div class=\"e-con-inner\">\n\t\t<div class=\"elementor-element elementor-element-66704d0a e-con-full e-flex e-con e-child\" data-id=\"66704d0a\" data-element_type=\"container\" data-e-type=\"container\" data-settings=\"{&quot;background_background&quot;:&quot;classic&quot;}\">\n\t\t<div class=\"elementor-element elementor-element-52c3b15d e-con-full e-flex e-con e-child\" data-id=\"52c3b15d\" data-element_type=\"container\" data-e-type=\"container\" data-settings=\"{&quot;background_background&quot;:&quot;classic&quot;}\">\n\t\t<div class=\"elementor-element elementor-element-434653f1 e-con-full e-flex e-con e-child\" data-id=\"434653f1\" data-element_type=\"container\" data-e-type=\"container\" data-settings=\"{&quot;background_background&quot;:&quot;classic&quot;}\">\n\t\t\t\t<div class=\"elementor-element elementor-element-1447110 elementor-widget elementor-widget-heading\" data-id=\"1447110\" data-element_type=\"widget\" data-e-type=\"widget\" data-widget_type=\"heading.default\">\n\t\t\t\t\t<h2 class=\"elementor-heading-title elementor-size-default\">\u00c9tudiant de premier cycle<\/h2>\t\t\t\t<\/div>\n\t\t\t\t<div class=\"elementor-element elementor-element-34417493 elementor-widget elementor-widget-heading\" data-id=\"34417493\" data-element_type=\"widget\" data-e-type=\"widget\" data-widget_type=\"heading.default\">\n\t\t\t\t\t<h2 class=\"elementor-heading-title elementor-size-default\">Sophie Sigfstead\n<\/h2>\t\t\t\t<\/div>\n\t\t\t\t<\/div>\n\t\t\t\t<\/div>\n\t\t<div class=\"elementor-element elementor-element-62067805 e-con-full e-flex e-con e-child\" data-id=\"62067805\" data-element_type=\"container\" data-e-type=\"container\">\n\t\t\t\t<div class=\"elementor-element elementor-element-226dea79 elementor-icon-list--layout-traditional elementor-list-item-link-full_width elementor-widget elementor-widget-icon-list\" data-id=\"226dea79\" data-element_type=\"widget\" data-e-type=\"widget\" data-widget_type=\"icon-list.default\">\n\t\t\t\t\t\t\t<ul class=\"elementor-icon-list-items\">\n\t\t\t\t\t\t\t<li class=\"elementor-icon-list-item\">\n\t\t\t\t\t\t\t\t\t\t\t<span class=\"elementor-icon-list-icon\">\n\t\t\t\t\t\t\t<svg aria-hidden=\"true\" class=\"e-font-icon-svg e-fas-university\" viewbox=\"0 0 512 512\" xmlns=\"http:\/\/www.w3.org\/2000\/svg\"><path d=\"M496 128v16a8 8 0 0 1-8 8h-24v12c0 6.627-5.373 12-12 12H60c-6.627 0-12-5.373-12-12v-12H24a8 8 0 0 1-8-8v-16a8 8 0 0 1 4.941-7.392l232-88a7.996 7.996 0 0 1 6.118 0l232 88A8 8 0 0 1 496 128zm-24 304H40c-13.255 0-24 10.745-24 24v16a8 8 0 0 0 8 8h464a8 8 0 0 0 8-8v-16c0-13.255-10.745-24-24-24zM96 192v192H60c-6.627 0-12 5.373-12 12v20h416v-20c0-6.627-5.373-12-12-12h-36V192h-64v192h-64V192h-64v192h-64V192H96z\"><\/path><\/svg>\t\t\t\t\t\t<\/span>\n\t\t\t\t\t\t\t\t\t\t<span class=\"elementor-icon-list-text\">Professeur University of Alberta<\/span>\n\t\t\t\t\t\t\t\t\t<\/li>\n\t\t\t\t\t\t<\/ul>\n\t\t\t\t\t\t<\/div>\n\t\t\t\t<div class=\"elementor-element elementor-element-56860a62 elementor-widget-divider--view-line elementor-widget elementor-widget-divider\" data-id=\"56860a62\" data-element_type=\"widget\" data-e-type=\"widget\" data-widget_type=\"divider.default\">\n\t\t\t\t\t\t\t<div class=\"elementor-divider\">\n\t\t\t<span class=\"elementor-divider-separator\">\n\t\t\t\t\t\t<\/span>\n\t\t<\/div>\n\t\t\t\t\t\t<\/div>\n\t\t\t\t<div class=\"elementor-element elementor-element-cfac0e elementor-widget elementor-widget-text-editor\" data-id=\"cfac0e\" data-element_type=\"widget\" data-e-type=\"widget\" data-widget_type=\"text-editor.default\">\n\t\t\t\t\t\t\t\t\t<p>Je m'appelle Sophie Sigfstead et je suis \u00e9tudiante chercheuse de premier cycle \u00e0 l'Universit\u00e9 de l'Alberta, o\u00f9 j'\u00e9tudie actuellement les math\u00e9matiques et la science informatique. Avant d'\u00e9tudier \u00e0 l'universit\u00e9 de l'Alberta, j'ai \u00e9tudi\u00e9 l'ing\u00e9nierie \u00e0 l'universit\u00e9 de Victoria. Je suis une candidate solide pour ce poste, avec des exp\u00e9riences uniques et un parcours d'excellence.<\/p><p>J'ai fait preuve de r\u00e9ussite scolaire, ayant obtenu une moyenne cumulative de 3,9\/4,0 et de nombreuses r\u00e9compenses acad\u00e9miques, qui totalisent plus de 50 0000$, ainsi que deux nominations sur la liste du doyen de l'Universit\u00e9 de Victoria.<\/p><p>En plus de mes succ\u00e8s acad\u00e9miques, j'ai \u00e9t\u00e9 reconnue pour mes efforts au sein de la communaut\u00e9, et j'ai obtenu la bourse W. R. Gordon Scholarship en 2020, pour sa contribution exceptionnelle \u00e0 la vie \u00e9tudiante de l'universit\u00e9. J'ai \u00e9galement de nombreux contacts avec des groupes d'\u00e9tudiants, car je suis tr\u00e8s impliqu\u00e9e dans la communaut\u00e9 \u00e9tudiante de l'Universit\u00e9 de Victoria, ainsi que dans d'autres initiatives ind\u00e9pendantes g\u00e9r\u00e9es par des \u00e9tudiants. Par exemple, je suis actuellement coordonnateur de la sensibilisation et conseiller en informatique pour Ask An Undergrad Canada, une initiative nationale qui offre aux \u00e9l\u00e8ves des \u00e9coles secondaires des ressources gratuites de planification des \u00e9tudes postsecondaires et des services de mentorat.<\/p><p>J'ai \u00e9galement une exp\u00e9rience professionnelle vari\u00e9e dans ce domaine. J'ai travaill\u00e9 pendant deux ans \u00e0 l'assistance informatique de l'universit\u00e9 de Victoria, o\u00f9 j'ai r\u00e9solu plus de 6 500 probl\u00e8mes techniques li\u00e9s aux logiciels et au mat\u00e9riel informatique. \u00c0 ce poste, j'ai \u00e9galement organis\u00e9 une campagne d'\u00e9ducation \u00e0 la cybers\u00e9curit\u00e9 \u00e0 l'\u00e9chelle du campus, qui a suscit\u00e9 un niveau \u00e9lev\u00e9 d'engagement. J'ai \u00e9galement effectu\u00e9 deux stages \u00e0 la Banque Royale du Canada (RBC), o\u00f9 j'ai travaill\u00e9 en tant qu'analyste de donn\u00e9es au sein du d\u00e9partement Cash Services. Pendant mon s\u00e9jour \u00e0 la RBC, j'ai men\u00e9 de nombreuses initiatives r\u00e9ussies (y compris le d\u00e9veloppement d'une application SQL avanc\u00e9e) et j'ai contribu\u00e9 \u00e0 des solutions de pr\u00e9vision de tr\u00e9sorerie impliquant la mod\u00e9lisation XGBoost. J'ai \u00e9galement fait du b\u00e9n\u00e9volat en tant que mentor pour Canadians Learning Code Canada, en enseignant aux femmes et aux personnes non binaires les principes fondamentaux du codage. Mon travail au sein de l'entreprise a \u00e9t\u00e9 tr\u00e8s bien accueilli, puisque j'ai \u00e9t\u00e9 reconnue comme une personne tr\u00e8s performante dans les deux cas.<\/p><p>Actuellement, je m'int\u00e9resse principalement aux applications de l'IA aux questions sociales, en particulier au droit, \u00e0 la m\u00e9decine et \u00e0 la biologie. Je travaille actuellement comme stagiaire en recherche \u00e0 la Facult\u00e9 de droit de l'Universit\u00e9 de l'Alberta, o\u00f9 j'effectue des analyses de donn\u00e9es relatives \u00e0 la d\u00e9sinformation en mati\u00e8re de sant\u00e9, et je suis en train de finaliser des plans pour explorer davantage ces int\u00e9r\u00eats cet \u00e9t\u00e9. \u00c0 long terme, je souhaite poursuivre une carri\u00e8re combinant la m\u00e9decine et la technologie.<\/p><p>Compte tenu de mon ambition et de mon engagement futur, je suis tr\u00e8s motiv\u00e9e \u00e0 l'id\u00e9e d'am\u00e9liorer les r\u00e9sultats pour la communaut\u00e9 universitaire. Si je suis \u00e9lue en tant que repr\u00e9sentante des \u00e9tudiants de premier cycle ou des femmes, il ne fait aucun doute que je serai en mesure de d\u00e9fendre avec force les int\u00e9r\u00eats de mon contingent. Comme indiqu\u00e9 ci-dessus, je suis bien \u00e9quip\u00e9e pour le faire, car je peux compter sur mes comp\u00e9tences, mes relations et mes exp\u00e9riences pass\u00e9es pour apporter une perspective diversifi\u00e9e et enthousiaste \u00e0 la commission. J'esp\u00e8re que l'\u00e9lectorat en jugera de m\u00eame - je vous remercie de votre attention !<\/p>\t\t\t\t\t\t\t\t<\/div>\n\t\t\t\t<\/div>\n\t\t\t\t<\/div>\n\t\t\t\t\t<\/div>\n\t\t\t\t<\/div>\n\t\t\t\t<\/div>","protected":false},"excerpt":{"rendered":"<p>Undergraduate Student Sophie Sigfstead University of Alberta My name is Sophie Sigfstead and I am an undergraduate student researcher at the University of Alberta, currently studying math and computational science. Prior to studying at the University of Alberta, I studied engineering at the University of Victoria. I am a strong candidate for this position, with [&hellip;]<\/p>\n","protected":false},"author":76,"featured_media":0,"parent":0,"menu_order":0,"comment_status":"closed","ping_status":"closed","template":"","meta":{"site-sidebar-layout":"no-sidebar","site-content-layout":"page-builder","ast-site-content-layout":"default","site-content-style":"default","site-sidebar-style":"default","ast-global-header-display":"","ast-banner-title-visibility":"","ast-main-header-display":"","ast-hfb-above-header-display":"","ast-hfb-below-header-display":"","ast-hfb-mobile-header-display":"","site-post-title":"disabled","ast-breadcrumbs-content":"","ast-featured-img":"disabled","footer-sml-layout":"","ast-disable-related-posts":"","theme-transparent-header-meta":"","adv-header-id-meta":"","stick-header-meta":"","header-above-stick-meta":"","header-main-stick-meta":"","header-below-stick-meta":"","astra-migrate-meta-layouts":"default","ast-page-background-enabled":"default","ast-page-background-meta":{"desktop":{"background-color":"","background-image":"","background-repeat":"repeat","background-position":"center center","background-size":"auto","background-attachment":"scroll","background-type":"","background-media":"","overlay-type":"","overlay-color":"","overlay-opacity":"","overlay-gradient":""},"tablet":{"background-color":"","background-image":"","background-repeat":"repeat","background-position":"center center","background-size":"auto","background-attachment":"scroll","background-type":"","background-media":"","overlay-type":"","overlay-color":"","overlay-opacity":"","overlay-gradient":""},"mobile":{"background-color":"","background-image":"","background-repeat":"repeat","background-position":"center center","background-size":"auto","background-attachment":"scroll","background-type":"","background-media":"","overlay-type":"","overlay-color":"","overlay-opacity":"","overlay-gradient":""}},"ast-content-background-meta":{"desktop":{"background-color":"var(--ast-global-color-5)","background-image":"","background-repeat":"repeat","background-position":"center center","background-size":"auto","background-attachment":"scroll","background-type":"","background-media":"","overlay-type":"","overlay-color":"","overlay-opacity":"","overlay-gradient":""},"tablet":{"background-color":"var(--ast-global-color-5)","background-image":"","background-repeat":"repeat","background-position":"center center","background-size":"auto","background-attachment":"scroll","background-type":"","background-media":"","overlay-type":"","overlay-color":"","overlay-opacity":"","overlay-gradient":""},"mobile":{"background-color":"var(--ast-global-color-5)","background-image":"","background-repeat":"repeat","background-position":"center center","background-size":"auto","background-attachment":"scroll","background-type":"","background-media":"","overlay-type":"","overlay-color":"","overlay-opacity":"","overlay-gradient":""}},"footnotes":""},"class_list":["post-15455","page","type-page","status-publish","hentry"],"_links":{"self":[{"href":"https:\/\/cscan-infocan.ca\/fr\/wp-json\/wp\/v2\/pages\/15455","targetHints":{"allow":["GET"]}}],"collection":[{"href":"https:\/\/cscan-infocan.ca\/fr\/wp-json\/wp\/v2\/pages"}],"about":[{"href":"https:\/\/cscan-infocan.ca\/fr\/wp-json\/wp\/v2\/types\/page"}],"author":[{"embeddable":true,"href":"https:\/\/cscan-infocan.ca\/fr\/wp-json\/wp\/v2\/users\/76"}],"replies":[{"embeddable":true,"href":"https:\/\/cscan-infocan.ca\/fr\/wp-json\/wp\/v2\/comments?post=15455"}],"version-history":[{"count":3,"href":"https:\/\/cscan-infocan.ca\/fr\/wp-json\/wp\/v2\/pages\/15455\/revisions"}],"predecessor-version":[{"id":24700,"href":"https:\/\/cscan-infocan.ca\/fr\/wp-json\/wp\/v2\/pages\/15455\/revisions\/24700"}],"wp:attachment":[{"href":"https:\/\/cscan-infocan.ca\/fr\/wp-json\/wp\/v2\/media?parent=15455"}],"curies":[{"name":"wp","href":"https:\/\/api.w.org\/{rel}","templated":true}]}}