{"id":14473,"date":"2022-11-13T03:13:53","date_gmt":"2022-11-13T03:13:53","guid":{"rendered":"https:\/\/cscan-infocan.ca\/?page_id=14473"},"modified":"2024-01-31T23:54:08","modified_gmt":"2024-02-01T04:54:08","slug":"sister-organizations","status":"publish","type":"page","link":"https:\/\/cscan-infocan.ca\/fr\/sister-organizations\/","title":{"rendered":"Organisations s\u0153urs"},"content":{"rendered":"<div data-elementor-type=\"wp-page\" data-elementor-id=\"14473\" class=\"elementor elementor-14473\">\n\t\t\t\t<div class=\"elementor-element elementor-element-e16993b e-flex e-con-boxed e-con e-parent\" data-id=\"e16993b\" data-element_type=\"container\" data-e-type=\"container\">\n\t\t\t\t\t<div class=\"e-con-inner\">\n\t\t\t\t<div class=\"elementor-element elementor-element-a30bd86 elementor-widget elementor-widget-elementskit-heading\" data-id=\"a30bd86\" data-element_type=\"widget\" data-e-type=\"widget\" data-widget_type=\"elementskit-heading.default\">\n\t\t\t\t\t<div class=\"ekit-wid-con\" ><div class=\"ekit-heading elementskit-section-title-wraper text_center   ekit_heading_tablet-   ekit_heading_mobile-\"><h2 class=\"ekit-heading--title elementskit-section-title\">Organisations s\u0153urs<\/h2><div class=\"ekit_heading_separetor_wraper ekit_heading_elementskit-border-divider ekit-dotted\"><div class=\"elementskit-border-divider ekit-dotted\"><\/div><\/div><\/div><\/div>\t\t\t\t<\/div>\n\t\t\t\t\t<\/div>\n\t\t\t\t<\/div>\n\t\t<div class=\"elementor-element elementor-element-b7f09cf e-flex e-con-boxed e-con e-parent\" data-id=\"b7f09cf\" data-element_type=\"container\" data-e-type=\"container\">\n\t\t\t\t\t<div class=\"e-con-inner\">\n\t\t\t\t<div class=\"elementor-element elementor-element-c0bffa7 elementor-widget elementor-widget-text-editor\" data-id=\"c0bffa7\" data-element_type=\"widget\" data-e-type=\"widget\" data-widget_type=\"text-editor.default\">\n\t\t\t\t\t\t\t\t\t<p style=\"text-align: left;\">Voici une liste d'organisations internationales avec lesquelles CS-CAN|INFO-CAN partage une mission et des objectifs similaires et entreprend des initiatives et des activit\u00e9s communes. Si votre organisation est int\u00e9ress\u00e9e par les initiatives du CS-CAN|INFO-CAN et par une future collaboration, veuillez s'il vous pla\u00eet <a href=\"https:\/\/cscan-infocan.ca\/fr\/contact-us\/\">contacter notre bureau<\/a>.<\/p><p>\u00a0<\/p><h4 style=\"text-align: center;\"><strong>Les organisations s\u0153urs sont actuellement les suivantes<\/strong><\/h4>\t\t\t\t\t\t\t\t<\/div>\n\t\t\t\t\t<\/div>\n\t\t\t\t<\/div>\n\t\t<div class=\"elementor-element elementor-element-489c941 e-flex e-con-boxed e-con e-parent\" data-id=\"489c941\" data-element_type=\"container\" data-e-type=\"container\">\n\t\t\t\t\t<div class=\"e-con-inner\">\n\t\t<div class=\"elementor-element elementor-element-6d94e50 e-con-full e-flex e-con e-child\" data-id=\"6d94e50\" data-element_type=\"container\" data-e-type=\"container\">\n\t\t\t\t<div class=\"elementor-element elementor-element-5b2bd8d elementor-widget elementor-widget-image\" data-id=\"5b2bd8d\" data-element_type=\"widget\" data-e-type=\"widget\" data-widget_type=\"image.default\">\n\t\t\t\t\t\t\t\t\t\t\t\t\t\t\t<img decoding=\"async\" width=\"195\" height=\"88\" src=\"https:\/\/cscan-infocan.ca\/wp-content\/uploads\/2022\/07\/logo.png\" class=\"attachment-large size-large wp-image-11474\" alt=\"\" \/>\t\t\t\t\t\t\t\t\t\t\t\t\t\t\t<\/div>\n\t\t\t\t<div class=\"elementor-element elementor-element-d3bc567 elementor-widget elementor-widget-text-editor\" data-id=\"d3bc567\" data-element_type=\"widget\" data-e-type=\"widget\" data-widget_type=\"text-editor.default\">\n\t\t\t\t\t\t\t\t\t<p><a href=\"http:\/\/cra.org\/\" target=\"_blank\" rel=\"noopener\">L'ARC<\/a>\u00a0- Computing Research Association. Repr\u00e9sentant les communaut\u00e9s universitaires et de recherche en informatique en Am\u00e9rique du Nord, CRA a une mission et des objectifs similaires \u00e0 ceux poursuivis par Informatics Europe \u00e0 travers l'Europe - renforcer la recherche et l'\u00e9ducation en informatique.<\/p>\t\t\t\t\t\t\t\t<\/div>\n\t\t\t\t<\/div>\n\t\t\t\t\t<\/div>\n\t\t\t\t<\/div>\n\t\t<div class=\"elementor-element elementor-element-ef6d2b2 e-flex e-con-boxed e-con e-parent\" data-id=\"ef6d2b2\" data-element_type=\"container\" data-e-type=\"container\">\n\t\t\t\t\t<div class=\"e-con-inner\">\n\t\t<div class=\"elementor-element elementor-element-83ed2e0 e-con-full e-flex e-con e-child\" data-id=\"83ed2e0\" data-element_type=\"container\" data-e-type=\"container\">\n\t\t\t\t<div class=\"elementor-element elementor-element-305192b elementor-widget elementor-widget-image\" data-id=\"305192b\" data-element_type=\"widget\" data-e-type=\"widget\" data-widget_type=\"image.default\">\n\t\t\t\t\t\t\t\t\t\t\t\t\t\t\t<img decoding=\"async\" width=\"223\" height=\"80\" src=\"https:\/\/cscan-infocan.ca\/wp-content\/uploads\/2023\/12\/logo-informatics-europe-80.png\" class=\"attachment-large size-large wp-image-20520\" alt=\"\" srcset=\"https:\/\/cscan-infocan.ca\/wp-content\/uploads\/2023\/12\/logo-informatics-europe-80.png 223w, https:\/\/cscan-infocan.ca\/wp-content\/uploads\/2023\/12\/logo-informatics-europe-80-18x6.png 18w\" sizes=\"(max-width: 223px) 100vw, 223px\" \/>\t\t\t\t\t\t\t\t\t\t\t\t\t\t\t<\/div>\n\t\t\t\t<div class=\"elementor-element elementor-element-6672280 elementor-widget elementor-widget-text-editor\" data-id=\"6672280\" data-element_type=\"widget\" data-e-type=\"widget\" data-widget_type=\"text-editor.default\">\n\t\t\t\t\t\t\t\t\t<p class=\"translation-block\"><a href=\"https:\/\/www.informatics-europe.org\/\" target=\"_self\"><span style=\"font-weight: 400\">Informatics Europe<\/span><\/a><span style=\"font-weight: 400\"> \u2013 <\/span><span style=\"font-weight: 400\">Informatics Europe repr\u00e9sente la communaut\u00e9 universitaire et de recherche en informatique<\/span><a href=\"https:\/\/www.informatics-europe.org\/about\/mission-and-origins.html#footnote-informatics\" target=\"_self\"><span style=\"font-weight: 400\">1<\/span><\/a><span style=\"font-weight: 400\">\u00a0 en Europe et dans les pays voisins. Elle rassemble des d\u00e9partements universitaires et des laboratoires de recherche<\/span><b>, <\/b><span style=\"font-weight: 400\"><\/span>\u00a0<span style=\"font-weight: 400\"> cr\u00e9ant ainsi une voix commune forte pour promouvoir, fa\u00e7onner et stimuler la recherche, l'\u00e9ducation et le transfert de connaissances de qualit\u00e9 en informatique en Europe<\/span><b>. <\/b><span style=\"font-weight: 400\"> Informatics Europe est une association \u00e0 but non lucratif bas\u00e9e \u00e0 Zurich, en Suisse.<\/span><\/p>\t\t\t\t\t\t\t\t<\/div>\n\t\t\t\t<\/div>\n\t\t\t\t\t<\/div>\n\t\t\t\t<\/div>\n\t\t\t\t<\/div>","protected":false},"excerpt":{"rendered":"<p>Sister Organizations Here is a list of international organizations with whom CS-CAN|INFO-CAN shares a similar mission and goals, and undertakes joint initiatives and activities. If your organization\u00a0is interested in CS-CAN|INFO-CAN initiatives and future collaboration, please contact our office. \u00a0 Sister Organizations Currently Include: CRA\u00a0&#8211; Computing Research Association.\u00a0Representing the computing academic and research communities in North [&hellip;]<\/p>\n","protected":false},"author":76,"featured_media":0,"parent":0,"menu_order":0,"comment_status":"closed","ping_status":"closed","template":"","meta":{"site-sidebar-layout":"no-sidebar","site-content-layout":"page-builder","ast-site-content-layout":"default","site-content-style":"default","site-sidebar-style":"default","ast-global-header-display":"","ast-banner-title-visibility":"","ast-main-header-display":"","ast-hfb-above-header-display":"","ast-hfb-below-header-display":"","ast-hfb-mobile-header-display":"","site-post-title":"disabled","ast-breadcrumbs-content":"","ast-featured-img":"disabled","footer-sml-layout":"","ast-disable-related-posts":"","theme-transparent-header-meta":"","adv-header-id-meta":"","stick-header-meta":"","header-above-stick-meta":"","header-main-stick-meta":"","header-below-stick-meta":"","astra-migrate-meta-layouts":"default","ast-page-background-enabled":"default","ast-page-background-meta":{"desktop":{"background-color":"","background-image":"","background-repeat":"repeat","background-position":"center center","background-size":"auto","background-attachment":"scroll","background-type":"","background-media":"","overlay-type":"","overlay-color":"","overlay-opacity":"","overlay-gradient":""},"tablet":{"background-color":"","background-image":"","background-repeat":"repeat","background-position":"center center","background-size":"auto","background-attachment":"scroll","background-type":"","background-media":"","overlay-type":"","overlay-color":"","overlay-opacity":"","overlay-gradient":""},"mobile":{"background-color":"","background-image":"","background-repeat":"repeat","background-position":"center center","background-size":"auto","background-attachment":"scroll","background-type":"","background-media":"","overlay-type":"","overlay-color":"","overlay-opacity":"","overlay-gradient":""}},"ast-content-background-meta":{"desktop":{"background-color":"var(--ast-global-color-5)","background-image":"","background-repeat":"repeat","background-position":"center center","background-size":"auto","background-attachment":"scroll","background-type":"","background-media":"","overlay-type":"","overlay-color":"","overlay-opacity":"","overlay-gradient":""},"tablet":{"background-color":"var(--ast-global-color-5)","background-image":"","background-repeat":"repeat","background-position":"center center","background-size":"auto","background-attachment":"scroll","background-type":"","background-media":"","overlay-type":"","overlay-color":"","overlay-opacity":"","overlay-gradient":""},"mobile":{"background-color":"var(--ast-global-color-5)","background-image":"","background-repeat":"repeat","background-position":"center center","background-size":"auto","background-attachment":"scroll","background-type":"","background-media":"","overlay-type":"","overlay-color":"","overlay-opacity":"","overlay-gradient":""}},"footnotes":""},"class_list":["post-14473","page","type-page","status-publish","hentry"],"_links":{"self":[{"href":"https:\/\/cscan-infocan.ca\/fr\/wp-json\/wp\/v2\/pages\/14473","targetHints":{"allow":["GET"]}}],"collection":[{"href":"https:\/\/cscan-infocan.ca\/fr\/wp-json\/wp\/v2\/pages"}],"about":[{"href":"https:\/\/cscan-infocan.ca\/fr\/wp-json\/wp\/v2\/types\/page"}],"author":[{"embeddable":true,"href":"https:\/\/cscan-infocan.ca\/fr\/wp-json\/wp\/v2\/users\/76"}],"replies":[{"embeddable":true,"href":"https:\/\/cscan-infocan.ca\/fr\/wp-json\/wp\/v2\/comments?post=14473"}],"version-history":[{"count":0,"href":"https:\/\/cscan-infocan.ca\/fr\/wp-json\/wp\/v2\/pages\/14473\/revisions"}],"wp:attachment":[{"href":"https:\/\/cscan-infocan.ca\/fr\/wp-json\/wp\/v2\/media?parent=14473"}],"curies":[{"name":"wp","href":"https:\/\/api.w.org\/{rel}","templated":true}]}}