{"id":11994,"date":"2022-08-07T03:34:26","date_gmt":"2022-08-07T03:34:26","guid":{"rendered":"https:\/\/cscan-infocan.ca\/?page_id=11994"},"modified":"2024-02-01T01:35:41","modified_gmt":"2024-02-01T06:35:41","slug":"about-special-interset-groups","status":"publish","type":"page","link":"https:\/\/cscan-infocan.ca\/fr\/about-special-interset-groups\/","title":{"rendered":"sur les groupes intersectoriels sp\u00e9ciaux"},"content":{"rendered":"<div data-elementor-type=\"wp-page\" data-elementor-id=\"11994\" class=\"elementor elementor-11994\">\n\t\t\t\t<div class=\"elementor-element elementor-element-a9517e7 e-flex e-con-boxed e-con e-parent\" data-id=\"a9517e7\" data-element_type=\"container\" data-e-type=\"container\">\n\t\t\t\t\t<div class=\"e-con-inner\">\n\t\t<div class=\"elementor-element elementor-element-0e3a48a e-flex e-con-boxed e-con e-child\" data-id=\"0e3a48a\" data-element_type=\"container\" data-e-type=\"container\">\n\t\t\t\t\t<div class=\"e-con-inner\">\n\t\t\t\t<div class=\"elementor-element elementor-element-6554273 elementor-widget elementor-widget-elementskit-heading\" data-id=\"6554273\" data-element_type=\"widget\" data-e-type=\"widget\" data-widget_type=\"elementskit-heading.default\">\n\t\t\t\t\t<div class=\"ekit-wid-con\" ><div class=\"ekit-heading elementskit-section-title-wraper text_center   ekit_heading_tablet-   ekit_heading_mobile-\"><h2 class=\"ekit-heading--title elementskit-section-title\">\u00c0 propos des groupes d'int\u00e9r\u00eat sp\u00e9ciaux<\/h2><div class=\"ekit_heading_separetor_wraper ekit_heading_elementskit-border-divider ekit-dotted\"><div class=\"elementskit-border-divider ekit-dotted\"><\/div><\/div><\/div><\/div>\t\t\t\t<\/div>\n\t\t\t\t\t<\/div>\n\t\t\t\t<\/div>\n\t\t\t\t\t<\/div>\n\t\t\t\t<\/div>\n\t\t<div class=\"elementor-element elementor-element-ab95198 e-flex e-con-boxed e-con e-parent\" data-id=\"ab95198\" data-element_type=\"container\" data-e-type=\"container\">\n\t\t\t\t\t<div class=\"e-con-inner\">\n\t\t\t\t<div class=\"elementor-element elementor-element-158c181 elementor-widget elementor-widget-text-editor\" data-id=\"158c181\" data-element_type=\"widget\" data-e-type=\"widget\" data-widget_type=\"text-editor.default\">\n\t\t\t\t\t\t\t\t\t<p class=\"translation-block\">CS-Can|Info-Can entretient des relations avec les organisations suivantes afin de soutenir et de promouvoir plus profond\u00e9ment des domaines d'int\u00e9r\u00eat sp\u00e9cialis\u00e9s en informatique. Pour plus d'informations sur une organisation et ses activit\u00e9s, suivez les liens ci-dessous.<\/p><table style=\"border-collapse: collapse; width: 100%; text-align: center;\"><tbody><tr><td style=\"border: 2px solid #000000; padding: 32px;\"><a style=\"color: red; text-decoration: none;\" href=\"https:\/\/www.cser.ca\/2022s\/\" target=\"_blank\" rel=\"noopener\"><span style=\"font-weight: bold;\">Consortium pour la recherche en g\u00e9nie logiciel (CSER)<\/span><\/a><\/td><td style=\"border: 2px solid #000000; padding: 32px;\"><a style=\"color: red; text-decoration: none;\" href=\"https:\/\/ncc-cnc.ca\/\" target=\"_blank\" rel=\"noopener\"><span style=\"font-weight: bold;\">Consortium national pour la cybers\u00e9curit\u00e9 (CNC)<\/span><\/a><\/td><\/tr><tr><td style=\"border: 2px solid #000000; padding: 32px;\"><a style=\"color: red; text-decoration: none;\" href=\"https:\/\/www.caiac.ca\/\" target=\"_blank\" rel=\"noopener\"><span style=\"font-weight: bold;\">Conf\u00e9rence canadienne sur l'intelligence artificielle (CANAI)<\/span><\/a><\/td><td style=\"border: 2px solid #000000; padding: 32px;\"><a style=\"color: red; text-decoration: none;\" href=\"https:\/\/www.cs.mcgill.ca\/~kemme\/CanDB\/CanDB2006.html\" target=\"_blank\" rel=\"noopener\"><span style=\"font-weight: bold;\">Atelier canadien de recherche sur les bases de donn\u00e9es (CANDB)<\/span><\/a><\/td><\/tr><tr><td style=\"border: 2px solid #000000; padding: 32px;\"><a style=\"color: red; text-decoration: none;\" href=\"https:\/\/www.cipprs.org\/\" target=\"_blank\" rel=\"noopener\"><span style=\"font-weight: bold;\">Soci\u00e9t\u00e9 canadienne de traitement d'images et de reconnaissance des formes (CIPPRS)<\/span><\/a><\/td><td style=\"border: 2px solid #000000; padding: 32px;\"><a style=\"color: red; text-decoration: none;\" href=\"https:\/\/pstnet.ca\/\" target=\"_blank\" rel=\"noopener\"><span style=\"font-weight: bold;\">Conf\u00e9rence internationale sur la confidentialit\u00e9, la s\u00e9curit\u00e9 et la confiance (PST)<\/span><\/a><\/td><\/tr><tr><td style=\"border: 2px solid #000000; padding: 32px;\"><a style=\"color: red; text-decoration: none;\" href=\"http:\/\/www.cips.ca\" target=\"_blank\" rel=\"noopener\"><span style=\"font-weight: bold;\">Soci\u00e9t\u00e9 canadienne de traitement de l'information<\/span><\/a><\/td><td style=\"border: 2px solid #000000; padding: 32px;\"><a style=\"color: red; text-decoration: none;\" href=\"https:\/\/quantum-safe.ca\/\" target=\"_blank\" rel=\"noopener\"><span style=\"font-weight: bold;\">Quantum Safe Canada<\/span><\/a><\/td><\/tr><\/tbody><\/table>\t\t\t\t\t\t\t\t<\/div>\n\t\t\t\t\t<\/div>\n\t\t\t\t<\/div>\n\t\t\t\t<\/div>","protected":false},"excerpt":{"rendered":"<p>About Special Interest Groups CS-Can|Info-Can has relationships with the following organizations to more deeply support and promote specialized areas of interest in computer science. For more information on an organization and its activities, follow the links below. Consortium for Software Engineering Research (CSER) National Cybersecurity Consortium (NCC) Canadian Conference on Artificial Intelligence (CANAI) Canadian Database [&hellip;]<\/p>\n","protected":false},"author":76,"featured_media":0,"parent":0,"menu_order":0,"comment_status":"closed","ping_status":"closed","template":"","meta":{"site-sidebar-layout":"no-sidebar","site-content-layout":"page-builder","ast-site-content-layout":"default","site-content-style":"default","site-sidebar-style":"default","ast-global-header-display":"","ast-banner-title-visibility":"","ast-main-header-display":"","ast-hfb-above-header-display":"","ast-hfb-below-header-display":"","ast-hfb-mobile-header-display":"","site-post-title":"disabled","ast-breadcrumbs-content":"","ast-featured-img":"disabled","footer-sml-layout":"","ast-disable-related-posts":"","theme-transparent-header-meta":"","adv-header-id-meta":"","stick-header-meta":"","header-above-stick-meta":"","header-main-stick-meta":"","header-below-stick-meta":"","astra-migrate-meta-layouts":"default","ast-page-background-enabled":"default","ast-page-background-meta":{"desktop":{"background-color":"","background-image":"","background-repeat":"repeat","background-position":"center center","background-size":"auto","background-attachment":"scroll","background-type":"","background-media":"","overlay-type":"","overlay-color":"","overlay-opacity":"","overlay-gradient":""},"tablet":{"background-color":"","background-image":"","background-repeat":"repeat","background-position":"center center","background-size":"auto","background-attachment":"scroll","background-type":"","background-media":"","overlay-type":"","overlay-color":"","overlay-opacity":"","overlay-gradient":""},"mobile":{"background-color":"","background-image":"","background-repeat":"repeat","background-position":"center center","background-size":"auto","background-attachment":"scroll","background-type":"","background-media":"","overlay-type":"","overlay-color":"","overlay-opacity":"","overlay-gradient":""}},"ast-content-background-meta":{"desktop":{"background-color":"var(--ast-global-color-5)","background-image":"","background-repeat":"repeat","background-position":"center center","background-size":"auto","background-attachment":"scroll","background-type":"","background-media":"","overlay-type":"","overlay-color":"","overlay-opacity":"","overlay-gradient":""},"tablet":{"background-color":"var(--ast-global-color-5)","background-image":"","background-repeat":"repeat","background-position":"center center","background-size":"auto","background-attachment":"scroll","background-type":"","background-media":"","overlay-type":"","overlay-color":"","overlay-opacity":"","overlay-gradient":""},"mobile":{"background-color":"var(--ast-global-color-5)","background-image":"","background-repeat":"repeat","background-position":"center center","background-size":"auto","background-attachment":"scroll","background-type":"","background-media":"","overlay-type":"","overlay-color":"","overlay-opacity":"","overlay-gradient":""}},"footnotes":""},"class_list":["post-11994","page","type-page","status-publish","hentry"],"_links":{"self":[{"href":"https:\/\/cscan-infocan.ca\/fr\/wp-json\/wp\/v2\/pages\/11994","targetHints":{"allow":["GET"]}}],"collection":[{"href":"https:\/\/cscan-infocan.ca\/fr\/wp-json\/wp\/v2\/pages"}],"about":[{"href":"https:\/\/cscan-infocan.ca\/fr\/wp-json\/wp\/v2\/types\/page"}],"author":[{"embeddable":true,"href":"https:\/\/cscan-infocan.ca\/fr\/wp-json\/wp\/v2\/users\/76"}],"replies":[{"embeddable":true,"href":"https:\/\/cscan-infocan.ca\/fr\/wp-json\/wp\/v2\/comments?post=11994"}],"version-history":[{"count":0,"href":"https:\/\/cscan-infocan.ca\/fr\/wp-json\/wp\/v2\/pages\/11994\/revisions"}],"wp:attachment":[{"href":"https:\/\/cscan-infocan.ca\/fr\/wp-json\/wp\/v2\/media?parent=11994"}],"curies":[{"name":"wp","href":"https:\/\/api.w.org\/{rel}","templated":true}]}}