{"id":11686,"date":"2022-08-04T04:06:59","date_gmt":"2022-08-04T04:06:59","guid":{"rendered":"https:\/\/cscan-infocan.ca\/?page_id=11686"},"modified":"2024-01-31T18:57:31","modified_gmt":"2024-01-31T23:57:31","slug":"about-post-a-job","status":"publish","type":"page","link":"https:\/\/cscan-infocan.ca\/fr\/about-post-a-job\/","title":{"rendered":"\u00c0 propos de l'offre d'emploi"},"content":{"rendered":"<div data-elementor-type=\"wp-page\" data-elementor-id=\"11686\" class=\"elementor elementor-11686\">\n\t\t\t\t<div class=\"elementor-element elementor-element-05b06c7 e-flex e-con-boxed e-con e-parent\" data-id=\"05b06c7\" data-element_type=\"container\" data-e-type=\"container\">\n\t\t\t\t\t<div class=\"e-con-inner\">\n\t\t\t\t<div class=\"elementor-element elementor-element-0a94f21 elementor-widget elementor-widget-elementskit-heading\" data-id=\"0a94f21\" data-element_type=\"widget\" data-e-type=\"widget\" data-widget_type=\"elementskit-heading.default\">\n\t\t\t\t\t<div class=\"ekit-wid-con\" ><div class=\"ekit-heading elementskit-section-title-wraper text_center   ekit_heading_tablet-   ekit_heading_mobile-\"><h2 class=\"ekit-heading--title elementskit-section-title\">Emplois de d\u00e9tachement<\/h2><div class=\"ekit_heading_separetor_wraper ekit_heading_elementskit-border-divider ekit-dotted\"><div class=\"elementskit-border-divider ekit-dotted\"><\/div><\/div>\t\t\t\t<div class='ekit-heading__description'>\n\t\t\t\t\t<h4>\u00a0<\/h4>\n<h4><strong><span style=\"color: #000000\">Vous pouvez d\u00e9sormais publier des offres d'emploi directement sur le site web de CS-CAN | INFO-CAN<\/span><\/strong><\/h4>\n\t\t\t\t<\/div>\n\t\t\t<\/div><\/div>\t\t\t\t<\/div>\n\t\t\t\t<div class=\"elementor-element elementor-element-bb9e610 elementor-align-center elementor-widget elementor-widget-button\" data-id=\"bb9e610\" data-element_type=\"widget\" data-e-type=\"widget\" data-widget_type=\"button.default\">\n\t\t\t\t\t\t\t\t\t\t<a class=\"elementor-button elementor-button-link elementor-size-sm\" href=\"https:\/\/cscan-infocan.ca\/fr\/login\/\">\n\t\t\t\t\t\t<span class=\"elementor-button-content-wrapper\">\n\t\t\t\t\t\t\t\t\t<span class=\"elementor-button-text\">CONNECTEZ-VOUS ICI<\/span>\n\t\t\t\t\t<\/span>\n\t\t\t\t\t<\/a>\n\t\t\t\t\t\t\t\t<\/div>\n\t\t\t\t<div class=\"elementor-element elementor-element-7e6e7ee elementor-widget elementor-widget-text-editor\" data-id=\"7e6e7ee\" data-element_type=\"widget\" data-e-type=\"widget\" data-widget_type=\"text-editor.default\">\n\t\t\t\t\t\t\t\t\t<p style=\"text-align: left;\">Vous acc\u00e9derez \u00e0 une page de connexion o\u00f9 vous devrez saisir votre adresse \u00e9lectronique et le mot de passe que vous avez d\u00e9fini lorsque vous avez activ\u00e9 votre compte sur la page d'adh\u00e9sion \u00e0 CS-Can|Info-Can.<\/p><p style=\"text-align: left;\">Si vous n'avez pas encore activ\u00e9 votre compte, vous recevrez un courriel contenant le lien pour le faire. Une fois que vous serez connect\u00e9, l'option Publier un emploi appara\u00eetra dans l'arborescence du menu \"Emplois\".<\/p><p style=\"text-align: left;\">L'utilisation du site web pour t\u00e9l\u00e9charger les offres d'emploi vous permettra de les mettre \u00e0 jour facilement et d'indiquer quand elles ont \u00e9t\u00e9 pourvues. Les offres d'emploi seront visibles sur le site web de CS-Can|Info-Can et seront envoy\u00e9es \u00e0 tous les chefs de service.<\/p>\t\t\t\t\t\t\t\t<\/div>\n\t\t\t\t\t<\/div>\n\t\t\t\t<\/div>\n\t\t\t\t<\/div>","protected":false},"excerpt":{"rendered":"<p>Posting Jobs \u00a0 You Can Now Post Jobs Directly On The CS-CAN | INFO-CAN Website LOGIN HERE This will take you to a login page to enter your email address and the password you set up when you activated your account on the CS-Can|Info-Can membership page. If you haven\u2019t yet activated your account, you will [&hellip;]<\/p>\n","protected":false},"author":76,"featured_media":0,"parent":0,"menu_order":0,"comment_status":"closed","ping_status":"closed","template":"","meta":{"site-sidebar-layout":"no-sidebar","site-content-layout":"page-builder","ast-site-content-layout":"default","site-content-style":"default","site-sidebar-style":"default","ast-global-header-display":"","ast-banner-title-visibility":"","ast-main-header-display":"","ast-hfb-above-header-display":"","ast-hfb-below-header-display":"","ast-hfb-mobile-header-display":"","site-post-title":"disabled","ast-breadcrumbs-content":"","ast-featured-img":"disabled","footer-sml-layout":"","ast-disable-related-posts":"","theme-transparent-header-meta":"","adv-header-id-meta":"","stick-header-meta":"","header-above-stick-meta":"","header-main-stick-meta":"","header-below-stick-meta":"","astra-migrate-meta-layouts":"default","ast-page-background-enabled":"default","ast-page-background-meta":{"desktop":{"background-color":"","background-image":"","background-repeat":"repeat","background-position":"center center","background-size":"auto","background-attachment":"scroll","background-type":"","background-media":"","overlay-type":"","overlay-color":"","overlay-opacity":"","overlay-gradient":""},"tablet":{"background-color":"","background-image":"","background-repeat":"repeat","background-position":"center center","background-size":"auto","background-attachment":"scroll","background-type":"","background-media":"","overlay-type":"","overlay-color":"","overlay-opacity":"","overlay-gradient":""},"mobile":{"background-color":"","background-image":"","background-repeat":"repeat","background-position":"center center","background-size":"auto","background-attachment":"scroll","background-type":"","background-media":"","overlay-type":"","overlay-color":"","overlay-opacity":"","overlay-gradient":""}},"ast-content-background-meta":{"desktop":{"background-color":"var(--ast-global-color-5)","background-image":"","background-repeat":"repeat","background-position":"center center","background-size":"auto","background-attachment":"scroll","background-type":"","background-media":"","overlay-type":"","overlay-color":"","overlay-opacity":"","overlay-gradient":""},"tablet":{"background-color":"var(--ast-global-color-5)","background-image":"","background-repeat":"repeat","background-position":"center center","background-size":"auto","background-attachment":"scroll","background-type":"","background-media":"","overlay-type":"","overlay-color":"","overlay-opacity":"","overlay-gradient":""},"mobile":{"background-color":"var(--ast-global-color-5)","background-image":"","background-repeat":"repeat","background-position":"center center","background-size":"auto","background-attachment":"scroll","background-type":"","background-media":"","overlay-type":"","overlay-color":"","overlay-opacity":"","overlay-gradient":""}},"footnotes":""},"class_list":["post-11686","page","type-page","status-publish","hentry"],"_links":{"self":[{"href":"https:\/\/cscan-infocan.ca\/fr\/wp-json\/wp\/v2\/pages\/11686","targetHints":{"allow":["GET"]}}],"collection":[{"href":"https:\/\/cscan-infocan.ca\/fr\/wp-json\/wp\/v2\/pages"}],"about":[{"href":"https:\/\/cscan-infocan.ca\/fr\/wp-json\/wp\/v2\/types\/page"}],"author":[{"embeddable":true,"href":"https:\/\/cscan-infocan.ca\/fr\/wp-json\/wp\/v2\/users\/76"}],"replies":[{"embeddable":true,"href":"https:\/\/cscan-infocan.ca\/fr\/wp-json\/wp\/v2\/comments?post=11686"}],"version-history":[{"count":0,"href":"https:\/\/cscan-infocan.ca\/fr\/wp-json\/wp\/v2\/pages\/11686\/revisions"}],"wp:attachment":[{"href":"https:\/\/cscan-infocan.ca\/fr\/wp-json\/wp\/v2\/media?parent=11686"}],"curies":[{"name":"wp","href":"https:\/\/api.w.org\/{rel}","templated":true}]}}