{"id":11576,"date":"2022-08-02T04:56:15","date_gmt":"2022-08-02T04:56:15","guid":{"rendered":"https:\/\/cscan-infocan.ca\/?page_id=11576"},"modified":"2024-12-17T12:53:32","modified_gmt":"2024-12-17T17:53:32","slug":"ouldooz-baghban-karimi","status":"publish","type":"page","link":"https:\/\/cscan-infocan.ca\/fr\/ouldooz-baghban-karimi\/","title":{"rendered":"Ouldooz Baghban Karimi"},"content":{"rendered":"<div data-elementor-type=\"wp-page\" data-elementor-id=\"11576\" class=\"elementor elementor-11576\">\n\t\t\t\t<div class=\"elementor-element elementor-element-1ae36593 e-flex e-con-boxed e-con e-parent\" data-id=\"1ae36593\" data-element_type=\"container\" data-e-type=\"container\">\n\t\t\t\t\t<div class=\"e-con-inner\">\n\t\t<div class=\"elementor-element elementor-element-24b0dc62 e-con-full e-flex e-con e-child\" data-id=\"24b0dc62\" data-element_type=\"container\" data-e-type=\"container\" data-settings=\"{&quot;background_background&quot;:&quot;classic&quot;}\">\n\t\t<div class=\"elementor-element elementor-element-112f25f9 e-con-full e-flex e-con e-child\" data-id=\"112f25f9\" data-element_type=\"container\" data-e-type=\"container\" data-settings=\"{&quot;background_background&quot;:&quot;classic&quot;}\">\n\t\t<div class=\"elementor-element elementor-element-2673bfc3 e-con-full e-flex e-con e-child\" data-id=\"2673bfc3\" data-element_type=\"container\" data-e-type=\"container\" data-settings=\"{&quot;background_background&quot;:&quot;classic&quot;}\">\n\t\t\t\t<div class=\"elementor-element elementor-element-5b508558 elementor-widget elementor-widget-heading\" data-id=\"5b508558\" data-element_type=\"widget\" data-e-type=\"widget\" data-widget_type=\"heading.default\">\n\t\t\t\t\t<h2 class=\"elementor-heading-title elementor-size-default\"> PhD, PMP<\/h2>\t\t\t\t<\/div>\n\t\t\t\t<div class=\"elementor-element elementor-element-58a063ec elementor-widget elementor-widget-heading\" data-id=\"58a063ec\" data-element_type=\"widget\" data-e-type=\"widget\" data-widget_type=\"heading.default\">\n\t\t\t\t\t<h2 class=\"elementor-heading-title elementor-size-default\">Ouldooz Baghban Karimi<\/h2>\t\t\t\t<\/div>\n\t\t\t\t<\/div>\n\t\t\t\t<\/div>\n\t\t<div class=\"elementor-element elementor-element-101be05d e-con-full e-flex e-con e-child\" data-id=\"101be05d\" data-element_type=\"container\" data-e-type=\"container\">\n\t\t\t\t<div class=\"elementor-element elementor-element-b8daca5 elementor-icon-list--layout-traditional elementor-list-item-link-full_width elementor-widget elementor-widget-icon-list\" data-id=\"b8daca5\" data-element_type=\"widget\" data-e-type=\"widget\" data-widget_type=\"icon-list.default\">\n\t\t\t\t\t\t\t<ul class=\"elementor-icon-list-items\">\n\t\t\t\t\t\t\t<li class=\"elementor-icon-list-item\">\n\t\t\t\t\t\t\t\t\t\t\t<span class=\"elementor-icon-list-icon\">\n\t\t\t\t\t\t\t<svg aria-hidden=\"true\" class=\"e-font-icon-svg e-fas-university\" viewbox=\"0 0 512 512\" xmlns=\"http:\/\/www.w3.org\/2000\/svg\"><path d=\"M496 128v16a8 8 0 0 1-8 8h-24v12c0 6.627-5.373 12-12 12H60c-6.627 0-12-5.373-12-12v-12H24a8 8 0 0 1-8-8v-16a8 8 0 0 1 4.941-7.392l232-88a7.996 7.996 0 0 1 6.118 0l232 88A8 8 0 0 1 496 128zm-24 304H40c-13.255 0-24 10.745-24 24v16a8 8 0 0 0 8 8h464a8 8 0 0 0 8-8v-16c0-13.255-10.745-24-24-24zM96 192v192H60c-6.627 0-12 5.373-12 12v20h416v-20c0-6.627-5.373-12-12-12h-36V192h-64v192h-64V192h-64v192h-64V192H96z\"><\/path><\/svg>\t\t\t\t\t\t<\/span>\n\t\t\t\t\t\t\t\t\t\t<span class=\"elementor-icon-list-text\">Universit\u00e9 Simon Fraser<\/span>\n\t\t\t\t\t\t\t\t\t<\/li>\n\t\t\t\t\t\t<\/ul>\n\t\t\t\t\t\t<\/div>\n\t\t\t\t<div class=\"elementor-element elementor-element-13b406b elementor-widget elementor-widget-heading\" data-id=\"13b406b\" data-element_type=\"widget\" data-e-type=\"widget\" data-widget_type=\"heading.default\">\n\t\t\t\t\t<h2 class=\"elementor-heading-title elementor-size-default\">Ma\u00eetre de conf\u00e9rences, \u00c9cole d'informatique\nPr\u00e9sidente du comit\u00e9 de diversit\u00e9 de l'informatique\nPr\u00e9sidente, Academic Women<\/h2>\t\t\t\t<\/div>\n\t\t\t\t<div class=\"elementor-element elementor-element-3dfa9e7e elementor-widget-divider--view-line elementor-widget elementor-widget-divider\" data-id=\"3dfa9e7e\" data-element_type=\"widget\" data-e-type=\"widget\" data-widget_type=\"divider.default\">\n\t\t\t\t\t\t\t<div class=\"elementor-divider\">\n\t\t\t<span class=\"elementor-divider-separator\">\n\t\t\t\t\t\t<\/span>\n\t\t<\/div>\n\t\t\t\t\t\t<\/div>\n\t\t\t\t<div class=\"elementor-element elementor-element-59c444f2 elementor-widget elementor-widget-text-editor\" data-id=\"59c444f2\" data-element_type=\"widget\" data-e-type=\"widget\" data-widget_type=\"text-editor.default\">\n\t\t\t\t\t\t\t\t\t<p>Ouldooz Baghban Karimi (PhD, 2013) est actuellement ma\u00eetre de conf\u00e9rences \u00e0 l'\u00e9cole d'informatique de l'universit\u00e9 Simon Fraser, o\u00f9 elle enseigne et m\u00e8ne des recherches sur les donn\u00e9es, les syst\u00e8mes et les r\u00e9seaux. Elle est passionn\u00e9e par l'enseignement de l'informatique et par la facilitation des progr\u00e8s vers l'\u00e9quit\u00e9, la justice et l'acc\u00e8s \u00e9quitable dans la discipline de l'informatique, et par l'informatique dans la soci\u00e9t\u00e9. Elle saisit toutes les occasions de servir la communaut\u00e9 en faveur de la diversit\u00e9 et de l'inclusion. Elle est actuellement pr\u00e9sidente du comit\u00e9 de diversit\u00e9 de l'\u00e9cole d'informatique, pr\u00e9sidente de l'association Academic Women \u00e0 l'universit\u00e9 Simon Fraser, et pr\u00e9sidente de la diversit\u00e9 et de l'inclusion \u00e0 l'ACM MMSys2023.<br \/>Au d\u00e9but de sa carri\u00e8re, elle a fait partie de l'industrie des r\u00e9seaux et a travaill\u00e9 dans une startup (Cyan) et a \u00e9t\u00e9 acquise par un acteur bien connu de l'industrie (Ciena). Elle a commenc\u00e9 \u00e0 travailler dans l'industrie en construisant des produits, puis a \u00e9volu\u00e9 vers l'architecture et l'int\u00e9gration de solutions pour r\u00e9aliser des preuves de concept (PoC), en introduisant la virtualisation des r\u00e9seaux \u00e0 la p\u00e9riph\u00e9rie aupr\u00e8s de fournisseurs internationaux de t\u00e9l\u00e9communications en Asie, en Europe, en Am\u00e9rique du Nord et en Am\u00e9rique du Sud.<\/p>\t\t\t\t\t\t\t\t<\/div>\n\t\t\t\t<\/div>\n\t\t\t\t<\/div>\n\t\t\t\t\t<\/div>\n\t\t\t\t<\/div>\n\t\t\t\t<\/div>","protected":false},"excerpt":{"rendered":"<p>PhD, PMP Ouldooz Baghban Karimi Simon Fraser University Lecturer, School of Computing Science Chair, Computing Science Diversity Committee President, Academic Women Ouldooz Baghban Karimi (PhD, 2013) is currently a lecturer at the school of computing science, Simon Fraser University, where she teaches and conducts research on data, systems, and networks. She is passionate about computing [&hellip;]<\/p>\n","protected":false},"author":76,"featured_media":0,"parent":0,"menu_order":0,"comment_status":"closed","ping_status":"closed","template":"","meta":{"site-sidebar-layout":"no-sidebar","site-content-layout":"page-builder","ast-site-content-layout":"default","site-content-style":"default","site-sidebar-style":"default","ast-global-header-display":"","ast-banner-title-visibility":"","ast-main-header-display":"","ast-hfb-above-header-display":"","ast-hfb-below-header-display":"","ast-hfb-mobile-header-display":"","site-post-title":"disabled","ast-breadcrumbs-content":"","ast-featured-img":"disabled","footer-sml-layout":"","ast-disable-related-posts":"","theme-transparent-header-meta":"","adv-header-id-meta":"","stick-header-meta":"","header-above-stick-meta":"","header-main-stick-meta":"","header-below-stick-meta":"","astra-migrate-meta-layouts":"default","ast-page-background-enabled":"default","ast-page-background-meta":{"desktop":{"background-color":"","background-image":"","background-repeat":"repeat","background-position":"center center","background-size":"auto","background-attachment":"scroll","background-type":"","background-media":"","overlay-type":"","overlay-color":"","overlay-opacity":"","overlay-gradient":""},"tablet":{"background-color":"","background-image":"","background-repeat":"repeat","background-position":"center center","background-size":"auto","background-attachment":"scroll","background-type":"","background-media":"","overlay-type":"","overlay-color":"","overlay-opacity":"","overlay-gradient":""},"mobile":{"background-color":"","background-image":"","background-repeat":"repeat","background-position":"center center","background-size":"auto","background-attachment":"scroll","background-type":"","background-media":"","overlay-type":"","overlay-color":"","overlay-opacity":"","overlay-gradient":""}},"ast-content-background-meta":{"desktop":{"background-color":"var(--ast-global-color-5)","background-image":"","background-repeat":"repeat","background-position":"center center","background-size":"auto","background-attachment":"scroll","background-type":"","background-media":"","overlay-type":"","overlay-color":"","overlay-opacity":"","overlay-gradient":""},"tablet":{"background-color":"var(--ast-global-color-5)","background-image":"","background-repeat":"repeat","background-position":"center center","background-size":"auto","background-attachment":"scroll","background-type":"","background-media":"","overlay-type":"","overlay-color":"","overlay-opacity":"","overlay-gradient":""},"mobile":{"background-color":"var(--ast-global-color-5)","background-image":"","background-repeat":"repeat","background-position":"center center","background-size":"auto","background-attachment":"scroll","background-type":"","background-media":"","overlay-type":"","overlay-color":"","overlay-opacity":"","overlay-gradient":""}},"footnotes":""},"class_list":["post-11576","page","type-page","status-publish","hentry"],"_links":{"self":[{"href":"https:\/\/cscan-infocan.ca\/fr\/wp-json\/wp\/v2\/pages\/11576","targetHints":{"allow":["GET"]}}],"collection":[{"href":"https:\/\/cscan-infocan.ca\/fr\/wp-json\/wp\/v2\/pages"}],"about":[{"href":"https:\/\/cscan-infocan.ca\/fr\/wp-json\/wp\/v2\/types\/page"}],"author":[{"embeddable":true,"href":"https:\/\/cscan-infocan.ca\/fr\/wp-json\/wp\/v2\/users\/76"}],"replies":[{"embeddable":true,"href":"https:\/\/cscan-infocan.ca\/fr\/wp-json\/wp\/v2\/comments?post=11576"}],"version-history":[{"count":3,"href":"https:\/\/cscan-infocan.ca\/fr\/wp-json\/wp\/v2\/pages\/11576\/revisions"}],"predecessor-version":[{"id":24621,"href":"https:\/\/cscan-infocan.ca\/fr\/wp-json\/wp\/v2\/pages\/11576\/revisions\/24621"}],"wp:attachment":[{"href":"https:\/\/cscan-infocan.ca\/fr\/wp-json\/wp\/v2\/media?parent=11576"}],"curies":[{"name":"wp","href":"https:\/\/api.w.org\/{rel}","templated":true}]}}