{"id":10679,"date":"2022-07-03T01:50:14","date_gmt":"2022-07-03T01:50:14","guid":{"rendered":"https:\/\/cscan.webix.ca\/?page_id=10679"},"modified":"2024-12-22T11:07:06","modified_gmt":"2024-12-22T16:07:06","slug":"eric-schost","status":"publish","type":"page","link":"https:\/\/cscan-infocan.ca\/fr\/eric-schost\/","title":{"rendered":"Eric Schost"},"content":{"rendered":"<div data-elementor-type=\"wp-page\" data-elementor-id=\"10679\" class=\"elementor elementor-10679\">\n\t\t\t\t<div class=\"elementor-element elementor-element-10877f57 e-flex e-con-boxed e-con e-parent\" data-id=\"10877f57\" data-element_type=\"container\" data-e-type=\"container\">\n\t\t\t\t\t<div class=\"e-con-inner\">\n\t\t<div class=\"elementor-element elementor-element-3f84e88a e-con-full e-flex e-con e-child\" data-id=\"3f84e88a\" data-element_type=\"container\" data-e-type=\"container\" data-settings=\"{&quot;background_background&quot;:&quot;classic&quot;}\">\n\t\t<div class=\"elementor-element elementor-element-34f066c3 e-con-full e-flex e-con e-child\" data-id=\"34f066c3\" data-element_type=\"container\" data-e-type=\"container\" data-settings=\"{&quot;background_background&quot;:&quot;classic&quot;}\">\n\t\t<div class=\"elementor-element elementor-element-1d2a3a33 e-con-full e-flex e-con e-child\" data-id=\"1d2a3a33\" data-element_type=\"container\" data-e-type=\"container\" data-settings=\"{&quot;background_background&quot;:&quot;classic&quot;}\">\n\t\t\t\t<div class=\"elementor-element elementor-element-3567a074 elementor-widget elementor-widget-heading\" data-id=\"3567a074\" data-element_type=\"widget\" data-e-type=\"widget\" data-widget_type=\"heading.default\">\n\t\t\t\t\t<h2 class=\"elementor-heading-title elementor-size-default\">\u00c9tudiant en master<\/h2>\t\t\t\t<\/div>\n\t\t\t\t<div class=\"elementor-element elementor-element-1e6d5dfa elementor-widget elementor-widget-heading\" data-id=\"1e6d5dfa\" data-element_type=\"widget\" data-e-type=\"widget\" data-widget_type=\"heading.default\">\n\t\t\t\t\t<h2 class=\"elementor-heading-title elementor-size-default\">Eric Schost\n<\/h2>\t\t\t\t<\/div>\n\t\t\t\t<\/div>\n\t\t\t\t<\/div>\n\t\t<div class=\"elementor-element elementor-element-5b15c375 e-con-full e-flex e-con e-child\" data-id=\"5b15c375\" data-element_type=\"container\" data-e-type=\"container\">\n\t\t\t\t<div class=\"elementor-element elementor-element-144d6603 elementor-icon-list--layout-traditional elementor-list-item-link-full_width elementor-widget elementor-widget-icon-list\" data-id=\"144d6603\" data-element_type=\"widget\" data-e-type=\"widget\" data-widget_type=\"icon-list.default\">\n\t\t\t\t\t\t\t<ul class=\"elementor-icon-list-items\">\n\t\t\t\t\t\t\t<li class=\"elementor-icon-list-item\">\n\t\t\t\t\t\t\t\t\t\t\t<span class=\"elementor-icon-list-icon\">\n\t\t\t\t\t\t\t<svg aria-hidden=\"true\" class=\"e-font-icon-svg e-fas-university\" viewbox=\"0 0 512 512\" xmlns=\"http:\/\/www.w3.org\/2000\/svg\"><path d=\"M496 128v16a8 8 0 0 1-8 8h-24v12c0 6.627-5.373 12-12 12H60c-6.627 0-12-5.373-12-12v-12H24a8 8 0 0 1-8-8v-16a8 8 0 0 1 4.941-7.392l232-88a7.996 7.996 0 0 1 6.118 0l232 88A8 8 0 0 1 496 128zm-24 304H40c-13.255 0-24 10.745-24 24v16a8 8 0 0 0 8 8h464a8 8 0 0 0 8-8v-16c0-13.255-10.745-24-24-24zM96 192v192H60c-6.627 0-12 5.373-12 12v20h416v-20c0-6.627-5.373-12-12-12h-36V192h-64v192h-64V192h-64v192h-64V192H96z\"><\/path><\/svg>\t\t\t\t\t\t<\/span>\n\t\t\t\t\t\t\t\t\t\t<span class=\"elementor-icon-list-text\">Universit\u00e9 de Western Ontario<\/span>\n\t\t\t\t\t\t\t\t\t<\/li>\n\t\t\t\t\t\t<\/ul>\n\t\t\t\t\t\t<\/div>\n\t\t\t\t<div class=\"elementor-element elementor-element-6e43532b elementor-widget-divider--view-line elementor-widget elementor-widget-divider\" data-id=\"6e43532b\" data-element_type=\"widget\" data-e-type=\"widget\" data-widget_type=\"divider.default\">\n\t\t\t\t\t\t\t<div class=\"elementor-divider\">\n\t\t\t<span class=\"elementor-divider-separator\">\n\t\t\t\t\t\t<\/span>\n\t\t<\/div>\n\t\t\t\t\t\t<\/div>\n\t\t\t\t<div class=\"elementor-element elementor-element-302d1ecb elementor-widget elementor-widget-text-editor\" data-id=\"302d1ecb\" data-element_type=\"widget\" data-e-type=\"widget\" data-widget_type=\"text-editor.default\">\n\t\t\t\t\t\t\t\t\t<p>\u00c9ric est un chercheur interdisciplinaire talentueux \u00e0 l'intersection des math\u00e9matiques et de l'informatique. Il a fait ses \u00e9tudes \u00e0 l'\u00c9cole Normale Sup\u00e9rieure, la plus prestigieuse des grandes \u00e9coles fran\u00e7aises, o\u00f9 il s'est class\u00e9 premier au concours d'admission \u00e0 l'\u00c9cole Normale Sup\u00e9rieure de Cachan, cr\u00e9\u00e9e pour les sciences pures et appliqu\u00e9es. Pendant ses \u00e9tudes, il s'est class\u00e9 38e \u00e0 l'examen national de math\u00e9matiques de 1996.<\/p>\n<p><!-- \/wp:paragraph --><!-- wp:paragraph --><\/p>\n<p>Ses deux premiers postes ont \u00e9t\u00e9 occup\u00e9s \u00e0 l'\u00c9cole polytechnique (Paris), la plus prestigieuse \u00e9cole d'ing\u00e9nieurs fran\u00e7aise. Il a \u00e9t\u00e9 convaincu de venir \u00e0 l'Universit\u00e9 de Western Ontario o\u00f9 il apporte d'importantes contributions \u00e0 la recherche en alg\u00e8bre informatique, en cryptographie et en informatique de haute performance en tant que professeur adjoint et titulaire de la Chaire de recherche du Canada (niveau 2) en alg\u00e8bre informatique. Le d\u00e9partement d'informatique et le Centre de recherche de l'Ontario en alg\u00e8bre informatique ont beaucoup de chance de l'avoir comme membre du corps enseignant. Avant sa nomination au prix du jeune chercheur exceptionnel en informatique, il avait d\u00e9j\u00e0 d\u00e9montr\u00e9 qu'il \u00e9tait un candidat de premier plan. Depuis, il a \u00e9t\u00e9 reconnu par ses pairs gr\u00e2ce \u00e0 une subvention \u00e0 la d\u00e9couverte du CRSNG, qui lui a permis de se classer parmi les 10% les plus importants de tous les chercheurs en informatique au Canada au cours de son ann\u00e9e d'attribution, \u00e0 un suppl\u00e9ment d'acc\u00e9l\u00e9ration \u00e0 la d\u00e9couverte du CRSNG et \u00e0 une subvention RTI-1 du CRSNG, qui a re\u00e7u le montant maximal pour cette bourse. Il est destin\u00e9 \u00e0 maintenir une pr\u00e9sence tr\u00e8s visible dans son domaine de recherche.<\/p>\n<p><!-- \/wp:paragraph --><!-- wp:paragraph --><\/p>\n<p>Les recherches d'\u00c9ric portent sur l'alg\u00e8bre informatique, qui traite de la manipulation de formules et d'expressions math\u00e9matiques de mani\u00e8re symbolique. Il a obtenu un certain nombre de r\u00e9sultats significatifs dans des domaines bien \u00e9tudi\u00e9s tels que l'arithm\u00e9tique rapide et le calcul symbolique. Ce qui est le plus int\u00e9ressant dans ses recherches, c'est qu'elles combinent une th\u00e9orie math\u00e9matique sophistiqu\u00e9e avec une m\u00e9thodologie pratique. Les besoins en calcul pour r\u00e9soudre bon nombre de ces questions sont importants, de sorte que la r\u00e9solution de probl\u00e8mes r\u00e9els n\u00e9cessite g\u00e9n\u00e9ralement un effort de calcul non trivial. Une application notable est la cryptographie, o\u00f9 plus d'un million d'heures de CPU ont \u00e9t\u00e9 utilis\u00e9es pour construire un syst\u00e8me de cryptage s\u00fbr et rapide. Le travail d'\u00c9ric combine divers th\u00e8mes et techniques, tels que les op\u00e9rations arithm\u00e9tiques rapides pour les polyn\u00f4mes et la r\u00e9solution de syst\u00e8mes polynomiaux.<\/p>\n<p><!-- \/wp:paragraph --><!-- wp:paragraph --><\/p>\n<p>On peut dire avec certitude que tout ce que fait Eric est de haut niveau, qu'il s'agisse de recherche, d'enseignement ou de service acad\u00e9mique, et cela est d\u00fb en particulier \u00e0 son incroyable d\u00e9vouement et \u00e0 son ardeur au travail. Eric est d\u00e9j\u00e0 bien reconnu par la communaut\u00e9 du calcul formel et il intervient fr\u00e9quemment dans ce domaine dans les universit\u00e9s et les r\u00e9unions professionnelles. Il a re\u00e7u le prestigieux honneur d'\u00eatre le pr\u00e9sident g\u00e9n\u00e9ral du Symposium international sur le calcul symbolique et alg\u00e9brique qui se tiendra en 2011.<\/p>\t\t\t\t\t\t\t\t<\/div>\n\t\t\t\t<\/div>\n\t\t\t\t<\/div>\n\t\t\t\t\t<\/div>\n\t\t\t\t<\/div>\n\t\t\t\t<\/div>","protected":false},"excerpt":{"rendered":"<p>Master Student Eric Schost University of Western Ontario \u00c9ric is a gifted interdisciplinary researcher at the intersection of mathematics and computer science. He was educated at the \u00c9cole Normale Sup\u00e9rieure, the most prestigious of the elite French grande \u00e9coles, where he ranked first at the admission exam to the \u00c9cole Normale Superieure de Cachan, established [&hellip;]<\/p>\n","protected":false},"author":76,"featured_media":0,"parent":0,"menu_order":0,"comment_status":"closed","ping_status":"closed","template":"","meta":{"site-sidebar-layout":"default","site-content-layout":"","ast-site-content-layout":"default","site-content-style":"default","site-sidebar-style":"default","ast-global-header-display":"","ast-banner-title-visibility":"","ast-main-header-display":"","ast-hfb-above-header-display":"","ast-hfb-below-header-display":"","ast-hfb-mobile-header-display":"","site-post-title":"disabled","ast-breadcrumbs-content":"","ast-featured-img":"","footer-sml-layout":"","ast-disable-related-posts":"","theme-transparent-header-meta":"","adv-header-id-meta":"","stick-header-meta":"","header-above-stick-meta":"","header-main-stick-meta":"","header-below-stick-meta":"","astra-migrate-meta-layouts":"default","ast-page-background-enabled":"default","ast-page-background-meta":{"desktop":{"background-color":"","background-image":"","background-repeat":"repeat","background-position":"center center","background-size":"auto","background-attachment":"scroll","background-type":"","background-media":"","overlay-type":"","overlay-color":"","overlay-opacity":"","overlay-gradient":""},"tablet":{"background-color":"","background-image":"","background-repeat":"repeat","background-position":"center center","background-size":"auto","background-attachment":"scroll","background-type":"","background-media":"","overlay-type":"","overlay-color":"","overlay-opacity":"","overlay-gradient":""},"mobile":{"background-color":"","background-image":"","background-repeat":"repeat","background-position":"center center","background-size":"auto","background-attachment":"scroll","background-type":"","background-media":"","overlay-type":"","overlay-color":"","overlay-opacity":"","overlay-gradient":""}},"ast-content-background-meta":{"desktop":{"background-color":"var(--ast-global-color-5)","background-image":"","background-repeat":"repeat","background-position":"center center","background-size":"auto","background-attachment":"scroll","background-type":"","background-media":"","overlay-type":"","overlay-color":"","overlay-opacity":"","overlay-gradient":""},"tablet":{"background-color":"var(--ast-global-color-5)","background-image":"","background-repeat":"repeat","background-position":"center center","background-size":"auto","background-attachment":"scroll","background-type":"","background-media":"","overlay-type":"","overlay-color":"","overlay-opacity":"","overlay-gradient":""},"mobile":{"background-color":"var(--ast-global-color-5)","background-image":"","background-repeat":"repeat","background-position":"center center","background-size":"auto","background-attachment":"scroll","background-type":"","background-media":"","overlay-type":"","overlay-color":"","overlay-opacity":"","overlay-gradient":""}},"footnotes":""},"class_list":["post-10679","page","type-page","status-publish","hentry"],"_links":{"self":[{"href":"https:\/\/cscan-infocan.ca\/fr\/wp-json\/wp\/v2\/pages\/10679","targetHints":{"allow":["GET"]}}],"collection":[{"href":"https:\/\/cscan-infocan.ca\/fr\/wp-json\/wp\/v2\/pages"}],"about":[{"href":"https:\/\/cscan-infocan.ca\/fr\/wp-json\/wp\/v2\/types\/page"}],"author":[{"embeddable":true,"href":"https:\/\/cscan-infocan.ca\/fr\/wp-json\/wp\/v2\/users\/76"}],"replies":[{"embeddable":true,"href":"https:\/\/cscan-infocan.ca\/fr\/wp-json\/wp\/v2\/comments?post=10679"}],"version-history":[{"count":6,"href":"https:\/\/cscan-infocan.ca\/fr\/wp-json\/wp\/v2\/pages\/10679\/revisions"}],"predecessor-version":[{"id":25007,"href":"https:\/\/cscan-infocan.ca\/fr\/wp-json\/wp\/v2\/pages\/10679\/revisions\/25007"}],"wp:attachment":[{"href":"https:\/\/cscan-infocan.ca\/fr\/wp-json\/wp\/v2\/media?parent=10679"}],"curies":[{"name":"wp","href":"https:\/\/api.w.org\/{rel}","templated":true}]}}