{"id":10664,"date":"2022-07-03T01:45:28","date_gmt":"2022-07-03T01:45:28","guid":{"rendered":"https:\/\/cscan.webix.ca\/?page_id=10664"},"modified":"2024-12-18T14:57:59","modified_gmt":"2024-12-18T19:57:59","slug":"aaron-hertzmann","status":"publish","type":"page","link":"https:\/\/cscan-infocan.ca\/fr\/aaron-hertzmann\/","title":{"rendered":"Aaron Hertzmann"},"content":{"rendered":"<div data-elementor-type=\"wp-page\" data-elementor-id=\"10664\" class=\"elementor elementor-10664\">\n\t\t\t\t<div class=\"elementor-element elementor-element-254b7361 e-flex e-con-boxed e-con e-parent\" data-id=\"254b7361\" data-element_type=\"container\" data-e-type=\"container\">\n\t\t\t\t\t<div class=\"e-con-inner\">\n\t\t<div class=\"elementor-element elementor-element-3ac5b505 e-con-full e-flex e-con e-child\" data-id=\"3ac5b505\" data-element_type=\"container\" data-e-type=\"container\" data-settings=\"{&quot;background_background&quot;:&quot;classic&quot;}\">\n\t\t<div class=\"elementor-element elementor-element-a05ecaf e-con-full e-flex e-con e-child\" data-id=\"a05ecaf\" data-element_type=\"container\" data-e-type=\"container\">\n\t\t<div class=\"elementor-element elementor-element-2c5496b3 e-con-full e-flex e-con e-child\" data-id=\"2c5496b3\" data-element_type=\"container\" data-e-type=\"container\" data-settings=\"{&quot;background_background&quot;:&quot;classic&quot;}\">\n\t\t<div class=\"elementor-element elementor-element-5d19b479 e-con-full e-flex e-con e-child\" data-id=\"5d19b479\" data-element_type=\"container\" data-e-type=\"container\" data-settings=\"{&quot;background_background&quot;:&quot;classic&quot;}\">\n\t\t\t\t<div class=\"elementor-element elementor-element-91df4f elementor-widget elementor-widget-heading\" data-id=\"91df4f\" data-element_type=\"widget\" data-e-type=\"widget\" data-widget_type=\"heading.default\">\n\t\t\t\t\t<h2 class=\"elementor-heading-title elementor-size-default\">D\u00e9partement d'informatique\n\n<\/h2>\t\t\t\t<\/div>\n\t\t\t\t<div class=\"elementor-element elementor-element-621384c1 elementor-widget elementor-widget-heading\" data-id=\"621384c1\" data-element_type=\"widget\" data-e-type=\"widget\" data-widget_type=\"heading.default\">\n\t\t\t\t\t<h2 class=\"elementor-heading-title elementor-size-default\">Aaron Hertzmann<\/h2>\t\t\t\t<\/div>\n\t\t\t\t<\/div>\n\t\t\t\t<\/div>\n\t\t<div class=\"elementor-element elementor-element-69f40f6e e-con-full e-flex e-con e-child\" data-id=\"69f40f6e\" data-element_type=\"container\" data-e-type=\"container\">\n\t\t\t\t<div class=\"elementor-element elementor-element-629a518f elementor-icon-list--layout-traditional elementor-list-item-link-full_width elementor-widget elementor-widget-icon-list\" data-id=\"629a518f\" data-element_type=\"widget\" data-e-type=\"widget\" data-widget_type=\"icon-list.default\">\n\t\t\t\t\t\t\t<ul class=\"elementor-icon-list-items\">\n\t\t\t\t\t\t\t<li class=\"elementor-icon-list-item\">\n\t\t\t\t\t\t\t\t\t\t\t<span class=\"elementor-icon-list-icon\">\n\t\t\t\t\t\t\t<svg aria-hidden=\"true\" class=\"e-font-icon-svg e-fas-university\" viewbox=\"0 0 512 512\" xmlns=\"http:\/\/www.w3.org\/2000\/svg\"><path d=\"M496 128v16a8 8 0 0 1-8 8h-24v12c0 6.627-5.373 12-12 12H60c-6.627 0-12-5.373-12-12v-12H24a8 8 0 0 1-8-8v-16a8 8 0 0 1 4.941-7.392l232-88a7.996 7.996 0 0 1 6.118 0l232 88A8 8 0 0 1 496 128zm-24 304H40c-13.255 0-24 10.745-24 24v16a8 8 0 0 0 8 8h464a8 8 0 0 0 8-8v-16c0-13.255-10.745-24-24-24zM96 192v192H60c-6.627 0-12 5.373-12 12v20h416v-20c0-6.627-5.373-12-12-12h-36V192h-64v192h-64V192h-64v192h-64V192H96z\"><\/path><\/svg>\t\t\t\t\t\t<\/span>\n\t\t\t\t\t\t\t\t\t\t<span class=\"elementor-icon-list-text\">Universit\u00e9 de Toronto<\/span>\n\t\t\t\t\t\t\t\t\t<\/li>\n\t\t\t\t\t\t<\/ul>\n\t\t\t\t\t\t<\/div>\n\t\t\t\t<div class=\"elementor-element elementor-element-3ad716a5 elementor-widget-divider--view-line elementor-widget elementor-widget-divider\" data-id=\"3ad716a5\" data-element_type=\"widget\" data-e-type=\"widget\" data-widget_type=\"divider.default\">\n\t\t\t\t\t\t\t<div class=\"elementor-divider\">\n\t\t\t<span class=\"elementor-divider-separator\">\n\t\t\t\t\t\t<\/span>\n\t\t<\/div>\n\t\t\t\t\t\t<\/div>\n\t\t\t\t<div class=\"elementor-element elementor-element-21f62af3 elementor-widget elementor-widget-text-editor\" data-id=\"21f62af3\" data-element_type=\"widget\" data-e-type=\"widget\" data-widget_type=\"text-editor.default\">\n\t\t\t\t\t\t\t\t\t<p>Aaron Hertzmann a obtenu son doctorat en informatique \u00e0 l'universit\u00e9 de New York en 2001, et sa licence en informatique et en art et histoire de l'art en 1996 \u00e0 l'universit\u00e9 de Rice. Il a rejoint le d\u00e9partement d'informatique de l'universit\u00e9 de Toronto en 2003 apr\u00e8s avoir pass\u00e9 un an \u00e0 l'universit\u00e9 de Washington.<\/p>\n<p><!-- \/wp:paragraph --><!-- wp:paragraph --><\/p>\n<p>Aaron a d\u00e9marr\u00e9 sa carri\u00e8re de mani\u00e8re audacieuse en pr\u00e9sentant deux articles surprenants au SIGGRAPH en 2000 et 2001. L'un d'eux, intitul\u00e9 \"Style Machines\", montrait comment des mod\u00e8les de mouvements idiomatiques provenant de s\u00e9quences de capture de mouvements pouvaient \u00eatre extraits et appliqu\u00e9s \u00e0 des personnages anim\u00e9s. L'autre, intitul\u00e9 \"Image Analogies\", a d\u00e9montr\u00e9 que divers aspects du style artistique et pictural pouvaient \u00eatre transf\u00e9r\u00e9s d'une image \u00e0 l'autre. Ensemble, ces deux articles ont clairement d\u00e9montr\u00e9 que les techniques d'apprentissage automatique pouvaient \u00eatre appliqu\u00e9es efficacement \u00e0 des probl\u00e8mes difficiles dans le domaine de l'infographie en extrayant des caract\u00e9ristiques importantes des donn\u00e9es et en les adaptant \u00e0 de nouvelles situations graphiques.<\/p>\n<p><!-- \/wp:paragraph --><!-- wp:paragraph --><\/p>\t\t\t\t\t\t\t\t<\/div>\n\t\t\t\t<div class=\"elementor-element elementor-element-ac5cac3 elementor-widget elementor-widget-text-editor\" data-id=\"ac5cac3\" data-element_type=\"widget\" data-e-type=\"widget\" data-widget_type=\"text-editor.default\">\n\t\t\t\t\t\t\t\t\t<p>Ces deux articles figurent d\u00e9sormais parmi les articles les plus cit\u00e9s dans le domaine de l'infographie. Pour de nombreux chercheurs, il s'agirait de r\u00e9sultats de carri\u00e8re, mais en fait, Aaron a r\u00e9p\u00e9t\u00e9 cet exploit \u00e0 plusieurs reprises dans diff\u00e9rents domaines ! Il s'agit de domaines techniques tels que l'esth\u00e9tique informatique, l'animation de personnages bas\u00e9e sur la physique, le suivi automatique, la synth\u00e8se de textures, le traitement d'images et l'extraction de mod\u00e8les d'apparence. Bien que son champ d'application soit diversifi\u00e9, son approche est coh\u00e9rente : Aaron d\u00e9veloppe des mod\u00e8les informatiques g\u00e9n\u00e9ralis\u00e9s de ph\u00e9nom\u00e8nes qui sont g\u00e9n\u00e9ralement extraits d'un corpus de preuves empiriques. \u00c0 ce titre, il tire g\u00e9n\u00e9ralement parti, et si n\u00e9cessaire d\u00e9veloppe, des techniques d'analyse statistique qui permettent de trouver des signaux pertinents dans de grandes quantit\u00e9s de donn\u00e9es \u00e0 haute dimension. En d'autres termes, Aaron construit des mod\u00e8les visuels simples et utilisables extraits de syst\u00e8mes extr\u00eamement complexes. Ses r\u00e9sultats ont toujours \u00e9t\u00e9 provocants et souvent \u00e9tonnants. Ils lui ont valu de nombreux prix de recherche et citations, notamment des bourses Sloan et Microsoft, une citation dans le top 100 des innovateurs du MIT Technology Review et une bourse de chercheur d\u00e9butant de l'Ontario.<\/p>\n<p><!-- \/wp:paragraph --><!-- wp:paragraph --><\/p>\n<p>Il fait partie de plusieurs comit\u00e9s \u00e9ditoriaux et a particip\u00e9 \u00e0 de nombreux comit\u00e9s de programme de conf\u00e9rences, y compris le comit\u00e9 des documents SIGGRAPH \u00e0 plusieurs reprises. Il a donn\u00e9 de nombreuses conf\u00e9rences invit\u00e9es dans le monde entier et vient de rentrer d'un cong\u00e9 de recherche chez Pixar.<\/p>\n<p><!-- \/wp:paragraph --><!-- wp:paragraph --><\/p>\n<p>Les innovations d'Aaron ont eu une grande influence sur l'infographie et la vision par ordinateur, et ses progr\u00e8s en mati\u00e8re de recherche continuent de s'acc\u00e9l\u00e9rer et d'avoir plus d'influence \u00e0 mesure qu'il attire d'autres \u00e9tudiants de haut niveau dans ses recherches. Le d\u00e9partement d'informatique de l'universit\u00e9 de Toronto est fier de ses r\u00e9alisations, se r\u00e9jouit qu'il ait re\u00e7u le prix CACS\/AIC Outstanding Young Computer Science Researcher et attend avec impatience d'autres grandes choses de la part d'Aaron.<\/p>\t\t\t\t\t\t\t\t<\/div>\n\t\t\t\t<\/div>\n\t\t\t\t<\/div>\n\t\t\t\t<\/div>\n\t\t\t\t\t<\/div>\n\t\t\t\t<\/div>\n\t\t\t\t<\/div>","protected":false},"excerpt":{"rendered":"<p>Department of Computer Science Aaron Hertzmann University of Toronto Aaron Hertzmann received in Ph.D. in computer science at New York University in 2001, and his B.A. in Computer SCience and Art &amp; Art History in 1996 at Rice University. He joined the Department of Computer Science, University of Toronto in 2003 after spending a year [&hellip;]<\/p>\n","protected":false},"author":76,"featured_media":0,"parent":0,"menu_order":0,"comment_status":"closed","ping_status":"closed","template":"","meta":{"site-sidebar-layout":"default","site-content-layout":"","ast-site-content-layout":"default","site-content-style":"default","site-sidebar-style":"default","ast-global-header-display":"","ast-banner-title-visibility":"","ast-main-header-display":"","ast-hfb-above-header-display":"","ast-hfb-below-header-display":"","ast-hfb-mobile-header-display":"","site-post-title":"disabled","ast-breadcrumbs-content":"","ast-featured-img":"","footer-sml-layout":"","ast-disable-related-posts":"","theme-transparent-header-meta":"","adv-header-id-meta":"","stick-header-meta":"","header-above-stick-meta":"","header-main-stick-meta":"","header-below-stick-meta":"","astra-migrate-meta-layouts":"set","ast-page-background-enabled":"default","ast-page-background-meta":{"desktop":{"background-color":"","background-image":"","background-repeat":"repeat","background-position":"center center","background-size":"auto","background-attachment":"scroll","background-type":"","background-media":"","overlay-type":"","overlay-color":"","overlay-opacity":"","overlay-gradient":""},"tablet":{"background-color":"","background-image":"","background-repeat":"repeat","background-position":"center center","background-size":"auto","background-attachment":"scroll","background-type":"","background-media":"","overlay-type":"","overlay-color":"","overlay-opacity":"","overlay-gradient":""},"mobile":{"background-color":"","background-image":"","background-repeat":"repeat","background-position":"center center","background-size":"auto","background-attachment":"scroll","background-type":"","background-media":"","overlay-type":"","overlay-color":"","overlay-opacity":"","overlay-gradient":""}},"ast-content-background-meta":{"desktop":{"background-color":"var(--ast-global-color-5)","background-image":"","background-repeat":"repeat","background-position":"center center","background-size":"auto","background-attachment":"scroll","background-type":"","background-media":"","overlay-type":"","overlay-color":"","overlay-opacity":"","overlay-gradient":""},"tablet":{"background-color":"var(--ast-global-color-5)","background-image":"","background-repeat":"repeat","background-position":"center center","background-size":"auto","background-attachment":"scroll","background-type":"","background-media":"","overlay-type":"","overlay-color":"","overlay-opacity":"","overlay-gradient":""},"mobile":{"background-color":"var(--ast-global-color-5)","background-image":"","background-repeat":"repeat","background-position":"center center","background-size":"auto","background-attachment":"scroll","background-type":"","background-media":"","overlay-type":"","overlay-color":"","overlay-opacity":"","overlay-gradient":""}},"footnotes":""},"class_list":["post-10664","page","type-page","status-publish","hentry"],"_links":{"self":[{"href":"https:\/\/cscan-infocan.ca\/fr\/wp-json\/wp\/v2\/pages\/10664","targetHints":{"allow":["GET"]}}],"collection":[{"href":"https:\/\/cscan-infocan.ca\/fr\/wp-json\/wp\/v2\/pages"}],"about":[{"href":"https:\/\/cscan-infocan.ca\/fr\/wp-json\/wp\/v2\/types\/page"}],"author":[{"embeddable":true,"href":"https:\/\/cscan-infocan.ca\/fr\/wp-json\/wp\/v2\/users\/76"}],"replies":[{"embeddable":true,"href":"https:\/\/cscan-infocan.ca\/fr\/wp-json\/wp\/v2\/comments?post=10664"}],"version-history":[{"count":16,"href":"https:\/\/cscan-infocan.ca\/fr\/wp-json\/wp\/v2\/pages\/10664\/revisions"}],"predecessor-version":[{"id":24770,"href":"https:\/\/cscan-infocan.ca\/fr\/wp-json\/wp\/v2\/pages\/10664\/revisions\/24770"}],"wp:attachment":[{"href":"https:\/\/cscan-infocan.ca\/fr\/wp-json\/wp\/v2\/media?parent=10664"}],"curies":[{"name":"wp","href":"https:\/\/api.w.org\/{rel}","templated":true}]}}