{"id":10657,"date":"2022-07-03T01:43:46","date_gmt":"2022-07-03T01:43:46","guid":{"rendered":"https:\/\/cscan.webix.ca\/?page_id=10657"},"modified":"2024-12-17T13:05:04","modified_gmt":"2024-12-17T18:05:04","slug":"parvin-mousavi","status":"publish","type":"page","link":"https:\/\/cscan-infocan.ca\/fr\/parvin-mousavi\/","title":{"rendered":"Parvin Mousavi"},"content":{"rendered":"<div data-elementor-type=\"wp-page\" data-elementor-id=\"10657\" class=\"elementor elementor-10657\">\n\t\t\t\t<div class=\"elementor-element elementor-element-16493177 e-flex e-con-boxed e-con e-parent\" data-id=\"16493177\" data-element_type=\"container\" data-e-type=\"container\">\n\t\t\t\t\t<div class=\"e-con-inner\">\n\t\t<div class=\"elementor-element elementor-element-3cf9ad6f e-con-full e-flex e-con e-child\" data-id=\"3cf9ad6f\" data-element_type=\"container\" data-e-type=\"container\" data-settings=\"{&quot;background_background&quot;:&quot;classic&quot;}\">\n\t\t<div class=\"elementor-element elementor-element-270ad658 e-con-full e-flex e-con e-child\" data-id=\"270ad658\" data-element_type=\"container\" data-e-type=\"container\" data-settings=\"{&quot;background_background&quot;:&quot;classic&quot;}\">\n\t\t<div class=\"elementor-element elementor-element-336a84c9 e-con-full e-flex e-con e-child\" data-id=\"336a84c9\" data-element_type=\"container\" data-e-type=\"container\" data-settings=\"{&quot;background_background&quot;:&quot;classic&quot;}\">\n\t\t\t\t<div class=\"elementor-element elementor-element-2702dfff elementor-widget elementor-widget-heading\" data-id=\"2702dfff\" data-element_type=\"widget\" data-e-type=\"widget\" data-widget_type=\"heading.default\">\n\t\t\t\t\t<h2 class=\"elementor-heading-title elementor-size-default\">\u00c9cole d'informatique<\/h2>\t\t\t\t<\/div>\n\t\t\t\t<div class=\"elementor-element elementor-element-3bbf3ed elementor-widget elementor-widget-heading\" data-id=\"3bbf3ed\" data-element_type=\"widget\" data-e-type=\"widget\" data-widget_type=\"heading.default\">\n\t\t\t\t\t<h2 class=\"elementor-heading-title elementor-size-default\">Parvin Mousavi\n<\/h2>\t\t\t\t<\/div>\n\t\t\t\t<\/div>\n\t\t\t\t<\/div>\n\t\t<div class=\"elementor-element elementor-element-3de2101 e-con-full e-flex e-con e-child\" data-id=\"3de2101\" data-element_type=\"container\" data-e-type=\"container\">\n\t\t\t\t<div class=\"elementor-element elementor-element-53128293 elementor-icon-list--layout-traditional elementor-list-item-link-full_width elementor-widget elementor-widget-icon-list\" data-id=\"53128293\" data-element_type=\"widget\" data-e-type=\"widget\" data-widget_type=\"icon-list.default\">\n\t\t\t\t\t\t\t<ul class=\"elementor-icon-list-items\">\n\t\t\t\t\t\t\t<li class=\"elementor-icon-list-item\">\n\t\t\t\t\t\t\t\t\t\t\t<span class=\"elementor-icon-list-icon\">\n\t\t\t\t\t\t\t<svg aria-hidden=\"true\" class=\"e-font-icon-svg e-fas-university\" viewbox=\"0 0 512 512\" xmlns=\"http:\/\/www.w3.org\/2000\/svg\"><path d=\"M496 128v16a8 8 0 0 1-8 8h-24v12c0 6.627-5.373 12-12 12H60c-6.627 0-12-5.373-12-12v-12H24a8 8 0 0 1-8-8v-16a8 8 0 0 1 4.941-7.392l232-88a7.996 7.996 0 0 1 6.118 0l232 88A8 8 0 0 1 496 128zm-24 304H40c-13.255 0-24 10.745-24 24v16a8 8 0 0 0 8 8h464a8 8 0 0 0 8-8v-16c0-13.255-10.745-24-24-24zM96 192v192H60c-6.627 0-12 5.373-12 12v20h416v-20c0-6.627-5.373-12-12-12h-36V192h-64v192h-64V192h-64v192h-64V192H96z\"><\/path><\/svg>\t\t\t\t\t\t<\/span>\n\t\t\t\t\t\t\t\t\t\t<span class=\"elementor-icon-list-text\">Universit\u00e9 Queen's<\/span>\n\t\t\t\t\t\t\t\t\t<\/li>\n\t\t\t\t\t\t<\/ul>\n\t\t\t\t\t\t<\/div>\n\t\t\t\t<div class=\"elementor-element elementor-element-7b08df59 elementor-widget-divider--view-line elementor-widget elementor-widget-divider\" data-id=\"7b08df59\" data-element_type=\"widget\" data-e-type=\"widget\" data-widget_type=\"divider.default\">\n\t\t\t\t\t\t\t<div class=\"elementor-divider\">\n\t\t\t<span class=\"elementor-divider-separator\">\n\t\t\t\t\t\t<\/span>\n\t\t<\/div>\n\t\t\t\t\t\t<\/div>\n\t\t\t\t<div class=\"elementor-element elementor-element-65c12407 elementor-widget elementor-widget-text-editor\" data-id=\"65c12407\" data-element_type=\"widget\" data-e-type=\"widget\" data-widget_type=\"text-editor.default\">\n\t\t\t\t\t\t\t\t\t<div class=\"elementor-element elementor-element-5cda84b2 e-flex e-con-boxed e-con e-parent e-lazyloaded\" data-id=\"5cda84b2\" data-element_type=\"container\">\n<div class=\"e-con-inner\">\n<div class=\"elementor-element elementor-element-7391f0bf elementor-widget elementor-widget-text-editor\" data-id=\"7391f0bf\" data-element_type=\"widget\" data-widget_type=\"text-editor.default\">\n<div class=\"elementor-widget-container\">\n<p>Le Dr Parvin Mousavi est un jeune chercheur de premier plan dans le domaine de l'imagerie m\u00e9dicale, de la bioinformatique et de la biologie des syst\u00e8mes.  Ses approches innovantes de l'acquisition et de l'analyse des signaux ultrasonores ont permis de mieux comprendre l'existence et l'\u00e9tendue du cancer de la prostate. En cons\u00e9quence, les patients atteints du cancer de la prostate b\u00e9n\u00e9ficient d'une meilleure qualit\u00e9 de vie apr\u00e8s le traitement, tandis que les effets ind\u00e9sirables sont r\u00e9duits. Ses recherches profiteront directement \u00e0 un Canadien sur six qui souffre d\u00e9j\u00e0 de cette maladie. Le nombre de patients devrait doubler d'ici 2025, lorsque la g\u00e9n\u00e9ration des baby-boomers atteindra l'\u00e2ge du pic de pr\u00e9valence. Son approche int\u00e9grative unique contribue \u00e0 un diagnostic plus pr\u00e9coce de la scl\u00e9rose en plaques et facilitera la d\u00e9couverte de th\u00e9rapies personnalis\u00e9es. Elle utilise les caract\u00e9ristiques de plusieurs modalit\u00e9s d'imagerie, des bases de donn\u00e9es accessibles au public et des informations cliniques pour formuler des mod\u00e8les pr\u00e9cis de l'\u00e9volution de cette maladie. Cette recherche profitera directement aux quelque 75 000 Canadiens qui souffrent d\u00e9j\u00e0 de cette maladie et aux 1 000 nouveaux patients qui devraient \u00eatre diagnostiqu\u00e9s chaque ann\u00e9e. Dans le monde, 2,5 millions de personnes sont atteintes de scl\u00e9rose en plaques. Le Dr Mousavi est une chercheuse de renomm\u00e9e internationale : ses travaux sont publi\u00e9s dans les plus grandes revues sp\u00e9cialis\u00e9es dans son domaine. Elle a \u00e9galement d\u00e9pos\u00e9 une demande de brevet pour une m\u00e9thode de d\u00e9tection ultrasonique am\u00e9lior\u00e9e.  Elle a \u00e9t\u00e9 invit\u00e9e \u00e0 pr\u00e9senter ses recherches dans des universit\u00e9s au Canada et aux \u00c9tats-Unis, ainsi que lors de r\u00e9unions nationales et internationales. Mme Mousavi a obtenu un financement de carri\u00e8re de $1,6 million, ce qui est extr\u00eamement impressionnant pour une jeune chercheuse. Elle a fait partie des comit\u00e9s de programme de certaines des plus grandes conf\u00e9rences et ateliers internationaux dans son domaine, et a \u00e9t\u00e9 r\u00e9dactrice en chef adjointe d'articles pour la revue Medical Physics.  Elle est actuellement membre du conseil d'administration du Biomedical Engineering and Computational Biology Journal.  L'impact de la candidate sur la formation des jeunes chercheurs est significatif.  Depuis qu'elle a rejoint l'universit\u00e9 Queen's, elle a supervis\u00e9 10 associ\u00e9s de recherche, 3 boursiers postdoctoraux, 7 \u00e9tudiants en doctorat, 16 \u00e9tudiants en ma\u00eetrise et 27 \u00e9tudiants de premier cycle. Elle a re\u00e7u une bourse de chercheur d\u00e9butant du gouvernement de l'Ontario en 2009.<\/p>\n<\/div>\n<\/div>\n<\/div>\n<\/div>\t\t\t\t\t\t\t\t<\/div>\n\t\t\t\t<\/div>\n\t\t\t\t<\/div>\n\t\t\t\t\t<\/div>\n\t\t\t\t<\/div>\n\t\t\t\t<\/div>","protected":false},"excerpt":{"rendered":"<p>School of Computing Parvin Mousavi Queen\u2019s University Dr. Parvin Mousavi is a leading young researcher in medical imaging, bioinformatics and systems biology.\u00a0 Her innovative approaches to the acquisition and analysis of ultrasound signals have provided an enhanced understanding of the existence and the extent of prostate cancer. As a result, prostate cancer patients have an [&hellip;]<\/p>\n","protected":false},"author":76,"featured_media":0,"parent":0,"menu_order":0,"comment_status":"closed","ping_status":"closed","template":"","meta":{"site-sidebar-layout":"default","site-content-layout":"","ast-site-content-layout":"default","site-content-style":"default","site-sidebar-style":"default","ast-global-header-display":"","ast-banner-title-visibility":"","ast-main-header-display":"","ast-hfb-above-header-display":"","ast-hfb-below-header-display":"","ast-hfb-mobile-header-display":"","site-post-title":"disabled","ast-breadcrumbs-content":"","ast-featured-img":"","footer-sml-layout":"","ast-disable-related-posts":"","theme-transparent-header-meta":"","adv-header-id-meta":"","stick-header-meta":"","header-above-stick-meta":"","header-main-stick-meta":"","header-below-stick-meta":"","astra-migrate-meta-layouts":"default","ast-page-background-enabled":"default","ast-page-background-meta":{"desktop":{"background-color":"","background-image":"","background-repeat":"repeat","background-position":"center center","background-size":"auto","background-attachment":"scroll","background-type":"","background-media":"","overlay-type":"","overlay-color":"","overlay-opacity":"","overlay-gradient":""},"tablet":{"background-color":"","background-image":"","background-repeat":"repeat","background-position":"center center","background-size":"auto","background-attachment":"scroll","background-type":"","background-media":"","overlay-type":"","overlay-color":"","overlay-opacity":"","overlay-gradient":""},"mobile":{"background-color":"","background-image":"","background-repeat":"repeat","background-position":"center center","background-size":"auto","background-attachment":"scroll","background-type":"","background-media":"","overlay-type":"","overlay-color":"","overlay-opacity":"","overlay-gradient":""}},"ast-content-background-meta":{"desktop":{"background-color":"var(--ast-global-color-5)","background-image":"","background-repeat":"repeat","background-position":"center center","background-size":"auto","background-attachment":"scroll","background-type":"","background-media":"","overlay-type":"","overlay-color":"","overlay-opacity":"","overlay-gradient":""},"tablet":{"background-color":"var(--ast-global-color-5)","background-image":"","background-repeat":"repeat","background-position":"center center","background-size":"auto","background-attachment":"scroll","background-type":"","background-media":"","overlay-type":"","overlay-color":"","overlay-opacity":"","overlay-gradient":""},"mobile":{"background-color":"var(--ast-global-color-5)","background-image":"","background-repeat":"repeat","background-position":"center center","background-size":"auto","background-attachment":"scroll","background-type":"","background-media":"","overlay-type":"","overlay-color":"","overlay-opacity":"","overlay-gradient":""}},"footnotes":""},"class_list":["post-10657","page","type-page","status-publish","hentry"],"_links":{"self":[{"href":"https:\/\/cscan-infocan.ca\/fr\/wp-json\/wp\/v2\/pages\/10657","targetHints":{"allow":["GET"]}}],"collection":[{"href":"https:\/\/cscan-infocan.ca\/fr\/wp-json\/wp\/v2\/pages"}],"about":[{"href":"https:\/\/cscan-infocan.ca\/fr\/wp-json\/wp\/v2\/types\/page"}],"author":[{"embeddable":true,"href":"https:\/\/cscan-infocan.ca\/fr\/wp-json\/wp\/v2\/users\/76"}],"replies":[{"embeddable":true,"href":"https:\/\/cscan-infocan.ca\/fr\/wp-json\/wp\/v2\/comments?post=10657"}],"version-history":[{"count":6,"href":"https:\/\/cscan-infocan.ca\/fr\/wp-json\/wp\/v2\/pages\/10657\/revisions"}],"predecessor-version":[{"id":24632,"href":"https:\/\/cscan-infocan.ca\/fr\/wp-json\/wp\/v2\/pages\/10657\/revisions\/24632"}],"wp:attachment":[{"href":"https:\/\/cscan-infocan.ca\/fr\/wp-json\/wp\/v2\/media?parent=10657"}],"curies":[{"name":"wp","href":"https:\/\/api.w.org\/{rel}","templated":true}]}}