{"id":10652,"date":"2022-07-03T01:42:04","date_gmt":"2022-07-03T01:42:04","guid":{"rendered":"https:\/\/cscan.webix.ca\/?page_id=10652"},"modified":"2024-12-17T13:08:54","modified_gmt":"2024-12-17T18:08:54","slug":"patrick-hayden","status":"publish","type":"page","link":"https:\/\/cscan-infocan.ca\/fr\/patrick-hayden\/","title":{"rendered":"Patrick Hayden"},"content":{"rendered":"<div data-elementor-type=\"wp-page\" data-elementor-id=\"10652\" class=\"elementor elementor-10652\">\n\t\t\t\t<div class=\"elementor-element elementor-element-7f9b121e e-flex e-con-boxed e-con e-parent\" data-id=\"7f9b121e\" data-element_type=\"container\" data-e-type=\"container\">\n\t\t\t\t\t<div class=\"e-con-inner\">\n\t\t<div class=\"elementor-element elementor-element-729d91d3 e-con-full e-flex e-con e-child\" data-id=\"729d91d3\" data-element_type=\"container\" data-e-type=\"container\" data-settings=\"{&quot;background_background&quot;:&quot;classic&quot;}\">\n\t\t<div class=\"elementor-element elementor-element-547cfb6e e-con-full e-flex e-con e-child\" data-id=\"547cfb6e\" data-element_type=\"container\" data-e-type=\"container\" data-settings=\"{&quot;background_background&quot;:&quot;classic&quot;}\">\n\t\t<div class=\"elementor-element elementor-element-3fb74172 e-con-full e-flex e-con e-child\" data-id=\"3fb74172\" data-element_type=\"container\" data-e-type=\"container\" data-settings=\"{&quot;background_background&quot;:&quot;classic&quot;}\">\n\t\t\t\t<div class=\"elementor-element elementor-element-61486602 elementor-widget elementor-widget-heading\" data-id=\"61486602\" data-element_type=\"widget\" data-e-type=\"widget\" data-widget_type=\"heading.default\">\n\t\t\t\t\t<h2 class=\"elementor-heading-title elementor-size-default\">\u00c9cole d'informatique\n<\/h2>\t\t\t\t<\/div>\n\t\t\t\t<div class=\"elementor-element elementor-element-1b1bfe2 elementor-widget elementor-widget-heading\" data-id=\"1b1bfe2\" data-element_type=\"widget\" data-e-type=\"widget\" data-widget_type=\"heading.default\">\n\t\t\t\t\t<h2 class=\"elementor-heading-title elementor-size-default\">Patrick Hayden\n<\/h2>\t\t\t\t<\/div>\n\t\t\t\t<\/div>\n\t\t\t\t<\/div>\n\t\t<div class=\"elementor-element elementor-element-1f41dbe4 e-con-full e-flex e-con e-child\" data-id=\"1f41dbe4\" data-element_type=\"container\" data-e-type=\"container\">\n\t\t\t\t<div class=\"elementor-element elementor-element-3fe4fa8 elementor-icon-list--layout-traditional elementor-list-item-link-full_width elementor-widget elementor-widget-icon-list\" data-id=\"3fe4fa8\" data-element_type=\"widget\" data-e-type=\"widget\" data-widget_type=\"icon-list.default\">\n\t\t\t\t\t\t\t<ul class=\"elementor-icon-list-items\">\n\t\t\t\t\t\t\t<li class=\"elementor-icon-list-item\">\n\t\t\t\t\t\t\t\t\t\t\t<span class=\"elementor-icon-list-icon\">\n\t\t\t\t\t\t\t<svg aria-hidden=\"true\" class=\"e-font-icon-svg e-fas-university\" viewbox=\"0 0 512 512\" xmlns=\"http:\/\/www.w3.org\/2000\/svg\"><path d=\"M496 128v16a8 8 0 0 1-8 8h-24v12c0 6.627-5.373 12-12 12H60c-6.627 0-12-5.373-12-12v-12H24a8 8 0 0 1-8-8v-16a8 8 0 0 1 4.941-7.392l232-88a7.996 7.996 0 0 1 6.118 0l232 88A8 8 0 0 1 496 128zm-24 304H40c-13.255 0-24 10.745-24 24v16a8 8 0 0 0 8 8h464a8 8 0 0 0 8-8v-16c0-13.255-10.745-24-24-24zM96 192v192H60c-6.627 0-12 5.373-12 12v20h416v-20c0-6.627-5.373-12-12-12h-36V192h-64v192h-64V192h-64v192h-64V192H96z\"><\/path><\/svg>\t\t\t\t\t\t<\/span>\n\t\t\t\t\t\t\t\t\t\t<span class=\"elementor-icon-list-text\">Universit\u00e9 McGill<\/span>\n\t\t\t\t\t\t\t\t\t<\/li>\n\t\t\t\t\t\t<\/ul>\n\t\t\t\t\t\t<\/div>\n\t\t\t\t<div class=\"elementor-element elementor-element-1afdf5da elementor-widget-divider--view-line elementor-widget elementor-widget-divider\" data-id=\"1afdf5da\" data-element_type=\"widget\" data-e-type=\"widget\" data-widget_type=\"divider.default\">\n\t\t\t\t\t\t\t<div class=\"elementor-divider\">\n\t\t\t<span class=\"elementor-divider-separator\">\n\t\t\t\t\t\t<\/span>\n\t\t<\/div>\n\t\t\t\t\t\t<\/div>\n\t\t\t\t<div class=\"elementor-element elementor-element-474100fc elementor-widget elementor-widget-text-editor\" data-id=\"474100fc\" data-element_type=\"widget\" data-e-type=\"widget\" data-widget_type=\"text-editor.default\">\n\t\t\t\t\t\t\t\t\t<div class=\"elementor-element elementor-element-4b937993 e-flex e-con-boxed e-con e-parent e-lazyloaded\" data-id=\"4b937993\" data-element_type=\"container\">\n<div class=\"e-con-inner\">\n<div class=\"elementor-element elementor-element-788bfcb5 elementor-widget elementor-widget-text-editor\" data-id=\"788bfcb5\" data-element_type=\"widget\" data-widget_type=\"text-editor.default\">\n<div class=\"elementor-widget-container\">\n<p>Patrick Hayden est titulaire de la Chaire de recherche du Canada en physique de l'information \u00e0 l'Universit\u00e9 McGill. Il est un r\u00e9solveur de probl\u00e8mes extr\u00eamement prolifique et puissant qui a une vision unificatrice de son programme de recherche.  Ses recherches se concentrent sur la recherche de m\u00e9thodes efficaces pour effectuer les t\u00e2ches de communication qui seront n\u00e9cessaires pour le traitement de l'information quantique \u00e0 grande \u00e9chelle.  Il s'agit notamment de mettre au point des m\u00e9thodes permettant d'envoyer de mani\u00e8re fiable des \u00e9tats quantiques \u00e0 travers des supports \"bruyants\" et de prot\u00e9ger les informations quantiques contre toute manipulation non autoris\u00e9e.  Il a \u00e9galement appliqu\u00e9 ces techniques \u00e0 la question de la perte d'informations par les trous noirs. Il a publi\u00e9 de nombreux articles dans les meilleures revues de physique et de th\u00e9orie de l'information et est fr\u00e9quemment invit\u00e9 \u00e0 participer \u00e0 des conf\u00e9rences internationales prestigieuses. Il est r\u00e9dacteur en chef adjoint de l'IEEE Transactions on Information Theory et a fait partie des comit\u00e9s de programme de nombreuses conf\u00e9rences de premier plan.  Au cours de sa carri\u00e8re, il a arbitr\u00e9 plus de 300 articles de revues et de conf\u00e9rences.  M. Hayden est un superviseur enthousiaste d'\u00e9tudiants, avec une grande cohorte d'\u00e9tudiants dipl\u00f4m\u00e9s et de boursiers postdoctoraux, ainsi qu'un mentor inspirant pour de nombreux \u00e9tudiants de premier cycle. Il a jou\u00e9 un r\u00f4le d\u00e9terminant dans l'organisation d'un cours d'\u00e9t\u00e9 sur la science de l'information quantique, qui a attir\u00e9 \u00e0 Montr\u00e9al plus de 80 jeunes \u00e9tudiants dipl\u00f4m\u00e9s du monde entier, leur donnant ainsi l'occasion d'acqu\u00e9rir de nouvelles comp\u00e9tences qu'ils n'auraient pas pu acqu\u00e9rir dans leur pays d'origine.  Le Dr Hayden a re\u00e7u de nombreuses distinctions.  Il a \u00e9t\u00e9 boursier de la Fondation Alfred P. Sloan, laur\u00e9at d'une bourse du prix Sherman Fairchild \u00e0 Caltech et boursier Rhodes.  Plus r\u00e9cemment, il s'est vu attribuer une chaire de recherche distingu\u00e9e \u00e0 l'Institut Perimeter pour la physique th\u00e9orique.<\/p>\n<\/div>\n<\/div>\n<\/div>\n<\/div>\t\t\t\t\t\t\t\t<\/div>\n\t\t\t\t<\/div>\n\t\t\t\t<\/div>\n\t\t\t\t\t<\/div>\n\t\t\t\t<\/div>\n\t\t\t\t<\/div>","protected":false},"excerpt":{"rendered":"<p>School of Computer Science Patrick Hayden McGill University Patrick Hayden holds the Canada Research Chair in the Physics of Information at McGill University. He is an enormously prolific and powerful problem solver with a unifying vision for his research program.\u00a0 His research focuses on finding efficient methods for performing the communication tasks that will be [&hellip;]<\/p>\n","protected":false},"author":76,"featured_media":0,"parent":0,"menu_order":0,"comment_status":"closed","ping_status":"closed","template":"","meta":{"site-sidebar-layout":"default","site-content-layout":"","ast-site-content-layout":"default","site-content-style":"default","site-sidebar-style":"default","ast-global-header-display":"","ast-banner-title-visibility":"","ast-main-header-display":"","ast-hfb-above-header-display":"","ast-hfb-below-header-display":"","ast-hfb-mobile-header-display":"","site-post-title":"disabled","ast-breadcrumbs-content":"","ast-featured-img":"","footer-sml-layout":"","ast-disable-related-posts":"","theme-transparent-header-meta":"","adv-header-id-meta":"","stick-header-meta":"","header-above-stick-meta":"","header-main-stick-meta":"","header-below-stick-meta":"","astra-migrate-meta-layouts":"default","ast-page-background-enabled":"default","ast-page-background-meta":{"desktop":{"background-color":"","background-image":"","background-repeat":"repeat","background-position":"center center","background-size":"auto","background-attachment":"scroll","background-type":"","background-media":"","overlay-type":"","overlay-color":"","overlay-opacity":"","overlay-gradient":""},"tablet":{"background-color":"","background-image":"","background-repeat":"repeat","background-position":"center center","background-size":"auto","background-attachment":"scroll","background-type":"","background-media":"","overlay-type":"","overlay-color":"","overlay-opacity":"","overlay-gradient":""},"mobile":{"background-color":"","background-image":"","background-repeat":"repeat","background-position":"center center","background-size":"auto","background-attachment":"scroll","background-type":"","background-media":"","overlay-type":"","overlay-color":"","overlay-opacity":"","overlay-gradient":""}},"ast-content-background-meta":{"desktop":{"background-color":"var(--ast-global-color-5)","background-image":"","background-repeat":"repeat","background-position":"center center","background-size":"auto","background-attachment":"scroll","background-type":"","background-media":"","overlay-type":"","overlay-color":"","overlay-opacity":"","overlay-gradient":""},"tablet":{"background-color":"var(--ast-global-color-5)","background-image":"","background-repeat":"repeat","background-position":"center center","background-size":"auto","background-attachment":"scroll","background-type":"","background-media":"","overlay-type":"","overlay-color":"","overlay-opacity":"","overlay-gradient":""},"mobile":{"background-color":"var(--ast-global-color-5)","background-image":"","background-repeat":"repeat","background-position":"center center","background-size":"auto","background-attachment":"scroll","background-type":"","background-media":"","overlay-type":"","overlay-color":"","overlay-opacity":"","overlay-gradient":""}},"footnotes":""},"class_list":["post-10652","page","type-page","status-publish","hentry"],"_links":{"self":[{"href":"https:\/\/cscan-infocan.ca\/fr\/wp-json\/wp\/v2\/pages\/10652","targetHints":{"allow":["GET"]}}],"collection":[{"href":"https:\/\/cscan-infocan.ca\/fr\/wp-json\/wp\/v2\/pages"}],"about":[{"href":"https:\/\/cscan-infocan.ca\/fr\/wp-json\/wp\/v2\/types\/page"}],"author":[{"embeddable":true,"href":"https:\/\/cscan-infocan.ca\/fr\/wp-json\/wp\/v2\/users\/76"}],"replies":[{"embeddable":true,"href":"https:\/\/cscan-infocan.ca\/fr\/wp-json\/wp\/v2\/comments?post=10652"}],"version-history":[{"count":3,"href":"https:\/\/cscan-infocan.ca\/fr\/wp-json\/wp\/v2\/pages\/10652\/revisions"}],"predecessor-version":[{"id":24636,"href":"https:\/\/cscan-infocan.ca\/fr\/wp-json\/wp\/v2\/pages\/10652\/revisions\/24636"}],"wp:attachment":[{"href":"https:\/\/cscan-infocan.ca\/fr\/wp-json\/wp\/v2\/media?parent=10652"}],"curies":[{"name":"wp","href":"https:\/\/api.w.org\/{rel}","templated":true}]}}