{"id":10646,"date":"2022-07-03T01:40:32","date_gmt":"2022-07-03T01:40:32","guid":{"rendered":"https:\/\/cscan.webix.ca\/?page_id=10646"},"modified":"2024-12-17T09:41:24","modified_gmt":"2024-12-17T14:41:24","slug":"ian-goldberg","status":"publish","type":"page","link":"https:\/\/cscan-infocan.ca\/fr\/ian-goldberg\/","title":{"rendered":"Ian Goldberg"},"content":{"rendered":"<div data-elementor-type=\"wp-page\" data-elementor-id=\"10646\" class=\"elementor elementor-10646\">\n\t\t\t\t<div class=\"elementor-element elementor-element-1745b295 e-flex e-con-boxed e-con e-parent\" data-id=\"1745b295\" data-element_type=\"container\" data-e-type=\"container\">\n\t\t\t\t\t<div class=\"e-con-inner\">\n\t\t<div class=\"elementor-element elementor-element-7a95d16f e-con-full e-flex e-con e-child\" data-id=\"7a95d16f\" data-element_type=\"container\" data-e-type=\"container\" data-settings=\"{&quot;background_background&quot;:&quot;classic&quot;}\">\n\t\t<div class=\"elementor-element elementor-element-70dd602a e-con-full e-flex e-con e-child\" data-id=\"70dd602a\" data-element_type=\"container\" data-e-type=\"container\" data-settings=\"{&quot;background_background&quot;:&quot;classic&quot;}\">\n\t\t<div class=\"elementor-element elementor-element-29c22331 e-con-full e-flex e-con e-child\" data-id=\"29c22331\" data-element_type=\"container\" data-e-type=\"container\" data-settings=\"{&quot;background_background&quot;:&quot;classic&quot;}\">\n\t\t\t\t<div class=\"elementor-element elementor-element-7114ed52 elementor-widget elementor-widget-heading\" data-id=\"7114ed52\" data-element_type=\"widget\" data-e-type=\"widget\" data-widget_type=\"heading.default\">\n\t\t\t\t\t<h2 class=\"elementor-heading-title elementor-size-default\">\u00c9cole d'informatique David R. Cheriton\n<\/h2>\t\t\t\t<\/div>\n\t\t\t\t<div class=\"elementor-element elementor-element-1999178 elementor-widget elementor-widget-heading\" data-id=\"1999178\" data-element_type=\"widget\" data-e-type=\"widget\" data-widget_type=\"heading.default\">\n\t\t\t\t\t<h2 class=\"elementor-heading-title elementor-size-default\">Ian Goldberg\n<\/h2>\t\t\t\t<\/div>\n\t\t\t\t<\/div>\n\t\t\t\t<\/div>\n\t\t<div class=\"elementor-element elementor-element-348988ca e-con-full e-flex e-con e-child\" data-id=\"348988ca\" data-element_type=\"container\" data-e-type=\"container\">\n\t\t\t\t<div class=\"elementor-element elementor-element-e9991af elementor-icon-list--layout-traditional elementor-list-item-link-full_width elementor-widget elementor-widget-icon-list\" data-id=\"e9991af\" data-element_type=\"widget\" data-e-type=\"widget\" data-widget_type=\"icon-list.default\">\n\t\t\t\t\t\t\t<ul class=\"elementor-icon-list-items\">\n\t\t\t\t\t\t\t<li class=\"elementor-icon-list-item\">\n\t\t\t\t\t\t\t\t\t\t\t<span class=\"elementor-icon-list-icon\">\n\t\t\t\t\t\t\t<svg aria-hidden=\"true\" class=\"e-font-icon-svg e-fas-university\" viewbox=\"0 0 512 512\" xmlns=\"http:\/\/www.w3.org\/2000\/svg\"><path d=\"M496 128v16a8 8 0 0 1-8 8h-24v12c0 6.627-5.373 12-12 12H60c-6.627 0-12-5.373-12-12v-12H24a8 8 0 0 1-8-8v-16a8 8 0 0 1 4.941-7.392l232-88a7.996 7.996 0 0 1 6.118 0l232 88A8 8 0 0 1 496 128zm-24 304H40c-13.255 0-24 10.745-24 24v16a8 8 0 0 0 8 8h464a8 8 0 0 0 8-8v-16c0-13.255-10.745-24-24-24zM96 192v192H60c-6.627 0-12 5.373-12 12v20h416v-20c0-6.627-5.373-12-12-12h-36V192h-64v192h-64V192h-64v192h-64V192H96z\"><\/path><\/svg>\t\t\t\t\t\t<\/span>\n\t\t\t\t\t\t\t\t\t\t<span class=\"elementor-icon-list-text\">Universit\u00e9 de Waterloo<\/span>\n\t\t\t\t\t\t\t\t\t<\/li>\n\t\t\t\t\t\t<\/ul>\n\t\t\t\t\t\t<\/div>\n\t\t\t\t<div class=\"elementor-element elementor-element-1263c9ed elementor-widget-divider--view-line elementor-widget elementor-widget-divider\" data-id=\"1263c9ed\" data-element_type=\"widget\" data-e-type=\"widget\" data-widget_type=\"divider.default\">\n\t\t\t\t\t\t\t<div class=\"elementor-divider\">\n\t\t\t<span class=\"elementor-divider-separator\">\n\t\t\t\t\t\t<\/span>\n\t\t<\/div>\n\t\t\t\t\t\t<\/div>\n\t\t\t\t<div class=\"elementor-element elementor-element-1cc21658 elementor-widget elementor-widget-text-editor\" data-id=\"1cc21658\" data-element_type=\"widget\" data-e-type=\"widget\" data-widget_type=\"text-editor.default\">\n\t\t\t\t\t\t\t\t\t<div class=\"elementor-element elementor-element-14bda5b9 e-flex e-con-boxed e-con e-parent e-lazyloaded\" data-id=\"14bda5b9\" data-element_type=\"container\">\n<div class=\"e-con-inner\">\n<div class=\"elementor-element elementor-element-34bd15fc elementor-widget elementor-widget-text-editor\" data-id=\"34bd15fc\" data-element_type=\"widget\" data-widget_type=\"text-editor.default\">\n<div class=\"elementor-widget-container\">\n<p>M. Goldberg est un excellent chercheur qui se concentre sur la protection de la vie priv\u00e9e \u00e0 l'\u00e8re de l'information.  Le th\u00e8me principal de ses recherches est le principe selon lequel les individus devraient avoir un droit \u00e0 la vie priv\u00e9e, sous la forme d'une autod\u00e9termination informationnelle. Alors que les technologies d\u00e9ploy\u00e9es sur l'internet d\u00e9gradent souvent la vie priv\u00e9e, il est \u00e9galement possible de concevoir de nouvelles technologies pour l'am\u00e9liorer. Les contributions du Dr Goldberg dans ce domaine sont importantes, de grande envergure et reconnues. En outre, M. Goldberg est \u00e9galement reconnu comme un expert en cryptographie, tant pour la conception de nouveaux syst\u00e8mes que pour la cryptanalyse de syst\u00e8mes existants. Il a notamment contribu\u00e9 \u00e0 la cryptanalyse du Wired Equivalent Privacy (WEP) et \u00e0 la conception du syst\u00e8me de messagerie Off-the-Record (OTR) utilis\u00e9 dans le monde entier.  M. Goldberg a \u00e9t\u00e9 invit\u00e9 \u00e0 des conf\u00e9rences et \u00e0 des institutions dans le monde entier et a publi\u00e9 de nombreux articles dans les meilleures conf\u00e9rences et revues dans ses domaines d'int\u00e9r\u00eat.  Il a toujours fait partie des comit\u00e9s de programme de ces m\u00eames conf\u00e9rences influentes, notamment le symposium sur la s\u00e9curit\u00e9 de l'USENIX (dont il a \u00e9t\u00e9 le pr\u00e9sident du programme), la conf\u00e9rence de l'ACM sur la s\u00e9curit\u00e9 des r\u00e9seaux sans fil, le symposium de l'IEEE sur la s\u00e9curit\u00e9 et la vie priv\u00e9e et le symposium sur les technologies d'am\u00e9lioration de la vie priv\u00e9e (dont il a \u00e9galement \u00e9t\u00e9 le co-pr\u00e9sident du programme).  Il est l'un des membres fondateurs du groupe de recherche CrySP (Cryptography, Security, and Privacy) de l'\u00e9cole d'informatique de Waterloo, un groupe d'enseignants et d'\u00e9tudiants de troisi\u00e8me cycle qui jouit d'une renomm\u00e9e internationale.  M. Goldberg a re\u00e7u une bourse de recherche pr\u00e9coce du gouvernement de l'Ontario en 2010.<\/p>\n<\/div>\n<\/div>\n<\/div>\n<\/div>\t\t\t\t\t\t\t\t<\/div>\n\t\t\t\t<\/div>\n\t\t\t\t<\/div>\n\t\t\t\t\t<\/div>\n\t\t\t\t<\/div>\n\t\t\t\t<\/div>","protected":false},"excerpt":{"rendered":"<p>David R. Cheriton School of Computer Science Ian Goldberg University of Waterloo Dr. Goldberg is an excellent researcher whose focus is on privacy in the information age.\u00a0 The primary theme running through his research is the principle that individuals should have a right to privacy, in the form of informational self-determination. Whereas technologies deployed on [&hellip;]<\/p>\n","protected":false},"author":76,"featured_media":0,"parent":0,"menu_order":0,"comment_status":"closed","ping_status":"closed","template":"","meta":{"site-sidebar-layout":"default","site-content-layout":"","ast-site-content-layout":"default","site-content-style":"default","site-sidebar-style":"default","ast-global-header-display":"","ast-banner-title-visibility":"","ast-main-header-display":"","ast-hfb-above-header-display":"","ast-hfb-below-header-display":"","ast-hfb-mobile-header-display":"","site-post-title":"disabled","ast-breadcrumbs-content":"","ast-featured-img":"","footer-sml-layout":"","ast-disable-related-posts":"","theme-transparent-header-meta":"","adv-header-id-meta":"","stick-header-meta":"","header-above-stick-meta":"","header-main-stick-meta":"","header-below-stick-meta":"","astra-migrate-meta-layouts":"default","ast-page-background-enabled":"default","ast-page-background-meta":{"desktop":{"background-color":"","background-image":"","background-repeat":"repeat","background-position":"center center","background-size":"auto","background-attachment":"scroll","background-type":"","background-media":"","overlay-type":"","overlay-color":"","overlay-opacity":"","overlay-gradient":""},"tablet":{"background-color":"","background-image":"","background-repeat":"repeat","background-position":"center center","background-size":"auto","background-attachment":"scroll","background-type":"","background-media":"","overlay-type":"","overlay-color":"","overlay-opacity":"","overlay-gradient":""},"mobile":{"background-color":"","background-image":"","background-repeat":"repeat","background-position":"center center","background-size":"auto","background-attachment":"scroll","background-type":"","background-media":"","overlay-type":"","overlay-color":"","overlay-opacity":"","overlay-gradient":""}},"ast-content-background-meta":{"desktop":{"background-color":"var(--ast-global-color-5)","background-image":"","background-repeat":"repeat","background-position":"center center","background-size":"auto","background-attachment":"scroll","background-type":"","background-media":"","overlay-type":"","overlay-color":"","overlay-opacity":"","overlay-gradient":""},"tablet":{"background-color":"var(--ast-global-color-5)","background-image":"","background-repeat":"repeat","background-position":"center center","background-size":"auto","background-attachment":"scroll","background-type":"","background-media":"","overlay-type":"","overlay-color":"","overlay-opacity":"","overlay-gradient":""},"mobile":{"background-color":"var(--ast-global-color-5)","background-image":"","background-repeat":"repeat","background-position":"center center","background-size":"auto","background-attachment":"scroll","background-type":"","background-media":"","overlay-type":"","overlay-color":"","overlay-opacity":"","overlay-gradient":""}},"footnotes":""},"class_list":["post-10646","page","type-page","status-publish","hentry"],"_links":{"self":[{"href":"https:\/\/cscan-infocan.ca\/fr\/wp-json\/wp\/v2\/pages\/10646","targetHints":{"allow":["GET"]}}],"collection":[{"href":"https:\/\/cscan-infocan.ca\/fr\/wp-json\/wp\/v2\/pages"}],"about":[{"href":"https:\/\/cscan-infocan.ca\/fr\/wp-json\/wp\/v2\/types\/page"}],"author":[{"embeddable":true,"href":"https:\/\/cscan-infocan.ca\/fr\/wp-json\/wp\/v2\/users\/76"}],"replies":[{"embeddable":true,"href":"https:\/\/cscan-infocan.ca\/fr\/wp-json\/wp\/v2\/comments?post=10646"}],"version-history":[{"count":6,"href":"https:\/\/cscan-infocan.ca\/fr\/wp-json\/wp\/v2\/pages\/10646\/revisions"}],"predecessor-version":[{"id":24449,"href":"https:\/\/cscan-infocan.ca\/fr\/wp-json\/wp\/v2\/pages\/10646\/revisions\/24449"}],"wp:attachment":[{"href":"https:\/\/cscan-infocan.ca\/fr\/wp-json\/wp\/v2\/media?parent=10646"}],"curies":[{"name":"wp","href":"https:\/\/api.w.org\/{rel}","templated":true}]}}