{"id":10635,"date":"2022-07-03T01:37:35","date_gmt":"2022-07-03T01:37:35","guid":{"rendered":"https:\/\/cscan.webix.ca\/?page_id=10635"},"modified":"2024-12-17T11:22:09","modified_gmt":"2024-12-17T16:22:09","slug":"joanna-mcgrenere","status":"publish","type":"page","link":"https:\/\/cscan-infocan.ca\/fr\/joanna-mcgrenere\/","title":{"rendered":"Joanna McGrenere"},"content":{"rendered":"<div data-elementor-type=\"wp-page\" data-elementor-id=\"10635\" class=\"elementor elementor-10635\">\n\t\t\t\t<div class=\"elementor-element elementor-element-2e6f9337 e-flex e-con-boxed e-con e-parent\" data-id=\"2e6f9337\" data-element_type=\"container\" data-e-type=\"container\">\n\t\t\t\t\t<div class=\"e-con-inner\">\n\t\t<div class=\"elementor-element elementor-element-40252b35 e-con-full e-flex e-con e-child\" data-id=\"40252b35\" data-element_type=\"container\" data-e-type=\"container\" data-settings=\"{&quot;background_background&quot;:&quot;classic&quot;}\">\n\t\t<div class=\"elementor-element elementor-element-4f20438f e-con-full e-flex e-con e-child\" data-id=\"4f20438f\" data-element_type=\"container\" data-e-type=\"container\" data-settings=\"{&quot;background_background&quot;:&quot;classic&quot;}\">\n\t\t<div class=\"elementor-element elementor-element-733da2d5 e-con-full e-flex e-con e-child\" data-id=\"733da2d5\" data-element_type=\"container\" data-e-type=\"container\" data-settings=\"{&quot;background_background&quot;:&quot;classic&quot;}\">\n\t\t\t\t<div class=\"elementor-element elementor-element-144eab21 elementor-widget elementor-widget-heading\" data-id=\"144eab21\" data-element_type=\"widget\" data-e-type=\"widget\" data-widget_type=\"heading.default\">\n\t\t\t\t\t<h2 class=\"elementor-heading-title elementor-size-default\">D\u00e9partement d'informatique\n<\/h2>\t\t\t\t<\/div>\n\t\t\t\t<div class=\"elementor-element elementor-element-2819af85 elementor-widget elementor-widget-heading\" data-id=\"2819af85\" data-element_type=\"widget\" data-e-type=\"widget\" data-widget_type=\"heading.default\">\n\t\t\t\t\t<h2 class=\"elementor-heading-title elementor-size-default\">Joanna McGrenere\n<\/h2>\t\t\t\t<\/div>\n\t\t\t\t<\/div>\n\t\t\t\t<\/div>\n\t\t<div class=\"elementor-element elementor-element-6d185284 e-con-full e-flex e-con e-child\" data-id=\"6d185284\" data-element_type=\"container\" data-e-type=\"container\">\n\t\t\t\t<div class=\"elementor-element elementor-element-7b7fc098 elementor-icon-list--layout-traditional elementor-list-item-link-full_width elementor-widget elementor-widget-icon-list\" data-id=\"7b7fc098\" data-element_type=\"widget\" data-e-type=\"widget\" data-widget_type=\"icon-list.default\">\n\t\t\t\t\t\t\t<ul class=\"elementor-icon-list-items\">\n\t\t\t\t\t\t\t<li class=\"elementor-icon-list-item\">\n\t\t\t\t\t\t\t\t\t\t\t<span class=\"elementor-icon-list-icon\">\n\t\t\t\t\t\t\t<svg aria-hidden=\"true\" class=\"e-font-icon-svg e-fas-university\" viewbox=\"0 0 512 512\" xmlns=\"http:\/\/www.w3.org\/2000\/svg\"><path d=\"M496 128v16a8 8 0 0 1-8 8h-24v12c0 6.627-5.373 12-12 12H60c-6.627 0-12-5.373-12-12v-12H24a8 8 0 0 1-8-8v-16a8 8 0 0 1 4.941-7.392l232-88a7.996 7.996 0 0 1 6.118 0l232 88A8 8 0 0 1 496 128zm-24 304H40c-13.255 0-24 10.745-24 24v16a8 8 0 0 0 8 8h464a8 8 0 0 0 8-8v-16c0-13.255-10.745-24-24-24zM96 192v192H60c-6.627 0-12 5.373-12 12v20h416v-20c0-6.627-5.373-12-12-12h-36V192h-64v192h-64V192h-64v192h-64V192H96z\"><\/path><\/svg>\t\t\t\t\t\t<\/span>\n\t\t\t\t\t\t\t\t\t\t<span class=\"elementor-icon-list-text\">L'Universit\u00e9 de la Colombie-Britannique<\/span>\n\t\t\t\t\t\t\t\t\t<\/li>\n\t\t\t\t\t\t<\/ul>\n\t\t\t\t\t\t<\/div>\n\t\t\t\t<div class=\"elementor-element elementor-element-2296cd25 elementor-widget-divider--view-line elementor-widget elementor-widget-divider\" data-id=\"2296cd25\" data-element_type=\"widget\" data-e-type=\"widget\" data-widget_type=\"divider.default\">\n\t\t\t\t\t\t\t<div class=\"elementor-divider\">\n\t\t\t<span class=\"elementor-divider-separator\">\n\t\t\t\t\t\t<\/span>\n\t\t<\/div>\n\t\t\t\t\t\t<\/div>\n\t\t\t\t<div class=\"elementor-element elementor-element-40a87fbe elementor-widget elementor-widget-text-editor\" data-id=\"40a87fbe\" data-element_type=\"widget\" data-e-type=\"widget\" data-widget_type=\"text-editor.default\">\n\t\t\t\t\t\t\t\t\t<div class=\"elementor-element elementor-element-11bc5f28 e-flex e-con-boxed e-con e-parent e-lazyloaded\" data-id=\"11bc5f28\" data-element_type=\"container\">\n<div class=\"e-con-inner\">\n<div class=\"elementor-element elementor-element-2fa14cbb elementor-widget elementor-widget-text-editor\" data-id=\"2fa14cbb\" data-element_type=\"widget\" data-widget_type=\"text-editor.default\">\n<div class=\"elementor-widget-container\">\n<p>Joanna McGrenere travaille dans le domaine de l'interaction homme-machine (HCI), o\u00f9 elle est une pionni\u00e8re dans la conception de technologies pour les personnes souffrant d'aphasie ou d'autres handicaps cognitifs. Plus g\u00e9n\u00e9ralement, elle est experte en conception de technologies interactives pour les utilisateurs plus \u00e2g\u00e9s. Joanna est \u00e9galement un chef de file dans la cr\u00e9ation et l'\u00e9valuation d'interfaces utilisateur graphiques personnalis\u00e9es qui aident les utilisateurs \u00e0 faire face \u00e0 l'augmentation constante des fonctionnalit\u00e9s disponibles dans les logiciels.  Elle a jou\u00e9 un r\u00f4le d\u00e9terminant dans la conception de nombreuses avanc\u00e9es sp\u00e9cifiques en mati\u00e8re d'interface, telles que la technique d'adaptation \u00e9ph\u00e9m\u00e8re, ainsi que dans les m\u00e9thodes d'\u00e9valuation des interfaces sur le terrain et dans l'\u00e9laboration de lignes directrices visant \u00e0 impliquer des experts du domaine dans le processus de conception centr\u00e9e sur l'utilisateur. Tout au long de ce travail, Joanna a \u00e9tabli de nouvelles normes en mati\u00e8re de mentorat. Ses trois premiers doctorants occupent aujourd'hui des postes de professeurs permanents \u00e0 l'universit\u00e9 du Manitoba, \u00e0 l'universit\u00e9 du Maryland College Park et \u00e0 l'universit\u00e9 McGill. Fait tout aussi remarquable, 50% de ses 28 \u00e9tudiants dipl\u00f4m\u00e9s, anciens et actuels, sont des femmes, alors que la moyenne en informatique se situe aux alentours de 20%.  L'\u00e9rudition de son travail a \u00e9t\u00e9 reconnue par l'attribution des prix du meilleur article \u00e0 CHI, ASSETS et IUI, des conf\u00e9rences majeures dans le domaine de l'interaction homme-machine.  Elle est la premi\u00e8re laur\u00e9ate du prix Anita Borg Early Career Scholar, participe r\u00e9guli\u00e8rement \u00e0 des comit\u00e9s de programme de conf\u00e9rences, telles que ACM SIGCHI, et est r\u00e9dactrice en chef adjointe de ACM Transactions on Accessible Computing.<\/p>\n<\/div>\n<\/div>\n<\/div>\n<\/div>\t\t\t\t\t\t\t\t<\/div>\n\t\t\t\t<\/div>\n\t\t\t\t<\/div>\n\t\t\t\t\t<\/div>\n\t\t\t\t<\/div>\n\t\t\t\t<\/div>","protected":false},"excerpt":{"rendered":"<p>Department of Computer Science Joanna McGrenere The University of British Columbia Dr. Joanna McGrenere works in the area of human-computer interaction (HCI), where she is a pioneer in designing technology for people with aphasia or other cognitive disabilities. More generally, she is an expert in interactive technology design for older users. Joanna is also a [&hellip;]<\/p>\n","protected":false},"author":76,"featured_media":0,"parent":0,"menu_order":0,"comment_status":"closed","ping_status":"closed","template":"","meta":{"site-sidebar-layout":"default","site-content-layout":"","ast-site-content-layout":"default","site-content-style":"default","site-sidebar-style":"default","ast-global-header-display":"","ast-banner-title-visibility":"","ast-main-header-display":"","ast-hfb-above-header-display":"","ast-hfb-below-header-display":"","ast-hfb-mobile-header-display":"","site-post-title":"disabled","ast-breadcrumbs-content":"","ast-featured-img":"","footer-sml-layout":"","ast-disable-related-posts":"","theme-transparent-header-meta":"","adv-header-id-meta":"","stick-header-meta":"","header-above-stick-meta":"","header-main-stick-meta":"","header-below-stick-meta":"","astra-migrate-meta-layouts":"default","ast-page-background-enabled":"default","ast-page-background-meta":{"desktop":{"background-color":"","background-image":"","background-repeat":"repeat","background-position":"center center","background-size":"auto","background-attachment":"scroll","background-type":"","background-media":"","overlay-type":"","overlay-color":"","overlay-opacity":"","overlay-gradient":""},"tablet":{"background-color":"","background-image":"","background-repeat":"repeat","background-position":"center center","background-size":"auto","background-attachment":"scroll","background-type":"","background-media":"","overlay-type":"","overlay-color":"","overlay-opacity":"","overlay-gradient":""},"mobile":{"background-color":"","background-image":"","background-repeat":"repeat","background-position":"center center","background-size":"auto","background-attachment":"scroll","background-type":"","background-media":"","overlay-type":"","overlay-color":"","overlay-opacity":"","overlay-gradient":""}},"ast-content-background-meta":{"desktop":{"background-color":"var(--ast-global-color-5)","background-image":"","background-repeat":"repeat","background-position":"center center","background-size":"auto","background-attachment":"scroll","background-type":"","background-media":"","overlay-type":"","overlay-color":"","overlay-opacity":"","overlay-gradient":""},"tablet":{"background-color":"var(--ast-global-color-5)","background-image":"","background-repeat":"repeat","background-position":"center center","background-size":"auto","background-attachment":"scroll","background-type":"","background-media":"","overlay-type":"","overlay-color":"","overlay-opacity":"","overlay-gradient":""},"mobile":{"background-color":"var(--ast-global-color-5)","background-image":"","background-repeat":"repeat","background-position":"center center","background-size":"auto","background-attachment":"scroll","background-type":"","background-media":"","overlay-type":"","overlay-color":"","overlay-opacity":"","overlay-gradient":""}},"footnotes":""},"class_list":["post-10635","page","type-page","status-publish","hentry"],"_links":{"self":[{"href":"https:\/\/cscan-infocan.ca\/fr\/wp-json\/wp\/v2\/pages\/10635","targetHints":{"allow":["GET"]}}],"collection":[{"href":"https:\/\/cscan-infocan.ca\/fr\/wp-json\/wp\/v2\/pages"}],"about":[{"href":"https:\/\/cscan-infocan.ca\/fr\/wp-json\/wp\/v2\/types\/page"}],"author":[{"embeddable":true,"href":"https:\/\/cscan-infocan.ca\/fr\/wp-json\/wp\/v2\/users\/76"}],"replies":[{"embeddable":true,"href":"https:\/\/cscan-infocan.ca\/fr\/wp-json\/wp\/v2\/comments?post=10635"}],"version-history":[{"count":3,"href":"https:\/\/cscan-infocan.ca\/fr\/wp-json\/wp\/v2\/pages\/10635\/revisions"}],"predecessor-version":[{"id":24480,"href":"https:\/\/cscan-infocan.ca\/fr\/wp-json\/wp\/v2\/pages\/10635\/revisions\/24480"}],"wp:attachment":[{"href":"https:\/\/cscan-infocan.ca\/fr\/wp-json\/wp\/v2\/media?parent=10635"}],"curies":[{"name":"wp","href":"https:\/\/api.w.org\/{rel}","templated":true}]}}