{"id":10541,"date":"2022-07-03T01:04:13","date_gmt":"2022-07-03T01:04:13","guid":{"rendered":"https:\/\/cscan.webix.ca\/?page_id=10541"},"modified":"2024-12-17T11:43:56","modified_gmt":"2024-12-17T16:43:56","slug":"kate-larson","status":"publish","type":"page","link":"https:\/\/cscan-infocan.ca\/fr\/kate-larson\/","title":{"rendered":"Kate Larson"},"content":{"rendered":"<div data-elementor-type=\"wp-page\" data-elementor-id=\"10541\" class=\"elementor elementor-10541\">\n\t\t\t\t<div class=\"elementor-element elementor-element-6e00fd29 e-flex e-con-boxed e-con e-parent\" data-id=\"6e00fd29\" data-element_type=\"container\" data-e-type=\"container\">\n\t\t\t\t\t<div class=\"e-con-inner\">\n\t\t<div class=\"elementor-element elementor-element-5625553a e-con-full e-flex e-con e-child\" data-id=\"5625553a\" data-element_type=\"container\" data-e-type=\"container\" data-settings=\"{&quot;background_background&quot;:&quot;classic&quot;}\">\n\t\t<div class=\"elementor-element elementor-element-3c3f5b0f e-con-full e-flex e-con e-child\" data-id=\"3c3f5b0f\" data-element_type=\"container\" data-e-type=\"container\" data-settings=\"{&quot;background_background&quot;:&quot;classic&quot;}\">\n\t\t<div class=\"elementor-element elementor-element-704039a6 e-con-full e-flex e-con e-child\" data-id=\"704039a6\" data-element_type=\"container\" data-e-type=\"container\" data-settings=\"{&quot;background_background&quot;:&quot;classic&quot;}\">\n\t\t\t\t<div class=\"elementor-element elementor-element-76cc836 elementor-widget elementor-widget-heading\" data-id=\"76cc836\" data-element_type=\"widget\" data-e-type=\"widget\" data-widget_type=\"heading.default\">\n\t\t\t\t\t<h2 class=\"elementor-heading-title elementor-size-default\">\u00c9cole d'informatique David R. Cheriton<\/h2>\t\t\t\t<\/div>\n\t\t\t\t<div class=\"elementor-element elementor-element-ed2ed97 elementor-widget elementor-widget-heading\" data-id=\"ed2ed97\" data-element_type=\"widget\" data-e-type=\"widget\" data-widget_type=\"heading.default\">\n\t\t\t\t\t<h2 class=\"elementor-heading-title elementor-size-default\">Kate Larson\n<\/h2>\t\t\t\t<\/div>\n\t\t\t\t<\/div>\n\t\t\t\t<\/div>\n\t\t<div class=\"elementor-element elementor-element-57d04f90 e-con-full e-flex e-con e-child\" data-id=\"57d04f90\" data-element_type=\"container\" data-e-type=\"container\">\n\t\t\t\t<div class=\"elementor-element elementor-element-72c66faa elementor-icon-list--layout-traditional elementor-list-item-link-full_width elementor-widget elementor-widget-icon-list\" data-id=\"72c66faa\" data-element_type=\"widget\" data-e-type=\"widget\" data-widget_type=\"icon-list.default\">\n\t\t\t\t\t\t\t<ul class=\"elementor-icon-list-items\">\n\t\t\t\t\t\t\t<li class=\"elementor-icon-list-item\">\n\t\t\t\t\t\t\t\t\t\t\t<span class=\"elementor-icon-list-icon\">\n\t\t\t\t\t\t\t<svg aria-hidden=\"true\" class=\"e-font-icon-svg e-fas-university\" viewbox=\"0 0 512 512\" xmlns=\"http:\/\/www.w3.org\/2000\/svg\"><path d=\"M496 128v16a8 8 0 0 1-8 8h-24v12c0 6.627-5.373 12-12 12H60c-6.627 0-12-5.373-12-12v-12H24a8 8 0 0 1-8-8v-16a8 8 0 0 1 4.941-7.392l232-88a7.996 7.996 0 0 1 6.118 0l232 88A8 8 0 0 1 496 128zm-24 304H40c-13.255 0-24 10.745-24 24v16a8 8 0 0 0 8 8h464a8 8 0 0 0 8-8v-16c0-13.255-10.745-24-24-24zM96 192v192H60c-6.627 0-12 5.373-12 12v20h416v-20c0-6.627-5.373-12-12-12h-36V192h-64v192h-64V192h-64v192h-64V192H96z\"><\/path><\/svg>\t\t\t\t\t\t<\/span>\n\t\t\t\t\t\t\t\t\t\t<span class=\"elementor-icon-list-text\">Universit\u00e9 de Waterloo<\/span>\n\t\t\t\t\t\t\t\t\t<\/li>\n\t\t\t\t\t\t<\/ul>\n\t\t\t\t\t\t<\/div>\n\t\t\t\t<div class=\"elementor-element elementor-element-474cc74b elementor-widget-divider--view-line elementor-widget elementor-widget-divider\" data-id=\"474cc74b\" data-element_type=\"widget\" data-e-type=\"widget\" data-widget_type=\"divider.default\">\n\t\t\t\t\t\t\t<div class=\"elementor-divider\">\n\t\t\t<span class=\"elementor-divider-separator\">\n\t\t\t\t\t\t<\/span>\n\t\t<\/div>\n\t\t\t\t\t\t<\/div>\n\t\t\t\t<div class=\"elementor-element elementor-element-c824452 elementor-widget elementor-widget-text-editor\" data-id=\"c824452\" data-element_type=\"widget\" data-e-type=\"widget\" data-widget_type=\"text-editor.default\">\n\t\t\t\t\t\t\t\t\t<div class=\"elementor-element elementor-element-4a5844a7 e-flex e-con-boxed e-con e-parent e-lazyloaded\" data-id=\"4a5844a7\" data-element_type=\"container\">\n<div class=\"e-con-inner\">\n<div class=\"elementor-element elementor-element-6927efb8 elementor-widget elementor-widget-text-editor\" data-id=\"6927efb8\" data-element_type=\"widget\" data-widget_type=\"text-editor.default\">\n<div class=\"elementor-widget-container\">\n<p>Les recherches de Kate Larson portent sur les syst\u00e8mes multi-agents, un sous-domaine de l'intelligence artificielle qui r\u00e9unit l'informatique, les math\u00e9matiques et l'\u00e9conomie. Kate est une chercheuse exceptionnelle, ce qui lui a valu de recevoir r\u00e9cemment le prestigieux prix de la province de l'Ontario pour les chercheurs en d\u00e9but de carri\u00e8re. Pour avoir un aper\u00e7u de ses recherches, il suffit de consid\u00e9rer ce qui suit (le travail a \u00e9t\u00e9 effectu\u00e9 en collaboration avec Georgia Kastidou et Robin Cohen). Dans le commerce \u00e9lectronique et les communaut\u00e9s en ligne telles qu'Amazon.com et TripAdvisor.com, les \u00e9valuations et les recommandations des autres participants constituent un \u00e9l\u00e9ment tr\u00e8s utile. Au fil du temps, les participants acqui\u00e8rent une r\u00e9putation plus ou moins fiable au sein de la communaut\u00e9 en ligne. Mais le probl\u00e8me est qu'une r\u00e9putation de fiabilit\u00e9 ou d'utilit\u00e9 dans une communaut\u00e9, comme Amazon.com, ne peut pas \u00eatre transf\u00e9r\u00e9e \u00e0 une autre communaut\u00e9, comme TripAdvisor.com. La recherche de Kate aborde ce probl\u00e8me en proposant un cadre permettant aux communaut\u00e9s d'\u00e9changer des informations sur leur r\u00e9putation. Une propri\u00e9t\u00e9 notable de ce cadre est que l'honn\u00eatet\u00e9 est vraiment la meilleure politique dans ce cadre. En utilisant le cadre propos\u00e9 par Kate, chaque communaut\u00e9 en ligne est renforc\u00e9e et b\u00e9n\u00e9ficie d'avantages, et les participants individuels sont eux-m\u00eames incit\u00e9s \u00e0 \u00eatre de meilleurs citoyens de la communaut\u00e9. Kate est \u00e9galement remarquable pour son sens du service et son engagement \u00e0 rendre service \u00e0 sa communaut\u00e9. On notera en particulier ses positions de leadership dans la communaut\u00e9 scientifique - elle est actuellement pr\u00e9sidente de l'IFAAMAS, la communaut\u00e9 des chercheurs multi-agents, et conseill\u00e8re de l'AAAI, l'association des chercheurs en intelligence artificielle - et son travail de sensibilisation. Dans le cadre de ses activit\u00e9s de sensibilisation, Kate a organis\u00e9 et pris la parole lors d'\u00e9v\u00e9nements destin\u00e9s aux lyc\u00e9ennes et aux \u00e9tudiantes, afin de s'assurer que les jeunes femmes consid\u00e8rent l'informatique comme une option de carri\u00e8re. En r\u00e9sum\u00e9, Kate allie l'excellence en tant que chercheuse au leadership au sein de la communaut\u00e9 scientifique et \u00e0 un engagement en faveur de la discipline plus large de l'informatique.<\/p>\n<\/div>\n<\/div>\n<\/div>\n<\/div>\t\t\t\t\t\t\t\t<\/div>\n\t\t\t\t<\/div>\n\t\t\t\t<\/div>\n\t\t\t\t\t<\/div>\n\t\t\t\t<\/div>\n\t\t\t\t<\/div>","protected":false},"excerpt":{"rendered":"<p>David R. Cheriton School of Computer Science Kate Larson University of Waterloo Kate Larson\u2019s research is in multi-agent systems, a subfield of artificial intelligence that brings together computer science, mathematics, and economics. Kate is an outstanding researcher and in recognition of this Kate recently was awarded a prestigious Province of Ontario Early Researcher Award. To [&hellip;]<\/p>\n","protected":false},"author":76,"featured_media":0,"parent":0,"menu_order":0,"comment_status":"closed","ping_status":"closed","template":"","meta":{"site-sidebar-layout":"default","site-content-layout":"","ast-site-content-layout":"default","site-content-style":"default","site-sidebar-style":"default","ast-global-header-display":"","ast-banner-title-visibility":"","ast-main-header-display":"","ast-hfb-above-header-display":"","ast-hfb-below-header-display":"","ast-hfb-mobile-header-display":"","site-post-title":"disabled","ast-breadcrumbs-content":"","ast-featured-img":"","footer-sml-layout":"","ast-disable-related-posts":"","theme-transparent-header-meta":"","adv-header-id-meta":"","stick-header-meta":"","header-above-stick-meta":"","header-main-stick-meta":"","header-below-stick-meta":"","astra-migrate-meta-layouts":"default","ast-page-background-enabled":"default","ast-page-background-meta":{"desktop":{"background-color":"","background-image":"","background-repeat":"repeat","background-position":"center center","background-size":"auto","background-attachment":"scroll","background-type":"","background-media":"","overlay-type":"","overlay-color":"","overlay-opacity":"","overlay-gradient":""},"tablet":{"background-color":"","background-image":"","background-repeat":"repeat","background-position":"center center","background-size":"auto","background-attachment":"scroll","background-type":"","background-media":"","overlay-type":"","overlay-color":"","overlay-opacity":"","overlay-gradient":""},"mobile":{"background-color":"","background-image":"","background-repeat":"repeat","background-position":"center center","background-size":"auto","background-attachment":"scroll","background-type":"","background-media":"","overlay-type":"","overlay-color":"","overlay-opacity":"","overlay-gradient":""}},"ast-content-background-meta":{"desktop":{"background-color":"var(--ast-global-color-5)","background-image":"","background-repeat":"repeat","background-position":"center center","background-size":"auto","background-attachment":"scroll","background-type":"","background-media":"","overlay-type":"","overlay-color":"","overlay-opacity":"","overlay-gradient":""},"tablet":{"background-color":"var(--ast-global-color-5)","background-image":"","background-repeat":"repeat","background-position":"center center","background-size":"auto","background-attachment":"scroll","background-type":"","background-media":"","overlay-type":"","overlay-color":"","overlay-opacity":"","overlay-gradient":""},"mobile":{"background-color":"var(--ast-global-color-5)","background-image":"","background-repeat":"repeat","background-position":"center center","background-size":"auto","background-attachment":"scroll","background-type":"","background-media":"","overlay-type":"","overlay-color":"","overlay-opacity":"","overlay-gradient":""}},"footnotes":""},"class_list":["post-10541","page","type-page","status-publish","hentry"],"_links":{"self":[{"href":"https:\/\/cscan-infocan.ca\/fr\/wp-json\/wp\/v2\/pages\/10541","targetHints":{"allow":["GET"]}}],"collection":[{"href":"https:\/\/cscan-infocan.ca\/fr\/wp-json\/wp\/v2\/pages"}],"about":[{"href":"https:\/\/cscan-infocan.ca\/fr\/wp-json\/wp\/v2\/types\/page"}],"author":[{"embeddable":true,"href":"https:\/\/cscan-infocan.ca\/fr\/wp-json\/wp\/v2\/users\/76"}],"replies":[{"embeddable":true,"href":"https:\/\/cscan-infocan.ca\/fr\/wp-json\/wp\/v2\/comments?post=10541"}],"version-history":[{"count":3,"href":"https:\/\/cscan-infocan.ca\/fr\/wp-json\/wp\/v2\/pages\/10541\/revisions"}],"predecessor-version":[{"id":24515,"href":"https:\/\/cscan-infocan.ca\/fr\/wp-json\/wp\/v2\/pages\/10541\/revisions\/24515"}],"wp:attachment":[{"href":"https:\/\/cscan-infocan.ca\/fr\/wp-json\/wp\/v2\/media?parent=10541"}],"curies":[{"name":"wp","href":"https:\/\/api.w.org\/{rel}","templated":true}]}}