{"id":10527,"date":"2022-07-03T00:25:15","date_gmt":"2022-07-03T00:25:15","guid":{"rendered":"https:\/\/cscan.webix.ca\/?page_id=10527"},"modified":"2024-12-16T15:27:38","modified_gmt":"2024-12-16T20:27:38","slug":"abram-hindle","status":"publish","type":"page","link":"https:\/\/cscan-infocan.ca\/fr\/abram-hindle\/","title":{"rendered":"Abram Hindle"},"content":{"rendered":"<div data-elementor-type=\"wp-page\" data-elementor-id=\"10527\" class=\"elementor elementor-10527\">\n\t\t\t\t<div class=\"elementor-element elementor-element-6b415f02 e-flex e-con-boxed e-con e-parent\" data-id=\"6b415f02\" data-element_type=\"container\" data-e-type=\"container\">\n\t\t\t\t\t<div class=\"e-con-inner\">\n\t\t<div class=\"elementor-element elementor-element-5e07b10b e-con-full e-flex e-con e-child\" data-id=\"5e07b10b\" data-element_type=\"container\" data-e-type=\"container\" data-settings=\"{&quot;background_background&quot;:&quot;classic&quot;}\">\n\t\t<div class=\"elementor-element elementor-element-12b7e311 e-con-full e-flex e-con e-child\" data-id=\"12b7e311\" data-element_type=\"container\" data-e-type=\"container\" data-settings=\"{&quot;background_background&quot;:&quot;classic&quot;}\">\n\t\t<div class=\"elementor-element elementor-element-41182efc e-con-full e-flex e-con e-child\" data-id=\"41182efc\" data-element_type=\"container\" data-e-type=\"container\" data-settings=\"{&quot;background_background&quot;:&quot;classic&quot;}\">\n\t\t\t\t<div class=\"elementor-element elementor-element-625e75e elementor-widget elementor-widget-heading\" data-id=\"625e75e\" data-element_type=\"widget\" data-e-type=\"widget\" data-widget_type=\"heading.default\">\n\t\t\t\t\t<h2 class=\"elementor-heading-title elementor-size-default\">Abram Hindle<\/h2>\t\t\t\t<\/div>\n\t\t\t\t<\/div>\n\t\t\t\t<\/div>\n\t\t<div class=\"elementor-element elementor-element-2cd81587 e-con-full e-flex e-con e-child\" data-id=\"2cd81587\" data-element_type=\"container\" data-e-type=\"container\">\n\t\t\t\t<div class=\"elementor-element elementor-element-4502fa80 elementor-icon-list--layout-traditional elementor-list-item-link-full_width elementor-widget elementor-widget-icon-list\" data-id=\"4502fa80\" data-element_type=\"widget\" data-e-type=\"widget\" data-widget_type=\"icon-list.default\">\n\t\t\t\t\t\t\t<ul class=\"elementor-icon-list-items\">\n\t\t\t\t\t\t\t<li class=\"elementor-icon-list-item\">\n\t\t\t\t\t\t\t\t\t\t\t<span class=\"elementor-icon-list-icon\">\n\t\t\t\t\t\t\t<svg aria-hidden=\"true\" class=\"e-font-icon-svg e-fas-university\" viewbox=\"0 0 512 512\" xmlns=\"http:\/\/www.w3.org\/2000\/svg\"><path d=\"M496 128v16a8 8 0 0 1-8 8h-24v12c0 6.627-5.373 12-12 12H60c-6.627 0-12-5.373-12-12v-12H24a8 8 0 0 1-8-8v-16a8 8 0 0 1 4.941-7.392l232-88a7.996 7.996 0 0 1 6.118 0l232 88A8 8 0 0 1 496 128zm-24 304H40c-13.255 0-24 10.745-24 24v16a8 8 0 0 0 8 8h464a8 8 0 0 0 8-8v-16c0-13.255-10.745-24-24-24zM96 192v192H60c-6.627 0-12 5.373-12 12v20h416v-20c0-6.627-5.373-12-12-12h-36V192h-64v192h-64V192h-64v192h-64V192H96z\"><\/path><\/svg>\t\t\t\t\t\t<\/span>\n\t\t\t\t\t\t\t\t\t\t<span class=\"elementor-icon-list-text\">Professeur University of Alberta<\/span>\n\t\t\t\t\t\t\t\t\t<\/li>\n\t\t\t\t\t\t<\/ul>\n\t\t\t\t\t\t<\/div>\n\t\t\t\t<div class=\"elementor-element elementor-element-1ad6958c elementor-widget-divider--view-line elementor-widget elementor-widget-divider\" data-id=\"1ad6958c\" data-element_type=\"widget\" data-e-type=\"widget\" data-widget_type=\"divider.default\">\n\t\t\t\t\t\t\t<div class=\"elementor-divider\">\n\t\t\t<span class=\"elementor-divider-separator\">\n\t\t\t\t\t\t<\/span>\n\t\t<\/div>\n\t\t\t\t\t\t<\/div>\n\t\t\t\t<div class=\"elementor-element elementor-element-1e7f2e20 elementor-widget elementor-widget-text-editor\" data-id=\"1e7f2e20\" data-element_type=\"widget\" data-e-type=\"widget\" data-widget_type=\"text-editor.default\">\n\t\t\t\t\t\t\t\t\t<p>Abram Hindle a rejoint le d\u00e9partement d'informatique de l'Universit\u00e9 de l'Alberta en 2011, mais malgr\u00e9 sa carri\u00e8re universitaire relativement courte, il est d\u00e9j\u00e0 consid\u00e9r\u00e9 comme un chercheur canadien bien connu dans le domaine du g\u00e9nie logiciel. Ses recherches portent principalement sur l'utilisation du traitement du langage naturel pour comprendre le code des logiciels et sur la gestion de la consommation d'\u00e9nergie des artefacts logiciels. L'impact de ses recherches dans le premier domaine est bien illustr\u00e9 par l'article qu'il a publi\u00e9 l'ann\u00e9e derni\u00e8re dans Communications of the ACM. Dans le second domaine, on peut citer le tr\u00e8s convoit\u00e9 ACM SIGSOFT Distinguished Paper Award d\u00e9cern\u00e9 lors de la conf\u00e9rence internationale sur le g\u00e9nie logiciel (ICSE) de l'ann\u00e9e derni\u00e8re comme preuve \u00e9vidente de l'impact de ses recherches. M. Hindle est \u00e9galement un excellent enseignant, reconnu \u00e0 plusieurs reprises par la facult\u00e9 des sciences de l'universit\u00e9 de l'Alberta. Il participe et contribue avec enthousiasme \u00e0 de nombreux groupes d'int\u00e9r\u00eat li\u00e9s \u00e0 l'informatique \u00e0 Edmonton et, en termes de service scientifique, M. Hindle a obtenu des r\u00e9sultats bien sup\u00e9rieurs \u00e0 la moyenne de son rang. Par exemple, outre le fait qu'il est souvent membre du comit\u00e9 de direction des principales conf\u00e9rences sur le g\u00e9nie logiciel, il sera le copr\u00e9sident du comit\u00e9 de direction de la 14e conf\u00e9rence internationale sur l'exploitation des d\u00e9p\u00f4ts de logiciels, qui aura lieu prochainement, ce qui t\u00e9moigne clairement de sa stature scientifique parmi ses pairs.<\/p>\t\t\t\t\t\t\t\t<\/div>\n\t\t\t\t<\/div>\n\t\t\t\t<\/div>\n\t\t\t\t\t<\/div>\n\t\t\t\t<\/div>\n\t\t\t\t<\/div>","protected":false},"excerpt":{"rendered":"<p>Abram Hindle University of Alberta Dr. Abram Hindle joined the University of Alberta\u2019s Department of Computing Science in 2011, but despite his relatively short academic career, he is already considered a well-known Canadian researcher in Software Engineering. His main research interests are in using natural language processing to understand software code and in managing energy [&hellip;]<\/p>\n","protected":false},"author":76,"featured_media":0,"parent":0,"menu_order":0,"comment_status":"closed","ping_status":"closed","template":"","meta":{"site-sidebar-layout":"default","site-content-layout":"","ast-site-content-layout":"default","site-content-style":"default","site-sidebar-style":"default","ast-global-header-display":"","ast-banner-title-visibility":"","ast-main-header-display":"","ast-hfb-above-header-display":"","ast-hfb-below-header-display":"","ast-hfb-mobile-header-display":"","site-post-title":"disabled","ast-breadcrumbs-content":"","ast-featured-img":"","footer-sml-layout":"","ast-disable-related-posts":"","theme-transparent-header-meta":"","adv-header-id-meta":"","stick-header-meta":"","header-above-stick-meta":"","header-main-stick-meta":"","header-below-stick-meta":"","astra-migrate-meta-layouts":"default","ast-page-background-enabled":"default","ast-page-background-meta":{"desktop":{"background-color":"","background-image":"","background-repeat":"repeat","background-position":"center center","background-size":"auto","background-attachment":"scroll","background-type":"","background-media":"","overlay-type":"","overlay-color":"","overlay-opacity":"","overlay-gradient":""},"tablet":{"background-color":"","background-image":"","background-repeat":"repeat","background-position":"center center","background-size":"auto","background-attachment":"scroll","background-type":"","background-media":"","overlay-type":"","overlay-color":"","overlay-opacity":"","overlay-gradient":""},"mobile":{"background-color":"","background-image":"","background-repeat":"repeat","background-position":"center center","background-size":"auto","background-attachment":"scroll","background-type":"","background-media":"","overlay-type":"","overlay-color":"","overlay-opacity":"","overlay-gradient":""}},"ast-content-background-meta":{"desktop":{"background-color":"var(--ast-global-color-5)","background-image":"","background-repeat":"repeat","background-position":"center center","background-size":"auto","background-attachment":"scroll","background-type":"","background-media":"","overlay-type":"","overlay-color":"","overlay-opacity":"","overlay-gradient":""},"tablet":{"background-color":"var(--ast-global-color-5)","background-image":"","background-repeat":"repeat","background-position":"center center","background-size":"auto","background-attachment":"scroll","background-type":"","background-media":"","overlay-type":"","overlay-color":"","overlay-opacity":"","overlay-gradient":""},"mobile":{"background-color":"var(--ast-global-color-5)","background-image":"","background-repeat":"repeat","background-position":"center center","background-size":"auto","background-attachment":"scroll","background-type":"","background-media":"","overlay-type":"","overlay-color":"","overlay-opacity":"","overlay-gradient":""}},"footnotes":""},"class_list":["post-10527","page","type-page","status-publish","hentry"],"_links":{"self":[{"href":"https:\/\/cscan-infocan.ca\/fr\/wp-json\/wp\/v2\/pages\/10527","targetHints":{"allow":["GET"]}}],"collection":[{"href":"https:\/\/cscan-infocan.ca\/fr\/wp-json\/wp\/v2\/pages"}],"about":[{"href":"https:\/\/cscan-infocan.ca\/fr\/wp-json\/wp\/v2\/types\/page"}],"author":[{"embeddable":true,"href":"https:\/\/cscan-infocan.ca\/fr\/wp-json\/wp\/v2\/users\/76"}],"replies":[{"embeddable":true,"href":"https:\/\/cscan-infocan.ca\/fr\/wp-json\/wp\/v2\/comments?post=10527"}],"version-history":[{"count":3,"href":"https:\/\/cscan-infocan.ca\/fr\/wp-json\/wp\/v2\/pages\/10527\/revisions"}],"predecessor-version":[{"id":24213,"href":"https:\/\/cscan-infocan.ca\/fr\/wp-json\/wp\/v2\/pages\/10527\/revisions\/24213"}],"wp:attachment":[{"href":"https:\/\/cscan-infocan.ca\/fr\/wp-json\/wp\/v2\/media?parent=10527"}],"curies":[{"name":"wp","href":"https:\/\/api.w.org\/{rel}","templated":true}]}}