{"id":10511,"date":"2022-07-03T00:19:42","date_gmt":"2022-07-03T00:19:42","guid":{"rendered":"https:\/\/cscan.webix.ca\/?page_id=10511"},"modified":"2024-12-17T13:16:01","modified_gmt":"2024-12-17T18:16:01","slug":"reid-holmes","status":"publish","type":"page","link":"https:\/\/cscan-infocan.ca\/fr\/reid-holmes\/","title":{"rendered":"Reid Holmes"},"content":{"rendered":"<div data-elementor-type=\"wp-page\" data-elementor-id=\"10511\" class=\"elementor elementor-10511\">\n\t\t\t\t<div class=\"elementor-element elementor-element-5d3bb490 e-flex e-con-boxed e-con e-parent\" data-id=\"5d3bb490\" data-element_type=\"container\" data-e-type=\"container\">\n\t\t\t\t\t<div class=\"e-con-inner\">\n\t\t<div class=\"elementor-element elementor-element-c01f1b3 e-con-full e-flex e-con e-child\" data-id=\"c01f1b3\" data-element_type=\"container\" data-e-type=\"container\" data-settings=\"{&quot;background_background&quot;:&quot;classic&quot;}\">\n\t\t<div class=\"elementor-element elementor-element-5069b74a e-con-full e-flex e-con e-child\" data-id=\"5069b74a\" data-element_type=\"container\" data-e-type=\"container\" data-settings=\"{&quot;background_background&quot;:&quot;classic&quot;}\">\n\t\t<div class=\"elementor-element elementor-element-437efb71 e-con-full e-flex e-con e-child\" data-id=\"437efb71\" data-element_type=\"container\" data-e-type=\"container\" data-settings=\"{&quot;background_background&quot;:&quot;classic&quot;}\">\n\t\t\t\t<div class=\"elementor-element elementor-element-3c5b9769 elementor-widget elementor-widget-heading\" data-id=\"3c5b9769\" data-element_type=\"widget\" data-e-type=\"widget\" data-widget_type=\"heading.default\">\n\t\t\t\t\t<h2 class=\"elementor-heading-title elementor-size-default\">Reid Holmes\n<\/h2>\t\t\t\t<\/div>\n\t\t\t\t<\/div>\n\t\t\t\t<\/div>\n\t\t<div class=\"elementor-element elementor-element-591d7415 e-con-full e-flex e-con e-child\" data-id=\"591d7415\" data-element_type=\"container\" data-e-type=\"container\">\n\t\t\t\t<div class=\"elementor-element elementor-element-57e72faa elementor-icon-list--layout-traditional elementor-list-item-link-full_width elementor-widget elementor-widget-icon-list\" data-id=\"57e72faa\" data-element_type=\"widget\" data-e-type=\"widget\" data-widget_type=\"icon-list.default\">\n\t\t\t\t\t\t\t<ul class=\"elementor-icon-list-items\">\n\t\t\t\t\t\t\t<li class=\"elementor-icon-list-item\">\n\t\t\t\t\t\t\t\t\t\t\t<span class=\"elementor-icon-list-icon\">\n\t\t\t\t\t\t\t<svg aria-hidden=\"true\" class=\"e-font-icon-svg e-fas-university\" viewbox=\"0 0 512 512\" xmlns=\"http:\/\/www.w3.org\/2000\/svg\"><path d=\"M496 128v16a8 8 0 0 1-8 8h-24v12c0 6.627-5.373 12-12 12H60c-6.627 0-12-5.373-12-12v-12H24a8 8 0 0 1-8-8v-16a8 8 0 0 1 4.941-7.392l232-88a7.996 7.996 0 0 1 6.118 0l232 88A8 8 0 0 1 496 128zm-24 304H40c-13.255 0-24 10.745-24 24v16a8 8 0 0 0 8 8h464a8 8 0 0 0 8-8v-16c0-13.255-10.745-24-24-24zM96 192v192H60c-6.627 0-12 5.373-12 12v20h416v-20c0-6.627-5.373-12-12-12h-36V192h-64v192h-64V192h-64v192h-64V192H96z\"><\/path><\/svg>\t\t\t\t\t\t<\/span>\n\t\t\t\t\t\t\t\t\t\t<span class=\"elementor-icon-list-text\">L'Universit\u00e9 de la Colombie-Britannique<\/span>\n\t\t\t\t\t\t\t\t\t<\/li>\n\t\t\t\t\t\t<\/ul>\n\t\t\t\t\t\t<\/div>\n\t\t\t\t<div class=\"elementor-element elementor-element-250bdb99 elementor-widget-divider--view-line elementor-widget elementor-widget-divider\" data-id=\"250bdb99\" data-element_type=\"widget\" data-e-type=\"widget\" data-widget_type=\"divider.default\">\n\t\t\t\t\t\t\t<div class=\"elementor-divider\">\n\t\t\t<span class=\"elementor-divider-separator\">\n\t\t\t\t\t\t<\/span>\n\t\t<\/div>\n\t\t\t\t\t\t<\/div>\n\t\t\t\t<div class=\"elementor-element elementor-element-2b850a5a elementor-widget elementor-widget-text-editor\" data-id=\"2b850a5a\" data-element_type=\"widget\" data-e-type=\"widget\" data-widget_type=\"text-editor.default\">\n\t\t\t\t\t\t\t\t\t<div class=\"elementor-element elementor-element-1051e9b e-flex e-con-boxed e-con e-parent e-lazyloaded\" data-id=\"1051e9b\" data-element_type=\"container\">\n<div class=\"e-con-inner\">\n<div class=\"elementor-element elementor-element-a828510 elementor-widget elementor-widget-text-editor\" data-id=\"a828510\" data-element_type=\"widget\" data-widget_type=\"text-editor.default\">\n<div class=\"elementor-widget-container\">\n<p>Reid Holmes est d\u00e9j\u00e0 un chercheur internationalement reconnu dans le domaine de l'ing\u00e9nierie logicielle. Ses recherches s'appuient sur une approche centr\u00e9e sur l'homme pour examiner les programmes logiciels. Les deux principaux th\u00e8mes de ses recherches ont \u00e9t\u00e9 d'aider les d\u00e9veloppeurs de logiciels \u00e0 se concentrer sur leurs t\u00e2ches les plus exigeantes sur le plan cognitif, et de poser des questions fondamentales sur les essais de logiciels et d'y r\u00e9pondre. Les m\u00e9thodes de recherche qu'il emploie vont de la r\u00e9alisation d'\u00e9tudes empiriques sur les d\u00e9veloppeurs de logiciels industriels pour comprendre et caract\u00e9riser les probl\u00e8mes auxquels ils sont confront\u00e9s, \u00e0 la construction d'outils qui peuvent \u00eatre appliqu\u00e9s \u00e0 grande \u00e9chelle pour r\u00e9soudre ces probl\u00e8mes. Lui et son \u00e9quipe de recherche ont re\u00e7u quatre prix d'excellence et les r\u00e9sultats de ses recherches ont \u00e9t\u00e9 appliqu\u00e9s dans de grandes entreprises de d\u00e9veloppement de logiciels. M. Holmes est v\u00e9ritablement un chercheur cr\u00e9atif et productif qui est en train d'\u00e9merger en tant que leader dans la communaut\u00e9 internationale de recherche en g\u00e9nie logiciel.<\/p>\n<\/div>\n<\/div>\n<\/div>\n<\/div>\t\t\t\t\t\t\t\t<\/div>\n\t\t\t\t<\/div>\n\t\t\t\t<\/div>\n\t\t\t\t\t<\/div>\n\t\t\t\t<\/div>\n\t\t\t\t<\/div>","protected":false},"excerpt":{"rendered":"<p>Reid Holmes The University of British Columbia Dr. Reid Holmes is already an internationally-recognized researcher in Software Engineering. His research takes a human-centric approach to examining software programs. Two primary themes in his research have been helping software developers focus on their most cognitively demanding tasks, and asking and answering fundamental questions about software testing. [&hellip;]<\/p>\n","protected":false},"author":76,"featured_media":0,"parent":0,"menu_order":0,"comment_status":"closed","ping_status":"closed","template":"","meta":{"site-sidebar-layout":"default","site-content-layout":"","ast-site-content-layout":"default","site-content-style":"default","site-sidebar-style":"default","ast-global-header-display":"","ast-banner-title-visibility":"","ast-main-header-display":"","ast-hfb-above-header-display":"","ast-hfb-below-header-display":"","ast-hfb-mobile-header-display":"","site-post-title":"disabled","ast-breadcrumbs-content":"","ast-featured-img":"","footer-sml-layout":"","ast-disable-related-posts":"","theme-transparent-header-meta":"","adv-header-id-meta":"","stick-header-meta":"","header-above-stick-meta":"","header-main-stick-meta":"","header-below-stick-meta":"","astra-migrate-meta-layouts":"default","ast-page-background-enabled":"default","ast-page-background-meta":{"desktop":{"background-color":"","background-image":"","background-repeat":"repeat","background-position":"center center","background-size":"auto","background-attachment":"scroll","background-type":"","background-media":"","overlay-type":"","overlay-color":"","overlay-opacity":"","overlay-gradient":""},"tablet":{"background-color":"","background-image":"","background-repeat":"repeat","background-position":"center center","background-size":"auto","background-attachment":"scroll","background-type":"","background-media":"","overlay-type":"","overlay-color":"","overlay-opacity":"","overlay-gradient":""},"mobile":{"background-color":"","background-image":"","background-repeat":"repeat","background-position":"center center","background-size":"auto","background-attachment":"scroll","background-type":"","background-media":"","overlay-type":"","overlay-color":"","overlay-opacity":"","overlay-gradient":""}},"ast-content-background-meta":{"desktop":{"background-color":"var(--ast-global-color-5)","background-image":"","background-repeat":"repeat","background-position":"center center","background-size":"auto","background-attachment":"scroll","background-type":"","background-media":"","overlay-type":"","overlay-color":"","overlay-opacity":"","overlay-gradient":""},"tablet":{"background-color":"var(--ast-global-color-5)","background-image":"","background-repeat":"repeat","background-position":"center center","background-size":"auto","background-attachment":"scroll","background-type":"","background-media":"","overlay-type":"","overlay-color":"","overlay-opacity":"","overlay-gradient":""},"mobile":{"background-color":"var(--ast-global-color-5)","background-image":"","background-repeat":"repeat","background-position":"center center","background-size":"auto","background-attachment":"scroll","background-type":"","background-media":"","overlay-type":"","overlay-color":"","overlay-opacity":"","overlay-gradient":""}},"footnotes":""},"class_list":["post-10511","page","type-page","status-publish","hentry"],"_links":{"self":[{"href":"https:\/\/cscan-infocan.ca\/fr\/wp-json\/wp\/v2\/pages\/10511","targetHints":{"allow":["GET"]}}],"collection":[{"href":"https:\/\/cscan-infocan.ca\/fr\/wp-json\/wp\/v2\/pages"}],"about":[{"href":"https:\/\/cscan-infocan.ca\/fr\/wp-json\/wp\/v2\/types\/page"}],"author":[{"embeddable":true,"href":"https:\/\/cscan-infocan.ca\/fr\/wp-json\/wp\/v2\/users\/76"}],"replies":[{"embeddable":true,"href":"https:\/\/cscan-infocan.ca\/fr\/wp-json\/wp\/v2\/comments?post=10511"}],"version-history":[{"count":3,"href":"https:\/\/cscan-infocan.ca\/fr\/wp-json\/wp\/v2\/pages\/10511\/revisions"}],"predecessor-version":[{"id":24650,"href":"https:\/\/cscan-infocan.ca\/fr\/wp-json\/wp\/v2\/pages\/10511\/revisions\/24650"}],"wp:attachment":[{"href":"https:\/\/cscan-infocan.ca\/fr\/wp-json\/wp\/v2\/media?parent=10511"}],"curies":[{"name":"wp","href":"https:\/\/api.w.org\/{rel}","templated":true}]}}