{"id":10506,"date":"2022-07-03T00:18:03","date_gmt":"2022-07-03T00:18:03","guid":{"rendered":"https:\/\/cscan.webix.ca\/?page_id=10506"},"modified":"2024-12-18T09:47:49","modified_gmt":"2024-12-18T14:47:49","slug":"yasutaka-furukawa","status":"publish","type":"page","link":"https:\/\/cscan-infocan.ca\/fr\/yasutaka-furukawa\/","title":{"rendered":"Yasutaka Furukawa"},"content":{"rendered":"<div data-elementor-type=\"wp-page\" data-elementor-id=\"10506\" class=\"elementor elementor-10506\">\n\t\t\t\t<div class=\"elementor-element elementor-element-133c04ee e-flex e-con-boxed e-con e-parent\" data-id=\"133c04ee\" data-element_type=\"container\" data-e-type=\"container\">\n\t\t\t\t\t<div class=\"e-con-inner\">\n\t\t<div class=\"elementor-element elementor-element-31ac1326 e-con-full e-flex e-con e-child\" data-id=\"31ac1326\" data-element_type=\"container\" data-e-type=\"container\" data-settings=\"{&quot;background_background&quot;:&quot;classic&quot;}\">\n\t\t<div class=\"elementor-element elementor-element-1eaa4e62 e-con-full e-flex e-con e-child\" data-id=\"1eaa4e62\" data-element_type=\"container\" data-e-type=\"container\" data-settings=\"{&quot;background_background&quot;:&quot;classic&quot;}\">\n\t\t<div class=\"elementor-element elementor-element-62552819 e-con-full e-flex e-con e-child\" data-id=\"62552819\" data-element_type=\"container\" data-e-type=\"container\" data-settings=\"{&quot;background_background&quot;:&quot;classic&quot;}\">\n\t\t\t\t<div class=\"elementor-element elementor-element-7158cc67 elementor-widget elementor-widget-heading\" data-id=\"7158cc67\" data-element_type=\"widget\" data-e-type=\"widget\" data-widget_type=\"heading.default\">\n\t\t\t\t\t<h2 class=\"elementor-heading-title elementor-size-default\">Yasutaka Furukawa<\/h2>\t\t\t\t<\/div>\n\t\t\t\t<\/div>\n\t\t\t\t<\/div>\n\t\t<div class=\"elementor-element elementor-element-1c80886a e-con-full e-flex e-con e-child\" data-id=\"1c80886a\" data-element_type=\"container\" data-e-type=\"container\">\n\t\t\t\t<div class=\"elementor-element elementor-element-61814e28 elementor-icon-list--layout-traditional elementor-list-item-link-full_width elementor-widget elementor-widget-icon-list\" data-id=\"61814e28\" data-element_type=\"widget\" data-e-type=\"widget\" data-widget_type=\"icon-list.default\">\n\t\t\t\t\t\t\t<ul class=\"elementor-icon-list-items\">\n\t\t\t\t\t\t\t<li class=\"elementor-icon-list-item\">\n\t\t\t\t\t\t\t\t\t\t\t<span class=\"elementor-icon-list-icon\">\n\t\t\t\t\t\t\t<svg aria-hidden=\"true\" class=\"e-font-icon-svg e-fas-university\" viewbox=\"0 0 512 512\" xmlns=\"http:\/\/www.w3.org\/2000\/svg\"><path d=\"M496 128v16a8 8 0 0 1-8 8h-24v12c0 6.627-5.373 12-12 12H60c-6.627 0-12-5.373-12-12v-12H24a8 8 0 0 1-8-8v-16a8 8 0 0 1 4.941-7.392l232-88a7.996 7.996 0 0 1 6.118 0l232 88A8 8 0 0 1 496 128zm-24 304H40c-13.255 0-24 10.745-24 24v16a8 8 0 0 0 8 8h464a8 8 0 0 0 8-8v-16c0-13.255-10.745-24-24-24zM96 192v192H60c-6.627 0-12 5.373-12 12v20h416v-20c0-6.627-5.373-12-12-12h-36V192h-64v192h-64V192h-64v192h-64V192H96z\"><\/path><\/svg>\t\t\t\t\t\t<\/span>\n\t\t\t\t\t\t\t\t\t\t<span class=\"elementor-icon-list-text\">Universit\u00e9 Simon Fraser<\/span>\n\t\t\t\t\t\t\t\t\t<\/li>\n\t\t\t\t\t\t<\/ul>\n\t\t\t\t\t\t<\/div>\n\t\t\t\t<div class=\"elementor-element elementor-element-733f8669 elementor-widget-divider--view-line elementor-widget elementor-widget-divider\" data-id=\"733f8669\" data-element_type=\"widget\" data-e-type=\"widget\" data-widget_type=\"divider.default\">\n\t\t\t\t\t\t\t<div class=\"elementor-divider\">\n\t\t\t<span class=\"elementor-divider-separator\">\n\t\t\t\t\t\t<\/span>\n\t\t<\/div>\n\t\t\t\t\t\t<\/div>\n\t\t\t\t<div class=\"elementor-element elementor-element-3080ce1c elementor-widget elementor-widget-text-editor\" data-id=\"3080ce1c\" data-element_type=\"widget\" data-e-type=\"widget\" data-widget_type=\"text-editor.default\">\n\t\t\t\t\t\t\t\t\tYasutaka est professeur assistant \u00e0 l'universit\u00e9 Simon Fraser. Ses recherches couvrent un large \u00e9ventail de probl\u00e8mes dans le domaine de la vision 3D par ordinateur et il est consid\u00e9r\u00e9 comme une autorit\u00e9 internationale dans ce domaine. Ses articles ont \u00e9t\u00e9 cit\u00e9s plus de 6 000 fois, avec un h-index de 25. Ses travaux vont des algorithmes tr\u00e8s pr\u00e9cis pour les principaux probl\u00e8mes de vision par ordinateur aux nouvelles orientations fondamentales pour le domaine. Parmi ses travaux repr\u00e9sentatifs, citons son algorithme de st\u00e9r\u00e9oscopie multi-vues tr\u00e8s pr\u00e9cis (CVPR 2007), qui a donn\u00e9 lieu \u00e0 des travaux prim\u00e9s sur la reconstruction de sc\u00e8nes ext\u00e9rieures et de mus\u00e9es (ECCV 2012, CVPR 2014, ICCV 2015, Communications of the ACM 2011). Ses travaux ont donn\u00e9 lieu \u00e0 des brevets fructueux et \u00e0 des logiciels libres. Le logiciel a \u00e9t\u00e9 utilis\u00e9 dans de nombreux contextes universitaires et industriels, notamment par des soci\u00e9t\u00e9s d'effets visuels (par exemple Industrial Light and Magic et Weta digital) pour la production de films r\u00e9els, et par Google pour les produits Google Maps. Il a remport\u00e9 le Best Student Paper Award \u00e0 l'ECCV 2012, le Google Research Excellent Paper Award en 2012, le Best Paper Award \u00e0 3DV 2013, le NSF CAREER Award en 2015 et le Google Faculty Research Award en 2016. Il fait partie du comit\u00e9 de r\u00e9daction de la principale revue de vision par ordinateur (IJCV) et a pr\u00e9sid\u00e9 \u00e0 plusieurs reprises les deux principales conf\u00e9rences dans ce domaine (CVPR et ICCV). Avant de rejoindre l'universit\u00e9 Simon Fraser, il a \u00e9t\u00e9 professeur adjoint \u00e0 l'universit\u00e9 Washington St. Louis, ing\u00e9nieur logiciel chez Google et chercheur associ\u00e9 \u00e0 l'universit\u00e9 de Washington. Il a obtenu son doctorat \u00e0 l'universit\u00e9 de l'Illinois \u00e0 Urbana-Champaign en 2008 et une licence \u00e0 l'universit\u00e9 de Tokyo en 2001.\t\t\t\t\t\t\t\t<\/div>\n\t\t\t\t<\/div>\n\t\t\t\t<\/div>\n\t\t\t\t\t<\/div>\n\t\t\t\t<\/div>\n\t\t\t\t<\/div>","protected":false},"excerpt":{"rendered":"<p>Yasutaka Furukawa Simon Fraser University Yasutaka is an Assistant Professor at Simon Fraser University. His research covers a wide range of problems in 3D computer vision and he is considered an international authority in this field. His papers have been cited more than 6,000 times, h-index of 25. His work bridges from highly accurate algorithms [&hellip;]<\/p>\n","protected":false},"author":76,"featured_media":0,"parent":0,"menu_order":0,"comment_status":"closed","ping_status":"closed","template":"","meta":{"site-sidebar-layout":"default","site-content-layout":"","ast-site-content-layout":"default","site-content-style":"default","site-sidebar-style":"default","ast-global-header-display":"","ast-banner-title-visibility":"","ast-main-header-display":"","ast-hfb-above-header-display":"","ast-hfb-below-header-display":"","ast-hfb-mobile-header-display":"","site-post-title":"disabled","ast-breadcrumbs-content":"","ast-featured-img":"","footer-sml-layout":"","ast-disable-related-posts":"","theme-transparent-header-meta":"","adv-header-id-meta":"","stick-header-meta":"","header-above-stick-meta":"","header-main-stick-meta":"","header-below-stick-meta":"","astra-migrate-meta-layouts":"default","ast-page-background-enabled":"default","ast-page-background-meta":{"desktop":{"background-color":"","background-image":"","background-repeat":"repeat","background-position":"center center","background-size":"auto","background-attachment":"scroll","background-type":"","background-media":"","overlay-type":"","overlay-color":"","overlay-opacity":"","overlay-gradient":""},"tablet":{"background-color":"","background-image":"","background-repeat":"repeat","background-position":"center center","background-size":"auto","background-attachment":"scroll","background-type":"","background-media":"","overlay-type":"","overlay-color":"","overlay-opacity":"","overlay-gradient":""},"mobile":{"background-color":"","background-image":"","background-repeat":"repeat","background-position":"center center","background-size":"auto","background-attachment":"scroll","background-type":"","background-media":"","overlay-type":"","overlay-color":"","overlay-opacity":"","overlay-gradient":""}},"ast-content-background-meta":{"desktop":{"background-color":"var(--ast-global-color-5)","background-image":"","background-repeat":"repeat","background-position":"center center","background-size":"auto","background-attachment":"scroll","background-type":"","background-media":"","overlay-type":"","overlay-color":"","overlay-opacity":"","overlay-gradient":""},"tablet":{"background-color":"var(--ast-global-color-5)","background-image":"","background-repeat":"repeat","background-position":"center center","background-size":"auto","background-attachment":"scroll","background-type":"","background-media":"","overlay-type":"","overlay-color":"","overlay-opacity":"","overlay-gradient":""},"mobile":{"background-color":"var(--ast-global-color-5)","background-image":"","background-repeat":"repeat","background-position":"center center","background-size":"auto","background-attachment":"scroll","background-type":"","background-media":"","overlay-type":"","overlay-color":"","overlay-opacity":"","overlay-gradient":""}},"footnotes":""},"class_list":["post-10506","page","type-page","status-publish","hentry"],"_links":{"self":[{"href":"https:\/\/cscan-infocan.ca\/fr\/wp-json\/wp\/v2\/pages\/10506","targetHints":{"allow":["GET"]}}],"collection":[{"href":"https:\/\/cscan-infocan.ca\/fr\/wp-json\/wp\/v2\/pages"}],"about":[{"href":"https:\/\/cscan-infocan.ca\/fr\/wp-json\/wp\/v2\/types\/page"}],"author":[{"embeddable":true,"href":"https:\/\/cscan-infocan.ca\/fr\/wp-json\/wp\/v2\/users\/76"}],"replies":[{"embeddable":true,"href":"https:\/\/cscan-infocan.ca\/fr\/wp-json\/wp\/v2\/comments?post=10506"}],"version-history":[{"count":3,"href":"https:\/\/cscan-infocan.ca\/fr\/wp-json\/wp\/v2\/pages\/10506\/revisions"}],"predecessor-version":[{"id":24749,"href":"https:\/\/cscan-infocan.ca\/fr\/wp-json\/wp\/v2\/pages\/10506\/revisions\/24749"}],"wp:attachment":[{"href":"https:\/\/cscan-infocan.ca\/fr\/wp-json\/wp\/v2\/media?parent=10506"}],"curies":[{"name":"wp","href":"https:\/\/api.w.org\/{rel}","templated":true}]}}