{"id":10500,"date":"2022-07-03T00:16:10","date_gmt":"2022-07-03T00:16:10","guid":{"rendered":"https:\/\/cscan.webix.ca\/?page_id=10500"},"modified":"2024-12-16T17:08:59","modified_gmt":"2024-12-16T22:08:59","slug":"bernhard-thomaszewski","status":"publish","type":"page","link":"https:\/\/cscan-infocan.ca\/fr\/bernhard-thomaszewski\/","title":{"rendered":"Bernhard Thomaszewski"},"content":{"rendered":"<div data-elementor-type=\"wp-page\" data-elementor-id=\"10500\" class=\"elementor elementor-10500\">\n\t\t\t\t<div class=\"elementor-element elementor-element-3662fbd1 e-flex e-con-boxed e-con e-parent\" data-id=\"3662fbd1\" data-element_type=\"container\" data-e-type=\"container\">\n\t\t\t\t\t<div class=\"e-con-inner\">\n\t\t<div class=\"elementor-element elementor-element-219a1122 e-con-full e-flex e-con e-child\" data-id=\"219a1122\" data-element_type=\"container\" data-e-type=\"container\" data-settings=\"{&quot;background_background&quot;:&quot;classic&quot;}\">\n\t\t<div class=\"elementor-element elementor-element-1ae411c1 e-con-full e-flex e-con e-child\" data-id=\"1ae411c1\" data-element_type=\"container\" data-e-type=\"container\" data-settings=\"{&quot;background_background&quot;:&quot;classic&quot;}\">\n\t\t<div class=\"elementor-element elementor-element-17d4b1e e-con-full e-flex e-con e-child\" data-id=\"17d4b1e\" data-element_type=\"container\" data-e-type=\"container\" data-settings=\"{&quot;background_background&quot;:&quot;classic&quot;}\">\n\t\t\t\t<div class=\"elementor-element elementor-element-3ec0201a elementor-widget elementor-widget-heading\" data-id=\"3ec0201a\" data-element_type=\"widget\" data-e-type=\"widget\" data-widget_type=\"heading.default\">\n\t\t\t\t\t<h2 class=\"elementor-heading-title elementor-size-default\">Bernhard Thomaszewski<\/h2>\t\t\t\t<\/div>\n\t\t\t\t<\/div>\n\t\t\t\t<\/div>\n\t\t<div class=\"elementor-element elementor-element-1b39a00 e-con-full e-flex e-con e-child\" data-id=\"1b39a00\" data-element_type=\"container\" data-e-type=\"container\">\n\t\t\t\t<div class=\"elementor-element elementor-element-24c329a1 elementor-icon-list--layout-traditional elementor-list-item-link-full_width elementor-widget elementor-widget-icon-list\" data-id=\"24c329a1\" data-element_type=\"widget\" data-e-type=\"widget\" data-widget_type=\"icon-list.default\">\n\t\t\t\t\t\t\t<ul class=\"elementor-icon-list-items\">\n\t\t\t\t\t\t\t<li class=\"elementor-icon-list-item\">\n\t\t\t\t\t\t\t\t\t\t\t<span class=\"elementor-icon-list-icon\">\n\t\t\t\t\t\t\t<svg aria-hidden=\"true\" class=\"e-font-icon-svg e-fas-university\" viewbox=\"0 0 512 512\" xmlns=\"http:\/\/www.w3.org\/2000\/svg\"><path d=\"M496 128v16a8 8 0 0 1-8 8h-24v12c0 6.627-5.373 12-12 12H60c-6.627 0-12-5.373-12-12v-12H24a8 8 0 0 1-8-8v-16a8 8 0 0 1 4.941-7.392l232-88a7.996 7.996 0 0 1 6.118 0l232 88A8 8 0 0 1 496 128zm-24 304H40c-13.255 0-24 10.745-24 24v16a8 8 0 0 0 8 8h464a8 8 0 0 0 8-8v-16c0-13.255-10.745-24-24-24zM96 192v192H60c-6.627 0-12 5.373-12 12v20h416v-20c0-6.627-5.373-12-12-12h-36V192h-64v192h-64V192h-64v192h-64V192H96z\"><\/path><\/svg>\t\t\t\t\t\t<\/span>\n\t\t\t\t\t\t\t\t\t\t<span class=\"elementor-icon-list-text\">Universit\u00e9 de Montr\u00e9al<\/span>\n\t\t\t\t\t\t\t\t\t<\/li>\n\t\t\t\t\t\t<\/ul>\n\t\t\t\t\t\t<\/div>\n\t\t\t\t<div class=\"elementor-element elementor-element-2b6ecd6a elementor-widget-divider--view-line elementor-widget elementor-widget-divider\" data-id=\"2b6ecd6a\" data-element_type=\"widget\" data-e-type=\"widget\" data-widget_type=\"divider.default\">\n\t\t\t\t\t\t\t<div class=\"elementor-divider\">\n\t\t\t<span class=\"elementor-divider-separator\">\n\t\t\t\t\t\t<\/span>\n\t\t<\/div>\n\t\t\t\t\t\t<\/div>\n\t\t\t\t<div class=\"elementor-element elementor-element-4a043e16 elementor-widget elementor-widget-text-editor\" data-id=\"4a043e16\" data-element_type=\"widget\" data-e-type=\"widget\" data-widget_type=\"text-editor.default\">\n\t\t\t\t\t\t\t\t\t<p>Bernhard Thomaszewski est professeur adjoint au d\u00e9partement d'informatique et de recherche op\u00e9rationnelle de l'Universit\u00e9 de Montr\u00e9al. Avant de rejoindre l'Universit\u00e9 de Montr\u00e9al, Bernhard dirigeait le groupe de recherche sur les mat\u00e9riaux computationnels chez Disney Research Zurich. Apr\u00e8s avoir obtenu son doctorat (2010) et sa ma\u00eetrise (2005) \u00e0 l'Universit\u00e9 de T\u00fcbingen (Allemagne), il a \u00e9t\u00e9 chercheur postdoctoral \u00e0 l'ETH Zurich (Suisse), o\u00f9 il a \u00e9galement occup\u00e9 un poste de conf\u00e9rencier adjoint jusqu'en 2016.<\/p>\n<p>Bernhard m\u00e8ne des recherches sur la conception computationnelle pour la fabrication num\u00e9rique, un domaine \u00e9mergent \u00e0 l'intersection de l'infographie, de la m\u00e9canique computationnelle, de l'optimisation des contraintes, des sciences des mat\u00e9riaux et de l'interaction homme-machine. Ses travaux s'appuient sur l'informatique pour cr\u00e9er des outils de conception puissants et intuitifs pour des applications aussi vari\u00e9es que des m\u00e9canismes personnalis\u00e9s, des surfaces physiques et des m\u00e9ta-mat\u00e9riaux imprim\u00e9s en 3D.<\/p>\n<p>En tant que l'un des principaux chercheurs en graphisme dans le domaine de la conception orient\u00e9e vers la fabrication, il a publi\u00e9 19 articles dans la revue la plus s\u00e9lective et la plus influente dans ce domaine.\u00a0<em>ACM Transactions on Graphics<\/em>et est l'inventeur d\u00e9sign\u00e9 de 10 brevets. Bernhard a si\u00e9g\u00e9 \u00e0 plusieurs reprises dans tous les principaux comit\u00e9s de programme de conf\u00e9rences dans le domaine et a r\u00e9cemment \u00e9t\u00e9 copr\u00e9sident du programme du symposium ACM\/Eurographics sur l'animation par ordinateur 2017.<\/p>\t\t\t\t\t\t\t\t<\/div>\n\t\t\t\t<\/div>\n\t\t\t\t<\/div>\n\t\t\t\t\t<\/div>\n\t\t\t\t<\/div>\n\t\t\t\t<\/div>","protected":false},"excerpt":{"rendered":"<p>Bernhard Thomaszewski Universit\u00e9 de Montr\u00e9al Dr. Bernhard Thomaszewski is an Assistant Professor in the Department of Computer Science and Operations Research at the University of Montreal. Before joining the University of Montreal, Bernhard was heading the research group on Computational Materials at Disney Research Zurich. After receiving his PhD (2010) and MSc (2005) from the [&hellip;]<\/p>\n","protected":false},"author":76,"featured_media":0,"parent":0,"menu_order":0,"comment_status":"closed","ping_status":"closed","template":"","meta":{"site-sidebar-layout":"default","site-content-layout":"","ast-site-content-layout":"default","site-content-style":"default","site-sidebar-style":"default","ast-global-header-display":"","ast-banner-title-visibility":"","ast-main-header-display":"","ast-hfb-above-header-display":"","ast-hfb-below-header-display":"","ast-hfb-mobile-header-display":"","site-post-title":"disabled","ast-breadcrumbs-content":"","ast-featured-img":"","footer-sml-layout":"","ast-disable-related-posts":"","theme-transparent-header-meta":"","adv-header-id-meta":"","stick-header-meta":"","header-above-stick-meta":"","header-main-stick-meta":"","header-below-stick-meta":"","astra-migrate-meta-layouts":"default","ast-page-background-enabled":"default","ast-page-background-meta":{"desktop":{"background-color":"","background-image":"","background-repeat":"repeat","background-position":"center center","background-size":"auto","background-attachment":"scroll","background-type":"","background-media":"","overlay-type":"","overlay-color":"","overlay-opacity":"","overlay-gradient":""},"tablet":{"background-color":"","background-image":"","background-repeat":"repeat","background-position":"center center","background-size":"auto","background-attachment":"scroll","background-type":"","background-media":"","overlay-type":"","overlay-color":"","overlay-opacity":"","overlay-gradient":""},"mobile":{"background-color":"","background-image":"","background-repeat":"repeat","background-position":"center center","background-size":"auto","background-attachment":"scroll","background-type":"","background-media":"","overlay-type":"","overlay-color":"","overlay-opacity":"","overlay-gradient":""}},"ast-content-background-meta":{"desktop":{"background-color":"var(--ast-global-color-5)","background-image":"","background-repeat":"repeat","background-position":"center center","background-size":"auto","background-attachment":"scroll","background-type":"","background-media":"","overlay-type":"","overlay-color":"","overlay-opacity":"","overlay-gradient":""},"tablet":{"background-color":"var(--ast-global-color-5)","background-image":"","background-repeat":"repeat","background-position":"center center","background-size":"auto","background-attachment":"scroll","background-type":"","background-media":"","overlay-type":"","overlay-color":"","overlay-opacity":"","overlay-gradient":""},"mobile":{"background-color":"var(--ast-global-color-5)","background-image":"","background-repeat":"repeat","background-position":"center center","background-size":"auto","background-attachment":"scroll","background-type":"","background-media":"","overlay-type":"","overlay-color":"","overlay-opacity":"","overlay-gradient":""}},"footnotes":""},"class_list":["post-10500","page","type-page","status-publish","hentry"],"_links":{"self":[{"href":"https:\/\/cscan-infocan.ca\/fr\/wp-json\/wp\/v2\/pages\/10500","targetHints":{"allow":["GET"]}}],"collection":[{"href":"https:\/\/cscan-infocan.ca\/fr\/wp-json\/wp\/v2\/pages"}],"about":[{"href":"https:\/\/cscan-infocan.ca\/fr\/wp-json\/wp\/v2\/types\/page"}],"author":[{"embeddable":true,"href":"https:\/\/cscan-infocan.ca\/fr\/wp-json\/wp\/v2\/users\/76"}],"replies":[{"embeddable":true,"href":"https:\/\/cscan-infocan.ca\/fr\/wp-json\/wp\/v2\/comments?post=10500"}],"version-history":[{"count":6,"href":"https:\/\/cscan-infocan.ca\/fr\/wp-json\/wp\/v2\/pages\/10500\/revisions"}],"predecessor-version":[{"id":24289,"href":"https:\/\/cscan-infocan.ca\/fr\/wp-json\/wp\/v2\/pages\/10500\/revisions\/24289"}],"wp:attachment":[{"href":"https:\/\/cscan-infocan.ca\/fr\/wp-json\/wp\/v2\/media?parent=10500"}],"curies":[{"name":"wp","href":"https:\/\/api.w.org\/{rel}","templated":true}]}}