{"id":10455,"date":"2022-07-03T00:00:08","date_gmt":"2022-07-03T00:00:08","guid":{"rendered":"https:\/\/cscan.webix.ca\/?page_id=10455"},"modified":"2024-12-17T09:52:11","modified_gmt":"2024-12-17T14:52:11","slug":"j-n-patterson-pat-hume","status":"publish","type":"page","link":"https:\/\/cscan-infocan.ca\/fr\/j-n-patterson-pat-hume\/","title":{"rendered":"J.N. Patterson (Pat) Hume"},"content":{"rendered":"<div data-elementor-type=\"wp-page\" data-elementor-id=\"10455\" class=\"elementor elementor-10455\">\n\t\t\t\t<div class=\"elementor-element elementor-element-3a88db11 e-flex e-con-boxed e-con e-parent\" data-id=\"3a88db11\" data-element_type=\"container\" data-e-type=\"container\">\n\t\t\t\t\t<div class=\"e-con-inner\">\n\t\t<div class=\"elementor-element elementor-element-2e78704 e-con-full e-flex e-con e-child\" data-id=\"2e78704\" data-element_type=\"container\" data-e-type=\"container\" data-settings=\"{&quot;background_background&quot;:&quot;classic&quot;}\">\n\t\t<div class=\"elementor-element elementor-element-2214e589 e-con-full e-flex e-con e-child\" data-id=\"2214e589\" data-element_type=\"container\" data-e-type=\"container\" data-settings=\"{&quot;background_background&quot;:&quot;classic&quot;}\">\n\t\t<div class=\"elementor-element elementor-element-2c172f7c e-con-full e-flex e-con e-child\" data-id=\"2c172f7c\" data-element_type=\"container\" data-e-type=\"container\" data-settings=\"{&quot;background_background&quot;:&quot;classic&quot;}\">\n\t\t\t\t<div class=\"elementor-element elementor-element-1a7e5ad7 elementor-widget elementor-widget-heading\" data-id=\"1a7e5ad7\" data-element_type=\"widget\" data-e-type=\"widget\" data-widget_type=\"heading.default\">\n\t\t\t\t\t<h2 class=\"elementor-heading-title elementor-size-default\">Professeur \u00e9m\u00e9rite d'informatique (d\u00e9c\u00e9d\u00e9)\n<\/h2>\t\t\t\t<\/div>\n\t\t\t\t<div class=\"elementor-element elementor-element-1cca5991 elementor-widget elementor-widget-heading\" data-id=\"1cca5991\" data-element_type=\"widget\" data-e-type=\"widget\" data-widget_type=\"heading.default\">\n\t\t\t\t\t<h2 class=\"elementor-heading-title elementor-size-default\">J.N. Patterson (Pat) Hume\n<\/h2>\t\t\t\t<\/div>\n\t\t\t\t<\/div>\n\t\t\t\t<\/div>\n\t\t<div class=\"elementor-element elementor-element-3a60e056 e-con-full e-flex e-con e-child\" data-id=\"3a60e056\" data-element_type=\"container\" data-e-type=\"container\">\n\t\t\t\t<div class=\"elementor-element elementor-element-64b93b86 elementor-icon-list--layout-traditional elementor-list-item-link-full_width elementor-widget elementor-widget-icon-list\" data-id=\"64b93b86\" data-element_type=\"widget\" data-e-type=\"widget\" data-widget_type=\"icon-list.default\">\n\t\t\t\t\t\t\t<ul class=\"elementor-icon-list-items\">\n\t\t\t\t\t\t\t<li class=\"elementor-icon-list-item\">\n\t\t\t\t\t\t\t\t\t\t\t<span class=\"elementor-icon-list-icon\">\n\t\t\t\t\t\t\t<svg aria-hidden=\"true\" class=\"e-font-icon-svg e-fas-university\" viewbox=\"0 0 512 512\" xmlns=\"http:\/\/www.w3.org\/2000\/svg\"><path d=\"M496 128v16a8 8 0 0 1-8 8h-24v12c0 6.627-5.373 12-12 12H60c-6.627 0-12-5.373-12-12v-12H24a8 8 0 0 1-8-8v-16a8 8 0 0 1 4.941-7.392l232-88a7.996 7.996 0 0 1 6.118 0l232 88A8 8 0 0 1 496 128zm-24 304H40c-13.255 0-24 10.745-24 24v16a8 8 0 0 0 8 8h464a8 8 0 0 0 8-8v-16c0-13.255-10.745-24-24-24zM96 192v192H60c-6.627 0-12 5.373-12 12v20h416v-20c0-6.627-5.373-12-12-12h-36V192h-64v192h-64V192h-64v192h-64V192H96z\"><\/path><\/svg>\t\t\t\t\t\t<\/span>\n\t\t\t\t\t\t\t\t\t\t<span class=\"elementor-icon-list-text\">Universit\u00e9 de Toronto<\/span>\n\t\t\t\t\t\t\t\t\t<\/li>\n\t\t\t\t\t\t<\/ul>\n\t\t\t\t\t\t<\/div>\n\t\t\t\t<div class=\"elementor-element elementor-element-3c2dd2e0 elementor-widget-divider--view-line elementor-widget elementor-widget-divider\" data-id=\"3c2dd2e0\" data-element_type=\"widget\" data-e-type=\"widget\" data-widget_type=\"divider.default\">\n\t\t\t\t\t\t\t<div class=\"elementor-divider\">\n\t\t\t<span class=\"elementor-divider-separator\">\n\t\t\t\t\t\t<\/span>\n\t\t<\/div>\n\t\t\t\t\t\t<\/div>\n\t\t\t\t<div class=\"elementor-element elementor-element-5e3390d elementor-widget elementor-widget-text-editor\" data-id=\"5e3390d\" data-element_type=\"widget\" data-e-type=\"widget\" data-widget_type=\"text-editor.default\">\n\t\t\t\t\t\t\t\t\t<p>James Nairn Patterson (Pat) Hume \u00e9tait un v\u00e9ritable pionnier de l'informatique au Canada et un \u00e9ducateur scientifique \u00e0 vie. Il a d\u00e9velopp\u00e9 des logiciels pour le premier ordinateur \u00e9lectronique du Canada, a \u00e9t\u00e9 l'un des membres fondateurs du d\u00e9partement d'informatique de l'universit\u00e9 de Toronto, a co-cr\u00e9\u00e9 la s\u00e9rie t\u00e9l\u00e9vis\u00e9e The Nature of Things (avec son coll\u00e8gue Donald Ivey), toujours tr\u00e8s populaire sur la cha\u00eene CBC, et a \u00e9t\u00e9 l'auteur ou le co-auteur de plus de 20 ouvrages en informatique et en physique.<\/p>\n<p>Pat \u00e9tait un informaticien accidentel. Il \u00e9tait jeune professeur de physique en 1952 lorsque Toronto a acquis le premier ordinateur \u00e9lectronique du Canada, appel\u00e9 FERUT (un ordinateur FERranti Mark I de l'Universit\u00e9 de Toronto), et l'a install\u00e9 en face de son bureau. Le Ferranti Mark I \u00e9tait le produit commercial du projet d'ordinateur \u00e0 programmes stock\u00e9s de l'universit\u00e9 de Manchester, auquel Alan Turing participait activement, et il \u00e9tait terriblement difficile \u00e0 programmer. Conscients de ce probl\u00e8me, Pat et sa coll\u00e8gue Trixie Worsley ont mis au point un syst\u00e8me baptis\u00e9 Transcode pour permettre aux scientifiques d'\u00e9crire plus facilement des programmes pour la nouvelle machine. Transcode a connu un succ\u00e8s imm\u00e9diat et, avec FERUT, il a jou\u00e9 un r\u00f4le important dans un certain nombre de projets nationaux importants, dont le d\u00e9veloppement de la Voie maritime du Saint-Laurent. En d\u00e9cembre 1955, Pat a particip\u00e9 \u00e0 une exp\u00e9rience marquante (avec Kelly Gotlieb) en utilisant des t\u00e9l\u00e9types pour transmettre des donn\u00e9es de recherche \u00e0 FERUT depuis l'Universit\u00e9 de Saskatchewan et renvoyer les r\u00e9sultats des calculs \u00e0 Saskatoon. Cette exp\u00e9rience a \u00e9t\u00e9 reconnue comme la premi\u00e8re utilisation d'un ordinateur sur une longue distance et a constitu\u00e9 un pas en avant d\u00e9cisif vers l'\u00e8re de l'Internet.<\/p>\n<p>En 1964, Pat a \u00e9t\u00e9 l'un des membres fondateurs du d\u00e9partement d'informatique de Toronto, dont les doctorants ont eu un impact majeur sur le d\u00e9veloppement de l'informatique dans tout le pays. Pat a \u00e9t\u00e9 pr\u00e9sident du d\u00e9partement de 1975 \u00e0 1980, doyen associ\u00e9 des sciences physiques \u00e0 la School of Graduate Studies de 1968 \u00e0 1972 et ma\u00eetre du Massey College (succ\u00e9dant \u00e0 Robertson Davies) de 1981 \u00e0 1988. Il apportait son sens de l'humour \u00e0 tout ce qu'il entreprenait, qu'il s'agisse des t\u00e2ches m\u00e9nag\u00e8res, de ses activit\u00e9s universitaires ou des spectacles musicaux annuels qu'il \u00e9crivait, produisait et jouait pour le Arts and Letters Club de Toronto, dont il a \u00e9t\u00e9 le pr\u00e9sident de 1976 \u00e0 1978. Tout au long de sa carri\u00e8re, et dans de nombreux forums, Pat a \u00e9t\u00e9 anim\u00e9 par la passion de rendre la science plus accessible aux jeunes Canadiens.<\/p>\n<p>En reconnaissance de ses nombreuses contributions, Pat a \u00e9t\u00e9 fait membre de l'Ordre du Canada, de la Soci\u00e9t\u00e9 royale du Canada et de l'ACM. Il a \u00e9galement re\u00e7u le Silver Core Award de l'IFIP, une Distinguished Service Citation de l'American Association of Physics Teachers, le Sandford Fleming Award de l'Institut royal canadien et la Diamond Jubilee Medal. Donald Ivey et lui-m\u00eame ont re\u00e7u une reconnaissance internationale pour les programmes qu'ils ont d\u00e9velopp\u00e9s entre 1958 et 1966 pour The Nature of Things, notamment une m\u00e9daille de l'Institut scientifique de Rome et le prestigieux Edison Award pour le meilleur film d'enseignement scientifique de 1962. Il a \u00e9t\u00e9 intronis\u00e9 au Temple de la renomm\u00e9e des Prix canadiens de productivit\u00e9 de l'information en 2002.<\/p>\n<p>Pat est d\u00e9c\u00e9d\u00e9e en 2013 \u00e0 l'\u00e2ge de 90 ans.<\/p>\t\t\t\t\t\t\t\t<\/div>\n\t\t\t\t<\/div>\n\t\t\t\t<\/div>\n\t\t\t\t\t<\/div>\n\t\t\t\t<\/div>\n\t\t\t\t<\/div>","protected":false},"excerpt":{"rendered":"<p>Emeritus Professor of Computer Science (Deceased) J.N. Patterson (Pat) Hume University of Toronto James Nairn Patterson (Pat) Hume was a true pioneer of Canadian computing and a lifelong science educator. He developed software for Canada\u2019s first electronic computer, was a founding member of the University of Toronto\u2019s Computer Science department, co-created the still popular CBC [&hellip;]<\/p>\n","protected":false},"author":76,"featured_media":0,"parent":0,"menu_order":0,"comment_status":"closed","ping_status":"closed","template":"","meta":{"site-sidebar-layout":"default","site-content-layout":"","ast-site-content-layout":"default","site-content-style":"default","site-sidebar-style":"default","ast-global-header-display":"","ast-banner-title-visibility":"","ast-main-header-display":"","ast-hfb-above-header-display":"","ast-hfb-below-header-display":"","ast-hfb-mobile-header-display":"","site-post-title":"disabled","ast-breadcrumbs-content":"","ast-featured-img":"","footer-sml-layout":"","ast-disable-related-posts":"","theme-transparent-header-meta":"","adv-header-id-meta":"","stick-header-meta":"","header-above-stick-meta":"","header-main-stick-meta":"","header-below-stick-meta":"","astra-migrate-meta-layouts":"default","ast-page-background-enabled":"default","ast-page-background-meta":{"desktop":{"background-color":"","background-image":"","background-repeat":"repeat","background-position":"center center","background-size":"auto","background-attachment":"scroll","background-type":"","background-media":"","overlay-type":"","overlay-color":"","overlay-opacity":"","overlay-gradient":""},"tablet":{"background-color":"","background-image":"","background-repeat":"repeat","background-position":"center center","background-size":"auto","background-attachment":"scroll","background-type":"","background-media":"","overlay-type":"","overlay-color":"","overlay-opacity":"","overlay-gradient":""},"mobile":{"background-color":"","background-image":"","background-repeat":"repeat","background-position":"center center","background-size":"auto","background-attachment":"scroll","background-type":"","background-media":"","overlay-type":"","overlay-color":"","overlay-opacity":"","overlay-gradient":""}},"ast-content-background-meta":{"desktop":{"background-color":"var(--ast-global-color-5)","background-image":"","background-repeat":"repeat","background-position":"center center","background-size":"auto","background-attachment":"scroll","background-type":"","background-media":"","overlay-type":"","overlay-color":"","overlay-opacity":"","overlay-gradient":""},"tablet":{"background-color":"var(--ast-global-color-5)","background-image":"","background-repeat":"repeat","background-position":"center center","background-size":"auto","background-attachment":"scroll","background-type":"","background-media":"","overlay-type":"","overlay-color":"","overlay-opacity":"","overlay-gradient":""},"mobile":{"background-color":"var(--ast-global-color-5)","background-image":"","background-repeat":"repeat","background-position":"center center","background-size":"auto","background-attachment":"scroll","background-type":"","background-media":"","overlay-type":"","overlay-color":"","overlay-opacity":"","overlay-gradient":""}},"footnotes":""},"class_list":["post-10455","page","type-page","status-publish","hentry"],"_links":{"self":[{"href":"https:\/\/cscan-infocan.ca\/fr\/wp-json\/wp\/v2\/pages\/10455","targetHints":{"allow":["GET"]}}],"collection":[{"href":"https:\/\/cscan-infocan.ca\/fr\/wp-json\/wp\/v2\/pages"}],"about":[{"href":"https:\/\/cscan-infocan.ca\/fr\/wp-json\/wp\/v2\/types\/page"}],"author":[{"embeddable":true,"href":"https:\/\/cscan-infocan.ca\/fr\/wp-json\/wp\/v2\/users\/76"}],"replies":[{"embeddable":true,"href":"https:\/\/cscan-infocan.ca\/fr\/wp-json\/wp\/v2\/comments?post=10455"}],"version-history":[{"count":3,"href":"https:\/\/cscan-infocan.ca\/fr\/wp-json\/wp\/v2\/pages\/10455\/revisions"}],"predecessor-version":[{"id":24461,"href":"https:\/\/cscan-infocan.ca\/fr\/wp-json\/wp\/v2\/pages\/10455\/revisions\/24461"}],"wp:attachment":[{"href":"https:\/\/cscan-infocan.ca\/fr\/wp-json\/wp\/v2\/media?parent=10455"}],"curies":[{"name":"wp","href":"https:\/\/api.w.org\/{rel}","templated":true}]}}