{"id":10440,"date":"2022-07-02T23:54:44","date_gmt":"2022-07-02T23:54:44","guid":{"rendered":"https:\/\/cscan.webix.ca\/?page_id=10440"},"modified":"2024-12-18T09:04:26","modified_gmt":"2024-12-18T14:04:26","slug":"ronald-m-baecker","status":"publish","type":"page","link":"https:\/\/cscan-infocan.ca\/fr\/ronald-m-baecker\/","title":{"rendered":"Ronald M. Baecker"},"content":{"rendered":"<div data-elementor-type=\"wp-page\" data-elementor-id=\"10440\" class=\"elementor elementor-10440\">\n\t\t\t\t<div class=\"elementor-element elementor-element-14711727 e-flex e-con-boxed e-con e-parent\" data-id=\"14711727\" data-element_type=\"container\" data-e-type=\"container\">\n\t\t\t\t\t<div class=\"e-con-inner\">\n\t\t<div class=\"elementor-element elementor-element-2f8de743 e-con-full e-flex e-con e-child\" data-id=\"2f8de743\" data-element_type=\"container\" data-e-type=\"container\" data-settings=\"{&quot;background_background&quot;:&quot;classic&quot;}\">\n\t\t<div class=\"elementor-element elementor-element-f64f688 e-con-full e-flex e-con e-child\" data-id=\"f64f688\" data-element_type=\"container\" data-e-type=\"container\" data-settings=\"{&quot;background_background&quot;:&quot;classic&quot;}\">\n\t\t<div class=\"elementor-element elementor-element-2f8104c2 e-con-full e-flex e-con e-child\" data-id=\"2f8104c2\" data-element_type=\"container\" data-e-type=\"container\" data-settings=\"{&quot;background_background&quot;:&quot;classic&quot;}\">\n\t\t\t\t<div class=\"elementor-element elementor-element-5799049c elementor-widget elementor-widget-heading\" data-id=\"5799049c\" data-element_type=\"widget\" data-e-type=\"widget\" data-widget_type=\"heading.default\">\n\t\t\t\t\t<h2 class=\"elementor-heading-title elementor-size-default\">Professeur \u00e9m\u00e9rite d'informatique\n<\/h2>\t\t\t\t<\/div>\n\t\t\t\t<div class=\"elementor-element elementor-element-380eedda elementor-widget elementor-widget-heading\" data-id=\"380eedda\" data-element_type=\"widget\" data-e-type=\"widget\" data-widget_type=\"heading.default\">\n\t\t\t\t\t<h2 class=\"elementor-heading-title elementor-size-default\">Ronald M. Baecker\n<\/h2>\t\t\t\t<\/div>\n\t\t\t\t<\/div>\n\t\t\t\t<\/div>\n\t\t<div class=\"elementor-element elementor-element-69f8759c e-con-full e-flex e-con e-child\" data-id=\"69f8759c\" data-element_type=\"container\" data-e-type=\"container\">\n\t\t\t\t<div class=\"elementor-element elementor-element-7942fe16 elementor-icon-list--layout-traditional elementor-list-item-link-full_width elementor-widget elementor-widget-icon-list\" data-id=\"7942fe16\" data-element_type=\"widget\" data-e-type=\"widget\" data-widget_type=\"icon-list.default\">\n\t\t\t\t\t\t\t<ul class=\"elementor-icon-list-items\">\n\t\t\t\t\t\t\t<li class=\"elementor-icon-list-item\">\n\t\t\t\t\t\t\t\t\t\t\t<span class=\"elementor-icon-list-icon\">\n\t\t\t\t\t\t\t<svg aria-hidden=\"true\" class=\"e-font-icon-svg e-fas-university\" viewbox=\"0 0 512 512\" xmlns=\"http:\/\/www.w3.org\/2000\/svg\"><path d=\"M496 128v16a8 8 0 0 1-8 8h-24v12c0 6.627-5.373 12-12 12H60c-6.627 0-12-5.373-12-12v-12H24a8 8 0 0 1-8-8v-16a8 8 0 0 1 4.941-7.392l232-88a7.996 7.996 0 0 1 6.118 0l232 88A8 8 0 0 1 496 128zm-24 304H40c-13.255 0-24 10.745-24 24v16a8 8 0 0 0 8 8h464a8 8 0 0 0 8-8v-16c0-13.255-10.745-24-24-24zM96 192v192H60c-6.627 0-12 5.373-12 12v20h416v-20c0-6.627-5.373-12-12-12h-36V192h-64v192h-64V192h-64v192h-64V192H96z\"><\/path><\/svg>\t\t\t\t\t\t<\/span>\n\t\t\t\t\t\t\t\t\t\t<span class=\"elementor-icon-list-text\">Universit\u00e9 de Toronto<\/span>\n\t\t\t\t\t\t\t\t\t<\/li>\n\t\t\t\t\t\t<\/ul>\n\t\t\t\t\t\t<\/div>\n\t\t\t\t<div class=\"elementor-element elementor-element-2ff0c1b elementor-widget elementor-widget-heading\" data-id=\"2ff0c1b\" data-element_type=\"widget\" data-e-type=\"widget\" data-widget_type=\"heading.default\">\n\t\t\t\t\t<h2 class=\"elementor-heading-title elementor-size-default\">Directeur, Laboratoire des technologies pour vieillir en bonne sant\u00e9 (TAGlab)\n<\/h2>\t\t\t\t<\/div>\n\t\t\t\t<div class=\"elementor-element elementor-element-5de05d41 elementor-widget-divider--view-line elementor-widget elementor-widget-divider\" data-id=\"5de05d41\" data-element_type=\"widget\" data-e-type=\"widget\" data-widget_type=\"divider.default\">\n\t\t\t\t\t\t\t<div class=\"elementor-divider\">\n\t\t\t<span class=\"elementor-divider-separator\">\n\t\t\t\t\t\t<\/span>\n\t\t<\/div>\n\t\t\t\t\t\t<\/div>\n\t\t\t\t<div class=\"elementor-element elementor-element-65dfc95 elementor-widget elementor-widget-text-editor\" data-id=\"65dfc95\" data-element_type=\"widget\" data-e-type=\"widget\" data-widget_type=\"text-editor.default\">\n\t\t\t\t\t\t\t\t\t<p>Ronald Baecker est l'un des plus grands experts mondiaux en mati\u00e8re d'interaction homme-machine et de conception d'interfaces utilisateur. Son \u00e9rudition exceptionnelle a eu un impact profond et significatif sur le domaine de l'informatique. Penseur innovant et non conventionnel, M. Baecker n'a eu de cesse de chercher \u00e0 am\u00e9liorer la nature des interactions entre l'homme et la technologie informatique, en commen\u00e7ant par ses recherches r\u00e9volutionnaires sur l'animation informatique au MIT \u00e0 la fin des ann\u00e9es 1960. Dans les ann\u00e9es 1970 et 1980, il a dirig\u00e9 des travaux pionniers sur la visualisation de logiciels et l'am\u00e9lioration de l'interaction homme-machine dans le cadre du Dynamic Graphics Project (DGP) de l'universit\u00e9 de Toronto. Ses recherches ult\u00e9rieures sur le travail coop\u00e9ratif assist\u00e9 par ordinateur l'ont amen\u00e9 \u00e0 fonder le Knowledge Media Design Institute (KMDI), un institut interdisciplinaire, en 1995. Son dernier projet, le laboratoire Technologies for Aging Gracefully (TAGlab), a \u00e9t\u00e9 cr\u00e9\u00e9 en 2008.<\/p>\n<p>Le fil conducteur des contributions transversales de M. Baecker est la pr\u00e9voyance. Comme l'a not\u00e9 la Canadian Human Computer Communications Society lorsqu'elle lui a d\u00e9cern\u00e9 son prestigieux Achievement Award en 2005, \"il a per\u00e7u les questions \u00e9mergentes bien avant les autres : \"Il a per\u00e7u les questions \u00e9mergentes bien avant les autres et a fait preuve de leadership en lan\u00e7ant des activit\u00e9s de recherche dans de nouveaux domaines qui ont fix\u00e9 l'ordre du jour pour ceux qui ont suivi.<\/p>\n<p>Chercheur prolifique avec plus de 185 publications, il a activement diffus\u00e9 les r\u00e9sultats de ses travaux, influen\u00e7ant une g\u00e9n\u00e9ration de sp\u00e9cialistes de l'interaction homme-machine avec ses articles, ses livres et ses vid\u00e9os - en compl\u00e9ment de quatre d\u00e9cennies de mentorat et d'enseignement exceptionnels.<\/p>\n<p>Il a occup\u00e9 de nombreux postes : \u00e0 l'universit\u00e9 de Toronto, il est professeur d'informatique et pr\u00e9sident \u00e9m\u00e9rite des Laboratoires universitaires Bell et, comme indiqu\u00e9 ci-dessus, fondateur\/directeur de KMDI et de TAGlab. Scientifique affili\u00e9 \u00e0 l'unit\u00e9 de recherche appliqu\u00e9e Kunin-Lunenfeld de Baycrest et scientifique associ\u00e9 au Toronto Rehabilitation Institute, il a occup\u00e9 pr\u00e9c\u00e9demment des postes \u00e0 Xerox PARC, Apple Computer et MIT Media Lab, en gestion \u00e0 l'universit\u00e9 de Toronto et \u00e0 l'UBC, et en neurosciences cognitives au College of Physicians and Surgeons de l'universit\u00e9 Columbia.<\/p>\n<p>M. Baecker est un auteur, un \u00e9ducateur et un conf\u00e9rencier actif depuis son arriv\u00e9e \u00e0 l'universit\u00e9 de Toronto (1972). Il a \u00e9labor\u00e9 des cours originaux sur l'infographie interactive, l'interaction homme-machine, l'interface utilisateur, les m\u00e9dias informatiques et la conception des m\u00e9dias de la connaissance, le travail coop\u00e9ratif assist\u00e9 par ordinateur et l'entrepreneuriat dans le domaine des logiciels, partageant son point de vue unique avec la prochaine g\u00e9n\u00e9ration d'informaticiens. Son cours \"Business of Software\", dispens\u00e9 depuis 1986, \u00e9tait en avance de plusieurs d\u00e9cennies sur son temps et a \u00e9t\u00e9 suivi par plus de 3 000 entrepreneurs canadiens en herbe dans le domaine du logiciel, dont beaucoup ont connu un grand succ\u00e8s. En 1990, il a mis au point la premi\u00e8re sp\u00e9cialisation de premier cycle en interaction homme-machine dans le domaine de l'informatique. Il a \u00e9galement supervis\u00e9 50 th\u00e8ses de ma\u00eetrise et\/ou de doctorat et 100 m\u00e9moires de recherche de premier cycle, d'abord en tant que directeur et codirecteur du c\u00e9l\u00e8bre DGP de l'universit\u00e9 de Toronto - qu'il a contribu\u00e9 \u00e0 transformer en un laboratoire de recherche sur l'infographie interactive et l'interaction homme-machine de classe mondiale dans les ann\u00e9es 1970 et 1980 - puis en tant que fondateur de l'IDMK (1995). D'anciens \u00e9tudiants sont devenus professeurs et\/ou chercheurs dans des institutions renomm\u00e9es du monde entier (par exemple, les universit\u00e9s de Colombie-Britannique et d'Alberta, le Conseil national de la recherche, IBM Canada, Microsoft et Google), parmi lesquels Bill Buxton, le scientifique canadien sp\u00e9cialiste de l'interaction homme-machine le plus publi\u00e9, qui a d\u00e9j\u00e0 re\u00e7u trois doctorats honorifiques, Bill Reeves, le premier informaticien \u00e0 avoir remport\u00e9 un Academy Award, et Ian Small, un entrepreneur de premier plan de la Silicon Valley.<\/p>\n<p>Pour ses contributions remarquables \u00e0 l'informatique, M. Baecker a re\u00e7u de nombreux prix et distinctions. Il a notamment \u00e9t\u00e9 nomm\u00e9 l'un des 60 pionniers de l'infographie (ACM SIGGRAPH, 1998) ; il a \u00e9t\u00e9 \u00e9lu \u00e0 l'\u00e9lite Computer-Human Interaction (CHI) Academy (ACM SIGCHI, 2005) ; il a re\u00e7u le Canadian Human Computer Communications Society Achievement Award (CHCCS, 2005) ; il a re\u00e7u le Leadership Award of Merit de l'Ontario Research and Innovation Optical Network (ORION, 2007) ; il a \u00e9t\u00e9 \u00e9lu ACM Fellow (ACM, 2011) ; et il a eu l'honneur de recevoir le Canadian Digital Media Pioneer Award (GRAND, 2013). Les recherches de M. Baecker ont contribu\u00e9 \u00e0 \u00e9tablir et \u00e0 maintenir la position du Canada en tant que leader mondial dans les domaines de l'infographie, de l'interaction homme-machine et du travail coop\u00e9ratif assist\u00e9 par ordinateur.<\/p>\t\t\t\t\t\t\t\t<\/div>\n\t\t\t\t<\/div>\n\t\t\t\t<\/div>\n\t\t\t\t\t<\/div>\n\t\t\t\t<\/div>\n\t\t\t\t<\/div>","protected":false},"excerpt":{"rendered":"<p>Emeritus Professor of Computer Science Ronald M. Baecker University of Toronto Director, Technologies for Aging Gracefully Lab (TAGlab) Ronald Baecker is one of the world\u2019s leading experts in human-computer interaction and user interface design. His outstanding scholarship has impacted the field of computer science in profound and meaningful ways. An innovative and unconventional thinker, Dr. [&hellip;]<\/p>\n","protected":false},"author":76,"featured_media":0,"parent":0,"menu_order":0,"comment_status":"closed","ping_status":"closed","template":"","meta":{"site-sidebar-layout":"default","site-content-layout":"","ast-site-content-layout":"default","site-content-style":"default","site-sidebar-style":"default","ast-global-header-display":"","ast-banner-title-visibility":"","ast-main-header-display":"","ast-hfb-above-header-display":"","ast-hfb-below-header-display":"","ast-hfb-mobile-header-display":"","site-post-title":"disabled","ast-breadcrumbs-content":"","ast-featured-img":"","footer-sml-layout":"","ast-disable-related-posts":"","theme-transparent-header-meta":"","adv-header-id-meta":"","stick-header-meta":"","header-above-stick-meta":"","header-main-stick-meta":"","header-below-stick-meta":"","astra-migrate-meta-layouts":"default","ast-page-background-enabled":"default","ast-page-background-meta":{"desktop":{"background-color":"","background-image":"","background-repeat":"repeat","background-position":"center center","background-size":"auto","background-attachment":"scroll","background-type":"","background-media":"","overlay-type":"","overlay-color":"","overlay-opacity":"","overlay-gradient":""},"tablet":{"background-color":"","background-image":"","background-repeat":"repeat","background-position":"center center","background-size":"auto","background-attachment":"scroll","background-type":"","background-media":"","overlay-type":"","overlay-color":"","overlay-opacity":"","overlay-gradient":""},"mobile":{"background-color":"","background-image":"","background-repeat":"repeat","background-position":"center center","background-size":"auto","background-attachment":"scroll","background-type":"","background-media":"","overlay-type":"","overlay-color":"","overlay-opacity":"","overlay-gradient":""}},"ast-content-background-meta":{"desktop":{"background-color":"var(--ast-global-color-5)","background-image":"","background-repeat":"repeat","background-position":"center center","background-size":"auto","background-attachment":"scroll","background-type":"","background-media":"","overlay-type":"","overlay-color":"","overlay-opacity":"","overlay-gradient":""},"tablet":{"background-color":"var(--ast-global-color-5)","background-image":"","background-repeat":"repeat","background-position":"center center","background-size":"auto","background-attachment":"scroll","background-type":"","background-media":"","overlay-type":"","overlay-color":"","overlay-opacity":"","overlay-gradient":""},"mobile":{"background-color":"var(--ast-global-color-5)","background-image":"","background-repeat":"repeat","background-position":"center center","background-size":"auto","background-attachment":"scroll","background-type":"","background-media":"","overlay-type":"","overlay-color":"","overlay-opacity":"","overlay-gradient":""}},"footnotes":""},"class_list":["post-10440","page","type-page","status-publish","hentry"],"_links":{"self":[{"href":"https:\/\/cscan-infocan.ca\/fr\/wp-json\/wp\/v2\/pages\/10440","targetHints":{"allow":["GET"]}}],"collection":[{"href":"https:\/\/cscan-infocan.ca\/fr\/wp-json\/wp\/v2\/pages"}],"about":[{"href":"https:\/\/cscan-infocan.ca\/fr\/wp-json\/wp\/v2\/types\/page"}],"author":[{"embeddable":true,"href":"https:\/\/cscan-infocan.ca\/fr\/wp-json\/wp\/v2\/users\/76"}],"replies":[{"embeddable":true,"href":"https:\/\/cscan-infocan.ca\/fr\/wp-json\/wp\/v2\/comments?post=10440"}],"version-history":[{"count":3,"href":"https:\/\/cscan-infocan.ca\/fr\/wp-json\/wp\/v2\/pages\/10440\/revisions"}],"predecessor-version":[{"id":24677,"href":"https:\/\/cscan-infocan.ca\/fr\/wp-json\/wp\/v2\/pages\/10440\/revisions\/24677"}],"wp:attachment":[{"href":"https:\/\/cscan-infocan.ca\/fr\/wp-json\/wp\/v2\/media?parent=10440"}],"curies":[{"name":"wp","href":"https:\/\/api.w.org\/{rel}","templated":true}]}}