{"id":10421,"date":"2022-07-02T23:48:21","date_gmt":"2022-07-02T23:48:21","guid":{"rendered":"https:\/\/cscan.webix.ca\/?page_id=10421"},"modified":"2024-12-16T17:46:45","modified_gmt":"2024-12-16T22:46:45","slug":"derek-corneil","status":"publish","type":"page","link":"https:\/\/cscan-infocan.ca\/fr\/derek-corneil\/","title":{"rendered":"Derek Corneil"},"content":{"rendered":"<div data-elementor-type=\"wp-page\" data-elementor-id=\"10421\" class=\"elementor elementor-10421\">\n\t\t\t\t<div class=\"elementor-element elementor-element-1b16e201 e-flex e-con-boxed e-con e-parent\" data-id=\"1b16e201\" data-element_type=\"container\" data-e-type=\"container\">\n\t\t\t\t\t<div class=\"e-con-inner\">\n\t\t<div class=\"elementor-element elementor-element-7a159596 e-con-full e-flex e-con e-child\" data-id=\"7a159596\" data-element_type=\"container\" data-e-type=\"container\" data-settings=\"{&quot;background_background&quot;:&quot;classic&quot;}\">\n\t\t<div class=\"elementor-element elementor-element-23cc0b4e e-con-full e-flex e-con e-child\" data-id=\"23cc0b4e\" data-element_type=\"container\" data-e-type=\"container\" data-settings=\"{&quot;background_background&quot;:&quot;classic&quot;}\">\n\t\t<div class=\"elementor-element elementor-element-10ab00a6 e-con-full e-flex e-con e-child\" data-id=\"10ab00a6\" data-element_type=\"container\" data-e-type=\"container\" data-settings=\"{&quot;background_background&quot;:&quot;classic&quot;}\">\n\t\t\t\t<div class=\"elementor-element elementor-element-7570cdaf elementor-widget elementor-widget-heading\" data-id=\"7570cdaf\" data-element_type=\"widget\" data-e-type=\"widget\" data-widget_type=\"heading.default\">\n\t\t\t\t\t<h2 class=\"elementor-heading-title elementor-size-default\">D\u00e9partement d'informatique<\/h2>\t\t\t\t<\/div>\n\t\t\t\t<div class=\"elementor-element elementor-element-2ac260aa elementor-widget elementor-widget-heading\" data-id=\"2ac260aa\" data-element_type=\"widget\" data-e-type=\"widget\" data-widget_type=\"heading.default\">\n\t\t\t\t\t<h2 class=\"elementor-heading-title elementor-size-default\">Derek Corneil<\/h2>\t\t\t\t<\/div>\n\t\t\t\t<\/div>\n\t\t\t\t<\/div>\n\t\t<div class=\"elementor-element elementor-element-78f342bc e-con-full e-flex e-con e-child\" data-id=\"78f342bc\" data-element_type=\"container\" data-e-type=\"container\">\n\t\t\t\t<div class=\"elementor-element elementor-element-562f6bfd elementor-icon-list--layout-traditional elementor-list-item-link-full_width elementor-widget elementor-widget-icon-list\" data-id=\"562f6bfd\" data-element_type=\"widget\" data-e-type=\"widget\" data-widget_type=\"icon-list.default\">\n\t\t\t\t\t\t\t<ul class=\"elementor-icon-list-items\">\n\t\t\t\t\t\t\t<li class=\"elementor-icon-list-item\">\n\t\t\t\t\t\t\t\t\t\t\t<span class=\"elementor-icon-list-icon\">\n\t\t\t\t\t\t\t<svg aria-hidden=\"true\" class=\"e-font-icon-svg e-fas-university\" viewbox=\"0 0 512 512\" xmlns=\"http:\/\/www.w3.org\/2000\/svg\"><path d=\"M496 128v16a8 8 0 0 1-8 8h-24v12c0 6.627-5.373 12-12 12H60c-6.627 0-12-5.373-12-12v-12H24a8 8 0 0 1-8-8v-16a8 8 0 0 1 4.941-7.392l232-88a7.996 7.996 0 0 1 6.118 0l232 88A8 8 0 0 1 496 128zm-24 304H40c-13.255 0-24 10.745-24 24v16a8 8 0 0 0 8 8h464a8 8 0 0 0 8-8v-16c0-13.255-10.745-24-24-24zM96 192v192H60c-6.627 0-12 5.373-12 12v20h416v-20c0-6.627-5.373-12-12-12h-36V192h-64v192h-64V192h-64v192h-64V192H96z\"><\/path><\/svg>\t\t\t\t\t\t<\/span>\n\t\t\t\t\t\t\t\t\t\t<span class=\"elementor-icon-list-text\">Universit\u00e9 de Toronto<\/span>\n\t\t\t\t\t\t\t\t\t<\/li>\n\t\t\t\t\t\t<\/ul>\n\t\t\t\t\t\t<\/div>\n\t\t\t\t<div class=\"elementor-element elementor-element-4f339cb0 elementor-widget-divider--view-line elementor-widget elementor-widget-divider\" data-id=\"4f339cb0\" data-element_type=\"widget\" data-e-type=\"widget\" data-widget_type=\"divider.default\">\n\t\t\t\t\t\t\t<div class=\"elementor-divider\">\n\t\t\t<span class=\"elementor-divider-separator\">\n\t\t\t\t\t\t<\/span>\n\t\t<\/div>\n\t\t\t\t\t\t<\/div>\n\t\t\t\t<div class=\"elementor-element elementor-element-3c68f515 elementor-widget elementor-widget-text-editor\" data-id=\"3c68f515\" data-element_type=\"widget\" data-e-type=\"widget\" data-widget_type=\"text-editor.default\">\n\t\t\t\t\t\t\t\t\t<p>Le professeur Derek Corneil fait partie de ces rares professeurs qui ont un parcours exceptionnel en mati\u00e8re de recherche, d'enseignement et de service. Il a rejoint l'universit\u00e9 de Toronto en tant que membre fondateur du programme d'\u00e9tudes sup\u00e9rieures du d\u00e9partement d'informatique (DCS) \u00e0 l'automne 1964. Il a obtenu son doctorat du d\u00e9partement en juin 1968 et a rejoint la facult\u00e9 en janvier 1970.<\/p><p>Derek Corneil est reconnu comme l'un des plus grands experts mondiaux en th\u00e9orie algorithmique des graphes, un domaine math\u00e9matique qui est \u00e0 la base de l'informatique th\u00e9orique, avec plus de 100 publications dans des revues \u00e0 comit\u00e9 de lecture. Il est \u00e9galement un mentor de recherche exceptionnel qui a supervis\u00e9 ou co-supervis\u00e9 27 th\u00e8ses de doctorat, 36 th\u00e8ses de ma\u00eetrise, ainsi que 18 bourses postdoctorales.<\/p><p>Le professeur Corneil est depuis longtemps consid\u00e9r\u00e9 comme l'un des meilleurs enseignants du d\u00e9partement \u00e0 tous les niveaux de l'enseignement universitaire, et a re\u00e7u \u00e0 trois reprises le prix de l'enseignement de la Computer Science Student Union (CSSU) - en 1989-90, 2000-01 et 2006-07.<\/p><p>Sa vision de l'immense valeur que l'informatique offre \u00e0 la soci\u00e9t\u00e9 l'a amen\u00e9 \u00e0 jouer un r\u00f4le cl\u00e9 dans de nombreuses innovations p\u00e9dagogiques. Il a jou\u00e9 un r\u00f4le d\u00e9terminant dans l'\u00e9laboration de programmes d'\u00e9tudes en informatique pour les \u00e9tudiants de premier et deuxi\u00e8me cycles. La plupart de ses contributions ont port\u00e9 sur les aspects th\u00e9oriques du domaine ainsi que sur les m\u00e9thodes d'enseignement de \"l'art de la programmation\". Sous sa direction, le d\u00e9partement a commenc\u00e9 \u00e0 proposer un cours de premi\u00e8re ann\u00e9e pour r\u00e9pondre aux besoins des \u00e9tudiants non informaticiens en mati\u00e8re de connaissances informatiques. Au fil des ans, 12 000 \u00e9tudiants ont suivi ce cours, ce qui souligne la vision du professeur Corneil quant au r\u00f4le central que joue l'informatique dans la soci\u00e9t\u00e9. Pendant son mandat, le d\u00e9partement a \u00e9galement renforc\u00e9 sa pr\u00e9sence dans les \u00e9coles secondaires en invitant d'excellents lyc\u00e9ens \u00e0 venir sur le campus pour participer \u00e0 un programme d'\u00e9t\u00e9 intensif de 2 \u00e0 3 semaines au cours duquel ils d\u00e9couvrent les recherches passionnantes men\u00e9es au sein du d\u00e9partement. Au cours des 28 ann\u00e9es d'existence de ce programme, plus de 1 000 \u00e9l\u00e8ves (et plus tard, des enseignants du secondaire \u00e9galement !) y ont particip\u00e9.<\/p><p>L'impact du professeur Corneil sur le domaine de l'informatique au Canada a \u00e9t\u00e9 ph\u00e9nom\u00e9nal. En tant que directeur du d\u00e9partement, il a jou\u00e9 un r\u00f4le cl\u00e9 dans l'obtention de fonds et la cr\u00e9ation du CRTI (Centre de recherche sur les technologies de l'information). L'un des objectifs de l'ITRC \u00e9tait d'aider \u00e0 d\u00e9velopper les capacit\u00e9s de R&amp;D de l'industrie informatique locale et de nouer des liens avec les universit\u00e9s locales afin que nos dipl\u00f4m\u00e9s aient des possibilit\u00e9s d'emploi locales int\u00e9ressantes au lieu de devoir partir \u00e0 l'\u00e9tranger. La cr\u00e9ation du Toronto IBM Centre for Advanced Studies (CAS) en 1990 est le r\u00e9sultat direct du travail de l'ITRC. De 1991 \u00e0 1998, en tant qu'administrateur de l'Universit\u00e9 de Toronto, M. Corneil a jou\u00e9 un r\u00f4le d\u00e9terminant dans l'installation du Fields Institute \u00e0 l'Universit\u00e9 de Toronto et dans l'obtention d'un financement de la province de l'Ontario pour soutenir les laboratoires universitaires de Bell Canada. En 1998-99, Corneil a \u00e9t\u00e9 le directeur acad\u00e9mique fondateur des laboratoires universitaires de Bell \u00e0 Toronto.<\/p><p>Au-del\u00e0 de l'Ontario, de janvier 2005 \u00e0 septembre 2011, il a \u00e9t\u00e9 membre (et pr\u00e9sident de 2009 \u00e0 2011) du Comit\u00e9 consultatif international de la recherche (CCIR) pour le Centre d'excellence en recherche sur les TIC (iCORE) dans la province de l'Alberta. Il a \u00e9galement \u00e9t\u00e9 cofondateur de CanaDAM (la Conf\u00e9rence canadienne sur les math\u00e9matiques discr\u00e8tes et appliqu\u00e9es) et a pr\u00e9sid\u00e9 le premier comit\u00e9 ex\u00e9cutif de CanaDAM.<\/p><p>Le professeur Corneil est membre du Fields Institute et a \u00e9t\u00e9 pr\u00e9sident \u00e9lu du groupe d'int\u00e9r\u00eat sp\u00e9cial sur les math\u00e9matiques discr\u00e8tes de la SIAM (Society for Industrial and Applied Mathematics). Au cours de sa carri\u00e8re, il a donn\u00e9 environ 75 conf\u00e9rences invit\u00e9es dans des universit\u00e9s de 15 pays et a \u00e9t\u00e9 r\u00e9dacteur en chef de trois revues. Ses efforts ont contribu\u00e9 \u00e0 d\u00e9finir l'informatique canadienne en tant que discipline et son r\u00f4le dans le pays. Il est un chercheur, un mentor et un enseignant hors pair, un administrateur universitaire talentueux et un b\u00e2tisseur de laboratoires de recherche.<\/p>\t\t\t\t\t\t\t\t<\/div>\n\t\t\t\t<\/div>\n\t\t\t\t<\/div>\n\t\t\t\t\t<\/div>\n\t\t\t\t<\/div>\n\t\t\t\t<\/div>","protected":false},"excerpt":{"rendered":"<p>Department of Computer Science Derek Corneil University of Toronto Prof. Derek Corneil is one of those rare professors with an exceptional record in research, teaching and service. He first joined the University of Toronto as a charter member of the Department of Computer Science (DCS) graduate program in the Fall of 1964. He received his [&hellip;]<\/p>\n","protected":false},"author":76,"featured_media":0,"parent":0,"menu_order":0,"comment_status":"closed","ping_status":"closed","template":"","meta":{"site-sidebar-layout":"no-sidebar","site-content-layout":"page-builder","ast-site-content-layout":"default","site-content-style":"default","site-sidebar-style":"default","ast-global-header-display":"","ast-banner-title-visibility":"","ast-main-header-display":"","ast-hfb-above-header-display":"","ast-hfb-below-header-display":"","ast-hfb-mobile-header-display":"","site-post-title":"disabled","ast-breadcrumbs-content":"","ast-featured-img":"disabled","footer-sml-layout":"","ast-disable-related-posts":"","theme-transparent-header-meta":"","adv-header-id-meta":"","stick-header-meta":"","header-above-stick-meta":"","header-main-stick-meta":"","header-below-stick-meta":"","astra-migrate-meta-layouts":"default","ast-page-background-enabled":"default","ast-page-background-meta":{"desktop":{"background-color":"","background-image":"","background-repeat":"repeat","background-position":"center center","background-size":"auto","background-attachment":"scroll","background-type":"","background-media":"","overlay-type":"","overlay-color":"","overlay-opacity":"","overlay-gradient":""},"tablet":{"background-color":"","background-image":"","background-repeat":"repeat","background-position":"center center","background-size":"auto","background-attachment":"scroll","background-type":"","background-media":"","overlay-type":"","overlay-color":"","overlay-opacity":"","overlay-gradient":""},"mobile":{"background-color":"","background-image":"","background-repeat":"repeat","background-position":"center center","background-size":"auto","background-attachment":"scroll","background-type":"","background-media":"","overlay-type":"","overlay-color":"","overlay-opacity":"","overlay-gradient":""}},"ast-content-background-meta":{"desktop":{"background-color":"var(--ast-global-color-5)","background-image":"","background-repeat":"repeat","background-position":"center center","background-size":"auto","background-attachment":"scroll","background-type":"","background-media":"","overlay-type":"","overlay-color":"","overlay-opacity":"","overlay-gradient":""},"tablet":{"background-color":"var(--ast-global-color-5)","background-image":"","background-repeat":"repeat","background-position":"center center","background-size":"auto","background-attachment":"scroll","background-type":"","background-media":"","overlay-type":"","overlay-color":"","overlay-opacity":"","overlay-gradient":""},"mobile":{"background-color":"var(--ast-global-color-5)","background-image":"","background-repeat":"repeat","background-position":"center center","background-size":"auto","background-attachment":"scroll","background-type":"","background-media":"","overlay-type":"","overlay-color":"","overlay-opacity":"","overlay-gradient":""}},"footnotes":""},"class_list":["post-10421","page","type-page","status-publish","hentry"],"_links":{"self":[{"href":"https:\/\/cscan-infocan.ca\/fr\/wp-json\/wp\/v2\/pages\/10421","targetHints":{"allow":["GET"]}}],"collection":[{"href":"https:\/\/cscan-infocan.ca\/fr\/wp-json\/wp\/v2\/pages"}],"about":[{"href":"https:\/\/cscan-infocan.ca\/fr\/wp-json\/wp\/v2\/types\/page"}],"author":[{"embeddable":true,"href":"https:\/\/cscan-infocan.ca\/fr\/wp-json\/wp\/v2\/users\/76"}],"replies":[{"embeddable":true,"href":"https:\/\/cscan-infocan.ca\/fr\/wp-json\/wp\/v2\/comments?post=10421"}],"version-history":[{"count":3,"href":"https:\/\/cscan-infocan.ca\/fr\/wp-json\/wp\/v2\/pages\/10421\/revisions"}],"predecessor-version":[{"id":24343,"href":"https:\/\/cscan-infocan.ca\/fr\/wp-json\/wp\/v2\/pages\/10421\/revisions\/24343"}],"wp:attachment":[{"href":"https:\/\/cscan-infocan.ca\/fr\/wp-json\/wp\/v2\/media?parent=10421"}],"curies":[{"name":"wp","href":"https:\/\/api.w.org\/{rel}","templated":true}]}}