{"id":10413,"date":"2022-07-02T23:46:27","date_gmt":"2022-07-02T23:46:27","guid":{"rendered":"https:\/\/cscan.webix.ca\/?page_id=10413"},"modified":"2024-12-17T09:16:32","modified_gmt":"2024-12-17T14:16:32","slug":"frank-tompa","status":"publish","type":"page","link":"https:\/\/cscan-infocan.ca\/fr\/frank-tompa\/","title":{"rendered":"Frank Tompa"},"content":{"rendered":"<div data-elementor-type=\"wp-page\" data-elementor-id=\"10413\" class=\"elementor elementor-10413\">\n\t\t\t\t<div class=\"elementor-element elementor-element-408a69a3 e-flex e-con-boxed e-con e-parent\" data-id=\"408a69a3\" data-element_type=\"container\" data-e-type=\"container\">\n\t\t\t\t\t<div class=\"e-con-inner\">\n\t\t<div class=\"elementor-element elementor-element-6deb52dc e-con-full e-flex e-con e-child\" data-id=\"6deb52dc\" data-element_type=\"container\" data-e-type=\"container\" data-settings=\"{&quot;background_background&quot;:&quot;classic&quot;}\">\n\t\t<div class=\"elementor-element elementor-element-6e1b6d3c e-con-full e-flex e-con e-child\" data-id=\"6e1b6d3c\" data-element_type=\"container\" data-e-type=\"container\" data-settings=\"{&quot;background_background&quot;:&quot;classic&quot;}\">\n\t\t<div class=\"elementor-element elementor-element-59c82fc5 e-con-full e-flex e-con e-child\" data-id=\"59c82fc5\" data-element_type=\"container\" data-e-type=\"container\" data-settings=\"{&quot;background_background&quot;:&quot;classic&quot;}\">\n\t\t\t\t<div class=\"elementor-element elementor-element-1bc70553 elementor-widget elementor-widget-heading\" data-id=\"1bc70553\" data-element_type=\"widget\" data-e-type=\"widget\" data-widget_type=\"heading.default\">\n\t\t\t\t\t<h2 class=\"elementor-heading-title elementor-size-default\">\u00c9cole d'informatique David R. Cheriton\n<\/h2>\t\t\t\t<\/div>\n\t\t\t\t<div class=\"elementor-element elementor-element-682468cc elementor-widget elementor-widget-heading\" data-id=\"682468cc\" data-element_type=\"widget\" data-e-type=\"widget\" data-widget_type=\"heading.default\">\n\t\t\t\t\t<h2 class=\"elementor-heading-title elementor-size-default\">Frank Tompa\n<\/h2>\t\t\t\t<\/div>\n\t\t\t\t<\/div>\n\t\t\t\t<\/div>\n\t\t<div class=\"elementor-element elementor-element-3b3fdd52 e-con-full e-flex e-con e-child\" data-id=\"3b3fdd52\" data-element_type=\"container\" data-e-type=\"container\">\n\t\t\t\t<div class=\"elementor-element elementor-element-646228bd elementor-icon-list--layout-traditional elementor-list-item-link-full_width elementor-widget elementor-widget-icon-list\" data-id=\"646228bd\" data-element_type=\"widget\" data-e-type=\"widget\" data-widget_type=\"icon-list.default\">\n\t\t\t\t\t\t\t<ul class=\"elementor-icon-list-items\">\n\t\t\t\t\t\t\t<li class=\"elementor-icon-list-item\">\n\t\t\t\t\t\t\t\t\t\t\t<span class=\"elementor-icon-list-icon\">\n\t\t\t\t\t\t\t<svg aria-hidden=\"true\" class=\"e-font-icon-svg e-fas-university\" viewbox=\"0 0 512 512\" xmlns=\"http:\/\/www.w3.org\/2000\/svg\"><path d=\"M496 128v16a8 8 0 0 1-8 8h-24v12c0 6.627-5.373 12-12 12H60c-6.627 0-12-5.373-12-12v-12H24a8 8 0 0 1-8-8v-16a8 8 0 0 1 4.941-7.392l232-88a7.996 7.996 0 0 1 6.118 0l232 88A8 8 0 0 1 496 128zm-24 304H40c-13.255 0-24 10.745-24 24v16a8 8 0 0 0 8 8h464a8 8 0 0 0 8-8v-16c0-13.255-10.745-24-24-24zM96 192v192H60c-6.627 0-12 5.373-12 12v20h416v-20c0-6.627-5.373-12-12-12h-36V192h-64v192h-64V192h-64v192h-64V192H96z\"><\/path><\/svg>\t\t\t\t\t\t<\/span>\n\t\t\t\t\t\t\t\t\t\t<span class=\"elementor-icon-list-text\">Universit\u00e9 de Waterloo<\/span>\n\t\t\t\t\t\t\t\t\t<\/li>\n\t\t\t\t\t\t<\/ul>\n\t\t\t\t\t\t<\/div>\n\t\t\t\t<div class=\"elementor-element elementor-element-3e2f37f6 elementor-widget-divider--view-line elementor-widget elementor-widget-divider\" data-id=\"3e2f37f6\" data-element_type=\"widget\" data-e-type=\"widget\" data-widget_type=\"divider.default\">\n\t\t\t\t\t\t\t<div class=\"elementor-divider\">\n\t\t\t<span class=\"elementor-divider-separator\">\n\t\t\t\t\t\t<\/span>\n\t\t<\/div>\n\t\t\t\t\t\t<\/div>\n\t\t\t\t<div class=\"elementor-element elementor-element-79fb6d91 elementor-widget elementor-widget-text-editor\" data-id=\"79fb6d91\" data-element_type=\"widget\" data-e-type=\"widget\" data-widget_type=\"text-editor.default\">\n\t\t\t\t\t\t\t\t\t<p>Le professeur Frank William Tompa a contribu\u00e9 de mani\u00e8re significative \u00e0 fa\u00e7onner la recherche et l'industrie informatiques modernes gr\u00e2ce \u00e0 ses services d\u00e9vou\u00e9s \u00e0 l'informatique canadienne et au monde universitaire canadien en g\u00e9n\u00e9ral. Il a montr\u00e9, par ses propres recherches novatrices et transformatrices, que les collaborations entre l'universit\u00e9 et l'industrie peuvent \u00eatre extr\u00eamement fructueuses, et il continue \u00e0 soutenir les chercheurs des universit\u00e9s et de l'industrie du Canada qui s'efforcent d'atteindre leurs objectifs gr\u00e2ce \u00e0 des collaborations tout aussi fructueuses.<\/p><p>Les innovations de M. Tompa ont consid\u00e9rablement influenc\u00e9 le d\u00e9veloppement de logiciels capables de rechercher et de parcourir de grands textes et de grandes collections de textes. Tirant parti de son exp\u00e9rience et de ses succ\u00e8s ant\u00e9rieurs dans le domaine de la recherche sur les bases de donn\u00e9es, il a codirig\u00e9 le projet novateur de l'universit\u00e9 de Waterloo visant \u00e0 concevoir la premi\u00e8re \u00e9dition \u00e9lectronique interactive et consultable de l'Oxford English Dictionary (OED). L'objectif du projet \u00e9tait de d\u00e9velopper un syst\u00e8me de base de donn\u00e9es capable de r\u00e9pondre aux besoins des cr\u00e9ateurs de textes (tels que les \u00e9diteurs de l'Oxford University Press qui maintiennent et am\u00e9liorent l'OED), tout en r\u00e9pondant aux besoins des utilisateurs de textes (\u00e9crivains, \u00e9diteurs, universitaires). Le groupe de d\u00e9veloppement du syst\u00e8me de base de donn\u00e9es comprenait des concepteurs et des r\u00e9alisateurs de logiciels, des utilisateurs de la presse et des utilisateurs de la communaut\u00e9 universitaire mondiale. Cette interaction \u00e9troite d\u00e8s le d\u00e9part a \u00e9t\u00e9 la cl\u00e9 du succ\u00e8s.<\/p><p>Les recherches de M. Tompa ont permis d'innover consid\u00e9rablement dans la mani\u00e8re de g\u00e9rer, de parcourir et de rechercher des informations exprim\u00e9es dans des documents comportant des unit\u00e9s structurelles implicites et explicites (titres, sections et sous-sections, notes de bas de page et annotations, etc.) Les principes qui sous-tendent cette recherche et les syst\u00e8mes qui en r\u00e9sultent ont \u00e9t\u00e9 appliqu\u00e9s \u00e0 une grande vari\u00e9t\u00e9 de documents encod\u00e9s avec SGML et \u00e0 des pages Web encod\u00e9es avec HTML, et la recherche a finalement influenc\u00e9 le d\u00e9veloppement des technologies XML ainsi que des moteurs de recherche sur le Web. Le Dr Tompa a cofond\u00e9 Open Text Corporation pour commercialiser le logiciel d\u00e9velopp\u00e9 dans le cadre du projet OED. Aujourd'hui, Open Text emploie 8700 personnes et r\u00e9alise un chiffre d'affaires de $1,8 milliard d'euros par an.<\/p><p>Apr\u00e8s le projet OED, M. Tompa a dirig\u00e9 un effort majeur de l'industrie et de l'universit\u00e9 pour harmoniser les syst\u00e8mes de gestion de bases de donn\u00e9es textuelles et relationnelles. Le logiciel qu'ils ont produit a d\u00e9montr\u00e9 que les extensions de gestion de texte \u00e0 SQL peuvent devenir des composants efficaces des syst\u00e8mes de base de donn\u00e9es existants, et ces m\u00eames id\u00e9es sont depuis apparues dans les sous-syst\u00e8mes XML cr\u00e9\u00e9s par les vendeurs de bases de donn\u00e9es relationnelles. Ce projet a \u00e9t\u00e9 r\u00e9compens\u00e9 par un prix de partenariat R&amp;D \"Synergie Universit\u00e9-Industrie\".<\/p><p>Dans les milieux des bases de donn\u00e9es, M. Tompa est \u00e9galement largement connu pour sa contribution \u00e0 la compr\u00e9hension du r\u00f4le des vues dans les syst\u00e8mes de bases de donn\u00e9es. Il est \u00e9galement reconnu pour plusieurs contributions importantes aux syst\u00e8mes de gestion d'hypertextes, notamment pour son travail de pionnier sur les hypertextes d\u00e9finis dynamiquement.<\/p><p>M. Tompa a d\u00e9ploy\u00e9 des efforts consid\u00e9rables pour soutenir le transfert de technologie et encourager la recherche conjointe entre l'universit\u00e9 et l'industrie. Il a si\u00e9g\u00e9 aux conseils de liaison universit\u00e9-industrie de l'universit\u00e9 de Waterloo et d'autres universit\u00e9s de l'Ontario. Il a fait partie du groupe d'experts form\u00e9 par le CRSNG pour revoir sa politique en mati\u00e8re de propri\u00e9t\u00e9 intellectuelle en 2008. Il a si\u00e9g\u00e9 au comit\u00e9 de gestion de la recherche de MITACS et si\u00e8ge toujours au conseil de recherche de Mitacs, qui soutient la recherche conjointe industrie-universit\u00e9 dans toutes les disciplines universitaires \u00e0 l'\u00e9chelle nationale.<\/p><p>La r\u00e9ussite de M. Tompa dans le cadre de plusieurs projets de recherche collaborative entre l'universit\u00e9 et l'industrie et les efforts qu'il a d\u00e9ploy\u00e9s pour favoriser la r\u00e9ussite d'autres chercheurs devraient \u00eatre une source d'inspiration pour les chercheurs en informatique.<\/p>\t\t\t\t\t\t\t\t<\/div>\n\t\t\t\t<\/div>\n\t\t\t\t<\/div>\n\t\t\t\t\t<\/div>\n\t\t\t\t<\/div>\n\t\t\t\t<\/div>","protected":false},"excerpt":{"rendered":"<p>David R. Cheriton School of Computer Science Frank Tompa University of Waterloo Professor Frank William Tompa has contributed significantly in shaping modern computer science research and industry through his dedicated service to Canadian computer science and to Canadian academia more broadly. He has shown through his own innovative and transformative research that university-industry collaborations can [&hellip;]<\/p>\n","protected":false},"author":76,"featured_media":0,"parent":0,"menu_order":0,"comment_status":"closed","ping_status":"closed","template":"","meta":{"site-sidebar-layout":"no-sidebar","site-content-layout":"page-builder","ast-site-content-layout":"default","site-content-style":"default","site-sidebar-style":"default","ast-global-header-display":"","ast-banner-title-visibility":"","ast-main-header-display":"","ast-hfb-above-header-display":"","ast-hfb-below-header-display":"","ast-hfb-mobile-header-display":"","site-post-title":"disabled","ast-breadcrumbs-content":"","ast-featured-img":"disabled","footer-sml-layout":"","ast-disable-related-posts":"","theme-transparent-header-meta":"","adv-header-id-meta":"","stick-header-meta":"","header-above-stick-meta":"","header-main-stick-meta":"","header-below-stick-meta":"","astra-migrate-meta-layouts":"default","ast-page-background-enabled":"default","ast-page-background-meta":{"desktop":{"background-color":"","background-image":"","background-repeat":"repeat","background-position":"center center","background-size":"auto","background-attachment":"scroll","background-type":"","background-media":"","overlay-type":"","overlay-color":"","overlay-opacity":"","overlay-gradient":""},"tablet":{"background-color":"","background-image":"","background-repeat":"repeat","background-position":"center center","background-size":"auto","background-attachment":"scroll","background-type":"","background-media":"","overlay-type":"","overlay-color":"","overlay-opacity":"","overlay-gradient":""},"mobile":{"background-color":"","background-image":"","background-repeat":"repeat","background-position":"center center","background-size":"auto","background-attachment":"scroll","background-type":"","background-media":"","overlay-type":"","overlay-color":"","overlay-opacity":"","overlay-gradient":""}},"ast-content-background-meta":{"desktop":{"background-color":"var(--ast-global-color-5)","background-image":"","background-repeat":"repeat","background-position":"center center","background-size":"auto","background-attachment":"scroll","background-type":"","background-media":"","overlay-type":"","overlay-color":"","overlay-opacity":"","overlay-gradient":""},"tablet":{"background-color":"var(--ast-global-color-5)","background-image":"","background-repeat":"repeat","background-position":"center center","background-size":"auto","background-attachment":"scroll","background-type":"","background-media":"","overlay-type":"","overlay-color":"","overlay-opacity":"","overlay-gradient":""},"mobile":{"background-color":"var(--ast-global-color-5)","background-image":"","background-repeat":"repeat","background-position":"center center","background-size":"auto","background-attachment":"scroll","background-type":"","background-media":"","overlay-type":"","overlay-color":"","overlay-opacity":"","overlay-gradient":""}},"footnotes":""},"class_list":["post-10413","page","type-page","status-publish","hentry"],"_links":{"self":[{"href":"https:\/\/cscan-infocan.ca\/fr\/wp-json\/wp\/v2\/pages\/10413","targetHints":{"allow":["GET"]}}],"collection":[{"href":"https:\/\/cscan-infocan.ca\/fr\/wp-json\/wp\/v2\/pages"}],"about":[{"href":"https:\/\/cscan-infocan.ca\/fr\/wp-json\/wp\/v2\/types\/page"}],"author":[{"embeddable":true,"href":"https:\/\/cscan-infocan.ca\/fr\/wp-json\/wp\/v2\/users\/76"}],"replies":[{"embeddable":true,"href":"https:\/\/cscan-infocan.ca\/fr\/wp-json\/wp\/v2\/comments?post=10413"}],"version-history":[{"count":3,"href":"https:\/\/cscan-infocan.ca\/fr\/wp-json\/wp\/v2\/pages\/10413\/revisions"}],"predecessor-version":[{"id":24403,"href":"https:\/\/cscan-infocan.ca\/fr\/wp-json\/wp\/v2\/pages\/10413\/revisions\/24403"}],"wp:attachment":[{"href":"https:\/\/cscan-infocan.ca\/fr\/wp-json\/wp\/v2\/media?parent=10413"}],"curies":[{"name":"wp","href":"https:\/\/api.w.org\/{rel}","templated":true}]}}