{"id":10405,"date":"2022-07-02T23:44:38","date_gmt":"2022-07-02T23:44:38","guid":{"rendered":"https:\/\/cscan.webix.ca\/?page_id=10405"},"modified":"2024-12-17T12:43:01","modified_gmt":"2024-12-17T17:43:01","slug":"nick-cercone","status":"publish","type":"page","link":"https:\/\/cscan-infocan.ca\/fr\/nick-cercone\/","title":{"rendered":"Nick Cercone"},"content":{"rendered":"<div data-elementor-type=\"wp-page\" data-elementor-id=\"10405\" class=\"elementor elementor-10405\">\n\t\t\t\t<div class=\"elementor-element elementor-element-34727377 e-flex e-con-boxed e-con e-parent\" data-id=\"34727377\" data-element_type=\"container\" data-e-type=\"container\">\n\t\t\t\t\t<div class=\"e-con-inner\">\n\t\t<div class=\"elementor-element elementor-element-389b517 e-con-full e-flex e-con e-child\" data-id=\"389b517\" data-element_type=\"container\" data-e-type=\"container\" data-settings=\"{&quot;background_background&quot;:&quot;classic&quot;}\">\n\t\t<div class=\"elementor-element elementor-element-7c8cd24a e-con-full e-flex e-con e-child\" data-id=\"7c8cd24a\" data-element_type=\"container\" data-e-type=\"container\" data-settings=\"{&quot;background_background&quot;:&quot;classic&quot;}\">\n\t\t<div class=\"elementor-element elementor-element-7a300810 e-con-full e-flex e-con e-child\" data-id=\"7a300810\" data-element_type=\"container\" data-e-type=\"container\" data-settings=\"{&quot;background_background&quot;:&quot;classic&quot;}\">\n\t\t\t\t<div class=\"elementor-element elementor-element-1aeae00e elementor-widget elementor-widget-heading\" data-id=\"1aeae00e\" data-element_type=\"widget\" data-e-type=\"widget\" data-widget_type=\"heading.default\">\n\t\t\t\t\t<h2 class=\"elementor-heading-title elementor-size-default\">\u00c9cole d'ing\u00e9nieurs Lassonde\n<\/h2>\t\t\t\t<\/div>\n\t\t\t\t<div class=\"elementor-element elementor-element-d639086 elementor-widget elementor-widget-heading\" data-id=\"d639086\" data-element_type=\"widget\" data-e-type=\"widget\" data-widget_type=\"heading.default\">\n\t\t\t\t\t<h2 class=\"elementor-heading-title elementor-size-default\">Nick Cercone\n<\/h2>\t\t\t\t<\/div>\n\t\t\t\t<\/div>\n\t\t\t\t<\/div>\n\t\t<div class=\"elementor-element elementor-element-78b39315 e-con-full e-flex e-con e-child\" data-id=\"78b39315\" data-element_type=\"container\" data-e-type=\"container\">\n\t\t\t\t<div class=\"elementor-element elementor-element-6f7be69 elementor-icon-list--layout-traditional elementor-list-item-link-full_width elementor-widget elementor-widget-icon-list\" data-id=\"6f7be69\" data-element_type=\"widget\" data-e-type=\"widget\" data-widget_type=\"icon-list.default\">\n\t\t\t\t\t\t\t<ul class=\"elementor-icon-list-items\">\n\t\t\t\t\t\t\t<li class=\"elementor-icon-list-item\">\n\t\t\t\t\t\t\t\t\t\t\t<span class=\"elementor-icon-list-icon\">\n\t\t\t\t\t\t\t<svg aria-hidden=\"true\" class=\"e-font-icon-svg e-fas-university\" viewbox=\"0 0 512 512\" xmlns=\"http:\/\/www.w3.org\/2000\/svg\"><path d=\"M496 128v16a8 8 0 0 1-8 8h-24v12c0 6.627-5.373 12-12 12H60c-6.627 0-12-5.373-12-12v-12H24a8 8 0 0 1-8-8v-16a8 8 0 0 1 4.941-7.392l232-88a7.996 7.996 0 0 1 6.118 0l232 88A8 8 0 0 1 496 128zm-24 304H40c-13.255 0-24 10.745-24 24v16a8 8 0 0 0 8 8h464a8 8 0 0 0 8-8v-16c0-13.255-10.745-24-24-24zM96 192v192H60c-6.627 0-12 5.373-12 12v20h416v-20c0-6.627-5.373-12-12-12h-36V192h-64v192h-64V192h-64v192h-64V192H96z\"><\/path><\/svg>\t\t\t\t\t\t<\/span>\n\t\t\t\t\t\t\t\t\t\t<span class=\"elementor-icon-list-text\">Universit\u00e9 de York<\/span>\n\t\t\t\t\t\t\t\t\t<\/li>\n\t\t\t\t\t\t<\/ul>\n\t\t\t\t\t\t<\/div>\n\t\t\t\t<div class=\"elementor-element elementor-element-5b806e60 elementor-widget-divider--view-line elementor-widget elementor-widget-divider\" data-id=\"5b806e60\" data-element_type=\"widget\" data-e-type=\"widget\" data-widget_type=\"divider.default\">\n\t\t\t\t\t\t\t<div class=\"elementor-divider\">\n\t\t\t<span class=\"elementor-divider-separator\">\n\t\t\t\t\t\t<\/span>\n\t\t<\/div>\n\t\t\t\t\t\t<\/div>\n\t\t\t\t<div class=\"elementor-element elementor-element-699a949d elementor-widget elementor-widget-text-editor\" data-id=\"699a949d\" data-element_type=\"widget\" data-e-type=\"widget\" data-widget_type=\"text-editor.default\">\n\t\t\t\t\t\t\t\t\t<p>Le professeur Cercone (1946-2015) a eu une carri\u00e8re exemplaire apr\u00e8s avoir obtenu son doctorat en informatique en 1975. Il a termin\u00e9 sa carri\u00e8re en tant que professeur d'informatique \u00e0 la Lassonde School of Engineering de l'Universit\u00e9 York. Il est devenu internationalement connu pour sa conception de logiciels et ses approches informatiques de l'exploration de donn\u00e9es, du traitement du langage et de la technologie d'assistance pour les personnes handicap\u00e9es. Les travaux et les articles du professeur Cercone sur les \"Big Data\" depuis les ann\u00e9es 1990 sont au c\u0153ur de la recherche dans ce domaine cl\u00e9 des technologies de l'information jusqu'\u00e0 aujourd'hui. Il a publi\u00e9 plus de 400 manuscrits avec comit\u00e9 de lecture dans des revues r\u00e9put\u00e9es. Ses recherches de grande envergure lui ont permis d'obtenir plus de $20 millions d'euros de financement de la recherche aupr\u00e8s de diverses sources. Il a \u00e9t\u00e9 en mesure d'\u00e9tablir de vastes collaborations avec de nombreux partenaires industriels (par exemple, IBM et Dapasoft), des agences gouvernementales (par exemple, le Conseil de recherches en sciences naturelles et en g\u00e9nie du Canada (CRSNG) et les Centres d'excellence de l'Ontario), et des universit\u00e9s (par exemple, York, Toronto et Waterloo), ce qui a donn\u00e9 lieu \u00e0 des contributions exceptionnelles dans le domaine de l'informatique. Il a collabor\u00e9 avec des dizaines d'entreprises canadiennes, notamment Rogers, IBM, Dapasoft et The Globe and Mail. Le professeur Cercone a \u00e9t\u00e9 le principal chercheur du Fonds de recherche de l'Ontario - Excellence en mati\u00e8re de recherche - le Centre d'innovation en visualisation de l'information et en conception pilot\u00e9e par les donn\u00e9es, qui est un centre de recherche sur la vision \u00e0 la pointe du progr\u00e8s au Canada. L'ann\u00e9e derni\u00e8re, il a obtenu, avec ses coll\u00e8gues, sept subventions du CRSNG pour la recherche et le d\u00e9veloppement coop\u00e9ratifs d'une valeur de $3,7 millions de dollars. Il a mis sur pied une grande collaboration de chercheurs universitaires et industriels intitul\u00e9e Big Data Research Analytics and Information Network Alliance, initialement financ\u00e9e \u00e0 hauteur de $4M par le Fonds ontarien de recherche pour l'excellence en recherche.<\/p><p>M. Cercone a \u00e9galement un magnifique palmar\u00e8s de contributions en mati\u00e8re d'enseignement, de supervision et de leadership, en particulier pour la communaut\u00e9 informatique, gr\u00e2ce \u00e0 ses r\u00e9alisations en tant que professeur et dirigeant dans plusieurs universit\u00e9s (notamment York, Dalhousie, Regina, Waterloo et Simon Fraser) et gr\u00e2ce \u00e0 sa participation \u00e0 de nombreuses communaut\u00e9s scientifiques nationales et internationales, \u00e0 des comit\u00e9s de programme et \u00e0 des conseils d'administration (CRSNG, Steacie et Comit\u00e9 de la chaire de recherche du Canada). Outre ses excellentes performances en tant qu'enseignant dans divers d\u00e9partements d'informatique \u00e0 travers le pays, le professeur Cercone a form\u00e9 plus de 100 personnes hautement qualifi\u00e9es. Nombre de ses \u00e9tudiants d\u00e9tiennent actuellement des titres importants, tels que professeur d'universit\u00e9 (21 de ses \u00e9tudiants), titulaire d'une chaire de recherche du Canada de niveau I, jeune chercheur pr\u00e9sidentiel et titulaire d'une chaire d'informatique.<\/p><p>Le professeur Cercone a pass\u00e9 toute sa carri\u00e8re \u00e0 concilier la recherche et le mentorat tout en occupant des postes de direction administrative \u00e0 plein temps, notamment en tant que titulaire de la chaire d'informatique (Universit\u00e9 Simon Fraser et Universit\u00e9 de Waterloo), doyen des \u00e9tudes sup\u00e9rieures (Universit\u00e9 de Regina), doyen de l'informatique (Universit\u00e9 Dalhousie), doyen des sciences et de l'ing\u00e9nierie (Universit\u00e9 York), vice-pr\u00e9sident de la recherche (Universit\u00e9 de Regina) et titulaire int\u00e9rimaire de la chaire d'ing\u00e9nierie m\u00e9canique (Universit\u00e9 York). Dans le cadre de ces fonctions, il a apport\u00e9 des contributions significatives \u00e0 la communaut\u00e9 informatique et au-del\u00e0. Par exemple, en tant que titulaire de la chaire d'informatique \u00e0 l'universit\u00e9 Simon Fraser et \u00e0 l'universit\u00e9 de Waterloo, M. Cercone a donn\u00e9 \u00e0 ces \u00e9coles la forme qu'elles ont aujourd'hui, en augmentant consid\u00e9rablement le nombre de leurs enseignants. En tant que doyen de plusieurs universit\u00e9s (Regina, Dalhousie et York), il a d\u00e9velopp\u00e9 un certain nombre de facult\u00e9s exceptionnelles avec des profils de recherche croissants et des programmes de premier cycle et d'\u00e9tudes sup\u00e9rieures innovants. En tant que vice-pr\u00e9sident charg\u00e9 de la recherche, le professeur Cercone a plus que tripl\u00e9 le financement de la recherche \u00e0 l'universit\u00e9 de Regina en quatre ans.<\/p><p>Le professeur Cercone a \u00e9galement jou\u00e9 un r\u00f4le remarquable en si\u00e9geant \u00e0 de nombreux comit\u00e9s nationaux et internationaux importants, en tant que pr\u00e9sident g\u00e9n\u00e9ral de 17 conf\u00e9rences internationales et pr\u00e9sident du programme de 8 conf\u00e9rences. Il a occup\u00e9 des postes d'influence au sein de plusieurs comit\u00e9s du CRSNG, le comit\u00e9 Steacie, le comit\u00e9 de la Fondation canadienne pour l'innovation et le comit\u00e9 de la Chaire de recherche du Canada, pour n'en citer que quelques-uns. Il a \u00e9t\u00e9 coordinateur de th\u00e8me et chef de projet de l'Institut de robotique et des syst\u00e8mes intelligents - R\u00e9seaux de centres d'excellence. Il a \u00e9t\u00e9 pr\u00e9sident de la Soci\u00e9t\u00e9 canadienne pour l'\u00e9tude informatique de l'intelligence (CSCSI\/SCEIO, aujourd'hui CAIAC), de la Soci\u00e9t\u00e9 canadienne de l'IA et de CACS\/AIC, l'organisation nationale canadienne des d\u00e9partements\/\u00e9coles\/facult\u00e9s d'informatique. Il a \u00e9t\u00e9 co\u00e9diteur fondateur de la revue Computational Intelligence.<\/p><p>M. Cercone a \u00e9t\u00e9 un orateur tr\u00e8s demand\u00e9 lors de nombreuses conf\u00e9rences internationales (15 conf\u00e9rences internationales). Pour ses contributions \u00e0 l'informatique, il a re\u00e7u \u00e0 plusieurs reprises le prix du Conseil national de la recherche du Canada, le prix Blackwell, le prix Distinguished Service de la Soci\u00e9t\u00e9 canadienne pour l'\u00e9tude computationnelle de l'intelligence et le prix Outstanding Contribution du Web Intelligence Consortium. Il a \u00e9t\u00e9 \u00e9lu Fellow de l'IEEE et Fellow du CAIAC.<\/p><p>Dans l'ensemble, le professeur Cercone a eu une carri\u00e8re des plus productives et a apport\u00e9 une contribution unique au progr\u00e8s de l'informatique au Canada et au-del\u00e0.<\/p>\t\t\t\t\t\t\t\t<\/div>\n\t\t\t\t<\/div>\n\t\t\t\t<\/div>\n\t\t\t\t\t<\/div>\n\t\t\t\t<\/div>\n\t\t\t\t<\/div>","protected":false},"excerpt":{"rendered":"<p>Lassonde School of Engineering Nick Cercone York University Professor Cercone (1946-2015) had an exemplary career after receiving his Ph.D. in Computer Science in 1975. He ended his career as a professor of Computer Science at Lassonde School of Engineering, York University. He became internationally well-known for his software design and computational approaches to data mining, [&hellip;]<\/p>\n","protected":false},"author":76,"featured_media":0,"parent":0,"menu_order":0,"comment_status":"closed","ping_status":"closed","template":"","meta":{"site-sidebar-layout":"no-sidebar","site-content-layout":"page-builder","ast-site-content-layout":"default","site-content-style":"default","site-sidebar-style":"default","ast-global-header-display":"","ast-banner-title-visibility":"","ast-main-header-display":"","ast-hfb-above-header-display":"","ast-hfb-below-header-display":"","ast-hfb-mobile-header-display":"","site-post-title":"disabled","ast-breadcrumbs-content":"","ast-featured-img":"disabled","footer-sml-layout":"","ast-disable-related-posts":"","theme-transparent-header-meta":"","adv-header-id-meta":"","stick-header-meta":"","header-above-stick-meta":"","header-main-stick-meta":"","header-below-stick-meta":"","astra-migrate-meta-layouts":"default","ast-page-background-enabled":"default","ast-page-background-meta":{"desktop":{"background-color":"","background-image":"","background-repeat":"repeat","background-position":"center center","background-size":"auto","background-attachment":"scroll","background-type":"","background-media":"","overlay-type":"","overlay-color":"","overlay-opacity":"","overlay-gradient":""},"tablet":{"background-color":"","background-image":"","background-repeat":"repeat","background-position":"center center","background-size":"auto","background-attachment":"scroll","background-type":"","background-media":"","overlay-type":"","overlay-color":"","overlay-opacity":"","overlay-gradient":""},"mobile":{"background-color":"","background-image":"","background-repeat":"repeat","background-position":"center center","background-size":"auto","background-attachment":"scroll","background-type":"","background-media":"","overlay-type":"","overlay-color":"","overlay-opacity":"","overlay-gradient":""}},"ast-content-background-meta":{"desktop":{"background-color":"var(--ast-global-color-5)","background-image":"","background-repeat":"repeat","background-position":"center center","background-size":"auto","background-attachment":"scroll","background-type":"","background-media":"","overlay-type":"","overlay-color":"","overlay-opacity":"","overlay-gradient":""},"tablet":{"background-color":"var(--ast-global-color-5)","background-image":"","background-repeat":"repeat","background-position":"center center","background-size":"auto","background-attachment":"scroll","background-type":"","background-media":"","overlay-type":"","overlay-color":"","overlay-opacity":"","overlay-gradient":""},"mobile":{"background-color":"var(--ast-global-color-5)","background-image":"","background-repeat":"repeat","background-position":"center center","background-size":"auto","background-attachment":"scroll","background-type":"","background-media":"","overlay-type":"","overlay-color":"","overlay-opacity":"","overlay-gradient":""}},"footnotes":""},"class_list":["post-10405","page","type-page","status-publish","hentry"],"_links":{"self":[{"href":"https:\/\/cscan-infocan.ca\/fr\/wp-json\/wp\/v2\/pages\/10405","targetHints":{"allow":["GET"]}}],"collection":[{"href":"https:\/\/cscan-infocan.ca\/fr\/wp-json\/wp\/v2\/pages"}],"about":[{"href":"https:\/\/cscan-infocan.ca\/fr\/wp-json\/wp\/v2\/types\/page"}],"author":[{"embeddable":true,"href":"https:\/\/cscan-infocan.ca\/fr\/wp-json\/wp\/v2\/users\/76"}],"replies":[{"embeddable":true,"href":"https:\/\/cscan-infocan.ca\/fr\/wp-json\/wp\/v2\/comments?post=10405"}],"version-history":[{"count":9,"href":"https:\/\/cscan-infocan.ca\/fr\/wp-json\/wp\/v2\/pages\/10405\/revisions"}],"predecessor-version":[{"id":24606,"href":"https:\/\/cscan-infocan.ca\/fr\/wp-json\/wp\/v2\/pages\/10405\/revisions\/24606"}],"wp:attachment":[{"href":"https:\/\/cscan-infocan.ca\/fr\/wp-json\/wp\/v2\/media?parent=10405"}],"curies":[{"name":"wp","href":"https:\/\/api.w.org\/{rel}","templated":true}]}}