{"id":10357,"date":"2022-07-02T23:31:19","date_gmt":"2022-07-02T23:31:19","guid":{"rendered":"https:\/\/cscan.webix.ca\/?page_id=10357"},"modified":"2024-12-17T09:34:16","modified_gmt":"2024-12-17T14:34:16","slug":"hector-levesque","status":"publish","type":"page","link":"https:\/\/cscan-infocan.ca\/fr\/hector-levesque\/","title":{"rendered":"Hector Levesque"},"content":{"rendered":"<div data-elementor-type=\"wp-page\" data-elementor-id=\"10357\" class=\"elementor elementor-10357\">\n\t\t\t\t<div class=\"elementor-element elementor-element-77fbe6a6 e-flex e-con-boxed e-con e-parent\" data-id=\"77fbe6a6\" data-element_type=\"container\" data-e-type=\"container\">\n\t\t\t\t\t<div class=\"e-con-inner\">\n\t\t<div class=\"elementor-element elementor-element-2f9bb496 e-con-full e-flex e-con e-child\" data-id=\"2f9bb496\" data-element_type=\"container\" data-e-type=\"container\" data-settings=\"{&quot;background_background&quot;:&quot;classic&quot;}\">\n\t\t<div class=\"elementor-element elementor-element-38ae7e0d e-con-full e-flex e-con e-child\" data-id=\"38ae7e0d\" data-element_type=\"container\" data-e-type=\"container\" data-settings=\"{&quot;background_background&quot;:&quot;classic&quot;}\">\n\t\t<div class=\"elementor-element elementor-element-2a1fdb61 e-con-full e-flex e-con e-child\" data-id=\"2a1fdb61\" data-element_type=\"container\" data-e-type=\"container\" data-settings=\"{&quot;background_background&quot;:&quot;classic&quot;}\">\n\t\t\t\t<div class=\"elementor-element elementor-element-f45354b elementor-widget elementor-widget-heading\" data-id=\"f45354b\" data-element_type=\"widget\" data-e-type=\"widget\" data-widget_type=\"heading.default\">\n\t\t\t\t\t<h2 class=\"elementor-heading-title elementor-size-default\">Universitaire et chercheur canadien<\/h2>\t\t\t\t<\/div>\n\t\t\t\t<div class=\"elementor-element elementor-element-5c34a4b elementor-widget elementor-widget-heading\" data-id=\"5c34a4b\" data-element_type=\"widget\" data-e-type=\"widget\" data-widget_type=\"heading.default\">\n\t\t\t\t\t<h2 class=\"elementor-heading-title elementor-size-default\">Hector Levesque<\/h2>\t\t\t\t<\/div>\n\t\t\t\t<\/div>\n\t\t\t\t<\/div>\n\t\t<div class=\"elementor-element elementor-element-296da18c e-con-full e-flex e-con e-child\" data-id=\"296da18c\" data-element_type=\"container\" data-e-type=\"container\">\n\t\t\t\t<div class=\"elementor-element elementor-element-26aa3fa2 elementor-icon-list--layout-traditional elementor-list-item-link-full_width elementor-widget elementor-widget-icon-list\" data-id=\"26aa3fa2\" data-element_type=\"widget\" data-e-type=\"widget\" data-widget_type=\"icon-list.default\">\n\t\t\t\t\t\t\t<ul class=\"elementor-icon-list-items\">\n\t\t\t\t\t\t\t<li class=\"elementor-icon-list-item\">\n\t\t\t\t\t\t\t\t\t\t\t<span class=\"elementor-icon-list-icon\">\n\t\t\t\t\t\t\t<svg aria-hidden=\"true\" class=\"e-font-icon-svg e-fas-university\" viewbox=\"0 0 512 512\" xmlns=\"http:\/\/www.w3.org\/2000\/svg\"><path d=\"M496 128v16a8 8 0 0 1-8 8h-24v12c0 6.627-5.373 12-12 12H60c-6.627 0-12-5.373-12-12v-12H24a8 8 0 0 1-8-8v-16a8 8 0 0 1 4.941-7.392l232-88a7.996 7.996 0 0 1 6.118 0l232 88A8 8 0 0 1 496 128zm-24 304H40c-13.255 0-24 10.745-24 24v16a8 8 0 0 0 8 8h464a8 8 0 0 0 8-8v-16c0-13.255-10.745-24-24-24zM96 192v192H60c-6.627 0-12 5.373-12 12v20h416v-20c0-6.627-5.373-12-12-12h-36V192h-64v192h-64V192h-64v192h-64V192H96z\"><\/path><\/svg>\t\t\t\t\t\t<\/span>\n\t\t\t\t\t\t\t\t\t\t<span class=\"elementor-icon-list-text\">Universit\u00e9 de Toronto<\/span>\n\t\t\t\t\t\t\t\t\t<\/li>\n\t\t\t\t\t\t<\/ul>\n\t\t\t\t\t\t<\/div>\n\t\t\t\t<div class=\"elementor-element elementor-element-34550116 elementor-widget-divider--view-line elementor-widget elementor-widget-divider\" data-id=\"34550116\" data-element_type=\"widget\" data-e-type=\"widget\" data-widget_type=\"divider.default\">\n\t\t\t\t\t\t\t<div class=\"elementor-divider\">\n\t\t\t<span class=\"elementor-divider-separator\">\n\t\t\t\t\t\t<\/span>\n\t\t<\/div>\n\t\t\t\t\t\t<\/div>\n\t\t\t\t<div class=\"elementor-element elementor-element-4327cd5b elementor-widget elementor-widget-text-editor\" data-id=\"4327cd5b\" data-element_type=\"widget\" data-e-type=\"widget\" data-widget_type=\"text-editor.default\">\n\t\t\t\t\t\t\t\t\t<p>Hector Levesque est un universitaire et chercheur canadien, professeur \u00e9m\u00e9rite au d\u00e9partement d'informatique de l'universit\u00e9 de Toronto. Hector est internationalement reconnu comme l'un des penseurs les plus profonds et les plus originaux dans le domaine de l'intelligence artificielle (IA).<\/p><p>Les recherches d'Hector se situent largement dans le domaine de la repr\u00e9sentation des connaissances et du raisonnement (KR&amp;R), mais \u00e9tant donn\u00e9 la nature fondamentale de ses contributions et le fait que la repr\u00e9sentation et le raisonnement constituent un substrat critique dans de nombreux syst\u00e8mes d'intelligence artificielle, elles ont eu un impact dans de nombreux autres sous-domaines de l'intelligence artificielle, allant de la robotique \u00e0 la planification, en passant par les syst\u00e8mes multi-agents. En ce qui concerne la repr\u00e9sentation, il a travaill\u00e9 sur la formalisation d'un certain nombre de concepts relatifs aux agents artificiels et naturels, notamment la croyance, les objectifs, les intentions, la capacit\u00e9 et l'interaction entre la connaissance, la perception et l'action. En ce qui concerne le raisonnement, ses recherches portent principalement sur la mani\u00e8re dont le raisonnement automatis\u00e9 peut \u00eatre rendu calculable, notamment par l'utilisation de m\u00e9thodes de recherche locale avide. Hector est reconnu pour ses contributions fondamentales au d\u00e9veloppement de plusieurs nouveaux domaines de recherche, notamment la logique de description, l'\u00e9tude de la tra\u00e7abilit\u00e9 dans la repr\u00e9sentation des connaissances, l'\u00e9tude de l'intention et du travail d'\u00e9quipe, la duret\u00e9 des probl\u00e8mes de satisfiabilit\u00e9 et la robotique cognitive.<\/p><p>Hector a obtenu sa licence, sa ma\u00eetrise et son doctorat \u00e0 l'universit\u00e9 de Toronto en 1975, 1977 et 1981, respectivement. Apr\u00e8s avoir obtenu son dipl\u00f4me, il a accept\u00e9 un poste au Fairchild Laboratory for Artificial Intelligence Research (FLAIR) \u00e0 Palo Alto, avant de revenir au Canada en 1984 pour rejoindre la facult\u00e9 de l'universit\u00e9 de Toronto, o\u00f9 il est rest\u00e9 depuis. Enseignant et mentor talentueux et inspirant, Hector a form\u00e9 un certain nombre d'\u00e9tudiants dipl\u00f4m\u00e9s au cours de sa carri\u00e8re, dont la majorit\u00e9 occupe des postes universitaires ou de recherche dans des universit\u00e9s ou des laboratoires de recherche au Canada, aux \u00c9tats-Unis, en Europe, en Asie et en Australie.<\/p><p>Hector est \u00e9galement un \u00e9crivain prolifique, auteur de plus de 130 articles publi\u00e9s dans des revues scientifiques de premier plan. Il a \u00e9galement \u00e9crit quatre livres et en a \u00e9dit\u00e9 trois autres. Les contributions fondamentales d'Hector au domaine de l'intelligence artificielle ont \u00e9t\u00e9 r\u00e9compens\u00e9es par un certain nombre de prix. En 1985, Hector est devenu le premier non-Am\u00e9ricain \u00e0 recevoir le prix \"Computers and Thought\" de l'International Joint Conference on Artificial Intelligence (IJCAI), qui est la plus haute distinction d\u00e9cern\u00e9e par le domaine de l'IA \u00e0 de jeunes scientifiques exceptionnels. Pr\u00e8s de 30 ans plus tard, il est \u00e0 nouveau entr\u00e9 dans l'histoire en recevant le prix \"Research Excellence\" de l'IJCAI, consid\u00e9r\u00e9 comme l'un des prix les plus prestigieux dans le domaine de l'intelligence artificielle. Il a re\u00e7u la bourse comm\u00e9morative E.W.R. Steacie du Conseil de recherches en sciences naturelles et en g\u00e9nie du Canada en 1990-1991. Il est membre fondateur de l'American Association for Artificial Intelligence, aujourd'hui Association for the Advancement of Artificial Intelligence (AAAI), et a \u00e9t\u00e9 membre de l'Institut canadien de recherches avanc\u00e9es (CIFAR) de 1984 \u00e0 1995. En 2006, Hector a \u00e9t\u00e9 \u00e9lu \u00e0 la Soci\u00e9t\u00e9 royale du Canada. En 2011, il a \u00e9t\u00e9 \u00e9lu membre de l'American Association for theAdvancement of Science (AAAS) et, en 2012, il a re\u00e7u le prix canadien de l'intelligence artificielle (CAIAC) pour l'ensemble de ses r\u00e9alisations, d\u00e9cern\u00e9 \u00e0 une personne en reconnaissance de l'excellence scientifique dont elle a fait preuve tout au long de sa vie et de ses contributions exceptionnelles au domaine de l'intelligence artificielle.<\/p><p>Outre la reconnaissance de l'ensemble de ses travaux de recherche associ\u00e9e aux prix mentionn\u00e9s ci-dessus, ses contributions sp\u00e9cifiques \u00e0 la recherche sont r\u00e9guli\u00e8rement r\u00e9compens\u00e9es, notamment par cinq prix du meilleur article, un prix de l'\u00e9preuve du temps et plusieurs autres mentions honorables. Si ces r\u00e9compenses t\u00e9moignent de la qualit\u00e9 du travail d'Hector, elles ne sont qu'une petite fen\u00eatre sur un ensemble plus large de contributions \u00e0 la recherche. Le v\u00e9ritable impact d'une recherche r\u00e9side dans les d\u00e9tails. En effet, les trois d\u00e9cennies d'excellence scientifique d'Hector et ses contributions exceptionnelles \u00e0 la communaut\u00e9 de l'intelligence artificielle font de lui le laur\u00e9at le plus m\u00e9ritant du prix CS-CAN pour l'ensemble de sa carri\u00e8re.<\/p>\t\t\t\t\t\t\t\t<\/div>\n\t\t\t\t<\/div>\n\t\t\t\t<\/div>\n\t\t\t\t\t<\/div>\n\t\t\t\t<\/div>\n\t\t\t\t<\/div>","protected":false},"excerpt":{"rendered":"<p>Canadian academic and researcher Hector Levesque University of Toronto Hector Levesque is a Canadian academic and researcher, and Professor Emeritus in the Department of Computer Science, University of Toronto. Hector is internationally recognized as one of the deepest and most original thinkers within Artificial Intelligence (AI). Hector\u2019s research lies broadly in the area of Knowledge [&hellip;]<\/p>\n","protected":false},"author":76,"featured_media":0,"parent":0,"menu_order":0,"comment_status":"closed","ping_status":"closed","template":"","meta":{"site-sidebar-layout":"no-sidebar","site-content-layout":"page-builder","ast-site-content-layout":"default","site-content-style":"default","site-sidebar-style":"default","ast-global-header-display":"","ast-banner-title-visibility":"","ast-main-header-display":"","ast-hfb-above-header-display":"","ast-hfb-below-header-display":"","ast-hfb-mobile-header-display":"","site-post-title":"disabled","ast-breadcrumbs-content":"","ast-featured-img":"disabled","footer-sml-layout":"","ast-disable-related-posts":"","theme-transparent-header-meta":"","adv-header-id-meta":"","stick-header-meta":"","header-above-stick-meta":"","header-main-stick-meta":"","header-below-stick-meta":"","astra-migrate-meta-layouts":"default","ast-page-background-enabled":"default","ast-page-background-meta":{"desktop":{"background-color":"","background-image":"","background-repeat":"repeat","background-position":"center center","background-size":"auto","background-attachment":"scroll","background-type":"","background-media":"","overlay-type":"","overlay-color":"","overlay-opacity":"","overlay-gradient":""},"tablet":{"background-color":"","background-image":"","background-repeat":"repeat","background-position":"center center","background-size":"auto","background-attachment":"scroll","background-type":"","background-media":"","overlay-type":"","overlay-color":"","overlay-opacity":"","overlay-gradient":""},"mobile":{"background-color":"","background-image":"","background-repeat":"repeat","background-position":"center center","background-size":"auto","background-attachment":"scroll","background-type":"","background-media":"","overlay-type":"","overlay-color":"","overlay-opacity":"","overlay-gradient":""}},"ast-content-background-meta":{"desktop":{"background-color":"var(--ast-global-color-5)","background-image":"","background-repeat":"repeat","background-position":"center center","background-size":"auto","background-attachment":"scroll","background-type":"","background-media":"","overlay-type":"","overlay-color":"","overlay-opacity":"","overlay-gradient":""},"tablet":{"background-color":"var(--ast-global-color-5)","background-image":"","background-repeat":"repeat","background-position":"center center","background-size":"auto","background-attachment":"scroll","background-type":"","background-media":"","overlay-type":"","overlay-color":"","overlay-opacity":"","overlay-gradient":""},"mobile":{"background-color":"var(--ast-global-color-5)","background-image":"","background-repeat":"repeat","background-position":"center center","background-size":"auto","background-attachment":"scroll","background-type":"","background-media":"","overlay-type":"","overlay-color":"","overlay-opacity":"","overlay-gradient":""}},"footnotes":""},"class_list":["post-10357","page","type-page","status-publish","hentry"],"_links":{"self":[{"href":"https:\/\/cscan-infocan.ca\/fr\/wp-json\/wp\/v2\/pages\/10357","targetHints":{"allow":["GET"]}}],"collection":[{"href":"https:\/\/cscan-infocan.ca\/fr\/wp-json\/wp\/v2\/pages"}],"about":[{"href":"https:\/\/cscan-infocan.ca\/fr\/wp-json\/wp\/v2\/types\/page"}],"author":[{"embeddable":true,"href":"https:\/\/cscan-infocan.ca\/fr\/wp-json\/wp\/v2\/users\/76"}],"replies":[{"embeddable":true,"href":"https:\/\/cscan-infocan.ca\/fr\/wp-json\/wp\/v2\/comments?post=10357"}],"version-history":[{"count":3,"href":"https:\/\/cscan-infocan.ca\/fr\/wp-json\/wp\/v2\/pages\/10357\/revisions"}],"predecessor-version":[{"id":24435,"href":"https:\/\/cscan-infocan.ca\/fr\/wp-json\/wp\/v2\/pages\/10357\/revisions\/24435"}],"wp:attachment":[{"href":"https:\/\/cscan-infocan.ca\/fr\/wp-json\/wp\/v2\/media?parent=10357"}],"curies":[{"name":"wp","href":"https:\/\/api.w.org\/{rel}","templated":true}]}}