{"id":10310,"date":"2022-07-02T19:16:19","date_gmt":"2022-07-02T19:16:19","guid":{"rendered":"https:\/\/cscan.webix.ca\/?page_id=10310"},"modified":"2024-12-21T11:16:24","modified_gmt":"2024-12-21T16:16:24","slug":"donald-d-cowan","status":"publish","type":"page","link":"https:\/\/cscan-infocan.ca\/fr\/donald-d-cowan\/","title":{"rendered":"Donald D. Cowan"},"content":{"rendered":"<div data-elementor-type=\"wp-page\" data-elementor-id=\"10310\" class=\"elementor elementor-10310\">\n\t\t\t\t<div class=\"elementor-element elementor-element-3b2bda73 e-flex e-con-boxed e-con e-parent\" data-id=\"3b2bda73\" data-element_type=\"container\" data-e-type=\"container\">\n\t\t\t\t\t<div class=\"e-con-inner\">\n\t\t<div class=\"elementor-element elementor-element-1bc7adaa e-con-full e-flex e-con e-child\" data-id=\"1bc7adaa\" data-element_type=\"container\" data-e-type=\"container\" data-settings=\"{&quot;background_background&quot;:&quot;classic&quot;}\">\n\t\t<div class=\"elementor-element elementor-element-4b893abf e-con-full e-flex e-con e-child\" data-id=\"4b893abf\" data-element_type=\"container\" data-e-type=\"container\" data-settings=\"{&quot;background_background&quot;:&quot;classic&quot;}\">\n\t\t<div class=\"elementor-element elementor-element-54106bcf e-con-full e-flex e-con e-child\" data-id=\"54106bcf\" data-element_type=\"container\" data-e-type=\"container\" data-settings=\"{&quot;background_background&quot;:&quot;classic&quot;}\">\n\t\t\t\t<div class=\"elementor-element elementor-element-16a06e1e elementor-widget elementor-widget-heading\" data-id=\"16a06e1e\" data-element_type=\"widget\" data-e-type=\"widget\" data-widget_type=\"heading.default\">\n\t\t\t\t\t<h2 class=\"elementor-heading-title elementor-size-default\">Donald D. Cowan\n<\/h2>\t\t\t\t<\/div>\n\t\t\t\t<\/div>\n\t\t\t\t<\/div>\n\t\t<div class=\"elementor-element elementor-element-14c28fa9 e-con-full e-flex e-con e-child\" data-id=\"14c28fa9\" data-element_type=\"container\" data-e-type=\"container\">\n\t\t\t\t<div class=\"elementor-element elementor-element-4a5d841b elementor-icon-list--layout-traditional elementor-list-item-link-full_width elementor-widget elementor-widget-icon-list\" data-id=\"4a5d841b\" data-element_type=\"widget\" data-e-type=\"widget\" data-widget_type=\"icon-list.default\">\n\t\t\t\t\t\t\t<ul class=\"elementor-icon-list-items\">\n\t\t\t\t\t\t\t<li class=\"elementor-icon-list-item\">\n\t\t\t\t\t\t\t\t\t\t\t<span class=\"elementor-icon-list-icon\">\n\t\t\t\t\t\t\t<svg aria-hidden=\"true\" class=\"e-font-icon-svg e-fas-university\" viewbox=\"0 0 512 512\" xmlns=\"http:\/\/www.w3.org\/2000\/svg\"><path d=\"M496 128v16a8 8 0 0 1-8 8h-24v12c0 6.627-5.373 12-12 12H60c-6.627 0-12-5.373-12-12v-12H24a8 8 0 0 1-8-8v-16a8 8 0 0 1 4.941-7.392l232-88a7.996 7.996 0 0 1 6.118 0l232 88A8 8 0 0 1 496 128zm-24 304H40c-13.255 0-24 10.745-24 24v16a8 8 0 0 0 8 8h464a8 8 0 0 0 8-8v-16c0-13.255-10.745-24-24-24zM96 192v192H60c-6.627 0-12 5.373-12 12v20h416v-20c0-6.627-5.373-12-12-12h-36V192h-64v192h-64V192h-64v192h-64V192H96z\"><\/path><\/svg>\t\t\t\t\t\t<\/span>\n\t\t\t\t\t\t\t\t\t\t<span class=\"elementor-icon-list-text\">Universit\u00e9 de Waterloo<\/span>\n\t\t\t\t\t\t\t\t\t<\/li>\n\t\t\t\t\t\t<\/ul>\n\t\t\t\t\t\t<\/div>\n\t\t\t\t<div class=\"elementor-element elementor-element-183a9895 elementor-widget-divider--view-line elementor-widget elementor-widget-divider\" data-id=\"183a9895\" data-element_type=\"widget\" data-e-type=\"widget\" data-widget_type=\"divider.default\">\n\t\t\t\t\t\t\t<div class=\"elementor-divider\">\n\t\t\t<span class=\"elementor-divider-separator\">\n\t\t\t\t\t\t<\/span>\n\t\t<\/div>\n\t\t\t\t\t\t<\/div>\n\t\t\t\t<div class=\"elementor-element elementor-element-622634d1 elementor-widget elementor-widget-text-editor\" data-id=\"622634d1\" data-element_type=\"widget\" data-e-type=\"widget\" data-widget_type=\"text-editor.default\">\n\t\t\t\t\t\t\t\t\t<p>\u00a0<\/p><div class=\"fusion-fullwidth fullwidth-box fusion-builder-row-1 nonhundred-percent-fullwidth non-hundred-percent-height-scrolling\"><div class=\"fusion-builder-row fusion-row\"><div class=\"fusion-layout-column fusion_builder_column fusion-builder-column-0 fusion_builder_column_1_1 1_1 fusion-one-full fusion-column-first fusion-column-last\"><div class=\"fusion-column-wrapper fusion-flex-column-wrapper-legacy\"><div class=\"fusion-sep-clear\"><span style=\"font-size: 16px;\">Donald Cowan est un pionnier de l'informatique au Canada. Peu apr\u00e8s avoir obtenu son doctorat en 1966, il est devenu chef de la division informatique du d\u00e9partement de math\u00e9matiques de l'universit\u00e9 de Waterloo. En 1967, il est devenu pr\u00e9sident du nouveau d\u00e9partement d'analyse appliqu\u00e9e et d'informatique, qui ne comptait au d\u00e9part que quatre professeurs d'informatique. Au cours des cinq ann\u00e9es et demie qui ont suivi, M. Cowan a fait passer ce d\u00e9partement \u00e0 26 enseignants-chercheurs et cinq conf\u00e9renciers. Pr\u00e8s d'un demi-si\u00e8cle s'est \u00e9coul\u00e9 depuis que M. Cowan a quitt\u00e9 la pr\u00e9sidence du d\u00e9partement, mais le ton \u00e9tait donn\u00e9 pour un grand d\u00e9partement ax\u00e9 \u00e0 la fois sur la recherche de pointe et sur le programme de premier cycle le plus important et le mieux connu du Canada dans ce domaine.<\/span><\/div><\/div><\/div><\/div><\/div><div class=\"fusion-fullwidth fullwidth-box fusion-builder-row-2 nonhundred-percent-fullwidth non-hundred-percent-height-scrolling\"><div class=\"fusion-builder-row fusion-row\"><div class=\"fusion-layout-column fusion_builder_column fusion-builder-column-1 fusion_builder_column_1_1 1_1 fusion-one-full fusion-column-first fusion-column-last\"><div class=\"fusion-column-wrapper fusion-flex-column-wrapper-legacy\"><div class=\"fusion-text fusion-text-2\"><p>Les premi\u00e8res relations internationales du Dr Cowan ont \u00e9galement conduit \u00e0 la mise en place de plusieurs programmes permettant \u00e0 des professeurs d'autres pays de faire leur doctorat \u00e0 Waterloo et d'envoyer des professeurs de Waterloo en visite dans ces pays. De tels programmes ont \u00e9t\u00e9 mis en place avec quatre pays d'Am\u00e9rique latine, le plus important \u00e9tant celui du Br\u00e9sil, dans le cadre duquel plusieurs dizaines d'enseignants de ce pays sont venus \u00e0 Waterloo et \u00e0 Toronto. Pour ces efforts et d'autres encore, Donald Cowan s'est vu d\u00e9cerner la Grand-Croix du m\u00e9rite scientifique, la plus haute distinction scientifique civile du Br\u00e9sil (2007).<\/p><p>Le professeur Cowan a \u00e9t\u00e9 et continue d'\u00eatre un chercheur prolifique avec pr\u00e8s de 300 publications \u00e0 comit\u00e9 de lecture, 17 livres et 120 \u00e9tudiants dipl\u00f4m\u00e9s. Ses recherches ont couvert un large spectre de l'informatique. Elles ont port\u00e9 sur les r\u00e9seaux locaux et \u00e9tendus et leur \u00e9conomie, depuis les ann\u00e9es 1960 avec le d\u00e9veloppement de CANUNET, un r\u00e9seau informatique pancanadien, jusqu'aux ann\u00e9es 1990 en tant que chef de l'\u00e9quipe qui a produit le premier r\u00e9seau local pour les ordinateurs personnels. Ses travaux ont \u00e9galement port\u00e9 sur les premi\u00e8res techniques efficaces pour divers probl\u00e8mes combinatoires, sur les machines \u00e0 \u00e9tats pour les protocoles de communication et sur l'un des premiers \u00e9diteurs complets de texte \u00e9tiquet\u00e9 avec le langage de balisage standard SGML (que nous reconnaissons aujourd'hui comme incluant l'hypertexte et la conception de pages web).<\/p><p>Les int\u00e9r\u00eats de Cowan en mati\u00e8re de recherche et d'enseignement l'ont amen\u00e9 \u00e0 s'impliquer dans de nombreux syst\u00e8mes logiciels d\u00e9velopp\u00e9s \u00e0 Waterloo \u00e0 des fins \u00e9ducatives. Les syst\u00e8mes logiciels d\u00e9velopp\u00e9s par le Computer Systems Group entre 1965 et 1995 ont \u00e9t\u00e9 utilis\u00e9s dans plus de 3 000 institutions dans 60 pays, principalement dans des universit\u00e9s. M. Cowan est directeur du Computer Systems Group depuis 1992. Il a \u00e9t\u00e9 directeur de WATFAC, une fondation caritative priv\u00e9e qui d\u00e9veloppe \u00e9galement des logiciels pour le march\u00e9 de l'\u00e9ducation. Les fonds provenant de ces deux initiatives ont \u00e9t\u00e9 utilis\u00e9s pour financer des bourses d'\u00e9tudes et d'\u00e9t\u00e9 pour les \u00e9tudiants et les enseignants, ainsi que pour aider \u00e0 financer une chaire d'informatique de sant\u00e9.<\/p><p>Pour ces efforts et d'autres encore, M. Cowan s'est vu d\u00e9cerner un doctorat en sciences, honoris causa, par l'universit\u00e9 de Guelph (2011), a \u00e9t\u00e9 nomm\u00e9 ACM Distinguished Scientist (2010) et est professeur \u00e9m\u00e9rite distingu\u00e9 \u00e0 l'universit\u00e9 de Waterloo.<\/p><\/div><\/div><\/div><\/div><\/div><p>\u00a0<\/p>\t\t\t\t\t\t\t\t<\/div>\n\t\t\t\t<\/div>\n\t\t\t\t<\/div>\n\t\t\t\t\t<\/div>\n\t\t\t\t<\/div>\n\t\t\t\t<\/div>","protected":false},"excerpt":{"rendered":"<p>Donald D. Cowan University of Waterloo \u00a0 Donald Cowan is a pioneer in Canadian Computer Science. Shortly after finishing his PhD in 1966, he became head of the Computer Science Division of the Mathematics Department at the University of Waterloo. In 1967, he became Chair of the new Department of Applied Analysis and Computer Science, [&hellip;]<\/p>\n","protected":false},"author":76,"featured_media":0,"parent":0,"menu_order":0,"comment_status":"closed","ping_status":"closed","template":"","meta":{"site-sidebar-layout":"no-sidebar","site-content-layout":"page-builder","ast-site-content-layout":"default","site-content-style":"default","site-sidebar-style":"default","ast-global-header-display":"","ast-banner-title-visibility":"","ast-main-header-display":"","ast-hfb-above-header-display":"","ast-hfb-below-header-display":"","ast-hfb-mobile-header-display":"","site-post-title":"disabled","ast-breadcrumbs-content":"","ast-featured-img":"disabled","footer-sml-layout":"","ast-disable-related-posts":"","theme-transparent-header-meta":"","adv-header-id-meta":"","stick-header-meta":"","header-above-stick-meta":"","header-main-stick-meta":"","header-below-stick-meta":"","astra-migrate-meta-layouts":"default","ast-page-background-enabled":"default","ast-page-background-meta":{"desktop":{"background-color":"","background-image":"","background-repeat":"repeat","background-position":"center center","background-size":"auto","background-attachment":"scroll","background-type":"","background-media":"","overlay-type":"","overlay-color":"","overlay-opacity":"","overlay-gradient":""},"tablet":{"background-color":"","background-image":"","background-repeat":"repeat","background-position":"center center","background-size":"auto","background-attachment":"scroll","background-type":"","background-media":"","overlay-type":"","overlay-color":"","overlay-opacity":"","overlay-gradient":""},"mobile":{"background-color":"","background-image":"","background-repeat":"repeat","background-position":"center center","background-size":"auto","background-attachment":"scroll","background-type":"","background-media":"","overlay-type":"","overlay-color":"","overlay-opacity":"","overlay-gradient":""}},"ast-content-background-meta":{"desktop":{"background-color":"var(--ast-global-color-5)","background-image":"","background-repeat":"repeat","background-position":"center center","background-size":"auto","background-attachment":"scroll","background-type":"","background-media":"","overlay-type":"","overlay-color":"","overlay-opacity":"","overlay-gradient":""},"tablet":{"background-color":"var(--ast-global-color-5)","background-image":"","background-repeat":"repeat","background-position":"center center","background-size":"auto","background-attachment":"scroll","background-type":"","background-media":"","overlay-type":"","overlay-color":"","overlay-opacity":"","overlay-gradient":""},"mobile":{"background-color":"var(--ast-global-color-5)","background-image":"","background-repeat":"repeat","background-position":"center center","background-size":"auto","background-attachment":"scroll","background-type":"","background-media":"","overlay-type":"","overlay-color":"","overlay-opacity":"","overlay-gradient":""}},"footnotes":""},"class_list":["post-10310","page","type-page","status-publish","hentry"],"_links":{"self":[{"href":"https:\/\/cscan-infocan.ca\/fr\/wp-json\/wp\/v2\/pages\/10310","targetHints":{"allow":["GET"]}}],"collection":[{"href":"https:\/\/cscan-infocan.ca\/fr\/wp-json\/wp\/v2\/pages"}],"about":[{"href":"https:\/\/cscan-infocan.ca\/fr\/wp-json\/wp\/v2\/types\/page"}],"author":[{"embeddable":true,"href":"https:\/\/cscan-infocan.ca\/fr\/wp-json\/wp\/v2\/users\/76"}],"replies":[{"embeddable":true,"href":"https:\/\/cscan-infocan.ca\/fr\/wp-json\/wp\/v2\/comments?post=10310"}],"version-history":[{"count":9,"href":"https:\/\/cscan-infocan.ca\/fr\/wp-json\/wp\/v2\/pages\/10310\/revisions"}],"predecessor-version":[{"id":24895,"href":"https:\/\/cscan-infocan.ca\/fr\/wp-json\/wp\/v2\/pages\/10310\/revisions\/24895"}],"wp:attachment":[{"href":"https:\/\/cscan-infocan.ca\/fr\/wp-json\/wp\/v2\/media?parent=10310"}],"curies":[{"name":"wp","href":"https:\/\/api.w.org\/{rel}","templated":true}]}}