{"id":10289,"date":"2022-07-02T19:11:57","date_gmt":"2022-07-02T19:11:57","guid":{"rendered":"https:\/\/cscan.webix.ca\/?page_id=10289"},"modified":"2024-12-18T08:55:47","modified_gmt":"2024-12-18T13:55:47","slug":"richard-c-holt","status":"publish","type":"page","link":"https:\/\/cscan-infocan.ca\/fr\/richard-c-holt\/","title":{"rendered":"Richard C. Holt"},"content":{"rendered":"<div data-elementor-type=\"wp-page\" data-elementor-id=\"10289\" class=\"elementor elementor-10289\">\n\t\t\t\t<div class=\"elementor-element elementor-element-48865025 e-flex e-con-boxed e-con e-parent\" data-id=\"48865025\" data-element_type=\"container\" data-e-type=\"container\">\n\t\t\t\t\t<div class=\"e-con-inner\">\n\t\t<div class=\"elementor-element elementor-element-78f1f5ee e-con-full e-flex e-con e-child\" data-id=\"78f1f5ee\" data-element_type=\"container\" data-e-type=\"container\" data-settings=\"{&quot;background_background&quot;:&quot;classic&quot;}\">\n\t\t<div class=\"elementor-element elementor-element-1d959e44 e-con-full e-flex e-con e-child\" data-id=\"1d959e44\" data-element_type=\"container\" data-e-type=\"container\" data-settings=\"{&quot;background_background&quot;:&quot;classic&quot;}\">\n\t\t<div class=\"elementor-element elementor-element-7ac58089 e-con-full e-flex e-con e-child\" data-id=\"7ac58089\" data-element_type=\"container\" data-e-type=\"container\" data-settings=\"{&quot;background_background&quot;:&quot;classic&quot;}\">\n\t\t\t\t<div class=\"elementor-element elementor-element-67a7b6ae elementor-widget elementor-widget-heading\" data-id=\"67a7b6ae\" data-element_type=\"widget\" data-e-type=\"widget\" data-widget_type=\"heading.default\">\n\t\t\t\t\t<h2 class=\"elementor-heading-title elementor-size-default\">Richard C. Holt<\/h2>\t\t\t\t<\/div>\n\t\t\t\t<\/div>\n\t\t\t\t<\/div>\n\t\t<div class=\"elementor-element elementor-element-6a48a255 e-con-full e-flex e-con e-child\" data-id=\"6a48a255\" data-element_type=\"container\" data-e-type=\"container\">\n\t\t\t\t<div class=\"elementor-element elementor-element-5dac6721 elementor-icon-list--layout-traditional elementor-list-item-link-full_width elementor-widget elementor-widget-icon-list\" data-id=\"5dac6721\" data-element_type=\"widget\" data-e-type=\"widget\" data-widget_type=\"icon-list.default\">\n\t\t\t\t\t\t\t<ul class=\"elementor-icon-list-items\">\n\t\t\t\t\t\t\t<li class=\"elementor-icon-list-item\">\n\t\t\t\t\t\t\t\t\t\t\t<span class=\"elementor-icon-list-icon\">\n\t\t\t\t\t\t\t<svg aria-hidden=\"true\" class=\"e-font-icon-svg e-fas-university\" viewbox=\"0 0 512 512\" xmlns=\"http:\/\/www.w3.org\/2000\/svg\"><path d=\"M496 128v16a8 8 0 0 1-8 8h-24v12c0 6.627-5.373 12-12 12H60c-6.627 0-12-5.373-12-12v-12H24a8 8 0 0 1-8-8v-16a8 8 0 0 1 4.941-7.392l232-88a7.996 7.996 0 0 1 6.118 0l232 88A8 8 0 0 1 496 128zm-24 304H40c-13.255 0-24 10.745-24 24v16a8 8 0 0 0 8 8h464a8 8 0 0 0 8-8v-16c0-13.255-10.745-24-24-24zM96 192v192H60c-6.627 0-12 5.373-12 12v20h416v-20c0-6.627-5.373-12-12-12h-36V192h-64v192h-64V192h-64v192h-64V192H96z\"><\/path><\/svg>\t\t\t\t\t\t<\/span>\n\t\t\t\t\t\t\t\t\t\t<span class=\"elementor-icon-list-text\">Universit\u00e9 de Waterloo, <br>Universit\u00e9 de Toronto<\/span>\n\t\t\t\t\t\t\t\t\t<\/li>\n\t\t\t\t\t\t<\/ul>\n\t\t\t\t\t\t<\/div>\n\t\t\t\t<div class=\"elementor-element elementor-element-3e72f88b elementor-widget-divider--view-line elementor-widget elementor-widget-divider\" data-id=\"3e72f88b\" data-element_type=\"widget\" data-e-type=\"widget\" data-widget_type=\"divider.default\">\n\t\t\t\t\t\t\t<div class=\"elementor-divider\">\n\t\t\t<span class=\"elementor-divider-separator\">\n\t\t\t\t\t\t<\/span>\n\t\t<\/div>\n\t\t\t\t\t\t<\/div>\n\t\t\t\t<div class=\"elementor-element elementor-element-6aa96224 elementor-widget elementor-widget-text-editor\" data-id=\"6aa96224\" data-element_type=\"widget\" data-e-type=\"widget\" data-widget_type=\"text-editor.default\">\n\t\t\t\t\t\t\t\t\t<p>Richard C. \"Ric\" Holt a \u00e9t\u00e9 un membre pionnier de la communaut\u00e9 universitaire en informatique depuis son arriv\u00e9e \u00e0 l'universit\u00e9 de Toronto en tant que nouveau professeur assistant en 1970, puis \u00e0 l'universit\u00e9 de Waterloo \u00e0 partir de 1997. Il a apport\u00e9 un certain nombre de contributions d\u00e9cisives dans divers domaines de la recherche sur les syst\u00e8mes informatiques, notamment :<\/p><ul><li><i>Syst\u00e8mes d'exploitation<\/i>La conception des syst\u00e8mes d'exploitation SUE, Tunis, Secure Tunis et HECTOR.<\/li><li><i>Langages de programmation, compilateurs et enseignement de l'informatique<\/i>: la conception et la mise en \u0153uvre des langages de programmation SP\/k, Concurrent Euclid, Turing, TuringPlus et OOT, qui ont \u00e9t\u00e9 tr\u00e8s largement utilis\u00e9s dans les universit\u00e9s et les \u00e9coles secondaires au Canada et \u00e0 l'\u00e9tranger, \u00e0 partir des ann\u00e9es 1980.<\/li><li><i>Mod\u00e9lisation de l'architecture logicielle<\/i>La conception et la mise en \u0153uvre des outils PBS\/SWAG-kit pour l'extraction, l'analyse et la visualisation de l'architecture logicielle, le moteur d'alg\u00e8bre relationnelle GROK et le format d'\u00e9change de logiciels GXL pour l'interop\u00e9rabilit\u00e9 des outils ; des \u00e9tudes de cas importantes sur les architectures de Linux, Mozilla, Apache et de nombreux autres grands syst\u00e8mes \u00e0 code source ouvert.<\/li><li><i>Analyse des logiciels<\/i>Les principales caract\u00e9ristiques de ce travail sont les suivantes : cofondation du domaine de recherche de l'analyse et de l'exploration des r\u00e9f\u00e9rentiels logiciels et cofondation de sa principale conf\u00e9rence (la conf\u00e9rence de travail internationale de l'IEEE sur l'exploration des r\u00e9f\u00e9rentiels logiciels, CORE : A) ; en contribuant \u00e0 des travaux pr\u00e9coces influents sur un certain nombre de probl\u00e8mes, notamment la pr\u00e9diction des d\u00e9fauts, la mod\u00e9lisation th\u00e9matique en langage naturel des artefacts de d\u00e9veloppement et l'extraction empirique des processus logiciels.<\/li><\/ul><p>Au fil des ans, Ric a \u00e9galement supervis\u00e9 les doctorats de nombreux \u00e9tudiants qui sont devenus des personnalit\u00e9s universitaires de premier plan, notamment Dave Barnard (pr\u00e9sident de l'universit\u00e9 du Manitoba, ancien pr\u00e9sident de l'universit\u00e9 de Regina), Jim Cordy (ACM Distinguished Scientist, ancien directeur du d\u00e9partement d'informatique de l'universit\u00e9 Queen's), Spiros Mancoridis (Distinguished Professor, ancien Head, et doyen par int\u00e9rim du d\u00e9partement d'informatique de la Drexel University), Ahmed Hassan (titulaire d'une chaire de recherche du CRSNG Canada \u00e0 la Queen's University), Mike Godfrey (Cheriton Faculty Fellow et ancien titulaire d'une chaire associ\u00e9e du CRSNG-IRC, University of Waterloo), Bil Tzerpos (York University), Abram Hindle (2017 CS-CAN | INFO-CAN Outstanding Young CS Researcher, University of Alberta), et Sarah Nadi (University of Alberta).<\/p><p>Ric a \u00e9t\u00e9 coauteur de dizaines de publications dans des revues et des conf\u00e9rences tr\u00e8s cit\u00e9es, dont beaucoup ont eu une grande influence ; par exemple, son article de 1972 sur les propri\u00e9t\u00e9s des blocages est couramment cit\u00e9 dans les manuels sur les syst\u00e8mes d'exploitation, et son article de 1998 sur l'alg\u00e8bre relationnelle de Tarski pour mod\u00e9liser l'architecture logicielle a remport\u00e9 un prix \"Most Influential Paper\". Google Scholar montre qu'il a publi\u00e9 20 articles avec plus de 100 citations chacun. Outre ses publications universitaires, Ric est \u00e9galement coauteur de 16 ouvrages sur la programmation, les syst\u00e8mes d'exploitation et l'enseignement de l'informatique.<\/p><p>Enfin, il convient de souligner que tout au long de sa carri\u00e8re, Ric a r\u00e9ussi \u00e0 garder un contact \u00e9troit avec l'industrie, nouant des relations \u00e9troites avec des soci\u00e9t\u00e9s telles que IBM Canada, Nortel Networks, Sun Microsystems et CA Technologies. Gr\u00e2ce \u00e0 une longue s\u00e9rie de collaborations industrielles, ses \u00e9tudiants ont \u00e9t\u00e9 expos\u00e9s aux probl\u00e8mes du d\u00e9veloppement de logiciels dans le monde r\u00e9el et, \u00e0 leur tour, les id\u00e9es de son groupe de recherche ont eu un impact sur les pratiques et les produits de ces entreprises. Ric a \u00e9t\u00e9 pr\u00e9sident du Nortel Networks Institute de l'universit\u00e9 de Waterloo et titulaire d'une chaire de recherche industrielle du CRSNG parrain\u00e9e par Nortel Networks. En outre, il a dirig\u00e9 pendant de nombreuses ann\u00e9es sa propre soci\u00e9t\u00e9 de logiciels, Holt Software Associates, afin de soutenir l'utilisation du langage de programmation Turing dans les \u00e9coles secondaires et les universit\u00e9s.<\/p>\t\t\t\t\t\t\t\t<\/div>\n\t\t\t\t<\/div>\n\t\t\t\t<\/div>\n\t\t\t\t\t<\/div>\n\t\t\t\t<\/div>\n\t\t\t\t<\/div>","protected":false},"excerpt":{"rendered":"<p>Richard C. Holt University of Waterloo, University of Toronto Richard C. \u201cRic\u201d Holt has been a pioneering member of the Computer Science academic community since his arrival at the University of Toronto as a new assistant professor in 1970, and continuing on at the University of Waterloo starting in 1997. He has made a number [&hellip;]<\/p>\n","protected":false},"author":76,"featured_media":0,"parent":0,"menu_order":0,"comment_status":"closed","ping_status":"closed","template":"","meta":{"site-sidebar-layout":"no-sidebar","site-content-layout":"page-builder","ast-site-content-layout":"default","site-content-style":"default","site-sidebar-style":"default","ast-global-header-display":"","ast-banner-title-visibility":"","ast-main-header-display":"","ast-hfb-above-header-display":"","ast-hfb-below-header-display":"","ast-hfb-mobile-header-display":"","site-post-title":"disabled","ast-breadcrumbs-content":"","ast-featured-img":"disabled","footer-sml-layout":"","ast-disable-related-posts":"","theme-transparent-header-meta":"","adv-header-id-meta":"","stick-header-meta":"","header-above-stick-meta":"","header-main-stick-meta":"","header-below-stick-meta":"","astra-migrate-meta-layouts":"default","ast-page-background-enabled":"default","ast-page-background-meta":{"desktop":{"background-color":"","background-image":"","background-repeat":"repeat","background-position":"center center","background-size":"auto","background-attachment":"scroll","background-type":"","background-media":"","overlay-type":"","overlay-color":"","overlay-opacity":"","overlay-gradient":""},"tablet":{"background-color":"","background-image":"","background-repeat":"repeat","background-position":"center center","background-size":"auto","background-attachment":"scroll","background-type":"","background-media":"","overlay-type":"","overlay-color":"","overlay-opacity":"","overlay-gradient":""},"mobile":{"background-color":"","background-image":"","background-repeat":"repeat","background-position":"center center","background-size":"auto","background-attachment":"scroll","background-type":"","background-media":"","overlay-type":"","overlay-color":"","overlay-opacity":"","overlay-gradient":""}},"ast-content-background-meta":{"desktop":{"background-color":"var(--ast-global-color-5)","background-image":"","background-repeat":"repeat","background-position":"center center","background-size":"auto","background-attachment":"scroll","background-type":"","background-media":"","overlay-type":"","overlay-color":"","overlay-opacity":"","overlay-gradient":""},"tablet":{"background-color":"var(--ast-global-color-5)","background-image":"","background-repeat":"repeat","background-position":"center center","background-size":"auto","background-attachment":"scroll","background-type":"","background-media":"","overlay-type":"","overlay-color":"","overlay-opacity":"","overlay-gradient":""},"mobile":{"background-color":"var(--ast-global-color-5)","background-image":"","background-repeat":"repeat","background-position":"center center","background-size":"auto","background-attachment":"scroll","background-type":"","background-media":"","overlay-type":"","overlay-color":"","overlay-opacity":"","overlay-gradient":""}},"footnotes":""},"class_list":["post-10289","page","type-page","status-publish","hentry"],"_links":{"self":[{"href":"https:\/\/cscan-infocan.ca\/fr\/wp-json\/wp\/v2\/pages\/10289","targetHints":{"allow":["GET"]}}],"collection":[{"href":"https:\/\/cscan-infocan.ca\/fr\/wp-json\/wp\/v2\/pages"}],"about":[{"href":"https:\/\/cscan-infocan.ca\/fr\/wp-json\/wp\/v2\/types\/page"}],"author":[{"embeddable":true,"href":"https:\/\/cscan-infocan.ca\/fr\/wp-json\/wp\/v2\/users\/76"}],"replies":[{"embeddable":true,"href":"https:\/\/cscan-infocan.ca\/fr\/wp-json\/wp\/v2\/comments?post=10289"}],"version-history":[{"count":3,"href":"https:\/\/cscan-infocan.ca\/fr\/wp-json\/wp\/v2\/pages\/10289\/revisions"}],"predecessor-version":[{"id":24661,"href":"https:\/\/cscan-infocan.ca\/fr\/wp-json\/wp\/v2\/pages\/10289\/revisions\/24661"}],"wp:attachment":[{"href":"https:\/\/cscan-infocan.ca\/fr\/wp-json\/wp\/v2\/media?parent=10289"}],"curies":[{"name":"wp","href":"https:\/\/api.w.org\/{rel}","templated":true}]}}