{"id":10259,"date":"2022-07-02T19:02:57","date_gmt":"2022-07-02T19:02:57","guid":{"rendered":"https:\/\/cscan.webix.ca\/?page_id=10259"},"modified":"2024-12-18T09:13:52","modified_gmt":"2024-12-18T14:13:52","slug":"selim-g-akl","status":"publish","type":"page","link":"https:\/\/cscan-infocan.ca\/fr\/selim-g-akl\/","title":{"rendered":"Selim G. Akl"},"content":{"rendered":"<div data-elementor-type=\"wp-page\" data-elementor-id=\"10259\" class=\"elementor elementor-10259\">\n\t\t\t\t<div class=\"elementor-element elementor-element-46d10a82 e-flex e-con-boxed e-con e-parent\" data-id=\"46d10a82\" data-element_type=\"container\" data-e-type=\"container\">\n\t\t\t\t\t<div class=\"e-con-inner\">\n\t\t<div class=\"elementor-element elementor-element-7d04e57e e-con-full e-flex e-con e-child\" data-id=\"7d04e57e\" data-element_type=\"container\" data-e-type=\"container\" data-settings=\"{&quot;background_background&quot;:&quot;classic&quot;}\">\n\t\t<div class=\"elementor-element elementor-element-6edbc03 e-con-full e-flex e-con e-child\" data-id=\"6edbc03\" data-element_type=\"container\" data-e-type=\"container\" data-settings=\"{&quot;background_background&quot;:&quot;classic&quot;}\">\n\t\t<div class=\"elementor-element elementor-element-ec9f5d4 e-con-full e-flex e-con e-child\" data-id=\"ec9f5d4\" data-element_type=\"container\" data-e-type=\"container\" data-settings=\"{&quot;background_background&quot;:&quot;classic&quot;}\">\n\t\t\t\t<div class=\"elementor-element elementor-element-753892d8 elementor-widget elementor-widget-heading\" data-id=\"753892d8\" data-element_type=\"widget\" data-e-type=\"widget\" data-widget_type=\"heading.default\">\n\t\t\t\t\t<h2 class=\"elementor-heading-title elementor-size-default\">Selim G. Akl\n<\/h2>\t\t\t\t<\/div>\n\t\t\t\t<\/div>\n\t\t\t\t<\/div>\n\t\t<div class=\"elementor-element elementor-element-4d989002 e-con-full e-flex e-con e-child\" data-id=\"4d989002\" data-element_type=\"container\" data-e-type=\"container\">\n\t\t\t\t<div class=\"elementor-element elementor-element-71511f85 elementor-icon-list--layout-traditional elementor-list-item-link-full_width elementor-widget elementor-widget-icon-list\" data-id=\"71511f85\" data-element_type=\"widget\" data-e-type=\"widget\" data-widget_type=\"icon-list.default\">\n\t\t\t\t\t\t\t<ul class=\"elementor-icon-list-items\">\n\t\t\t\t\t\t\t<li class=\"elementor-icon-list-item\">\n\t\t\t\t\t\t\t\t\t\t\t<span class=\"elementor-icon-list-icon\">\n\t\t\t\t\t\t\t<svg aria-hidden=\"true\" class=\"e-font-icon-svg e-fas-university\" viewbox=\"0 0 512 512\" xmlns=\"http:\/\/www.w3.org\/2000\/svg\"><path d=\"M496 128v16a8 8 0 0 1-8 8h-24v12c0 6.627-5.373 12-12 12H60c-6.627 0-12-5.373-12-12v-12H24a8 8 0 0 1-8-8v-16a8 8 0 0 1 4.941-7.392l232-88a7.996 7.996 0 0 1 6.118 0l232 88A8 8 0 0 1 496 128zm-24 304H40c-13.255 0-24 10.745-24 24v16a8 8 0 0 0 8 8h464a8 8 0 0 0 8-8v-16c0-13.255-10.745-24-24-24zM96 192v192H60c-6.627 0-12 5.373-12 12v20h416v-20c0-6.627-5.373-12-12-12h-36V192h-64v192h-64V192h-64v192h-64V192H96z\"><\/path><\/svg>\t\t\t\t\t\t<\/span>\n\t\t\t\t\t\t\t\t\t\t<span class=\"elementor-icon-list-text\">Universit\u00e9 Queen's<\/span>\n\t\t\t\t\t\t\t\t\t<\/li>\n\t\t\t\t\t\t<\/ul>\n\t\t\t\t\t\t<\/div>\n\t\t\t\t<div class=\"elementor-element elementor-element-473b3a18 elementor-widget-divider--view-line elementor-widget elementor-widget-divider\" data-id=\"473b3a18\" data-element_type=\"widget\" data-e-type=\"widget\" data-widget_type=\"divider.default\">\n\t\t\t\t\t\t\t<div class=\"elementor-divider\">\n\t\t\t<span class=\"elementor-divider-separator\">\n\t\t\t\t\t\t<\/span>\n\t\t<\/div>\n\t\t\t\t\t\t<\/div>\n\t\t\t\t<div class=\"elementor-element elementor-element-254baf4a elementor-widget elementor-widget-text-editor\" data-id=\"254baf4a\" data-element_type=\"widget\" data-e-type=\"widget\" data-widget_type=\"text-editor.default\">\n\t\t\t\t\t\t\t\t\t<p>Selim Akl est un expert mondial dans les domaines de l'informatique parall\u00e8le et de la conception d'algorithmes. Ses plus de 40 ans de recherche se sont concentr\u00e9s sur la conception et l'analyse de solutions efficaces \u00e0 des probl\u00e8mes informatiques exigeant un temps de traitement \u00e9norme. Ces probl\u00e8mes se posent dans de nombreux domaines, notamment les pr\u00e9visions m\u00e9t\u00e9orologiques, le d\u00e9veloppement de m\u00e9dicaments et l'analyse de donn\u00e9es dans des banques d'informations \u00e0 tr\u00e8s grande \u00e9chelle.<\/p><p>Estim\u00e9 pour la clart\u00e9 de sa vision, sa volont\u00e9 de remettre en question les dogmes existants et sa capacit\u00e9 \u00e0 associer les math\u00e9matiques \u00e0 divers domaines d'application, le Dr Akl a influenc\u00e9 pratiquement tous les domaines de l'informatique, des communications et de la s\u00e9curit\u00e9 des bases de donn\u00e9es \u00e0 l'informatique quantique et biom\u00e9dicale.<\/p><p>M. Akl a \u00e9galement \u00e9t\u00e9 un pr\u00e9curseur dans le domaine de la cryptographie, produisant l'un des premiers articles sur les signatures num\u00e9riques en 1981. La solution qu'il a ensuite propos\u00e9e pour contr\u00f4ler l'acc\u00e8s aux donn\u00e9es dans une organisation hi\u00e9rarchique reste encore aujourd'hui la solution d\u00e9finitive. Dans les r\u00e9seaux de communication, o\u00f9 la sauvegarde de l'int\u00e9grit\u00e9 de l'information est une pr\u00e9occupation majeure, les recherches de M. Akl ont d\u00e9bouch\u00e9 sur un certain nombre de solutions qui abordent la question fondamentale de la distribution des cl\u00e9s cryptographiques.<\/p><p>Plus r\u00e9cemment, le Dr Akl a commenc\u00e9 \u00e0 explorer de nouvelles applications des principes de l'informatique dans la nature, en se concentrant sur le r\u00f4le qu'elle pourrait jouer dans la r\u00e9solution d'un large \u00e9ventail de probl\u00e8mes ayant des implications humaines, scientifiques et \u00e9conomiques, tels que la pr\u00e9vention des maladies, l'informatique verte et la production d'\u00e9nergie propre, contribuant ainsi \u00e0 maintenir le Canada en tant que leader mondial dans ce domaine.<\/p><p>Visionnaire, innovant, cr\u00e9atif et d'une curiosit\u00e9 sans faille, le Dr Akl a produit un travail remarquable qui continue \u00e0 repousser les fronti\u00e8res de la discipline qu'il a choisie. Ses contributions ont eu et continuent d'avoir un impact dans le monde entier.<\/p>\t\t\t\t\t\t\t\t<\/div>\n\t\t\t\t<\/div>\n\t\t\t\t<\/div>\n\t\t\t\t\t<\/div>\n\t\t\t\t<\/div>\n\t\t\t\t<\/div>","protected":false},"excerpt":{"rendered":"<p>Selim G. Akl Queen\u2019s University Dr. Selim Akl is a worldwide expert in the fields of parallel computing and algorithm design. His 40+ years of research have focused on design and analysis of efficient solutions to computational problems with enormous processing time requirements. Such problems arise in many areas, including weather forecasting, drug development, and [&hellip;]<\/p>\n","protected":false},"author":76,"featured_media":0,"parent":0,"menu_order":0,"comment_status":"closed","ping_status":"closed","template":"","meta":{"site-sidebar-layout":"no-sidebar","site-content-layout":"page-builder","ast-site-content-layout":"default","site-content-style":"default","site-sidebar-style":"default","ast-global-header-display":"","ast-banner-title-visibility":"","ast-main-header-display":"","ast-hfb-above-header-display":"","ast-hfb-below-header-display":"","ast-hfb-mobile-header-display":"","site-post-title":"disabled","ast-breadcrumbs-content":"","ast-featured-img":"disabled","footer-sml-layout":"","ast-disable-related-posts":"","theme-transparent-header-meta":"","adv-header-id-meta":"","stick-header-meta":"","header-above-stick-meta":"","header-main-stick-meta":"","header-below-stick-meta":"","astra-migrate-meta-layouts":"default","ast-page-background-enabled":"default","ast-page-background-meta":{"desktop":{"background-color":"","background-image":"","background-repeat":"repeat","background-position":"center center","background-size":"auto","background-attachment":"scroll","background-type":"","background-media":"","overlay-type":"","overlay-color":"","overlay-opacity":"","overlay-gradient":""},"tablet":{"background-color":"","background-image":"","background-repeat":"repeat","background-position":"center center","background-size":"auto","background-attachment":"scroll","background-type":"","background-media":"","overlay-type":"","overlay-color":"","overlay-opacity":"","overlay-gradient":""},"mobile":{"background-color":"","background-image":"","background-repeat":"repeat","background-position":"center center","background-size":"auto","background-attachment":"scroll","background-type":"","background-media":"","overlay-type":"","overlay-color":"","overlay-opacity":"","overlay-gradient":""}},"ast-content-background-meta":{"desktop":{"background-color":"var(--ast-global-color-5)","background-image":"","background-repeat":"repeat","background-position":"center center","background-size":"auto","background-attachment":"scroll","background-type":"","background-media":"","overlay-type":"","overlay-color":"","overlay-opacity":"","overlay-gradient":""},"tablet":{"background-color":"var(--ast-global-color-5)","background-image":"","background-repeat":"repeat","background-position":"center center","background-size":"auto","background-attachment":"scroll","background-type":"","background-media":"","overlay-type":"","overlay-color":"","overlay-opacity":"","overlay-gradient":""},"mobile":{"background-color":"var(--ast-global-color-5)","background-image":"","background-repeat":"repeat","background-position":"center center","background-size":"auto","background-attachment":"scroll","background-type":"","background-media":"","overlay-type":"","overlay-color":"","overlay-opacity":"","overlay-gradient":""}},"footnotes":""},"class_list":["post-10259","page","type-page","status-publish","hentry"],"_links":{"self":[{"href":"https:\/\/cscan-infocan.ca\/fr\/wp-json\/wp\/v2\/pages\/10259","targetHints":{"allow":["GET"]}}],"collection":[{"href":"https:\/\/cscan-infocan.ca\/fr\/wp-json\/wp\/v2\/pages"}],"about":[{"href":"https:\/\/cscan-infocan.ca\/fr\/wp-json\/wp\/v2\/types\/page"}],"author":[{"embeddable":true,"href":"https:\/\/cscan-infocan.ca\/fr\/wp-json\/wp\/v2\/users\/76"}],"replies":[{"embeddable":true,"href":"https:\/\/cscan-infocan.ca\/fr\/wp-json\/wp\/v2\/comments?post=10259"}],"version-history":[{"count":3,"href":"https:\/\/cscan-infocan.ca\/fr\/wp-json\/wp\/v2\/pages\/10259\/revisions"}],"predecessor-version":[{"id":24689,"href":"https:\/\/cscan-infocan.ca\/fr\/wp-json\/wp\/v2\/pages\/10259\/revisions\/24689"}],"wp:attachment":[{"href":"https:\/\/cscan-infocan.ca\/fr\/wp-json\/wp\/v2\/media?parent=10259"}],"curies":[{"name":"wp","href":"https:\/\/api.w.org\/{rel}","templated":true}]}}