{"id":10237,"date":"2022-07-02T18:56:32","date_gmt":"2022-07-02T18:56:32","guid":{"rendered":"https:\/\/cscan.webix.ca\/?page_id=10237"},"modified":"2024-12-17T09:38:01","modified_gmt":"2024-12-17T14:38:01","slug":"hugh-williams","status":"publish","type":"page","link":"https:\/\/cscan-infocan.ca\/fr\/hugh-williams\/","title":{"rendered":"Hugh Williams"},"content":{"rendered":"<div data-elementor-type=\"wp-page\" data-elementor-id=\"10237\" class=\"elementor elementor-10237\">\n\t\t\t\t<div class=\"elementor-element elementor-element-4dd78cd1 e-flex e-con-boxed e-con e-parent\" data-id=\"4dd78cd1\" data-element_type=\"container\" data-e-type=\"container\">\n\t\t\t\t\t<div class=\"e-con-inner\">\n\t\t<div class=\"elementor-element elementor-element-6d45729 e-con-full e-flex e-con e-child\" data-id=\"6d45729\" data-element_type=\"container\" data-e-type=\"container\" data-settings=\"{&quot;background_background&quot;:&quot;classic&quot;}\">\n\t\t<div class=\"elementor-element elementor-element-16b6cee9 e-con-full e-flex e-con e-child\" data-id=\"16b6cee9\" data-element_type=\"container\" data-e-type=\"container\" data-settings=\"{&quot;background_background&quot;:&quot;classic&quot;}\">\n\t\t<div class=\"elementor-element elementor-element-36dd5585 e-con-full e-flex e-con e-child\" data-id=\"36dd5585\" data-element_type=\"container\" data-e-type=\"container\" data-settings=\"{&quot;background_background&quot;:&quot;classic&quot;}\">\n\t\t\t\t<div class=\"elementor-element elementor-element-7d3675a2 elementor-widget elementor-widget-heading\" data-id=\"7d3675a2\" data-element_type=\"widget\" data-e-type=\"widget\" data-widget_type=\"heading.default\">\n\t\t\t\t\t<h2 class=\"elementor-heading-title elementor-size-default\">D\u00e9partement d'informatique<\/h2>\t\t\t\t<\/div>\n\t\t\t\t<div class=\"elementor-element elementor-element-5bc2f6e4 elementor-widget elementor-widget-heading\" data-id=\"5bc2f6e4\" data-element_type=\"widget\" data-e-type=\"widget\" data-widget_type=\"heading.default\">\n\t\t\t\t\t<h2 class=\"elementor-heading-title elementor-size-default\">Hugh Williams\n<\/h2>\t\t\t\t<\/div>\n\t\t\t\t<\/div>\n\t\t\t\t<\/div>\n\t\t<div class=\"elementor-element elementor-element-2a384d4d e-con-full e-flex e-con e-child\" data-id=\"2a384d4d\" data-element_type=\"container\" data-e-type=\"container\">\n\t\t\t\t<div class=\"elementor-element elementor-element-4061e646 elementor-icon-list--layout-traditional elementor-list-item-link-full_width elementor-widget elementor-widget-icon-list\" data-id=\"4061e646\" data-element_type=\"widget\" data-e-type=\"widget\" data-widget_type=\"icon-list.default\">\n\t\t\t\t\t\t\t<ul class=\"elementor-icon-list-items\">\n\t\t\t\t\t\t\t<li class=\"elementor-icon-list-item\">\n\t\t\t\t\t\t\t\t\t\t\t<span class=\"elementor-icon-list-icon\">\n\t\t\t\t\t\t\t<svg aria-hidden=\"true\" class=\"e-font-icon-svg e-fas-university\" viewbox=\"0 0 512 512\" xmlns=\"http:\/\/www.w3.org\/2000\/svg\"><path d=\"M496 128v16a8 8 0 0 1-8 8h-24v12c0 6.627-5.373 12-12 12H60c-6.627 0-12-5.373-12-12v-12H24a8 8 0 0 1-8-8v-16a8 8 0 0 1 4.941-7.392l232-88a7.996 7.996 0 0 1 6.118 0l232 88A8 8 0 0 1 496 128zm-24 304H40c-13.255 0-24 10.745-24 24v16a8 8 0 0 0 8 8h464a8 8 0 0 0 8-8v-16c0-13.255-10.745-24-24-24zM96 192v192H60c-6.627 0-12 5.373-12 12v20h416v-20c0-6.627-5.373-12-12-12h-36V192h-64v192h-64V192h-64v192h-64V192H96z\"><\/path><\/svg>\t\t\t\t\t\t<\/span>\n\t\t\t\t\t\t\t\t\t\t<span class=\"elementor-icon-list-text\">Universit\u00e9 du Manitoba<\/span>\n\t\t\t\t\t\t\t\t\t<\/li>\n\t\t\t\t\t\t<\/ul>\n\t\t\t\t\t\t<\/div>\n\t\t\t\t<div class=\"elementor-element elementor-element-485b3a74 elementor-widget-divider--view-line elementor-widget elementor-widget-divider\" data-id=\"485b3a74\" data-element_type=\"widget\" data-e-type=\"widget\" data-widget_type=\"divider.default\">\n\t\t\t\t\t\t\t<div class=\"elementor-divider\">\n\t\t\t<span class=\"elementor-divider-separator\">\n\t\t\t\t\t\t<\/span>\n\t\t<\/div>\n\t\t\t\t\t\t<\/div>\n\t\t\t\t<div class=\"elementor-element elementor-element-1c6da146 elementor-widget elementor-widget-text-editor\" data-id=\"1c6da146\" data-element_type=\"widget\" data-e-type=\"widget\" data-widget_type=\"text-editor.default\">\n\t\t\t\t\t\t\t\t\t<p>Le professeur Williams a commenc\u00e9 sa carri\u00e8re universitaire en 1970 en tant que membre fondateur du d\u00e9partement d'informatique de l'universit\u00e9 du Manitoba, o\u00f9 il a mis en place un programme de recherche tr\u00e8s actif dans le domaine de la th\u00e9orie informatique des nombres, de la cryptographie et du d\u00e9veloppement d'appareils informatiques \u00e0 usage sp\u00e9cifique. Au cours de sa brillante carri\u00e8re de plus de trente ans \u00e0 l'universit\u00e9 du Manitoba, il a notamment occup\u00e9 pendant sept ans le poste de doyen associ\u00e9 de la facult\u00e9 des sciences pour le d\u00e9veloppement de la recherche.<\/p><p>En 2001, le professeur Williams a rejoint le d\u00e9partement de math\u00e9matiques et de statistiques de l'universit\u00e9 de Calgary en tant que titulaire de la chaire Alberta Informatics Circle of Research Excellence (iCORE) en th\u00e9orie algorithmique des nombres et en cryptographie. Il a jou\u00e9 un r\u00f4le d\u00e9terminant dans le recrutement d'une \u00e9quipe de recherche d'une qualit\u00e9 exceptionnelle au sein de l'institution et a \u00e9tabli l'un des principaux centres de recherche du Canada dans le domaine de la cryptographie et de la s\u00e9curit\u00e9 de l'information, dont il a \u00e9t\u00e9 le directeur pendant 10 ans. En 2004, il est devenu professeur \u00e9m\u00e9rite \u00e0 l'universit\u00e9 du Manitoba.<\/p><p>En 2009, le professeur Williams a \u00e9t\u00e9 charg\u00e9 par le Centre de la s\u00e9curit\u00e9 des t\u00e9l\u00e9communications (CST) du gouvernement canadien de participer \u00e0 la cr\u00e9ation et \u00e0 la direction d'un institut gouvernemental sp\u00e9cial ayant pour mandat de mener des recherches classifi\u00e9es dans les domaines de la cryptologie et de la d\u00e9couverte de connaissances, avec pour mission principale de soutenir le programme cryptologique canadien et ses partenaires internationaux. Sous la responsabilit\u00e9 du professeur<\/p><p>Sous la direction de M. Williams pendant six ans, l'Institut Tutte de math\u00e9matiques et d'informatique (TIMC) est devenu un institut de recherche math\u00e9matique et informatique de haute technologie de classe mondiale. Le TIMC recrute les meilleurs chercheurs du Canada et d'ailleurs pour collaborer \u00e0 la recherche de solutions de pointe \u00e0 certains des probl\u00e8mes les plus difficiles et les plus complexes de notre \u00e9poque, qui ont des r\u00e9percussions concr\u00e8tes sur la s\u00e9curit\u00e9 des Canadiens et des alli\u00e9s du Canada.<\/p><p>Le professeur Williams est l'un des fondateurs de la discipline de la th\u00e9orie computationnelle des nombres, introduisant les m\u00e9thodes informatiques modernes dans l'un des plus anciens domaines des math\u00e9matiques. L'impact de son travail a port\u00e9 ce sujet au premier plan de la recherche contemporaine \u00e0 l'interface entre les math\u00e9matiques et l'informatique. Il a invent\u00e9 des algorithmes r\u00e9volutionnaires pour r\u00e9soudre des probl\u00e8mes de calcul difficiles, les a analys\u00e9s rigoureusement et a men\u00e9 des exp\u00e9riences num\u00e9riques approfondies. En collaboration avec ses \u00e9tudiants, il a con\u00e7u et construit une s\u00e9rie de cribles \u00e0 nombres, qui sont des dispositifs mat\u00e9riels ou logiciels sp\u00e9cialis\u00e9s de pointe permettant d'effectuer des calculs de th\u00e9orie des nombres de mani\u00e8re extr\u00eamement efficace.<\/p><p>Les travaux du professeur Williams ont non seulement r\u00e9volutionn\u00e9 le domaine de la th\u00e9orie des nombres, mais il a \u00e9galement \u00e9t\u00e9 l'un des premiers pionniers de la cryptographie math\u00e9matique \u00e0 cl\u00e9 publique, ouvrant ainsi la voie \u00e0 la th\u00e9orie des nombres qui constitue le fondement des m\u00e9thodes actuelles de communication s\u00e9curis\u00e9e et de protection de l'information num\u00e9rique.<\/p><p>Plusieurs algorithmes math\u00e9matiques et syst\u00e8mes cryptographiques portent son nom. Ses nombreuses contributions comprennent quelque 200 articles de recherche et trois livres savants, ainsi qu'un chapitre invit\u00e9 pour un autre volume en cours de r\u00e9daction.<\/p><p>Le professeur Williams a re\u00e7u de nombreuses distinctions et r\u00e9compenses, notamment une subvention de $5,25 millions pour sa chaire iCORE et le titre de pionnier de l'informatique au Canada lors de la conf\u00e9rence du Centre d'\u00e9tudes avanc\u00e9es d'IBM Canada en 2005.<\/p><p>Il a \u00e9t\u00e9 membre de nombreux groupes consultatifs scientifiques, a donn\u00e9 un nombre impressionnant de conf\u00e9rences invit\u00e9es et a fait partie du comit\u00e9 de r\u00e9daction de plusieurs revues scientifiques de premier plan, dont la tr\u00e8s prestigieuse Mathematics of Computation.<\/p><p>En tant que mentor et soutien de longue date, le professeur Williams a fourni \u00e0 de nombreux jeunes universitaires et \u00e9tudiants des conseils pr\u00e9cieux et une vision approfondie de tous les aspects de la vie acad\u00e9mique. Il a form\u00e9 de nombreux \u00e9tudiants \u00e0 tous les niveaux, et beaucoup de ses \u00e9tudiants dipl\u00f4m\u00e9s sont devenus des leaders reconnus dans le monde universitaire, l'industrie et le gouvernement, apportant des contributions importantes dans leurs domaines respectifs. Les recherches du professeur Williams ont eu un impact significatif et durable sur le domaine de l'informatique, et il a rendu d'\u00e9minents services \u00e0 l'ensemble de la communaut\u00e9 des chercheurs et au peuple canadien.<\/p>\t\t\t\t\t\t\t\t<\/div>\n\t\t\t\t<\/div>\n\t\t\t\t<\/div>\n\t\t\t\t\t<\/div>\n\t\t\t\t<\/div>\n\t\t\t\t<\/div>","protected":false},"excerpt":{"rendered":"<p>Department of Computer Science Hugh Williams University of Manitoba Professor Williams began his academic career in 1970 as a founding member of the Department of Computer Science at the University of Manitoba, where he established a highly active research program in computational number theory, cryptography and the development of special-purpose computing devices. His distinguished career [&hellip;]<\/p>\n","protected":false},"author":76,"featured_media":0,"parent":0,"menu_order":0,"comment_status":"closed","ping_status":"closed","template":"","meta":{"site-sidebar-layout":"no-sidebar","site-content-layout":"page-builder","ast-site-content-layout":"default","site-content-style":"default","site-sidebar-style":"default","ast-global-header-display":"","ast-banner-title-visibility":"","ast-main-header-display":"","ast-hfb-above-header-display":"","ast-hfb-below-header-display":"","ast-hfb-mobile-header-display":"","site-post-title":"disabled","ast-breadcrumbs-content":"","ast-featured-img":"disabled","footer-sml-layout":"","ast-disable-related-posts":"","theme-transparent-header-meta":"","adv-header-id-meta":"","stick-header-meta":"","header-above-stick-meta":"","header-main-stick-meta":"","header-below-stick-meta":"","astra-migrate-meta-layouts":"default","ast-page-background-enabled":"default","ast-page-background-meta":{"desktop":{"background-color":"","background-image":"","background-repeat":"repeat","background-position":"center center","background-size":"auto","background-attachment":"scroll","background-type":"","background-media":"","overlay-type":"","overlay-color":"","overlay-opacity":"","overlay-gradient":""},"tablet":{"background-color":"","background-image":"","background-repeat":"repeat","background-position":"center center","background-size":"auto","background-attachment":"scroll","background-type":"","background-media":"","overlay-type":"","overlay-color":"","overlay-opacity":"","overlay-gradient":""},"mobile":{"background-color":"","background-image":"","background-repeat":"repeat","background-position":"center center","background-size":"auto","background-attachment":"scroll","background-type":"","background-media":"","overlay-type":"","overlay-color":"","overlay-opacity":"","overlay-gradient":""}},"ast-content-background-meta":{"desktop":{"background-color":"var(--ast-global-color-5)","background-image":"","background-repeat":"repeat","background-position":"center center","background-size":"auto","background-attachment":"scroll","background-type":"","background-media":"","overlay-type":"","overlay-color":"","overlay-opacity":"","overlay-gradient":""},"tablet":{"background-color":"var(--ast-global-color-5)","background-image":"","background-repeat":"repeat","background-position":"center center","background-size":"auto","background-attachment":"scroll","background-type":"","background-media":"","overlay-type":"","overlay-color":"","overlay-opacity":"","overlay-gradient":""},"mobile":{"background-color":"var(--ast-global-color-5)","background-image":"","background-repeat":"repeat","background-position":"center center","background-size":"auto","background-attachment":"scroll","background-type":"","background-media":"","overlay-type":"","overlay-color":"","overlay-opacity":"","overlay-gradient":""}},"footnotes":""},"class_list":["post-10237","page","type-page","status-publish","hentry"],"_links":{"self":[{"href":"https:\/\/cscan-infocan.ca\/fr\/wp-json\/wp\/v2\/pages\/10237","targetHints":{"allow":["GET"]}}],"collection":[{"href":"https:\/\/cscan-infocan.ca\/fr\/wp-json\/wp\/v2\/pages"}],"about":[{"href":"https:\/\/cscan-infocan.ca\/fr\/wp-json\/wp\/v2\/types\/page"}],"author":[{"embeddable":true,"href":"https:\/\/cscan-infocan.ca\/fr\/wp-json\/wp\/v2\/users\/76"}],"replies":[{"embeddable":true,"href":"https:\/\/cscan-infocan.ca\/fr\/wp-json\/wp\/v2\/comments?post=10237"}],"version-history":[{"count":6,"href":"https:\/\/cscan-infocan.ca\/fr\/wp-json\/wp\/v2\/pages\/10237\/revisions"}],"predecessor-version":[{"id":24442,"href":"https:\/\/cscan-infocan.ca\/fr\/wp-json\/wp\/v2\/pages\/10237\/revisions\/24442"}],"wp:attachment":[{"href":"https:\/\/cscan-infocan.ca\/fr\/wp-json\/wp\/v2\/media?parent=10237"}],"curies":[{"name":"wp","href":"https:\/\/api.w.org\/{rel}","templated":true}]}}