{"id":10228,"date":"2022-07-02T18:54:26","date_gmt":"2022-07-02T18:54:26","guid":{"rendered":"https:\/\/cscan.webix.ca\/?page_id=10228"},"modified":"2024-12-17T09:47:48","modified_gmt":"2024-12-17T14:47:48","slug":"j-wesley-graham","status":"publish","type":"page","link":"https:\/\/cscan-infocan.ca\/fr\/j-wesley-graham\/","title":{"rendered":"J. Wesley Graham"},"content":{"rendered":"<div data-elementor-type=\"wp-page\" data-elementor-id=\"10228\" class=\"elementor elementor-10228\">\n\t\t\t\t<div class=\"elementor-element elementor-element-3a3f71da e-flex e-con-boxed e-con e-parent\" data-id=\"3a3f71da\" data-element_type=\"container\" data-e-type=\"container\">\n\t\t\t\t\t<div class=\"e-con-inner\">\n\t\t<div class=\"elementor-element elementor-element-669adcc4 e-con-full e-flex e-con e-child\" data-id=\"669adcc4\" data-element_type=\"container\" data-e-type=\"container\" data-settings=\"{&quot;background_background&quot;:&quot;classic&quot;}\">\n\t\t<div class=\"elementor-element elementor-element-59e937a e-con-full e-flex e-con e-child\" data-id=\"59e937a\" data-element_type=\"container\" data-e-type=\"container\" data-settings=\"{&quot;background_background&quot;:&quot;classic&quot;}\">\n\t\t<div class=\"elementor-element elementor-element-780ecd8d e-con-full e-flex e-con e-child\" data-id=\"780ecd8d\" data-element_type=\"container\" data-e-type=\"container\" data-settings=\"{&quot;background_background&quot;:&quot;classic&quot;}\">\n\t\t\t\t<div class=\"elementor-element elementor-element-4d5dd37b elementor-widget elementor-widget-heading\" data-id=\"4d5dd37b\" data-element_type=\"widget\" data-e-type=\"widget\" data-widget_type=\"heading.default\">\n\t\t\t\t\t<h2 class=\"elementor-heading-title elementor-size-default\">J. Wesley Graham\n<\/h2>\t\t\t\t<\/div>\n\t\t\t\t<\/div>\n\t\t\t\t<\/div>\n\t\t<div class=\"elementor-element elementor-element-40906638 e-con-full e-flex e-con e-child\" data-id=\"40906638\" data-element_type=\"container\" data-e-type=\"container\">\n\t\t\t\t<div class=\"elementor-element elementor-element-3bd3cd63 elementor-icon-list--layout-traditional elementor-list-item-link-full_width elementor-widget elementor-widget-icon-list\" data-id=\"3bd3cd63\" data-element_type=\"widget\" data-e-type=\"widget\" data-widget_type=\"icon-list.default\">\n\t\t\t\t\t\t\t<ul class=\"elementor-icon-list-items\">\n\t\t\t\t\t\t\t<li class=\"elementor-icon-list-item\">\n\t\t\t\t\t\t\t\t\t\t\t<span class=\"elementor-icon-list-icon\">\n\t\t\t\t\t\t\t<svg aria-hidden=\"true\" class=\"e-font-icon-svg e-fas-university\" viewbox=\"0 0 512 512\" xmlns=\"http:\/\/www.w3.org\/2000\/svg\"><path d=\"M496 128v16a8 8 0 0 1-8 8h-24v12c0 6.627-5.373 12-12 12H60c-6.627 0-12-5.373-12-12v-12H24a8 8 0 0 1-8-8v-16a8 8 0 0 1 4.941-7.392l232-88a7.996 7.996 0 0 1 6.118 0l232 88A8 8 0 0 1 496 128zm-24 304H40c-13.255 0-24 10.745-24 24v16a8 8 0 0 0 8 8h464a8 8 0 0 0 8-8v-16c0-13.255-10.745-24-24-24zM96 192v192H60c-6.627 0-12 5.373-12 12v20h416v-20c0-6.627-5.373-12-12-12h-36V192h-64v192h-64V192h-64v192h-64V192H96z\"><\/path><\/svg>\t\t\t\t\t\t<\/span>\n\t\t\t\t\t\t\t\t\t\t<span class=\"elementor-icon-list-text\">Universit\u00e9 de Waterloo<\/span>\n\t\t\t\t\t\t\t\t\t<\/li>\n\t\t\t\t\t\t<\/ul>\n\t\t\t\t\t\t<\/div>\n\t\t\t\t<div class=\"elementor-element elementor-element-7ad3c6eb elementor-widget-divider--view-line elementor-widget elementor-widget-divider\" data-id=\"7ad3c6eb\" data-element_type=\"widget\" data-e-type=\"widget\" data-widget_type=\"divider.default\">\n\t\t\t\t\t\t\t<div class=\"elementor-divider\">\n\t\t\t<span class=\"elementor-divider-separator\">\n\t\t\t\t\t\t<\/span>\n\t\t<\/div>\n\t\t\t\t\t\t<\/div>\n\t\t\t\t<div class=\"elementor-element elementor-element-44ac3c11 elementor-widget elementor-widget-text-editor\" data-id=\"44ac3c11\" data-element_type=\"widget\" data-e-type=\"widget\" data-widget_type=\"text-editor.default\">\n\t\t\t\t\t\t\t\t\t<p>Des ann\u00e9es 1960 \u00e0 presque 2000, le travail de pionnier et le leadership du professeur J. Wesley Graham ont chang\u00e9 la fa\u00e7on dont la programmation et d'autres comp\u00e9tences informatiques \u00e9taient enseign\u00e9es \u00e0 l'universit\u00e9 de Waterloo, dans tout le Canada et dans le monde entier. Des milliers de copies des logiciels produits sous sa direction ont \u00e9t\u00e9 utilis\u00e9es dans plus de 60 pays et ont influenc\u00e9 l'enseignement de centaines de milliers d'\u00e9tudiants, tout en encourageant des am\u00e9liorations spectaculaires dans le d\u00e9veloppement de logiciels pour les entreprises et les gouvernements. Son impact sur l'enseignement de l'informatique au Canada et \u00e0 l'\u00e9tranger et sur les pratiques de d\u00e9veloppement de logiciels a \u00e9t\u00e9 consid\u00e9rable.<\/p><p>Wes Graham a reconnu que les logiciels commerciaux n'\u00e9taient pas con\u00e7us pour l'enseignement, car l'ex\u00e9cution d'un programme prenait au moins 30 secondes, tandis qu'une erreur produisait une pile de papier incompr\u00e9hensible. Enseigner \u00e0 de grands groupes d'\u00e9tudiants avec ce logiciel ne fonctionnerait pas. En 1965, Wes a donc pris la t\u00eate de quatre \u00e9tudiants et d'un jeune professeur pour construire WATFOR (Waterloo Fortran Compiler) pour l'ordinateur IBM 7040 afin de r\u00e9soudre les probl\u00e8mes de vitesse et d'erreurs. Ce logiciel a fait de l'Universit\u00e9 de Waterloo un leader dans l'enseignement de l'informatique aux \u00e9tudiants de premier cycle. WATFOR a \u00e9t\u00e9 r\u00e9impl\u00e9ment\u00e9 avec l'arriv\u00e9e de l'IBM 360.<\/p><p>Des dizaines de milliers de copies de ce logiciel ont \u00e9t\u00e9 utilis\u00e9es dans plus de 60 pays, influen\u00e7ant l'enseignement de centaines de milliers d'\u00e9tudiants. La reconnaissance du fait que ces techniques pouvaient apporter des am\u00e9liorations consid\u00e9rables au d\u00e9veloppement de logiciels a conduit \u00e0 l'utilisation de WATFOR et WATFIV par les entreprises et les gouvernements.<\/p><p>La reconnaissance du fait que FORTRAN pouvait \u00eatre am\u00e9lior\u00e9 a conduit \u00e0 WATFIV (Waterloo FORTRAN IV) et \u00e0 l'introduction de la programmation structur\u00e9e (WATFIV-S). Nombre de ces am\u00e9liorations ont \u00e9t\u00e9 incorpor\u00e9es dans la norme FORTRAN. Wes Graham et deux coll\u00e8gues ont \u00e9crit deux textes, \"FORTRAN IV with WATFOR\" et \"FORTRAN IV with WATFOR and WATFIV\", qui se sont vendus \u00e0 des millions d'exemplaires.<\/p><p>Wes Graham a dirig\u00e9 le d\u00e9veloppement d'autres logiciels \u00e9ducatifs, notamment des logiciels pour COBOL, Pascal, Basic, APL et des r\u00e9seaux locaux appel\u00e9s Waterloo MicroNET, Waterloo JANET et MacJANET. Ses recherches ont \u00e9galement permis de cr\u00e9er les premi\u00e8res versions de traitements de texte, de feuilles de calcul et de bases de donn\u00e9es.<\/p><p>Des ordinateurs \u00e9taient n\u00e9cessaires pour soutenir cet enseignement et, au d\u00e9but des ann\u00e9es 60, Wes Graham a convaincu l'Universit\u00e9 de Waterloo d'investir dans un ordinateur IBM 7040. Avec la cr\u00e9ation de la facult\u00e9 de math\u00e9matiques de Waterloo, Wes Graham a de nouveau jou\u00e9 un r\u00f4le moteur pour obtenir un IBM 360\/75, le plus grand ordinateur install\u00e9 au Canada. En raison de l'utilisation g\u00e9n\u00e9ralis\u00e9e des logiciels de Waterloo, Wes a acquis plus de $35 000 000 aupr\u00e8s de grandes soci\u00e9t\u00e9s informatiques telles qu'IBM, Digital Equipment et Hewlett Packard.<\/p><p>Wes Graham a \u00e9galement influenc\u00e9 les \u00e9tudes informatiques dans les \u00e9coles secondaires de l'Ontario en contribuant \u00e0 l'\u00e9laboration du premier programme d'\u00e9tudes et en dirigeant le d\u00e9veloppement de mat\u00e9riel et de logiciels pour les \u00e9l\u00e8ves de l'enseignement secondaire.<\/p><p>\u00c0 la fin des ann\u00e9es 70, de nombreux \u00e9tudiants de l'universit\u00e9 de Waterloo souhaitaient devenir des entrepreneurs dans le domaine de l'informatique. Wes Graham a cherch\u00e9 une solution dont l'universit\u00e9 et les \u00e9tudiants pourraient b\u00e9n\u00e9ficier conjointement. La premi\u00e8re occasion s'est pr\u00e9sent\u00e9e en 1981\/82 lorsque trois de ses anciens \u00e9tudiants ont cr\u00e9\u00e9 WATCOM, aujourd'hui une division de SAP, pour produire des logiciels \u00e9ducatifs. Wes a travaill\u00e9 avec ces \u00e9tudiants, cette entreprise d\u00e9riv\u00e9e et l'universit\u00e9 pour \u00e9tablir un mod\u00e8le de relation mutuellement b\u00e9n\u00e9fique. Cette approche a \u00e9t\u00e9 appliqu\u00e9e \u00e0 de nombreuses reprises pour cr\u00e9er des entreprises d\u00e9riv\u00e9es de l'universit\u00e9 de Waterloo. D'autres entreprises d\u00e9riv\u00e9es r\u00e9ussies, telles que Waterloo Maple et Open Text, ont utilis\u00e9 le mod\u00e8le mis au point par Wes Graham.<\/p><p>En reconnaissance des contributions de Wes Graham, l'universit\u00e9 de Waterloo a cr\u00e9\u00e9 en 1994 la m\u00e9daille J.W. Graham pour l'informatique et l'innovation, une m\u00e9daille d\u00e9cern\u00e9e chaque ann\u00e9e \u00e0 un dipl\u00f4m\u00e9 de l'universit\u00e9 de Waterloo qui incarne plusieurs des qualit\u00e9s de Wes Graham. En 1978, Wes Graham a re\u00e7u le Distinguished Teacher Award de l'universit\u00e9 de Waterloo et en 1999, il a \u00e9t\u00e9 fait Officier de l'Ordre du Canada.<\/p><p>Wes Graham a \u00e9galement contribu\u00e9 \u00e0 des organisations professionnelles. Il a \u00e9t\u00e9 pr\u00e9sident de la Soci\u00e9t\u00e9 canadienne de traitement de l'information (CIPS) pendant deux mandats et a \u00e9t\u00e9 nomm\u00e9 membre honoraire de la CIPS en 1977. En tant que pr\u00e9sident de l'Association canadienne de ski nautique, Wes a \u00e9t\u00e9 le premier \u00e0 automatiser la notation des tournois de ski nautique, utilis\u00e9e pour la premi\u00e8re fois en 1979 lors des championnats du monde de ski nautique. Wes Graham a re\u00e7u le prix du b\u00e2tisseur en 1989 de Ski nautique Canada.<\/p>\t\t\t\t\t\t\t\t<\/div>\n\t\t\t\t<\/div>\n\t\t\t\t<\/div>\n\t\t\t\t\t<\/div>\n\t\t\t\t<\/div>\n\t\t\t\t<\/div>","protected":false},"excerpt":{"rendered":"<p>J. Wesley Graham University of Waterloo From the 1960s to almost 2000, Professor J. Wesley Graham\u2019s pioneering work and leadership changed the way programming and other computer-related skills were taught at the University of Waterloo, across Canada and internationally. Thousands of copies of the software produced under his direction were used in over 60 countries, [&hellip;]<\/p>\n","protected":false},"author":76,"featured_media":0,"parent":0,"menu_order":0,"comment_status":"closed","ping_status":"closed","template":"","meta":{"site-sidebar-layout":"no-sidebar","site-content-layout":"page-builder","ast-site-content-layout":"default","site-content-style":"default","site-sidebar-style":"default","ast-global-header-display":"","ast-banner-title-visibility":"","ast-main-header-display":"","ast-hfb-above-header-display":"","ast-hfb-below-header-display":"","ast-hfb-mobile-header-display":"","site-post-title":"disabled","ast-breadcrumbs-content":"","ast-featured-img":"disabled","footer-sml-layout":"","ast-disable-related-posts":"","theme-transparent-header-meta":"","adv-header-id-meta":"","stick-header-meta":"","header-above-stick-meta":"","header-main-stick-meta":"","header-below-stick-meta":"","astra-migrate-meta-layouts":"default","ast-page-background-enabled":"default","ast-page-background-meta":{"desktop":{"background-color":"","background-image":"","background-repeat":"repeat","background-position":"center center","background-size":"auto","background-attachment":"scroll","background-type":"","background-media":"","overlay-type":"","overlay-color":"","overlay-opacity":"","overlay-gradient":""},"tablet":{"background-color":"","background-image":"","background-repeat":"repeat","background-position":"center center","background-size":"auto","background-attachment":"scroll","background-type":"","background-media":"","overlay-type":"","overlay-color":"","overlay-opacity":"","overlay-gradient":""},"mobile":{"background-color":"","background-image":"","background-repeat":"repeat","background-position":"center center","background-size":"auto","background-attachment":"scroll","background-type":"","background-media":"","overlay-type":"","overlay-color":"","overlay-opacity":"","overlay-gradient":""}},"ast-content-background-meta":{"desktop":{"background-color":"var(--ast-global-color-5)","background-image":"","background-repeat":"repeat","background-position":"center center","background-size":"auto","background-attachment":"scroll","background-type":"","background-media":"","overlay-type":"","overlay-color":"","overlay-opacity":"","overlay-gradient":""},"tablet":{"background-color":"var(--ast-global-color-5)","background-image":"","background-repeat":"repeat","background-position":"center center","background-size":"auto","background-attachment":"scroll","background-type":"","background-media":"","overlay-type":"","overlay-color":"","overlay-opacity":"","overlay-gradient":""},"mobile":{"background-color":"var(--ast-global-color-5)","background-image":"","background-repeat":"repeat","background-position":"center center","background-size":"auto","background-attachment":"scroll","background-type":"","background-media":"","overlay-type":"","overlay-color":"","overlay-opacity":"","overlay-gradient":""}},"footnotes":""},"class_list":["post-10228","page","type-page","status-publish","hentry"],"_links":{"self":[{"href":"https:\/\/cscan-infocan.ca\/fr\/wp-json\/wp\/v2\/pages\/10228","targetHints":{"allow":["GET"]}}],"collection":[{"href":"https:\/\/cscan-infocan.ca\/fr\/wp-json\/wp\/v2\/pages"}],"about":[{"href":"https:\/\/cscan-infocan.ca\/fr\/wp-json\/wp\/v2\/types\/page"}],"author":[{"embeddable":true,"href":"https:\/\/cscan-infocan.ca\/fr\/wp-json\/wp\/v2\/users\/76"}],"replies":[{"embeddable":true,"href":"https:\/\/cscan-infocan.ca\/fr\/wp-json\/wp\/v2\/comments?post=10228"}],"version-history":[{"count":3,"href":"https:\/\/cscan-infocan.ca\/fr\/wp-json\/wp\/v2\/pages\/10228\/revisions"}],"predecessor-version":[{"id":24457,"href":"https:\/\/cscan-infocan.ca\/fr\/wp-json\/wp\/v2\/pages\/10228\/revisions\/24457"}],"wp:attachment":[{"href":"https:\/\/cscan-infocan.ca\/fr\/wp-json\/wp\/v2\/media?parent=10228"}],"curies":[{"name":"wp","href":"https:\/\/api.w.org\/{rel}","templated":true}]}}