{"id":10219,"date":"2022-07-02T18:51:58","date_gmt":"2022-07-02T18:51:58","guid":{"rendered":"https:\/\/cscan.webix.ca\/?page_id=10219"},"modified":"2024-12-17T09:57:18","modified_gmt":"2024-12-17T14:57:18","slug":"james-r-cordy","status":"publish","type":"page","link":"https:\/\/cscan-infocan.ca\/fr\/james-r-cordy\/","title":{"rendered":"James R. Cordy"},"content":{"rendered":"<div data-elementor-type=\"wp-page\" data-elementor-id=\"10219\" class=\"elementor elementor-10219\">\n\t\t\t\t<div class=\"elementor-element elementor-element-73ddbe6b e-flex e-con-boxed e-con e-parent\" data-id=\"73ddbe6b\" data-element_type=\"container\" data-e-type=\"container\">\n\t\t\t\t\t<div class=\"e-con-inner\">\n\t\t<div class=\"elementor-element elementor-element-556f4364 e-con-full e-flex e-con e-child\" data-id=\"556f4364\" data-element_type=\"container\" data-e-type=\"container\" data-settings=\"{&quot;background_background&quot;:&quot;classic&quot;}\">\n\t\t<div class=\"elementor-element elementor-element-18d83a1 e-con-full e-flex e-con e-child\" data-id=\"18d83a1\" data-element_type=\"container\" data-e-type=\"container\" data-settings=\"{&quot;background_background&quot;:&quot;classic&quot;}\">\n\t\t<div class=\"elementor-element elementor-element-4d31c56c e-con-full e-flex e-con e-child\" data-id=\"4d31c56c\" data-element_type=\"container\" data-e-type=\"container\" data-settings=\"{&quot;background_background&quot;:&quot;classic&quot;}\">\n\t\t\t\t<div class=\"elementor-element elementor-element-f6ed14e elementor-widget elementor-widget-heading\" data-id=\"f6ed14e\" data-element_type=\"widget\" data-e-type=\"widget\" data-widget_type=\"heading.default\">\n\t\t\t\t\t<h2 class=\"elementor-heading-title elementor-size-default\">\u00c9cole d'informatique<\/h2>\t\t\t\t<\/div>\n\t\t\t\t<div class=\"elementor-element elementor-element-36094591 elementor-widget elementor-widget-heading\" data-id=\"36094591\" data-element_type=\"widget\" data-e-type=\"widget\" data-widget_type=\"heading.default\">\n\t\t\t\t\t<h2 class=\"elementor-heading-title elementor-size-default\">James R. Cordy<\/h2>\t\t\t\t<\/div>\n\t\t\t\t<\/div>\n\t\t\t\t<\/div>\n\t\t<div class=\"elementor-element elementor-element-7f3d19fd e-con-full e-flex e-con e-child\" data-id=\"7f3d19fd\" data-element_type=\"container\" data-e-type=\"container\">\n\t\t\t\t<div class=\"elementor-element elementor-element-6740c100 elementor-icon-list--layout-traditional elementor-list-item-link-full_width elementor-widget elementor-widget-icon-list\" data-id=\"6740c100\" data-element_type=\"widget\" data-e-type=\"widget\" data-widget_type=\"icon-list.default\">\n\t\t\t\t\t\t\t<ul class=\"elementor-icon-list-items\">\n\t\t\t\t\t\t\t<li class=\"elementor-icon-list-item\">\n\t\t\t\t\t\t\t\t\t\t\t<span class=\"elementor-icon-list-icon\">\n\t\t\t\t\t\t\t<svg aria-hidden=\"true\" class=\"e-font-icon-svg e-fas-university\" viewbox=\"0 0 512 512\" xmlns=\"http:\/\/www.w3.org\/2000\/svg\"><path d=\"M496 128v16a8 8 0 0 1-8 8h-24v12c0 6.627-5.373 12-12 12H60c-6.627 0-12-5.373-12-12v-12H24a8 8 0 0 1-8-8v-16a8 8 0 0 1 4.941-7.392l232-88a7.996 7.996 0 0 1 6.118 0l232 88A8 8 0 0 1 496 128zm-24 304H40c-13.255 0-24 10.745-24 24v16a8 8 0 0 0 8 8h464a8 8 0 0 0 8-8v-16c0-13.255-10.745-24-24-24zM96 192v192H60c-6.627 0-12 5.373-12 12v20h416v-20c0-6.627-5.373-12-12-12h-36V192h-64v192h-64V192h-64v192h-64V192H96z\"><\/path><\/svg>\t\t\t\t\t\t<\/span>\n\t\t\t\t\t\t\t\t\t\t<span class=\"elementor-icon-list-text\">Universit\u00e9 Queen's<\/span>\n\t\t\t\t\t\t\t\t\t<\/li>\n\t\t\t\t\t\t<\/ul>\n\t\t\t\t\t\t<\/div>\n\t\t\t\t<div class=\"elementor-element elementor-element-71edb29 elementor-widget-divider--view-line elementor-widget elementor-widget-divider\" data-id=\"71edb29\" data-element_type=\"widget\" data-e-type=\"widget\" data-widget_type=\"divider.default\">\n\t\t\t\t\t\t\t<div class=\"elementor-divider\">\n\t\t\t<span class=\"elementor-divider-separator\">\n\t\t\t\t\t\t<\/span>\n\t\t<\/div>\n\t\t\t\t\t\t<\/div>\n\t\t\t\t<div class=\"elementor-element elementor-element-5dac88d2 elementor-widget elementor-widget-text-editor\" data-id=\"5dac88d2\" data-element_type=\"widget\" data-e-type=\"widget\" data-widget_type=\"text-editor.default\">\n\t\t\t\t\t\t\t\t\t<p>Tout au long de sa brillante carri\u00e8re, James R. Cordy a apport\u00e9 des contributions de recherche \u00e0 fort impact dans les domaines des langages de programmation, de l'ing\u00e9nierie logicielle et de l'intelligence artificielle. Ses travaux ont \u00e9t\u00e9 largement publi\u00e9s et cit\u00e9s, ont fait l'objet d'un essaimage dans de nombreuses entreprises et ont \u00e9t\u00e9 rendus librement accessibles par le biais d'outils du domaine public largement utilis\u00e9s. Ses contributions sont uniques en ce sens qu'il a pris des r\u00e9sultats fondamentaux dans la th\u00e9orie des langages de programmation, a d\u00e9montr\u00e9 comment ils peuvent \u00eatre utilis\u00e9s pour construire des outils pratiques de g\u00e9nie logiciel et a traduit ces outils en pratique industrielle.<\/p><p>Cordy est professeur \u00e9m\u00e9rite et ancien directeur de l'\u00c9cole d'informatique de l'Universit\u00e9 Queen's \u00e0 Kingston, et membre fondateur du Laboratoire de technologie logicielle de l'Universit\u00e9 Queen's. Parmi les distinctions acad\u00e9miques r\u00e9centes, citons le prix de l'article le plus influent depuis 20 ans \u00e0 SCAM 2019, la 19e conf\u00e9rence internationale de l'IEEE sur l'analyse et la manipulation du code source, le prix de l'article le plus influent depuis 10 ans \u00e0 ICPC 2018, la 26e conf\u00e9rence internationale de l'IEEE\/ACM sur l'analyse et la manipulation du code source.<sup>th<\/sup>\u00a0International Conference on Program Comprehension, le 10-year Most Influential Paper Award \u00e0 SANER 2018, la 25e conf\u00e9rence internationale de l'IEEE sur l'analyse, l'\u00e9volution et la r\u00e9ing\u00e9nierie des logiciels, le 2016 Queen's University Prize for Excellence in Research, et le 10-year Most Influential Paper Award \u00e0 CASCON 2014, la 24e conf\u00e9rence internationale de l'IBM sur l'informatique et le g\u00e9nie logiciel.<\/p><p>M. Cordy a une longue exp\u00e9rience de service actif \u00e0 la communaut\u00e9 informatique. Il a \u00e9t\u00e9 membre et pr\u00e9sident de plusieurs comit\u00e9s nationaux et internationaux d'attribution de prix, membre \u00e9m\u00e9rite du groupe de travail 2.4 de l'IFIP, ACM Distinguished Scientist, Senior Member de l'IEEE, IBM Visiting Scientist and Faculty Fellow, et ing\u00e9nieur dipl\u00f4m\u00e9. Il a \u00e9t\u00e9 membre et pr\u00e9sident du comit\u00e9 de s\u00e9lection des subventions en informatique du CRSNG, membre du comit\u00e9 des bourses E.W.R. Steacie du CRSNG et membre et pr\u00e9sident du comit\u00e9 d'attribution des bourses de recherche pr\u00e9coce de l'Ontario. Il a fait partie d'un grand nombre de comit\u00e9s de programme et de comit\u00e9s de r\u00e9daction, a \u00e9t\u00e9 invit\u00e9 \u00e0 prononcer plus de 10 discours-programmes, a pr\u00e9sid\u00e9 plus de 15 conf\u00e9rences internationales de l'ACM et de l'IEEE, et a relu des milliers d'articles techniques, d'ouvrages et de monographies. Il a publi\u00e9 43 articles dans des revues \u00e0 comit\u00e9 de lecture, 164 articles de conf\u00e9rence \u00e0 comit\u00e9 de lecture publi\u00e9s dans des actes, et 20 livres\/chapitres.<\/p><p>M. Cordy a jou\u00e9 un r\u00f4le actif dans le transfert de technologie. Il a \u00e9t\u00e9 pr\u00e9sident et directeur g\u00e9n\u00e9ral de TXL Software Research Inc. (2000-2003), cofondateur, vice-pr\u00e9sident et pr\u00e9sident de Legasys Corp. (1995-2000) et cofondateur et directeur de Holt Software Associates Inc. (1986-2007).<\/p><p>En outre, il a travaill\u00e9 en \u00e9troite collaboration avec des entreprises telles que Bell Northern Research, IBM Canada et General Motors afin de faciliter l'utilisation pratique des r\u00e9sultats de ses recherches.<\/p>\t\t\t\t\t\t\t\t<\/div>\n\t\t\t\t<\/div>\n\t\t\t\t<\/div>\n\t\t\t\t\t<\/div>\n\t\t\t\t<\/div>\n\t\t\t\t<\/div>","protected":false},"excerpt":{"rendered":"<p>School of Computing James R. Cordy Queen\u2019s University Throughout his distinguished career, Dr. James R. Cordy has made high-impact research contributions in programming languages, software engineering, and artificial intelligence. His work has been widely published and cited, spun off to numerous companies, and made freely available through widely used public domain tools. His contributions are [&hellip;]<\/p>\n","protected":false},"author":76,"featured_media":0,"parent":0,"menu_order":0,"comment_status":"closed","ping_status":"closed","template":"","meta":{"site-sidebar-layout":"no-sidebar","site-content-layout":"page-builder","ast-site-content-layout":"default","site-content-style":"default","site-sidebar-style":"default","ast-global-header-display":"","ast-banner-title-visibility":"","ast-main-header-display":"","ast-hfb-above-header-display":"","ast-hfb-below-header-display":"","ast-hfb-mobile-header-display":"","site-post-title":"disabled","ast-breadcrumbs-content":"","ast-featured-img":"disabled","footer-sml-layout":"","ast-disable-related-posts":"","theme-transparent-header-meta":"","adv-header-id-meta":"","stick-header-meta":"","header-above-stick-meta":"","header-main-stick-meta":"","header-below-stick-meta":"","astra-migrate-meta-layouts":"default","ast-page-background-enabled":"default","ast-page-background-meta":{"desktop":{"background-color":"","background-image":"","background-repeat":"repeat","background-position":"center center","background-size":"auto","background-attachment":"scroll","background-type":"","background-media":"","overlay-type":"","overlay-color":"","overlay-opacity":"","overlay-gradient":""},"tablet":{"background-color":"","background-image":"","background-repeat":"repeat","background-position":"center center","background-size":"auto","background-attachment":"scroll","background-type":"","background-media":"","overlay-type":"","overlay-color":"","overlay-opacity":"","overlay-gradient":""},"mobile":{"background-color":"","background-image":"","background-repeat":"repeat","background-position":"center center","background-size":"auto","background-attachment":"scroll","background-type":"","background-media":"","overlay-type":"","overlay-color":"","overlay-opacity":"","overlay-gradient":""}},"ast-content-background-meta":{"desktop":{"background-color":"var(--ast-global-color-5)","background-image":"","background-repeat":"repeat","background-position":"center center","background-size":"auto","background-attachment":"scroll","background-type":"","background-media":"","overlay-type":"","overlay-color":"","overlay-opacity":"","overlay-gradient":""},"tablet":{"background-color":"var(--ast-global-color-5)","background-image":"","background-repeat":"repeat","background-position":"center center","background-size":"auto","background-attachment":"scroll","background-type":"","background-media":"","overlay-type":"","overlay-color":"","overlay-opacity":"","overlay-gradient":""},"mobile":{"background-color":"var(--ast-global-color-5)","background-image":"","background-repeat":"repeat","background-position":"center center","background-size":"auto","background-attachment":"scroll","background-type":"","background-media":"","overlay-type":"","overlay-color":"","overlay-opacity":"","overlay-gradient":""}},"footnotes":""},"class_list":["post-10219","page","type-page","status-publish","hentry"],"_links":{"self":[{"href":"https:\/\/cscan-infocan.ca\/fr\/wp-json\/wp\/v2\/pages\/10219","targetHints":{"allow":["GET"]}}],"collection":[{"href":"https:\/\/cscan-infocan.ca\/fr\/wp-json\/wp\/v2\/pages"}],"about":[{"href":"https:\/\/cscan-infocan.ca\/fr\/wp-json\/wp\/v2\/types\/page"}],"author":[{"embeddable":true,"href":"https:\/\/cscan-infocan.ca\/fr\/wp-json\/wp\/v2\/users\/76"}],"replies":[{"embeddable":true,"href":"https:\/\/cscan-infocan.ca\/fr\/wp-json\/wp\/v2\/comments?post=10219"}],"version-history":[{"count":3,"href":"https:\/\/cscan-infocan.ca\/fr\/wp-json\/wp\/v2\/pages\/10219\/revisions"}],"predecessor-version":[{"id":24472,"href":"https:\/\/cscan-infocan.ca\/fr\/wp-json\/wp\/v2\/pages\/10219\/revisions\/24472"}],"wp:attachment":[{"href":"https:\/\/cscan-infocan.ca\/fr\/wp-json\/wp\/v2\/media?parent=10219"}],"curies":[{"name":"wp","href":"https:\/\/api.w.org\/{rel}","templated":true}]}}